{"id":20554,"date":"2020-10-05T07:44:41","date_gmt":"2020-10-05T05:44:41","guid":{"rendered":"https:\/\/fsmcv.org\/cd-3-jove-banda-simfonica-de-la-fsmcv-temporada-2003\/"},"modified":"2023-07-18T17:27:46","modified_gmt":"2023-07-18T15:27:46","slug":"cd-3-jove-banda-simfonica-de-la-fsmcv-temporada-2003","status":"publish","type":"page","link":"https:\/\/fsmcv.org\/vl\/segell-discografic\/cd-3-jove-banda-simfonica-de-la-fsmcv-temporada-2003\/","title":{"rendered":"Jove Banda Simf\u00f2nica de la FSMCV \/ Temporada 2003"},"content":{"rendered":"\t\t<div data-elementor-type=\"wp-page\" data-elementor-id=\"20554\" class=\"elementor elementor-20554 elementor-20532\" data-elementor-post-type=\"page\">\n\t\t\t\t\t\t<section class=\"elementor-section elementor-top-section elementor-element elementor-element-d57a9e0 elementor-section-boxed elementor-section-height-default elementor-section-height-default\" data-id=\"d57a9e0\" data-element_type=\"section\" data-e-type=\"section\">\n\t\t\t\t\t\t\t<div class=\"elementor-background-overlay\"><\/div>\n\t\t\t\t\t\t\t<div class=\"elementor-container elementor-column-gap-default\">\n\t\t\t\t\t<div class=\"elementor-column elementor-col-100 elementor-top-column elementor-element elementor-element-56b2e91b\" data-id=\"56b2e91b\" data-element_type=\"column\" data-e-type=\"column\">\n\t\t\t<div class=\"elementor-widget-wrap elementor-element-populated\">\n\t\t\t\t\t\t<div class=\"elementor-element elementor-element-6a775c32 elementor-widget elementor-widget-heading\" data-id=\"6a775c32\" data-element_type=\"widget\" data-e-type=\"widget\" data-widget_type=\"heading.default\">\n\t\t\t\t<div class=\"elementor-widget-container\">\n\t\t\t\t\t<h1 class=\"elementor-heading-title elementor-size-default\">Jove Banda Simf\u00f2nica de la FSMCV \/ Temporada 2003<\/h1>\t\t\t\t<\/div>\n\t\t\t\t<\/div>\n\t\t\t\t\t<\/div>\n\t\t<\/div>\n\t\t\t\t\t<\/div>\n\t\t<\/section>\n\t\t\t\t<section class=\"elementor-section elementor-top-section elementor-element elementor-element-183c54a2 elementor-section-boxed elementor-section-height-default elementor-section-height-default\" data-id=\"183c54a2\" data-element_type=\"section\" data-e-type=\"section\">\n\t\t\t\t\t\t<div class=\"elementor-container elementor-column-gap-wide\">\n\t\t\t\t\t<div class=\"elementor-column elementor-col-50 elementor-top-column elementor-element elementor-element-7702e59c\" data-id=\"7702e59c\" data-element_type=\"column\" data-e-type=\"column\">\n\t\t\t<div class=\"elementor-widget-wrap elementor-element-populated\">\n\t\t\t\t\t\t<div class=\"elementor-element elementor-element-513133f5 elementor-view-default elementor-position-block-start elementor-mobile-position-block-start elementor-widget elementor-widget-icon-box\" data-id=\"513133f5\" data-element_type=\"widget\" data-e-type=\"widget\" data-widget_type=\"icon-box.default\">\n\t\t\t\t<div class=\"elementor-widget-container\">\n\t\t\t\t\t\t\t<div class=\"elementor-icon-box-wrapper\">\n\n\t\t\t\t\t\t<div class=\"elementor-icon-box-icon\">\n\t\t\t\t<span  class=\"elementor-icon\">\n\t\t\t\t<i aria-hidden=\"true\" class=\"fas fa-compact-disc\"><\/i>\t\t\t\t<\/span>\n\t\t\t<\/div>\n\t\t\t\n\t\t\t\t\t\t<div class=\"elementor-icon-box-content\">\n\n\t\t\t\t\t\t\t\t\t<h2 class=\"elementor-icon-box-title\">\n\t\t\t\t\t\t<span  >\n\t\t\t\t\t\t\tJove Banda Simf\u00f2nica de la FSMCV \/ Temporada 2003\t\t\t\t\t\t<\/span>\n\t\t\t\t\t<\/h2>\n\t\t\t\t\n\t\t\t\t\t\t\t\t\t<p class=\"elementor-icon-box-description\">\n\t\t\t\t\t\t\n\n\t\t\t\t\t<\/p>\n\t\t\t\t\n\t\t\t<\/div>\n\t\t\t\n\t\t<\/div>\n\t\t\t\t\t\t<\/div>\n\t\t\t\t<\/div>\n\t\t\t\t<div class=\"elementor-element elementor-element-191e0fd0 elementor-widget elementor-widget-image\" data-id=\"191e0fd0\" data-element_type=\"widget\" data-e-type=\"widget\" data-widget_type=\"image.default\">\n\t\t\t\t<div class=\"elementor-widget-container\">\n\t\t\t\t\t\t\t\t\t\t\t\t\t\t\t<img fetchpriority=\"high\" decoding=\"async\" width=\"500\" height=\"500\" src=\"https:\/\/fsmcv.org\/wp-content\/uploads\/2020\/10\/portada2003.jpg\" class=\"attachment-full size-full wp-image-20125\" alt=\"Portada CD 3 Jove Banda Simf\u00f2nica de la FSMCV \/ Temporada 2003\" srcset=\"https:\/\/fsmcv.org\/wp-content\/uploads\/2020\/10\/portada2003.jpg 500w, https:\/\/fsmcv.org\/wp-content\/uploads\/2020\/10\/portada2003-300x300.jpg 300w, https:\/\/fsmcv.org\/wp-content\/uploads\/2020\/10\/portada2003-100x100.jpg 100w\" sizes=\"(max-width: 500px) 100vw, 500px\" title=\"\">\t\t\t\t\t\t\t\t\t\t\t\t\t\t\t<\/div>\n\t\t\t\t<\/div>\n\t\t\t\t<div class=\"elementor-element elementor-element-d3eaca4 elementor-align-center elementor-widget elementor-widget-button\" data-id=\"d3eaca4\" data-element_type=\"widget\" data-e-type=\"widget\" data-widget_type=\"button.default\">\n\t\t\t\t<div class=\"elementor-widget-container\">\n\t\t\t\t\t\t\t\t\t<div class=\"elementor-button-wrapper\">\n\t\t\t\t\t<a class=\"elementor-button elementor-button-link elementor-size-md\" href=\"https:\/\/fsmcv.org\/vl\/tenda\/discos\/jove-banda-simfonica-de-la-fsmcv\/cd-jove-banda-simfonica-de-la-fsmcv-temporada-2003\/\">\n\t\t\t\t\t\t<span class=\"elementor-button-content-wrapper\">\n\t\t\t\t\t\t<span class=\"elementor-button-icon\">\n\t\t\t\t<i aria-hidden=\"true\" class=\"fas fa-arrow-right\"><\/i>\t\t\t<\/span>\n\t\t\t\t\t\t\t\t\t<span class=\"elementor-button-text\">Compra<\/span>\n\t\t\t\t\t<\/span>\n\t\t\t\t\t<\/a>\n\t\t\t\t<\/div>\n\t\t\t\t\t\t\t\t<\/div>\n\t\t\t\t<\/div>\n\t\t\t\t\t<\/div>\n\t\t<\/div>\n\t\t\t\t<div class=\"elementor-column elementor-col-50 elementor-top-column elementor-element elementor-element-6d73f649\" data-id=\"6d73f649\" data-element_type=\"column\" data-e-type=\"column\">\n\t\t\t<div class=\"elementor-widget-wrap elementor-element-populated\">\n\t\t\t\t\t\t<div class=\"elementor-element elementor-element-15513adb elementor-widget elementor-widget-text-editor\" data-id=\"15513adb\" data-element_type=\"widget\" data-e-type=\"widget\" data-widget_type=\"text-editor.default\">\n\t\t\t\t<div class=\"elementor-widget-container\">\n\t\t\t\t\t\t\t\t\t<p><strong>Directors<\/strong>: Joan Espinosa, Jos\u00e9 Antonio Rebollar, Andr\u00e9s Valero Castells y \u00c0ngel Crespo.<\/p>\n<p><strong>DISC I<\/strong><\/p>\n<p>1. Pasacaglia de Ram\u00f3n Ramos<br \/>2. Iridisc\u00e8ncies Simf\u00f2niques de Amando Blanquer<\/p>\n<p>I. Hoqueto<br \/>II. Intermedio<br \/>III. Ricercare<\/p>\n<p>Dir: Joan Espinosa<\/p>\n<p>3. Ernesto P\u00e9rez de Eugenio Mart\u00ed<br \/>4. Ra\u00edces de Juan J. Colomer<br \/>Dir: Jos\u00e9 Antonio Rebollar<\/p>\n<p><strong>DISC II<\/strong><\/p>\n<p>1. Arco de Montele\u00f3n de Miguel Asins Arb\u00f3<br \/>2. La vall de la Murta de Andr\u00e9s Valero-Castells<\/p>\n<p>I. Les Serres (Cavall bernat, Les Agulles), L\u2019incendi<br \/>II. El Monestir, 1401<br \/>III. Els pirates moros, El pont de pedra<\/p>\n<p>Dir: Andr\u00e9s Valero-Castells<\/p>\n<p>3. Radio Alcira de Miguel Villar<br \/>Dir: \u00c1ngel Crespo<\/p>\n<p><span style=\"font-weight: bolder;\">Escolta aquest CD en Spotify! <\/span><\/p>\n<p><iframe title=\"Spotify Embed: Banda de la Federaci\u00f3 de Societats Musicals de la Comunitat Valenciana 2003 (En Directo)\" width=\"100%\" height=\"380\" frameborder=\"0\" allowfullscreen allow=\"autoplay; clipboard-write; encrypted-media; fullscreen; picture-in-picture\" src=\"https:\/\/open.spotify.com\/embed\/album\/7fEKmYOu1fLpWL5dyNV1he?si=W-uaaLgmRzm59zjBnMlKqw&dl_branch=1&utm_source=oembed\"><\/iframe><\/p>\n\t\t\t\t\t\t\t\t<\/div>\n\t\t\t\t<\/div>\n\t\t\t\t\t<\/div>\n\t\t<\/div>\n\t\t\t\t\t<\/div>\n\t\t<\/section>\n\t\t\t\t<\/div>\n\t\t","protected":false},"excerpt":{"rendered":"<p>Compra Directors: Joan Espinosa, Jos\u00e9 Antonio Rebollar, Andr\u00e9s Valero Castells y \u00c0ngel Crespo. DISC I 1. Pasacaglia de Ram\u00f3n Ramos2. Iridisc\u00e8ncies Simf\u00f2niques de Amando Blanquer I. HoquetoII. IntermedioIII. Ricercare Dir: Joan Espinosa 3. Ernesto P\u00e9rez de Eugenio Mart\u00ed4. Ra\u00edces de Juan J. ColomerDir: Jos\u00e9 Antonio Rebollar DISC II 1. Arco de Montele\u00f3n de Miguel Asins [&hellip;]<\/p>\n","protected":false},"author":1,"featured_media":20125,"parent":20683,"menu_order":3,"comment_status":"closed","ping_status":"closed","template":"elementor_header_footer","meta":{"footnotes":""},"class_list":["post-20554","page","type-page","status-publish","has-post-thumbnail","hentry"],"_links":{"self":[{"href":"https:\/\/fsmcv.org\/vl\/wp-json\/wp\/v2\/pages\/20554","targetHints":{"allow":["GET"]}}],"collection":[{"href":"https:\/\/fsmcv.org\/vl\/wp-json\/wp\/v2\/pages"}],"about":[{"href":"https:\/\/fsmcv.org\/vl\/wp-json\/wp\/v2\/types\/page"}],"author":[{"embeddable":true,"href":"https:\/\/fsmcv.org\/vl\/wp-json\/wp\/v2\/users\/1"}],"replies":[{"embeddable":true,"href":"https:\/\/fsmcv.org\/vl\/wp-json\/wp\/v2\/comments?post=20554"}],"version-history":[{"count":0,"href":"https:\/\/fsmcv.org\/vl\/wp-json\/wp\/v2\/pages\/20554\/revisions"}],"up":[{"embeddable":true,"href":"https:\/\/fsmcv.org\/vl\/wp-json\/wp\/v2\/pages\/20683"}],"wp:featuredmedia":[{"embeddable":true,"href":"https:\/\/fsmcv.org\/vl\/wp-json\/wp\/v2\/media\/20125"}],"wp:attachment":[{"href":"https:\/\/fsmcv.org\/vl\/wp-json\/wp\/v2\/media?parent=20554"}],"curies":[{"name":"wp","href":"https:\/\/api.w.org\/{rel}","templated":true}]}}