{"id":20557,"date":"2020-10-05T07:41:37","date_gmt":"2020-10-05T05:41:37","guid":{"rendered":"https:\/\/fsmcv.org\/cd-4-jove-banda-simfonica-de-la-fsmcv-temporada-2004\/"},"modified":"2023-07-18T17:27:39","modified_gmt":"2023-07-18T15:27:39","slug":"cd-4-jove-banda-simfonica-de-la-fsmcv-temporada-2004","status":"publish","type":"page","link":"https:\/\/fsmcv.org\/vl\/segell-discografic\/cd-4-jove-banda-simfonica-de-la-fsmcv-temporada-2004\/","title":{"rendered":"Jove Banda Simf\u00f2nica de la FSMCV \/ Temporada 2004"},"content":{"rendered":"\t\t<div data-elementor-type=\"wp-page\" data-elementor-id=\"20557\" class=\"elementor elementor-20557 elementor-20527\" data-elementor-post-type=\"page\">\n\t\t\t\t\t\t<section class=\"elementor-section elementor-top-section elementor-element elementor-element-5838bbfb elementor-section-boxed elementor-section-height-default elementor-section-height-default\" data-id=\"5838bbfb\" data-element_type=\"section\" data-e-type=\"section\">\n\t\t\t\t\t\t\t<div class=\"elementor-background-overlay\"><\/div>\n\t\t\t\t\t\t\t<div class=\"elementor-container elementor-column-gap-default\">\n\t\t\t\t\t<div class=\"elementor-column elementor-col-100 elementor-top-column elementor-element elementor-element-375d2bd2\" data-id=\"375d2bd2\" data-element_type=\"column\" data-e-type=\"column\">\n\t\t\t<div class=\"elementor-widget-wrap elementor-element-populated\">\n\t\t\t\t\t\t<div class=\"elementor-element elementor-element-7006f916 elementor-widget elementor-widget-heading\" data-id=\"7006f916\" data-element_type=\"widget\" data-e-type=\"widget\" data-widget_type=\"heading.default\">\n\t\t\t\t<div class=\"elementor-widget-container\">\n\t\t\t\t\t<h1 class=\"elementor-heading-title elementor-size-default\">Jove Banda Simf\u00f2nica de la FSMCV \/ Temporada 2004<\/h1>\t\t\t\t<\/div>\n\t\t\t\t<\/div>\n\t\t\t\t\t<\/div>\n\t\t<\/div>\n\t\t\t\t\t<\/div>\n\t\t<\/section>\n\t\t\t\t<section class=\"elementor-section elementor-top-section elementor-element elementor-element-5d6a09d6 elementor-section-boxed elementor-section-height-default elementor-section-height-default\" data-id=\"5d6a09d6\" data-element_type=\"section\" data-e-type=\"section\">\n\t\t\t\t\t\t<div class=\"elementor-container elementor-column-gap-wide\">\n\t\t\t\t\t<div class=\"elementor-column elementor-col-50 elementor-top-column elementor-element elementor-element-33009cdc\" data-id=\"33009cdc\" data-element_type=\"column\" data-e-type=\"column\">\n\t\t\t<div class=\"elementor-widget-wrap elementor-element-populated\">\n\t\t\t\t\t\t<div class=\"elementor-element elementor-element-1da438cc elementor-view-default elementor-position-block-start elementor-mobile-position-block-start elementor-widget elementor-widget-icon-box\" data-id=\"1da438cc\" data-element_type=\"widget\" data-e-type=\"widget\" data-widget_type=\"icon-box.default\">\n\t\t\t\t<div class=\"elementor-widget-container\">\n\t\t\t\t\t\t\t<div class=\"elementor-icon-box-wrapper\">\n\n\t\t\t\t\t\t<div class=\"elementor-icon-box-icon\">\n\t\t\t\t<span  class=\"elementor-icon\">\n\t\t\t\t<i aria-hidden=\"true\" class=\"fas fa-compact-disc\"><\/i>\t\t\t\t<\/span>\n\t\t\t<\/div>\n\t\t\t\n\t\t\t\t\t\t<div class=\"elementor-icon-box-content\">\n\n\t\t\t\t\t\t\t\t\t<h2 class=\"elementor-icon-box-title\">\n\t\t\t\t\t\t<span  >\n\t\t\t\t\t\t\tJove Banda Simf\u00f2nica de la FSMCV \/ Temporada 2004\t\t\t\t\t\t<\/span>\n\t\t\t\t\t<\/h2>\n\t\t\t\t\n\t\t\t\t\t\t\t\t\t<p class=\"elementor-icon-box-description\">\n\t\t\t\t\t\t\n\n\t\t\t\t\t<\/p>\n\t\t\t\t\n\t\t\t<\/div>\n\t\t\t\n\t\t<\/div>\n\t\t\t\t\t\t<\/div>\n\t\t\t\t<\/div>\n\t\t\t\t<div class=\"elementor-element elementor-element-61b63a07 elementor-widget elementor-widget-image\" data-id=\"61b63a07\" data-element_type=\"widget\" data-e-type=\"widget\" data-widget_type=\"image.default\">\n\t\t\t\t<div class=\"elementor-widget-container\">\n\t\t\t\t\t\t\t\t\t\t\t\t\t\t\t<img fetchpriority=\"high\" decoding=\"async\" width=\"500\" height=\"500\" src=\"https:\/\/fsmcv.org\/wp-content\/uploads\/2020\/10\/portada-2004.jpg\" class=\"attachment-full size-full wp-image-20123\" alt=\"Portada CD 4 Jove Banda Simf\u00f2nica de LA FSMCV \/ Temporada 2004\" srcset=\"https:\/\/fsmcv.org\/wp-content\/uploads\/2020\/10\/portada-2004.jpg 500w, https:\/\/fsmcv.org\/wp-content\/uploads\/2020\/10\/portada-2004-300x300.jpg 300w, https:\/\/fsmcv.org\/wp-content\/uploads\/2020\/10\/portada-2004-100x100.jpg 100w\" sizes=\"(max-width: 500px) 100vw, 500px\" title=\"\">\t\t\t\t\t\t\t\t\t\t\t\t\t\t\t<\/div>\n\t\t\t\t<\/div>\n\t\t\t\t<div class=\"elementor-element elementor-element-17b29b3b elementor-align-center elementor-widget elementor-widget-button\" data-id=\"17b29b3b\" data-element_type=\"widget\" data-e-type=\"widget\" data-widget_type=\"button.default\">\n\t\t\t\t<div class=\"elementor-widget-container\">\n\t\t\t\t\t\t\t\t\t<div class=\"elementor-button-wrapper\">\n\t\t\t\t\t<a class=\"elementor-button elementor-button-link elementor-size-md\" href=\"https:\/\/fsmcv.org\/vl\/tenda\/discos\/jove-banda-simfonica-de-la-fsmcv\/cd-jove-banda-simfonica-de-la-fsmcv-temporada-2004\/\">\n\t\t\t\t\t\t<span class=\"elementor-button-content-wrapper\">\n\t\t\t\t\t\t<span class=\"elementor-button-icon\">\n\t\t\t\t<i aria-hidden=\"true\" class=\"fas fa-arrow-right\"><\/i>\t\t\t<\/span>\n\t\t\t\t\t\t\t\t\t<span class=\"elementor-button-text\">Compra<\/span>\n\t\t\t\t\t<\/span>\n\t\t\t\t\t<\/a>\n\t\t\t\t<\/div>\n\t\t\t\t\t\t\t\t<\/div>\n\t\t\t\t<\/div>\n\t\t\t\t\t<\/div>\n\t\t<\/div>\n\t\t\t\t<div class=\"elementor-column elementor-col-50 elementor-top-column elementor-element elementor-element-2bb73655\" data-id=\"2bb73655\" data-element_type=\"column\" data-e-type=\"column\">\n\t\t\t<div class=\"elementor-widget-wrap elementor-element-populated\">\n\t\t\t\t\t\t<div class=\"elementor-element elementor-element-36dcf45a elementor-widget elementor-widget-text-editor\" data-id=\"36dcf45a\" data-element_type=\"widget\" data-e-type=\"widget\" data-widget_type=\"text-editor.default\">\n\t\t\t\t<div class=\"elementor-widget-container\">\n\t\t\t\t\t\t\t\t\t<p><strong>Directors:<\/strong> Pascual Mart\u00ednez Mart\u00ednez, Jaime Belda Cantavella y Pablo Angl\u00e9s Galindo<\/p>\n<p><strong>Cont\u00e9:<\/strong><\/p>\n<p>1. Eduardo Cifre de Pascual Mart\u00ednez<br \/>2. Secuencias de Pascual Mart\u00ednez<\/p>\n<p>I. Preludio<br \/>II. Nocturno<br \/>III. Scherzo<\/p>\n<p>Dir: Pascual Mart\u00ednez Mart\u00ednez<\/p>\n<p>3. Divertimento de Bernardo Adam Ferrero<br \/>4. Ocurr\u00e8ncies de Francisco A. Bort<\/p>\n<p>I. Dubtes<br \/>II. Reflexi\u00f3<br \/>III. Resoluci\u00f3<\/p>\n<p>Dir: Jaime Belda Cantavella<\/p>\n<p>5. Alabarda de Pablo Angl\u00e9s<br \/>6. FoxP2 de Pablo Angl\u00e9s<br \/>Dir: Pablo Angl\u00e9s Galindo<\/p>\n<p><strong>Escolta aquest CD en Spotify! <\/strong><\/p>\n<p><iframe title=\"Spotify Embed: Banda de la Federaci\u00f3 de Societats Musicals de la Comunitat Valenciana 2004 (En Directo)\" width=\"100%\" height=\"380\" frameborder=\"0\" allowfullscreen allow=\"autoplay; clipboard-write; encrypted-media; fullscreen; picture-in-picture\" src=\"https:\/\/open.spotify.com\/embed\/album\/7AUmq9Ph1Mn0bNdGc1ognI?si=COncBYNbSSeiV96OLNmWoQ&dl_branch=1&utm_source=oembed\"><\/iframe><\/p>\n\t\t\t\t\t\t\t\t<\/div>\n\t\t\t\t<\/div>\n\t\t\t\t\t<\/div>\n\t\t<\/div>\n\t\t\t\t\t<\/div>\n\t\t<\/section>\n\t\t\t\t<\/div>\n\t\t","protected":false},"excerpt":{"rendered":"<p>Compra Directors: Pascual Mart\u00ednez Mart\u00ednez, Jaime Belda Cantavella y Pablo Angl\u00e9s Galindo Cont\u00e9: 1. Eduardo Cifre de Pascual Mart\u00ednez2. Secuencias de Pascual Mart\u00ednez I. PreludioII. NocturnoIII. Scherzo Dir: Pascual Mart\u00ednez Mart\u00ednez 3. Divertimento de Bernardo Adam Ferrero4. Ocurr\u00e8ncies de Francisco A. Bort I. DubtesII. Reflexi\u00f3III. Resoluci\u00f3 Dir: Jaime Belda Cantavella 5. Alabarda de Pablo Angl\u00e9s6. [&hellip;]<\/p>\n","protected":false},"author":1,"featured_media":20123,"parent":20683,"menu_order":4,"comment_status":"closed","ping_status":"closed","template":"elementor_header_footer","meta":{"footnotes":""},"class_list":["post-20557","page","type-page","status-publish","has-post-thumbnail","hentry"],"_links":{"self":[{"href":"https:\/\/fsmcv.org\/vl\/wp-json\/wp\/v2\/pages\/20557","targetHints":{"allow":["GET"]}}],"collection":[{"href":"https:\/\/fsmcv.org\/vl\/wp-json\/wp\/v2\/pages"}],"about":[{"href":"https:\/\/fsmcv.org\/vl\/wp-json\/wp\/v2\/types\/page"}],"author":[{"embeddable":true,"href":"https:\/\/fsmcv.org\/vl\/wp-json\/wp\/v2\/users\/1"}],"replies":[{"embeddable":true,"href":"https:\/\/fsmcv.org\/vl\/wp-json\/wp\/v2\/comments?post=20557"}],"version-history":[{"count":0,"href":"https:\/\/fsmcv.org\/vl\/wp-json\/wp\/v2\/pages\/20557\/revisions"}],"up":[{"embeddable":true,"href":"https:\/\/fsmcv.org\/vl\/wp-json\/wp\/v2\/pages\/20683"}],"wp:featuredmedia":[{"embeddable":true,"href":"https:\/\/fsmcv.org\/vl\/wp-json\/wp\/v2\/media\/20123"}],"wp:attachment":[{"href":"https:\/\/fsmcv.org\/vl\/wp-json\/wp\/v2\/media?parent=20557"}],"curies":[{"name":"wp","href":"https:\/\/api.w.org\/{rel}","templated":true}]}}