{"id":20559,"date":"2020-10-05T07:37:59","date_gmt":"2020-10-05T05:37:59","guid":{"rendered":"https:\/\/fsmcv.org\/cd-5-jove-banda-simfonica-de-la-fsmcv-temporada-2005\/"},"modified":"2023-07-18T17:27:32","modified_gmt":"2023-07-18T15:27:32","slug":"cd-5-jove-banda-simfonica-de-la-fsmcv-temporada-2005","status":"publish","type":"page","link":"https:\/\/fsmcv.org\/vl\/segell-discografic\/cd-5-jove-banda-simfonica-de-la-fsmcv-temporada-2005\/","title":{"rendered":"Jove Banda Simf\u00f2nica de la FSMCV \/ Temporada 2005"},"content":{"rendered":"\t\t<div data-elementor-type=\"wp-page\" data-elementor-id=\"20559\" class=\"elementor elementor-20559 elementor-20522\" data-elementor-post-type=\"page\">\n\t\t\t\t\t\t<section class=\"elementor-section elementor-top-section elementor-element elementor-element-3f3583e7 elementor-section-boxed elementor-section-height-default elementor-section-height-default\" data-id=\"3f3583e7\" data-element_type=\"section\" data-e-type=\"section\">\n\t\t\t\t\t\t\t<div class=\"elementor-background-overlay\"><\/div>\n\t\t\t\t\t\t\t<div class=\"elementor-container elementor-column-gap-default\">\n\t\t\t\t\t<div class=\"elementor-column elementor-col-100 elementor-top-column elementor-element elementor-element-67918dee\" data-id=\"67918dee\" data-element_type=\"column\" data-e-type=\"column\">\n\t\t\t<div class=\"elementor-widget-wrap elementor-element-populated\">\n\t\t\t\t\t\t<div class=\"elementor-element elementor-element-1387099b elementor-widget elementor-widget-heading\" data-id=\"1387099b\" data-element_type=\"widget\" data-e-type=\"widget\" data-widget_type=\"heading.default\">\n\t\t\t\t<div class=\"elementor-widget-container\">\n\t\t\t\t\t<h1 class=\"elementor-heading-title elementor-size-default\">Jove Banda Simf\u00f2nica de la FSMCV \/ Temporada 2005<\/h1>\t\t\t\t<\/div>\n\t\t\t\t<\/div>\n\t\t\t\t\t<\/div>\n\t\t<\/div>\n\t\t\t\t\t<\/div>\n\t\t<\/section>\n\t\t\t\t<section class=\"elementor-section elementor-top-section elementor-element elementor-element-7f0acc2f elementor-section-boxed elementor-section-height-default elementor-section-height-default\" data-id=\"7f0acc2f\" data-element_type=\"section\" data-e-type=\"section\">\n\t\t\t\t\t\t<div class=\"elementor-container elementor-column-gap-wide\">\n\t\t\t\t\t<div class=\"elementor-column elementor-col-50 elementor-top-column elementor-element elementor-element-66aa34a\" data-id=\"66aa34a\" data-element_type=\"column\" data-e-type=\"column\">\n\t\t\t<div class=\"elementor-widget-wrap elementor-element-populated\">\n\t\t\t\t\t\t<div class=\"elementor-element elementor-element-6bb5d7f6 elementor-view-default elementor-position-block-start elementor-mobile-position-block-start elementor-widget elementor-widget-icon-box\" data-id=\"6bb5d7f6\" data-element_type=\"widget\" data-e-type=\"widget\" data-widget_type=\"icon-box.default\">\n\t\t\t\t<div class=\"elementor-widget-container\">\n\t\t\t\t\t\t\t<div class=\"elementor-icon-box-wrapper\">\n\n\t\t\t\t\t\t<div class=\"elementor-icon-box-icon\">\n\t\t\t\t<span  class=\"elementor-icon\">\n\t\t\t\t<i aria-hidden=\"true\" class=\"fas fa-compact-disc\"><\/i>\t\t\t\t<\/span>\n\t\t\t<\/div>\n\t\t\t\n\t\t\t\t\t\t<div class=\"elementor-icon-box-content\">\n\n\t\t\t\t\t\t\t\t\t<h2 class=\"elementor-icon-box-title\">\n\t\t\t\t\t\t<span  >\n\t\t\t\t\t\t\tJove Banda Simf\u00f2nica de la FSMCV \/ Temporada 2005\t\t\t\t\t\t<\/span>\n\t\t\t\t\t<\/h2>\n\t\t\t\t\n\t\t\t\t\t\t\t\t\t<p class=\"elementor-icon-box-description\">\n\t\t\t\t\t\t\n\n\t\t\t\t\t<\/p>\n\t\t\t\t\n\t\t\t<\/div>\n\t\t\t\n\t\t<\/div>\n\t\t\t\t\t\t<\/div>\n\t\t\t\t<\/div>\n\t\t\t\t<div class=\"elementor-element elementor-element-49e3e2c4 elementor-widget elementor-widget-image\" data-id=\"49e3e2c4\" data-element_type=\"widget\" data-e-type=\"widget\" data-widget_type=\"image.default\">\n\t\t\t\t<div class=\"elementor-widget-container\">\n\t\t\t\t\t\t\t\t\t\t\t\t\t\t\t<img fetchpriority=\"high\" decoding=\"async\" width=\"500\" height=\"500\" src=\"https:\/\/fsmcv.org\/wp-content\/uploads\/2020\/10\/portada2005.jpg\" class=\"attachment-full size-full wp-image-20121\" alt=\"Portable CD 5 Jove Banda Simf\u00f2nica de LA FSMCV \/ Temporada 2005\" srcset=\"https:\/\/fsmcv.org\/wp-content\/uploads\/2020\/10\/portada2005.jpg 500w, https:\/\/fsmcv.org\/wp-content\/uploads\/2020\/10\/portada2005-300x300.jpg 300w, https:\/\/fsmcv.org\/wp-content\/uploads\/2020\/10\/portada2005-100x100.jpg 100w\" sizes=\"(max-width: 500px) 100vw, 500px\" title=\"\">\t\t\t\t\t\t\t\t\t\t\t\t\t\t\t<\/div>\n\t\t\t\t<\/div>\n\t\t\t\t<div class=\"elementor-element elementor-element-12ca25df elementor-align-center elementor-widget elementor-widget-button\" data-id=\"12ca25df\" data-element_type=\"widget\" data-e-type=\"widget\" data-widget_type=\"button.default\">\n\t\t\t\t<div class=\"elementor-widget-container\">\n\t\t\t\t\t\t\t\t\t<div class=\"elementor-button-wrapper\">\n\t\t\t\t\t<a class=\"elementor-button elementor-button-link elementor-size-md\" href=\"https:\/\/fsmcv.org\/vl\/tenda\/discos\/jove-banda-simfonica-de-la-fsmcv\/cd-jove-banda-simfonica-de-la-fsmcv-temporada-2005\/\">\n\t\t\t\t\t\t<span class=\"elementor-button-content-wrapper\">\n\t\t\t\t\t\t<span class=\"elementor-button-icon\">\n\t\t\t\t<i aria-hidden=\"true\" class=\"fas fa-arrow-right\"><\/i>\t\t\t<\/span>\n\t\t\t\t\t\t\t\t\t<span class=\"elementor-button-text\">Compra<\/span>\n\t\t\t\t\t<\/span>\n\t\t\t\t\t<\/a>\n\t\t\t\t<\/div>\n\t\t\t\t\t\t\t\t<\/div>\n\t\t\t\t<\/div>\n\t\t\t\t\t<\/div>\n\t\t<\/div>\n\t\t\t\t<div class=\"elementor-column elementor-col-50 elementor-top-column elementor-element elementor-element-4fab6e53\" data-id=\"4fab6e53\" data-element_type=\"column\" data-e-type=\"column\">\n\t\t\t<div class=\"elementor-widget-wrap elementor-element-populated\">\n\t\t\t\t\t\t<div class=\"elementor-element elementor-element-7424f7cd elementor-widget elementor-widget-text-editor\" data-id=\"7424f7cd\" data-element_type=\"widget\" data-e-type=\"widget\" data-widget_type=\"text-editor.default\">\n\t\t\t\t<div class=\"elementor-widget-container\">\n\t\t\t\t\t\t\t\t\t<p><strong>Directors:<\/strong> Jos\u00e9 Vicente D\u00edaz Alcaina, Vicente Carot Gil i Vicente Soler Solano<\/p>\n<p><strong>Cont\u00e9:<\/strong><\/p>\n<p>1. Tercer centenario de Jos\u00e9 V. D\u00edaz Alcaina<br \/>2. Tres grandes amores de Manuel Bern\u00e1<\/p>\n<p>I. La familia (poema I)<br \/>II. El mar (poema II)<br \/>III. Mi Albatera (poema III)<\/p>\n<p>3. Fantas\u00eda sobre motivos del maestro Serrano de R. Lamote de Gri\u00f1\u00f3n<br \/>4. Petrer de Manuel Villar<br \/>Dir: Jos\u00e9 Vicente D\u00edaz Alcaina<\/p>\n<p>5. Pilar S\u00e1ez de J. Salvador Gonz\u00e1lez<br \/>6. La leyenda de la Malinche de Salvador Sebasti\u00e1<\/p>\n<p>I. La ruta de Hern\u00e1n Cort\u00e9s<br \/>II. La leyenda de la Malinche<br \/>III. Canci\u00f3n de amor<br \/>IV. La conquista de M\u00e9xico-Tecnochtitlan<\/p>\n<p>7. Burriana de M. Gimeno<br \/>Dir: Vicente Carot Gil<\/p>\n<p>8. Rosalina de Rafael Talens<br \/>9. Astrof\u00edsica de J. G. G\u00f3mez Deval<\/p>\n<p>I. Selenograf\u00eda<br \/>II. La cara oculta<\/p>\n<p>10. Cora d\u2019Algar de Rafael Talens<br \/>11. Silla de Fernando Penella<br \/>Dir: Vicente Soler Solano<\/p>\n<p><span style=\"font-weight: bolder;\">Escolta aquest CD en Spotify! <\/span><\/p>\n<p><iframe title=\"Spotify Embed: Banda de la Federaci\u00f3 de Societats Musicals de la Comunitat Valenciana 2005 (En Directo)\" width=\"100%\" height=\"380\" frameborder=\"0\" allowfullscreen allow=\"autoplay; clipboard-write; encrypted-media; fullscreen; picture-in-picture\" src=\"https:\/\/open.spotify.com\/embed\/album\/7bPXqsyk5P7aMexvLILayv?si=id7kK1MBQbaq4RygZpCMVw&dl_branch=1&utm_source=oembed\"><\/iframe><\/p>\n\t\t\t\t\t\t\t\t<\/div>\n\t\t\t\t<\/div>\n\t\t\t\t\t<\/div>\n\t\t<\/div>\n\t\t\t\t\t<\/div>\n\t\t<\/section>\n\t\t\t\t<\/div>\n\t\t","protected":false},"excerpt":{"rendered":"<p>Compra Directors: Jos\u00e9 Vicente D\u00edaz Alcaina, Vicente Carot Gil i Vicente Soler Solano Cont\u00e9: 1. Tercer centenario de Jos\u00e9 V. D\u00edaz Alcaina2. Tres grandes amores de Manuel Bern\u00e1 I. La familia (poema I)II. El mar (poema II)III. Mi Albatera (poema III) 3. Fantas\u00eda sobre motivos del maestro Serrano de R. Lamote de Gri\u00f1\u00f3n4. Petrer de [&hellip;]<\/p>\n","protected":false},"author":1,"featured_media":20121,"parent":20683,"menu_order":5,"comment_status":"closed","ping_status":"closed","template":"elementor_header_footer","meta":{"footnotes":""},"class_list":["post-20559","page","type-page","status-publish","has-post-thumbnail","hentry"],"_links":{"self":[{"href":"https:\/\/fsmcv.org\/vl\/wp-json\/wp\/v2\/pages\/20559","targetHints":{"allow":["GET"]}}],"collection":[{"href":"https:\/\/fsmcv.org\/vl\/wp-json\/wp\/v2\/pages"}],"about":[{"href":"https:\/\/fsmcv.org\/vl\/wp-json\/wp\/v2\/types\/page"}],"author":[{"embeddable":true,"href":"https:\/\/fsmcv.org\/vl\/wp-json\/wp\/v2\/users\/1"}],"replies":[{"embeddable":true,"href":"https:\/\/fsmcv.org\/vl\/wp-json\/wp\/v2\/comments?post=20559"}],"version-history":[{"count":0,"href":"https:\/\/fsmcv.org\/vl\/wp-json\/wp\/v2\/pages\/20559\/revisions"}],"up":[{"embeddable":true,"href":"https:\/\/fsmcv.org\/vl\/wp-json\/wp\/v2\/pages\/20683"}],"wp:featuredmedia":[{"embeddable":true,"href":"https:\/\/fsmcv.org\/vl\/wp-json\/wp\/v2\/media\/20121"}],"wp:attachment":[{"href":"https:\/\/fsmcv.org\/vl\/wp-json\/wp\/v2\/media?parent=20559"}],"curies":[{"name":"wp","href":"https:\/\/api.w.org\/{rel}","templated":true}]}}