{"id":20578,"date":"2020-10-05T07:27:22","date_gmt":"2020-10-05T05:27:22","guid":{"rendered":"https:\/\/fsmcv.org\/cd-8-jove-banda-simfonica-de-la-fsmcv-temporadas-2008-2009-40-aniversari\/"},"modified":"2023-07-18T17:27:11","modified_gmt":"2023-07-18T15:27:11","slug":"cd-8-jove-banda-simfonica-de-la-fsmcv-temporadas-2008-2009-40-aniversari","status":"publish","type":"page","link":"https:\/\/fsmcv.org\/vl\/segell-discografic\/cd-8-jove-banda-simfonica-de-la-fsmcv-temporadas-2008-2009-40-aniversari\/","title":{"rendered":"Jove Banda Simf\u00f2nica de la FSMCV \/ Temporades 2008-2009 (40 aniversari)"},"content":{"rendered":"\t\t<div data-elementor-type=\"wp-page\" data-elementor-id=\"20578\" class=\"elementor elementor-20578 elementor-20510\" data-elementor-post-type=\"page\">\n\t\t\t\t\t\t<section class=\"elementor-section elementor-top-section elementor-element elementor-element-386bf8d8 elementor-section-boxed elementor-section-height-default elementor-section-height-default\" data-id=\"386bf8d8\" data-element_type=\"section\" data-e-type=\"section\">\n\t\t\t\t\t\t\t<div class=\"elementor-background-overlay\"><\/div>\n\t\t\t\t\t\t\t<div class=\"elementor-container elementor-column-gap-default\">\n\t\t\t\t\t<div class=\"elementor-column elementor-col-100 elementor-top-column elementor-element elementor-element-65282fa9\" data-id=\"65282fa9\" data-element_type=\"column\" data-e-type=\"column\">\n\t\t\t<div class=\"elementor-widget-wrap elementor-element-populated\">\n\t\t\t\t\t\t<div class=\"elementor-element elementor-element-4260c52b elementor-widget elementor-widget-heading\" data-id=\"4260c52b\" data-element_type=\"widget\" data-e-type=\"widget\" data-widget_type=\"heading.default\">\n\t\t\t\t<div class=\"elementor-widget-container\">\n\t\t\t\t\t<h1 class=\"elementor-heading-title elementor-size-default\">Jove Banda Simf\u00f2nica de la FSMCV \/ Temporades 2008-2009 (40 aniversari)<\/h1>\t\t\t\t<\/div>\n\t\t\t\t<\/div>\n\t\t\t\t\t<\/div>\n\t\t<\/div>\n\t\t\t\t\t<\/div>\n\t\t<\/section>\n\t\t\t\t<section class=\"elementor-section elementor-top-section elementor-element elementor-element-60d432d7 elementor-section-boxed elementor-section-height-default elementor-section-height-default\" data-id=\"60d432d7\" data-element_type=\"section\" data-e-type=\"section\">\n\t\t\t\t\t\t<div class=\"elementor-container elementor-column-gap-wide\">\n\t\t\t\t\t<div class=\"elementor-column elementor-col-50 elementor-top-column elementor-element elementor-element-5d5c3194\" data-id=\"5d5c3194\" data-element_type=\"column\" data-e-type=\"column\">\n\t\t\t<div class=\"elementor-widget-wrap elementor-element-populated\">\n\t\t\t\t\t\t<div class=\"elementor-element elementor-element-24b3a283 elementor-view-default elementor-position-block-start elementor-mobile-position-block-start elementor-widget elementor-widget-icon-box\" data-id=\"24b3a283\" data-element_type=\"widget\" data-e-type=\"widget\" data-widget_type=\"icon-box.default\">\n\t\t\t\t<div class=\"elementor-widget-container\">\n\t\t\t\t\t\t\t<div class=\"elementor-icon-box-wrapper\">\n\n\t\t\t\t\t\t<div class=\"elementor-icon-box-icon\">\n\t\t\t\t<span  class=\"elementor-icon\">\n\t\t\t\t<i aria-hidden=\"true\" class=\"fas fa-compact-disc\"><\/i>\t\t\t\t<\/span>\n\t\t\t<\/div>\n\t\t\t\n\t\t\t\t\t\t<div class=\"elementor-icon-box-content\">\n\n\t\t\t\t\t\t\t\t\t<h2 class=\"elementor-icon-box-title\">\n\t\t\t\t\t\t<span  >\n\t\t\t\t\t\t\tJove Banda Simf\u00f2nica de la FSMCV \/ Temporades 2008-2009 (40 aniversari)\t\t\t\t\t\t<\/span>\n\t\t\t\t\t<\/h2>\n\t\t\t\t\n\t\t\t\t\t\t\t\t\t<p class=\"elementor-icon-box-description\">\n\t\t\t\t\t\t\n\n\t\t\t\t\t<\/p>\n\t\t\t\t\n\t\t\t<\/div>\n\t\t\t\n\t\t<\/div>\n\t\t\t\t\t\t<\/div>\n\t\t\t\t<\/div>\n\t\t\t\t<div class=\"elementor-element elementor-element-4bd03195 elementor-widget elementor-widget-image\" data-id=\"4bd03195\" data-element_type=\"widget\" data-e-type=\"widget\" data-widget_type=\"image.default\">\n\t\t\t\t<div class=\"elementor-widget-container\">\n\t\t\t\t\t\t\t\t\t\t\t\t\t\t\t<img fetchpriority=\"high\" decoding=\"async\" width=\"500\" height=\"500\" src=\"https:\/\/fsmcv.org\/wp-content\/uploads\/2020\/10\/portada-2008-2009.jpg\" class=\"attachment-full size-full wp-image-20115\" alt=\"Portada CD 8 Jove Banda Simf\u00f2nica de la FSMCV \/ Temporades 2008-2009 40 aniversari\" srcset=\"https:\/\/fsmcv.org\/wp-content\/uploads\/2020\/10\/portada-2008-2009.jpg 500w, https:\/\/fsmcv.org\/wp-content\/uploads\/2020\/10\/portada-2008-2009-300x300.jpg 300w, https:\/\/fsmcv.org\/wp-content\/uploads\/2020\/10\/portada-2008-2009-100x100.jpg 100w\" sizes=\"(max-width: 500px) 100vw, 500px\" title=\"\">\t\t\t\t\t\t\t\t\t\t\t\t\t\t\t<\/div>\n\t\t\t\t<\/div>\n\t\t\t\t<div class=\"elementor-element elementor-element-5ee66151 elementor-align-center elementor-widget elementor-widget-button\" data-id=\"5ee66151\" data-element_type=\"widget\" data-e-type=\"widget\" data-widget_type=\"button.default\">\n\t\t\t\t<div class=\"elementor-widget-container\">\n\t\t\t\t\t\t\t\t\t<div class=\"elementor-button-wrapper\">\n\t\t\t\t\t<a class=\"elementor-button elementor-button-link elementor-size-md\" href=\"https:\/\/fsmcv.org\/vl\/tenda\/discos\/jove-banda-simfonica-de-la-fsmcv\/cd-jove-banda-simfonica-de-la-fsmcv-temporada-2008-2009\/\">\n\t\t\t\t\t\t<span class=\"elementor-button-content-wrapper\">\n\t\t\t\t\t\t<span class=\"elementor-button-icon\">\n\t\t\t\t<i aria-hidden=\"true\" class=\"fas fa-arrow-right\"><\/i>\t\t\t<\/span>\n\t\t\t\t\t\t\t\t\t<span class=\"elementor-button-text\">Compra<\/span>\n\t\t\t\t\t<\/span>\n\t\t\t\t\t<\/a>\n\t\t\t\t<\/div>\n\t\t\t\t\t\t\t\t<\/div>\n\t\t\t\t<\/div>\n\t\t\t\t\t<\/div>\n\t\t<\/div>\n\t\t\t\t<div class=\"elementor-column elementor-col-50 elementor-top-column elementor-element elementor-element-6f6ed6a1\" data-id=\"6f6ed6a1\" data-element_type=\"column\" data-e-type=\"column\">\n\t\t\t<div class=\"elementor-widget-wrap elementor-element-populated\">\n\t\t\t\t\t\t<div class=\"elementor-element elementor-element-87555ca elementor-widget elementor-widget-text-editor\" data-id=\"87555ca\" data-element_type=\"widget\" data-e-type=\"widget\" data-widget_type=\"text-editor.default\">\n\t\t\t\t<div class=\"elementor-widget-container\">\n\t\t\t\t\t\t\t\t\t<p><strong>Director:<\/strong> Teo Aparicio Barber\u00e1n.<\/p>\n<p><strong>DISC 1<\/strong><\/p>\n<p>1. Batalla Imperial de Joan B. Cabanilles<br \/>2. Piet\u00e4sinn de Joan Enric Canet Todol\u00ed<br \/>3. Semblances de la meua terra de Luis Blanes Arques<br \/>4. Memorias de un hombre de ciudad de Luis Serrano Alarc\u00f3n<br \/>5. Marcha de celebraci\u00f3n (de Cue Sheets) de Teo Aparicio Barber\u00e1n<br \/>6. Suspiros del Serpis (pasodoble) de Jos\u00e9 Carbonell Garc\u00eda<\/p>\n<p><strong>DISC 2<\/strong><\/p>\n<p>1. Escenas levantinas de Gonzalo Barrachina<\/p>\n<p>I. Vall de Velles<br \/>II. En la Romeria<br \/>III. Cant del Batre<br \/>IV. Danses<\/p>\n<p>2. Homenaje a Joaqu\u00edn Sorolla de Bernardo A. Ferrero<\/p>\n<p>I. El crit del palleter<br \/>II. Pescadoras valencianas<br \/>III. Sol de la tarde<br \/>IV. Las grupas<\/p>\n<p>3. A Bandolero Story de Teo Aparicio Barber\u00e1n<br \/>4. Saxum de Rafael Mullor Grau<br \/>5. Rollo y Ca\u00f1a (pasodoble) de Jos\u00e9 Mar\u00eda Garc\u00eda<\/p>\n<p><span style=\"font-weight: bolder;\">Escolta aquest CD en Spotify! <\/span><\/p>\n<p><iframe title=\"Spotify Embed: Banda Simf\u00f2nica de la FSMCV 40 Aniversari Recopilaci\u00f3 2008-2009 (En Directo)\" width=\"100%\" height=\"380\" frameborder=\"0\" allowfullscreen allow=\"autoplay; clipboard-write; encrypted-media; fullscreen; picture-in-picture\" src=\"https:\/\/open.spotify.com\/embed\/album\/08J9bpGKm2KfGE5XErP11n?si=uuS_hD2dR86C_H2yyYpFaw&dl_branch=1&utm_source=oembed\"><\/iframe><\/p>\n\t\t\t\t\t\t\t\t<\/div>\n\t\t\t\t<\/div>\n\t\t\t\t\t<\/div>\n\t\t<\/div>\n\t\t\t\t\t<\/div>\n\t\t<\/section>\n\t\t\t\t<\/div>\n\t\t","protected":false},"excerpt":{"rendered":"<p>Compra Director: Teo Aparicio Barber\u00e1n. DISC 1 1. Batalla Imperial de Joan B. Cabanilles2. Piet\u00e4sinn de Joan Enric Canet Todol\u00ed3. Semblances de la meua terra de Luis Blanes Arques4. Memorias de un hombre de ciudad de Luis Serrano Alarc\u00f3n5. Marcha de celebraci\u00f3n (de Cue Sheets) de Teo Aparicio Barber\u00e1n6. Suspiros del Serpis (pasodoble) de Jos\u00e9 [&hellip;]<\/p>\n","protected":false},"author":1,"featured_media":20115,"parent":20683,"menu_order":8,"comment_status":"closed","ping_status":"closed","template":"elementor_header_footer","meta":{"footnotes":""},"class_list":["post-20578","page","type-page","status-publish","has-post-thumbnail","hentry"],"_links":{"self":[{"href":"https:\/\/fsmcv.org\/vl\/wp-json\/wp\/v2\/pages\/20578","targetHints":{"allow":["GET"]}}],"collection":[{"href":"https:\/\/fsmcv.org\/vl\/wp-json\/wp\/v2\/pages"}],"about":[{"href":"https:\/\/fsmcv.org\/vl\/wp-json\/wp\/v2\/types\/page"}],"author":[{"embeddable":true,"href":"https:\/\/fsmcv.org\/vl\/wp-json\/wp\/v2\/users\/1"}],"replies":[{"embeddable":true,"href":"https:\/\/fsmcv.org\/vl\/wp-json\/wp\/v2\/comments?post=20578"}],"version-history":[{"count":0,"href":"https:\/\/fsmcv.org\/vl\/wp-json\/wp\/v2\/pages\/20578\/revisions"}],"up":[{"embeddable":true,"href":"https:\/\/fsmcv.org\/vl\/wp-json\/wp\/v2\/pages\/20683"}],"wp:featuredmedia":[{"embeddable":true,"href":"https:\/\/fsmcv.org\/vl\/wp-json\/wp\/v2\/media\/20115"}],"wp:attachment":[{"href":"https:\/\/fsmcv.org\/vl\/wp-json\/wp\/v2\/media?parent=20578"}],"curies":[{"name":"wp","href":"https:\/\/api.w.org\/{rel}","templated":true}]}}