{"id":20597,"date":"2020-10-05T07:13:28","date_gmt":"2020-10-05T05:13:28","guid":{"rendered":"https:\/\/fsmcv.org\/cd-12-jove-banda-simfonica-de-la-fsmcv-temporada-2012\/"},"modified":"2023-07-18T17:26:48","modified_gmt":"2023-07-18T15:26:48","slug":"cd-12-jove-banda-simfonica-de-la-fsmcv-temporada-2012","status":"publish","type":"page","link":"https:\/\/fsmcv.org\/vl\/segell-discografic\/cd-12-jove-banda-simfonica-de-la-fsmcv-temporada-2012\/","title":{"rendered":"Jove Banda Simf\u00f2nica de la FSMCV \/ Temporada 2012"},"content":{"rendered":"\t\t<div data-elementor-type=\"wp-page\" data-elementor-id=\"20597\" class=\"elementor elementor-20597 elementor-20489\" data-elementor-post-type=\"page\">\n\t\t\t\t\t\t<section class=\"elementor-section elementor-top-section elementor-element elementor-element-6be14604 elementor-section-boxed elementor-section-height-default elementor-section-height-default\" data-id=\"6be14604\" data-element_type=\"section\" data-e-type=\"section\">\n\t\t\t\t\t\t\t<div class=\"elementor-background-overlay\"><\/div>\n\t\t\t\t\t\t\t<div class=\"elementor-container elementor-column-gap-default\">\n\t\t\t\t\t<div class=\"elementor-column elementor-col-100 elementor-top-column elementor-element elementor-element-4ddaebfc\" data-id=\"4ddaebfc\" data-element_type=\"column\" data-e-type=\"column\">\n\t\t\t<div class=\"elementor-widget-wrap elementor-element-populated\">\n\t\t\t\t\t\t<div class=\"elementor-element elementor-element-16661bb3 elementor-widget elementor-widget-heading\" data-id=\"16661bb3\" data-element_type=\"widget\" data-e-type=\"widget\" data-widget_type=\"heading.default\">\n\t\t\t\t<div class=\"elementor-widget-container\">\n\t\t\t\t\t<h1 class=\"elementor-heading-title elementor-size-default\">Jove Banda Simf\u00f2nica de la FSMCV \/ Temporada 2012<\/h1>\t\t\t\t<\/div>\n\t\t\t\t<\/div>\n\t\t\t\t\t<\/div>\n\t\t<\/div>\n\t\t\t\t\t<\/div>\n\t\t<\/section>\n\t\t\t\t<section class=\"elementor-section elementor-top-section elementor-element elementor-element-2558f640 elementor-section-boxed elementor-section-height-default elementor-section-height-default\" data-id=\"2558f640\" data-element_type=\"section\" data-e-type=\"section\">\n\t\t\t\t\t\t<div class=\"elementor-container elementor-column-gap-wide\">\n\t\t\t\t\t<div class=\"elementor-column elementor-col-50 elementor-top-column elementor-element elementor-element-74272bb2\" data-id=\"74272bb2\" data-element_type=\"column\" data-e-type=\"column\">\n\t\t\t<div class=\"elementor-widget-wrap elementor-element-populated\">\n\t\t\t\t\t\t<div class=\"elementor-element elementor-element-6fcce888 elementor-view-default elementor-position-block-start elementor-mobile-position-block-start elementor-widget elementor-widget-icon-box\" data-id=\"6fcce888\" data-element_type=\"widget\" data-e-type=\"widget\" data-widget_type=\"icon-box.default\">\n\t\t\t\t<div class=\"elementor-widget-container\">\n\t\t\t\t\t\t\t<div class=\"elementor-icon-box-wrapper\">\n\n\t\t\t\t\t\t<div class=\"elementor-icon-box-icon\">\n\t\t\t\t<span  class=\"elementor-icon\">\n\t\t\t\t<i aria-hidden=\"true\" class=\"fas fa-compact-disc\"><\/i>\t\t\t\t<\/span>\n\t\t\t<\/div>\n\t\t\t\n\t\t\t\t\t\t<div class=\"elementor-icon-box-content\">\n\n\t\t\t\t\t\t\t\t\t<h2 class=\"elementor-icon-box-title\">\n\t\t\t\t\t\t<span  >\n\t\t\t\t\t\t\tJove Banda Simf\u00f2nica de la FSMCV \/ Temporada 2012\t\t\t\t\t\t<\/span>\n\t\t\t\t\t<\/h2>\n\t\t\t\t\n\t\t\t\t\t\t\t\t\t<p class=\"elementor-icon-box-description\">\n\t\t\t\t\t\t\n\n\t\t\t\t\t<\/p>\n\t\t\t\t\n\t\t\t<\/div>\n\t\t\t\n\t\t<\/div>\n\t\t\t\t\t\t<\/div>\n\t\t\t\t<\/div>\n\t\t\t\t<div class=\"elementor-element elementor-element-2f94ecaa elementor-widget elementor-widget-image\" data-id=\"2f94ecaa\" data-element_type=\"widget\" data-e-type=\"widget\" data-widget_type=\"image.default\">\n\t\t\t\t<div class=\"elementor-widget-container\">\n\t\t\t\t\t\t\t\t\t\t\t\t\t\t\t<img fetchpriority=\"high\" decoding=\"async\" width=\"500\" height=\"500\" src=\"https:\/\/fsmcv.org\/wp-content\/uploads\/2020\/10\/portadaCD2012.jpg\" class=\"attachment-full size-full wp-image-20107\" alt=\"Portada CD 12 Jove Banda Simf\u00f2nica de la FSMCV \/ Temporada 2012\" srcset=\"https:\/\/fsmcv.org\/wp-content\/uploads\/2020\/10\/portadaCD2012.jpg 500w, https:\/\/fsmcv.org\/wp-content\/uploads\/2020\/10\/portadaCD2012-300x300.jpg 300w, https:\/\/fsmcv.org\/wp-content\/uploads\/2020\/10\/portadaCD2012-100x100.jpg 100w\" sizes=\"(max-width: 500px) 100vw, 500px\" title=\"\">\t\t\t\t\t\t\t\t\t\t\t\t\t\t\t<\/div>\n\t\t\t\t<\/div>\n\t\t\t\t<div class=\"elementor-element elementor-element-16b58504 elementor-align-center elementor-widget elementor-widget-button\" data-id=\"16b58504\" data-element_type=\"widget\" data-e-type=\"widget\" data-widget_type=\"button.default\">\n\t\t\t\t<div class=\"elementor-widget-container\">\n\t\t\t\t\t\t\t\t\t<div class=\"elementor-button-wrapper\">\n\t\t\t\t\t<a class=\"elementor-button elementor-button-link elementor-size-md\" href=\"https:\/\/fsmcv.org\/vl\/tenda\/discos\/jove-banda-simfonica-de-la-fsmcv\/cd-jove-banda-simfonica-de-la-fsmcv-temporada-2012\/\">\n\t\t\t\t\t\t<span class=\"elementor-button-content-wrapper\">\n\t\t\t\t\t\t<span class=\"elementor-button-icon\">\n\t\t\t\t<i aria-hidden=\"true\" class=\"fas fa-arrow-right\"><\/i>\t\t\t<\/span>\n\t\t\t\t\t\t\t\t\t<span class=\"elementor-button-text\">Compra<\/span>\n\t\t\t\t\t<\/span>\n\t\t\t\t\t<\/a>\n\t\t\t\t<\/div>\n\t\t\t\t\t\t\t\t<\/div>\n\t\t\t\t<\/div>\n\t\t\t\t\t<\/div>\n\t\t<\/div>\n\t\t\t\t<div class=\"elementor-column elementor-col-50 elementor-top-column elementor-element elementor-element-1770bf6f\" data-id=\"1770bf6f\" data-element_type=\"column\" data-e-type=\"column\">\n\t\t\t<div class=\"elementor-widget-wrap elementor-element-populated\">\n\t\t\t\t\t\t<div class=\"elementor-element elementor-element-7756ca6d elementor-widget elementor-widget-text-editor\" data-id=\"7756ca6d\" data-element_type=\"widget\" data-e-type=\"widget\" data-widget_type=\"text-editor.default\">\n\t\t\t\t<div class=\"elementor-widget-container\">\n\t\t\t\t\t\t\t\t\t<p><strong>Director:<\/strong> Francesc Xavier Mart\u00ednez Mart\u00ednez<\/p>\n<p><strong>Director invitado:<\/strong> Joan Garc\u00e9s Queralt.<\/p>\n<p><strong>CD I<\/strong><\/p>\n<p>1. A Navajas (pasodoble de concierto) de Salvador Chuli\u00e1<br>2. El agua prodigiosa de Mart\u00ednez Gallego<br>3. El gaudir del geni (Simfonia n\u00ba3) de Ferrer Ferran<\/p>\n<p>I. Gaud\u00ed<br>II. La Sagrada Familia<\/p>\n<p>4. Santos, poetas y guerreros (Marxa cristiana-Poema) de Enrique Igual Blasco Francesc<\/p>\n<p><strong>CD II<\/strong><\/p>\n<p>1. Andante Cantabile (Del Cuarteto en Re) de P. I. Chaikovsky<br>2. Una hoja de \u00e1lbum de Richard Wagner<br>3. R\u00e9verie de Robert Schumann<br>4. La muerte de Ase (De la suite Peer Gynt) de Edvard Grieg<\/p>\n<p><strong>\u00a1Escolta aquest CD en Spotify!&nbsp;<\/strong><\/p>\n<p><iframe title=\"Spotify Embed: Jove Banda Simf\u00f2nica de la Federaci\u00f3 de Societats Musicals de la Comunitat Valenciana Temporada 2012 (En Directo)\" width=\"100%\" height=\"380\" frameborder=\"0\" allowfullscreen allow=\"autoplay; clipboard-write; encrypted-media; fullscreen; picture-in-picture\" src=\"https:\/\/open.spotify.com\/embed\/album\/5uAynVrrpxBzgx0TrNGwIu?si=sdpZkDKBRm67DLzen9XxSg&dl_branch=1&utm_source=oembed\"><\/iframe><\/p>\t\t\t\t\t\t\t\t<\/div>\n\t\t\t\t<\/div>\n\t\t\t\t\t<\/div>\n\t\t<\/div>\n\t\t\t\t\t<\/div>\n\t\t<\/section>\n\t\t\t\t<\/div>\n\t\t","protected":false},"excerpt":{"rendered":"<p>Compra Director: Francesc Xavier Mart\u00ednez Mart\u00ednez Director invitado: Joan Garc\u00e9s Queralt. CD I 1. A Navajas (pasodoble de concierto) de Salvador Chuli\u00e12. El agua prodigiosa de Mart\u00ednez Gallego3. El gaudir del geni (Simfonia n\u00ba3) de Ferrer Ferran I. Gaud\u00edII. La Sagrada Familia 4. Santos, poetas y guerreros (Marxa cristiana-Poema) de Enrique Igual Blasco Francesc CD [&hellip;]<\/p>\n","protected":false},"author":1,"featured_media":20107,"parent":20683,"menu_order":12,"comment_status":"closed","ping_status":"closed","template":"elementor_header_footer","meta":{"footnotes":""},"class_list":["post-20597","page","type-page","status-publish","has-post-thumbnail","hentry"],"_links":{"self":[{"href":"https:\/\/fsmcv.org\/vl\/wp-json\/wp\/v2\/pages\/20597","targetHints":{"allow":["GET"]}}],"collection":[{"href":"https:\/\/fsmcv.org\/vl\/wp-json\/wp\/v2\/pages"}],"about":[{"href":"https:\/\/fsmcv.org\/vl\/wp-json\/wp\/v2\/types\/page"}],"author":[{"embeddable":true,"href":"https:\/\/fsmcv.org\/vl\/wp-json\/wp\/v2\/users\/1"}],"replies":[{"embeddable":true,"href":"https:\/\/fsmcv.org\/vl\/wp-json\/wp\/v2\/comments?post=20597"}],"version-history":[{"count":0,"href":"https:\/\/fsmcv.org\/vl\/wp-json\/wp\/v2\/pages\/20597\/revisions"}],"up":[{"embeddable":true,"href":"https:\/\/fsmcv.org\/vl\/wp-json\/wp\/v2\/pages\/20683"}],"wp:featuredmedia":[{"embeddable":true,"href":"https:\/\/fsmcv.org\/vl\/wp-json\/wp\/v2\/media\/20107"}],"wp:attachment":[{"href":"https:\/\/fsmcv.org\/vl\/wp-json\/wp\/v2\/media?parent=20597"}],"curies":[{"name":"wp","href":"https:\/\/api.w.org\/{rel}","templated":true}]}}