{"id":20606,"date":"2020-10-05T07:05:28","date_gmt":"2020-10-05T05:05:28","guid":{"rendered":"https:\/\/fsmcv.org\/cd-1-musica-a-la-llum-musica-programatica\/"},"modified":"2023-11-30T09:32:04","modified_gmt":"2023-11-30T08:32:04","slug":"cd-1-musica-a-la-llum-musica-programatica","status":"publish","type":"page","link":"https:\/\/fsmcv.org\/vl\/segell-discografic\/col%c2%b7leccio-musica-a-la-llum\/cd-1-musica-a-la-llum-musica-programatica\/","title":{"rendered":"CD 1 M\u00fasica a la llum: \u00abM\u00fasica program\u00e0tica\u00bb"},"content":{"rendered":"\t\t<div data-elementor-type=\"wp-page\" data-elementor-id=\"20606\" class=\"elementor elementor-20606 elementor-20478\" data-elementor-post-type=\"page\">\n\t\t\t\t\t\t<section class=\"elementor-section elementor-top-section elementor-element elementor-element-47526262 elementor-section-boxed elementor-section-height-default elementor-section-height-default\" data-id=\"47526262\" data-element_type=\"section\" data-e-type=\"section\">\n\t\t\t\t\t\t\t<div class=\"elementor-background-overlay\"><\/div>\n\t\t\t\t\t\t\t<div class=\"elementor-container elementor-column-gap-default\">\n\t\t\t\t\t<div class=\"elementor-column elementor-col-100 elementor-top-column elementor-element elementor-element-4e9846b0\" data-id=\"4e9846b0\" data-element_type=\"column\" data-e-type=\"column\">\n\t\t\t<div class=\"elementor-widget-wrap elementor-element-populated\">\n\t\t\t\t\t\t<div class=\"elementor-element elementor-element-4557b419 elementor-widget elementor-widget-heading\" data-id=\"4557b419\" data-element_type=\"widget\" data-e-type=\"widget\" data-widget_type=\"heading.default\">\n\t\t\t\t<div class=\"elementor-widget-container\">\n\t\t\t\t\t<h1 class=\"elementor-heading-title elementor-size-default\">CD 1 M\u00fasica a la llum: \u00abM\u00fasica program\u00e0tica\u00bb<\/h1>\t\t\t\t<\/div>\n\t\t\t\t<\/div>\n\t\t\t\t\t<\/div>\n\t\t<\/div>\n\t\t\t\t\t<\/div>\n\t\t<\/section>\n\t\t\t\t<section class=\"elementor-section elementor-top-section elementor-element elementor-element-2699be59 elementor-section-boxed elementor-section-height-default elementor-section-height-default\" data-id=\"2699be59\" data-element_type=\"section\" data-e-type=\"section\">\n\t\t\t\t\t\t<div class=\"elementor-container elementor-column-gap-wide\">\n\t\t\t\t\t<div class=\"elementor-column elementor-col-50 elementor-top-column elementor-element elementor-element-2e9ef574\" data-id=\"2e9ef574\" data-element_type=\"column\" data-e-type=\"column\">\n\t\t\t<div class=\"elementor-widget-wrap elementor-element-populated\">\n\t\t\t\t\t\t<div class=\"elementor-element elementor-element-6b101faa elementor-view-default elementor-position-block-start elementor-mobile-position-block-start elementor-widget elementor-widget-icon-box\" data-id=\"6b101faa\" data-element_type=\"widget\" data-e-type=\"widget\" data-widget_type=\"icon-box.default\">\n\t\t\t\t<div class=\"elementor-widget-container\">\n\t\t\t\t\t\t\t<div class=\"elementor-icon-box-wrapper\">\n\n\t\t\t\t\t\t<div class=\"elementor-icon-box-icon\">\n\t\t\t\t<span  class=\"elementor-icon\">\n\t\t\t\t<i aria-hidden=\"true\" class=\"fas fa-compact-disc\"><\/i>\t\t\t\t<\/span>\n\t\t\t<\/div>\n\t\t\t\n\t\t\t\t\t\t<div class=\"elementor-icon-box-content\">\n\n\t\t\t\t\t\t\t\t\t<h2 class=\"elementor-icon-box-title\">\n\t\t\t\t\t\t<span  >\n\t\t\t\t\t\t\tCD 1 M\u00fasica a la llum: \u00abM\u00fasica program\u00e0tica\u00bb\t\t\t\t\t\t<\/span>\n\t\t\t\t\t<\/h2>\n\t\t\t\t\n\t\t\t\t\t\t\t\t\t<p class=\"elementor-icon-box-description\">\n\t\t\t\t\t\t\n\n\t\t\t\t\t<\/p>\n\t\t\t\t\n\t\t\t<\/div>\n\t\t\t\n\t\t<\/div>\n\t\t\t\t\t\t<\/div>\n\t\t\t\t<\/div>\n\t\t\t\t<div class=\"elementor-element elementor-element-4be7f616 elementor-widget elementor-widget-image\" data-id=\"4be7f616\" data-element_type=\"widget\" data-e-type=\"widget\" data-widget_type=\"image.default\">\n\t\t\t\t<div class=\"elementor-widget-container\">\n\t\t\t\t\t\t\t\t\t\t\t\t\t\t\t<img fetchpriority=\"high\" decoding=\"async\" width=\"500\" height=\"500\" src=\"https:\/\/fsmcv.org\/wp-content\/uploads\/2020\/10\/cd_musicaalallum-musica-programatica.jpg\" class=\"attachment-full size-full wp-image-20103\" alt=\"Portada CD 1 M\u00fasica a la llum: \u00abM\u00fasica program\u00e0tica\u00bb\" srcset=\"https:\/\/fsmcv.org\/wp-content\/uploads\/2020\/10\/cd_musicaalallum-musica-programatica.jpg 500w, https:\/\/fsmcv.org\/wp-content\/uploads\/2020\/10\/cd_musicaalallum-musica-programatica-300x300.jpg 300w, https:\/\/fsmcv.org\/wp-content\/uploads\/2020\/10\/cd_musicaalallum-musica-programatica-100x100.jpg 100w\" sizes=\"(max-width: 500px) 100vw, 500px\" title=\"\">\t\t\t\t\t\t\t\t\t\t\t\t\t\t\t<\/div>\n\t\t\t\t<\/div>\n\t\t\t\t<div class=\"elementor-element elementor-element-7fa925ce elementor-align-center elementor-widget elementor-widget-button\" data-id=\"7fa925ce\" data-element_type=\"widget\" data-e-type=\"widget\" data-widget_type=\"button.default\">\n\t\t\t\t<div class=\"elementor-widget-container\">\n\t\t\t\t\t\t\t\t\t<div class=\"elementor-button-wrapper\">\n\t\t\t\t\t<a class=\"elementor-button elementor-button-link elementor-size-md\" href=\"https:\/\/www.llig.gva.es\/es\/479511-102526.html?search_query=salvador+giner&#038;results=54\" target=\"_blank\" rel=\"noopener\">\n\t\t\t\t\t\t<span class=\"elementor-button-content-wrapper\">\n\t\t\t\t\t\t<span class=\"elementor-button-icon\">\n\t\t\t\t<i aria-hidden=\"true\" class=\"fas fa-arrow-right\"><\/i>\t\t\t<\/span>\n\t\t\t\t\t\t\t\t\t<span class=\"elementor-button-text\">Comprar \"M\u00fasica Program\u00e0tica\"<\/span>\n\t\t\t\t\t<\/span>\n\t\t\t\t\t<\/a>\n\t\t\t\t<\/div>\n\t\t\t\t\t\t\t\t<\/div>\n\t\t\t\t<\/div>\n\t\t\t\t\t<\/div>\n\t\t<\/div>\n\t\t\t\t<div class=\"elementor-column elementor-col-50 elementor-top-column elementor-element elementor-element-145f5e0f\" data-id=\"145f5e0f\" data-element_type=\"column\" data-e-type=\"column\">\n\t\t\t<div class=\"elementor-widget-wrap elementor-element-populated\">\n\t\t\t\t\t\t<div class=\"elementor-element elementor-element-339b12b7 elementor-widget elementor-widget-text-editor\" data-id=\"339b12b7\" data-element_type=\"widget\" data-e-type=\"widget\" data-widget_type=\"text-editor.default\">\n\t\t\t\t<div class=\"elementor-widget-container\">\n\t\t\t\t\t\t\t\t\t<p><strong>Director:<\/strong> Pablo Marqu\u00e9s.<\/p>\n<p><strong>Obres<\/strong><\/p>\n<p>\u2013 Correguda de joies, Salvador Giner<br \/>\u2013 D\u00eda de Pascua en Catarroja, Jos\u00e9 Manuel Izquierdo<br \/>\u2013 Fantas\u00eda Morisca, Ruperto Chap\u00ed<\/p>\n<p><strong>Autor corporatiu<\/strong><br \/>Jove Banda Simf\u00f2nica de la Federaci\u00f3 de Societats Musicals de la Comunitat Valenciana.<\/p>\n<p><strong>Int\u00e8rprets<\/strong><br \/>Jove Banda Simf\u00f2nica de la Federaci\u00f3 de Societats Musicals de la Comunitat Valenciana. Director: Pablo Marqu\u00e9s.<\/p>\n<p><strong>Dep\u00f2sit legal<\/strong><br \/>V-745\/2017<\/p>\n<p><strong>Descripci\u00f3 f\u00edsica<\/strong><br \/>1 CD + 1 fullet (8 p.)<\/p>\n<p><strong>Publicaci\u00f3<\/strong><br \/>Val\u00e8ncia: Institut Valenci\u00e0 de Cultura-Generalitat Valenciana<\/p>\n<p><strong>Nota de contingut<\/strong><\/p>\n<p>El programa M\u00fasica a la Llum, patrocinat per Bankia i organitzat per l&#8217;Institut Valenci\u00e0 de Cultura-Generalitat Valenciana i la Federaci\u00f3 de Societats Musicals de la Comunitat Valenciana, sorgeix per a col\u00b7laborar amb les Societats Musicals en la conservaci\u00f3, posada en valor i difusi\u00f3 de l&#8217;espl\u00e8ndid patrimoni cultural custodiat en els seus arxius. Aquest \u00e9s el primer CD de la col\u00b7lecci\u00f3.<\/p>\n<p><strong>\u00a1Escolta aquest CD en Spotify!<\/strong><\/p>\n<p><iframe title=\"Spotify Embed: M\u00fasica Program\u00e0tica\" style=\"border-radius: 12px\" width=\"100%\" height=\"352\" frameborder=\"0\" allowfullscreen allow=\"autoplay; clipboard-write; encrypted-media; fullscreen; picture-in-picture\" loading=\"lazy\" src=\"https:\/\/open.spotify.com\/embed\/album\/4IT0OOnf2LHaIsUng5oM4A?utm_source=oembed\"><\/iframe><\/p>\n\t\t\t\t\t\t\t\t<\/div>\n\t\t\t\t<\/div>\n\t\t\t\t\t<\/div>\n\t\t<\/div>\n\t\t\t\t\t<\/div>\n\t\t<\/section>\n\t\t\t\t<\/div>\n\t\t","protected":false},"excerpt":{"rendered":"<p>Comprar &#8220;M\u00fasica Program\u00e0tica&#8221; Director: Pablo Marqu\u00e9s. Obres \u2013 Correguda de joies, Salvador Giner\u2013 D\u00eda de Pascua en Catarroja, Jos\u00e9 Manuel Izquierdo\u2013 Fantas\u00eda Morisca, Ruperto Chap\u00ed Autor corporatiuJove Banda Simf\u00f2nica de la Federaci\u00f3 de Societats Musicals de la Comunitat Valenciana. Int\u00e8rpretsJove Banda Simf\u00f2nica de la Federaci\u00f3 de Societats Musicals de la Comunitat Valenciana. Director: Pablo Marqu\u00e9s. [&hellip;]<\/p>\n","protected":false},"author":1,"featured_media":20103,"parent":44341,"menu_order":1,"comment_status":"closed","ping_status":"closed","template":"elementor_header_footer","meta":{"footnotes":""},"class_list":["post-20606","page","type-page","status-publish","has-post-thumbnail","hentry"],"_links":{"self":[{"href":"https:\/\/fsmcv.org\/vl\/wp-json\/wp\/v2\/pages\/20606","targetHints":{"allow":["GET"]}}],"collection":[{"href":"https:\/\/fsmcv.org\/vl\/wp-json\/wp\/v2\/pages"}],"about":[{"href":"https:\/\/fsmcv.org\/vl\/wp-json\/wp\/v2\/types\/page"}],"author":[{"embeddable":true,"href":"https:\/\/fsmcv.org\/vl\/wp-json\/wp\/v2\/users\/1"}],"replies":[{"embeddable":true,"href":"https:\/\/fsmcv.org\/vl\/wp-json\/wp\/v2\/comments?post=20606"}],"version-history":[{"count":2,"href":"https:\/\/fsmcv.org\/vl\/wp-json\/wp\/v2\/pages\/20606\/revisions"}],"predecessor-version":[{"id":70250,"href":"https:\/\/fsmcv.org\/vl\/wp-json\/wp\/v2\/pages\/20606\/revisions\/70250"}],"up":[{"embeddable":true,"href":"https:\/\/fsmcv.org\/vl\/wp-json\/wp\/v2\/pages\/44341"}],"wp:featuredmedia":[{"embeddable":true,"href":"https:\/\/fsmcv.org\/vl\/wp-json\/wp\/v2\/media\/20103"}],"wp:attachment":[{"href":"https:\/\/fsmcv.org\/vl\/wp-json\/wp\/v2\/media?parent=20606"}],"curies":[{"name":"wp","href":"https:\/\/api.w.org\/{rel}","templated":true}]}}