{"id":20611,"date":"2020-10-05T06:59:27","date_gmt":"2020-10-05T04:59:27","guid":{"rendered":"https:\/\/fsmcv.org\/cd-2-musica-a-la-llum-entre-el-folklore-i-lopera\/"},"modified":"2023-11-30T09:32:53","modified_gmt":"2023-11-30T08:32:53","slug":"cd-2-musica-a-la-llum-entre-el-folklore-i-lopera","status":"publish","type":"page","link":"https:\/\/fsmcv.org\/vl\/segell-discografic\/col%c2%b7leccio-musica-a-la-llum\/cd-2-musica-a-la-llum-entre-el-folklore-i-lopera\/","title":{"rendered":"CD 2 M\u00fasica a la llum: \u00abEntre el folklore i l\u2019\u00f2pera\u00bb"},"content":{"rendered":"\t\t<div data-elementor-type=\"wp-page\" data-elementor-id=\"20611\" class=\"elementor elementor-20611 elementor-20472\" data-elementor-post-type=\"page\">\n\t\t\t\t\t\t<section class=\"elementor-section elementor-top-section elementor-element elementor-element-3e15bc94 elementor-section-boxed elementor-section-height-default elementor-section-height-default\" data-id=\"3e15bc94\" data-element_type=\"section\" data-e-type=\"section\">\n\t\t\t\t\t\t\t<div class=\"elementor-background-overlay\"><\/div>\n\t\t\t\t\t\t\t<div class=\"elementor-container elementor-column-gap-default\">\n\t\t\t\t\t<div class=\"elementor-column elementor-col-100 elementor-top-column elementor-element elementor-element-1610a517\" data-id=\"1610a517\" data-element_type=\"column\" data-e-type=\"column\">\n\t\t\t<div class=\"elementor-widget-wrap elementor-element-populated\">\n\t\t\t\t\t\t<div class=\"elementor-element elementor-element-30824ff9 elementor-widget elementor-widget-heading\" data-id=\"30824ff9\" data-element_type=\"widget\" data-e-type=\"widget\" data-widget_type=\"heading.default\">\n\t\t\t\t<div class=\"elementor-widget-container\">\n\t\t\t\t\t<h1 class=\"elementor-heading-title elementor-size-default\">CD 2 M\u00fasica a la llum: \u00abEntre el folklore i l\u2019\u00f2pera\u00bb<\/h1>\t\t\t\t<\/div>\n\t\t\t\t<\/div>\n\t\t\t\t\t<\/div>\n\t\t<\/div>\n\t\t\t\t\t<\/div>\n\t\t<\/section>\n\t\t\t\t<section class=\"elementor-section elementor-top-section elementor-element elementor-element-1b25e71c elementor-section-boxed elementor-section-height-default elementor-section-height-default\" data-id=\"1b25e71c\" data-element_type=\"section\" data-e-type=\"section\">\n\t\t\t\t\t\t<div class=\"elementor-container elementor-column-gap-wide\">\n\t\t\t\t\t<div class=\"elementor-column elementor-col-50 elementor-top-column elementor-element elementor-element-ab5e2b1\" data-id=\"ab5e2b1\" data-element_type=\"column\" data-e-type=\"column\">\n\t\t\t<div class=\"elementor-widget-wrap elementor-element-populated\">\n\t\t\t\t\t\t<div class=\"elementor-element elementor-element-6b9a87bf elementor-view-default elementor-position-block-start elementor-mobile-position-block-start elementor-widget elementor-widget-icon-box\" data-id=\"6b9a87bf\" data-element_type=\"widget\" data-e-type=\"widget\" data-widget_type=\"icon-box.default\">\n\t\t\t\t<div class=\"elementor-widget-container\">\n\t\t\t\t\t\t\t<div class=\"elementor-icon-box-wrapper\">\n\n\t\t\t\t\t\t<div class=\"elementor-icon-box-icon\">\n\t\t\t\t<span  class=\"elementor-icon\">\n\t\t\t\t<i aria-hidden=\"true\" class=\"fas fa-compact-disc\"><\/i>\t\t\t\t<\/span>\n\t\t\t<\/div>\n\t\t\t\n\t\t\t\t\t\t<div class=\"elementor-icon-box-content\">\n\n\t\t\t\t\t\t\t\t\t<h2 class=\"elementor-icon-box-title\">\n\t\t\t\t\t\t<span  >\n\t\t\t\t\t\t\tCD 2 M\u00fasica a la llum: \u00abEntre el folklore i l\u2019\u00f2pera\u00bb\t\t\t\t\t\t<\/span>\n\t\t\t\t\t<\/h2>\n\t\t\t\t\n\t\t\t\t\t\t\t\t\t<p class=\"elementor-icon-box-description\">\n\t\t\t\t\t\t\n\n\t\t\t\t\t<\/p>\n\t\t\t\t\n\t\t\t<\/div>\n\t\t\t\n\t\t<\/div>\n\t\t\t\t\t\t<\/div>\n\t\t\t\t<\/div>\n\t\t\t\t<div class=\"elementor-element elementor-element-7d2ce648 elementor-widget elementor-widget-image\" data-id=\"7d2ce648\" data-element_type=\"widget\" data-e-type=\"widget\" data-widget_type=\"image.default\">\n\t\t\t\t<div class=\"elementor-widget-container\">\n\t\t\t\t\t\t\t\t\t\t\t\t\t\t\t<img fetchpriority=\"high\" decoding=\"async\" width=\"500\" height=\"500\" src=\"https:\/\/fsmcv.org\/wp-content\/uploads\/2020\/10\/cd_musicaalallum_entre-folklore-opera.jpg\" class=\"attachment-full size-full wp-image-20101\" alt=\"Portada CD 2 M\u00fasica a la llum: \u00abEntre el folklore i l\u2019\u00f2pera\u00bb\" srcset=\"https:\/\/fsmcv.org\/wp-content\/uploads\/2020\/10\/cd_musicaalallum_entre-folklore-opera.jpg 500w, https:\/\/fsmcv.org\/wp-content\/uploads\/2020\/10\/cd_musicaalallum_entre-folklore-opera-300x300.jpg 300w, https:\/\/fsmcv.org\/wp-content\/uploads\/2020\/10\/cd_musicaalallum_entre-folklore-opera-100x100.jpg 100w\" sizes=\"(max-width: 500px) 100vw, 500px\" title=\"\">\t\t\t\t\t\t\t\t\t\t\t\t\t\t\t<\/div>\n\t\t\t\t<\/div>\n\t\t\t\t<div class=\"elementor-element elementor-element-4b135242 elementor-align-center elementor-widget elementor-widget-button\" data-id=\"4b135242\" data-element_type=\"widget\" data-e-type=\"widget\" data-widget_type=\"button.default\">\n\t\t\t\t<div class=\"elementor-widget-container\">\n\t\t\t\t\t\t\t\t\t<div class=\"elementor-button-wrapper\">\n\t\t\t\t\t<a class=\"elementor-button elementor-button-link elementor-size-md\" href=\"https:\/\/www.llig.gva.es\/es\/428271-009910.html\" target=\"_blank\" rel=\"noopener\">\n\t\t\t\t\t\t<span class=\"elementor-button-content-wrapper\">\n\t\t\t\t\t\t<span class=\"elementor-button-icon\">\n\t\t\t\t<i aria-hidden=\"true\" class=\"fas fa-arrow-right\"><\/i>\t\t\t<\/span>\n\t\t\t\t\t\t\t\t\t<span class=\"elementor-button-text\">Comprar \"Entre el Folklore i l\u2019\u00d2pera\u00bb<\/span>\n\t\t\t\t\t<\/span>\n\t\t\t\t\t<\/a>\n\t\t\t\t<\/div>\n\t\t\t\t\t\t\t\t<\/div>\n\t\t\t\t<\/div>\n\t\t\t\t\t<\/div>\n\t\t<\/div>\n\t\t\t\t<div class=\"elementor-column elementor-col-50 elementor-top-column elementor-element elementor-element-418d2fb0\" data-id=\"418d2fb0\" data-element_type=\"column\" data-e-type=\"column\">\n\t\t\t<div class=\"elementor-widget-wrap elementor-element-populated\">\n\t\t\t\t\t\t<div class=\"elementor-element elementor-element-5ae978e7 elementor-widget elementor-widget-text-editor\" data-id=\"5ae978e7\" data-element_type=\"widget\" data-e-type=\"widget\" data-widget_type=\"text-editor.default\">\n\t\t\t\t<div class=\"elementor-widget-container\">\n\t\t\t\t\t\t\t\t\t<p><strong>Director:<\/strong> Pere Vicalet.<\/p>\n<p><strong>Obres:<\/strong><\/p>\n<p>\u2013 Polonesa de Concierto, Jos\u00e9 Esp\u00ed Ulrich<br \/>\u2013 Rapsodia Valenciana, Eduardo L\u00f3pez-Chavarri<br \/>\u2013 La dans\u00e0 de X\u00e0tiva, Miquel Asensi Mart\u00edn<br \/>\u2013 Fantasia sobre el 2n i 3r moviments de l&#8217;\u00f2pera Aurora del Maestro Esp\u00ed, Julio Laporta Hell\u00edn<\/p>\n<p><strong>Autor corporatiu:<\/strong><br \/>Jove Banda Simf\u00f2nica de la Federaci\u00f3 de Societats Musicals de la Comunitat Valenciana.<\/p>\n<p><strong>Int\u00e8rprets:<\/strong><br \/>Jove Banda Simf\u00f2nica de la Federaci\u00f3 de Societats Musicals de la Comunitat Valenciana. Director: Pere Vicalet.<\/p>\n<p><strong>Dep\u00f2sit legal<\/strong><br \/>V-1303\/2018<\/p>\n<p><strong>Descripci\u00f3 f\u00edsica<\/strong><br \/>1 CD + 1 fullet (8 p.)<\/p>\n<p><strong>Publicaci\u00f3<\/strong><br \/>Val\u00e8ncia: Institut Valenci\u00e0 de Cultura-Generalitat Valenciana<\/p>\n<p><strong>Nota de contingut<\/strong><\/p>\n<p>El programa M\u00fasica a la Llum, patrocinat per Bankia i organitzat per l&#8217;Institut Valenci\u00e0 de Cultura-Generalitat Valenciana i la Federaci\u00f3 de Societats Musicals de la Comunitat Valenciana, sorgeix per a col\u00b7laborar amb les societats musicals en la conservaci\u00f3, posada en valor i difusi\u00f3 de l&#8217;espl\u00e8ndid patrimoni cultural custodiat en els seus arxius. Aquest \u00e9s el segon CD de la col\u00b7lecci\u00f3.<\/p>\n<p><strong>\u00a1Escolta aquest CD en Spotify!<\/strong><\/p>\n<p><iframe title=\"Spotify Embed: Entre el Folklore i L&amp;apos;\u00d2pera\" width=\"100%\" height=\"380\" frameborder=\"0\" allowfullscreen allow=\"autoplay; clipboard-write; encrypted-media; fullscreen; picture-in-picture\" src=\"https:\/\/open.spotify.com\/embed\/album\/0WgpYOm999mGjDJp5qgeqH?si=vLWiyxThS-ikP6FnQVT8gA&dl_branch=1&utm_source=oembed\"><\/iframe><\/p><\/p>\n\t\t\t\t\t\t\t\t<\/div>\n\t\t\t\t<\/div>\n\t\t\t\t\t<\/div>\n\t\t<\/div>\n\t\t\t\t\t<\/div>\n\t\t<\/section>\n\t\t\t\t<\/div>\n\t\t","protected":false},"excerpt":{"rendered":"<p>Comprar &#8220;Entre el Folklore i l\u2019\u00d2pera\u00bb Director: Pere Vicalet. Obres: \u2013 Polonesa de Concierto, Jos\u00e9 Esp\u00ed Ulrich\u2013 Rapsodia Valenciana, Eduardo L\u00f3pez-Chavarri\u2013 La dans\u00e0 de X\u00e0tiva, Miquel Asensi Mart\u00edn\u2013 Fantasia sobre el 2n i 3r moviments de l&#8217;\u00f2pera Aurora del Maestro Esp\u00ed, Julio Laporta Hell\u00edn Autor corporatiu:Jove Banda Simf\u00f2nica de la Federaci\u00f3 de Societats Musicals de [&hellip;]<\/p>\n","protected":false},"author":1,"featured_media":20101,"parent":44341,"menu_order":2,"comment_status":"closed","ping_status":"closed","template":"elementor_header_footer","meta":{"footnotes":""},"class_list":["post-20611","page","type-page","status-publish","has-post-thumbnail","hentry"],"_links":{"self":[{"href":"https:\/\/fsmcv.org\/vl\/wp-json\/wp\/v2\/pages\/20611","targetHints":{"allow":["GET"]}}],"collection":[{"href":"https:\/\/fsmcv.org\/vl\/wp-json\/wp\/v2\/pages"}],"about":[{"href":"https:\/\/fsmcv.org\/vl\/wp-json\/wp\/v2\/types\/page"}],"author":[{"embeddable":true,"href":"https:\/\/fsmcv.org\/vl\/wp-json\/wp\/v2\/users\/1"}],"replies":[{"embeddable":true,"href":"https:\/\/fsmcv.org\/vl\/wp-json\/wp\/v2\/comments?post=20611"}],"version-history":[{"count":4,"href":"https:\/\/fsmcv.org\/vl\/wp-json\/wp\/v2\/pages\/20611\/revisions"}],"predecessor-version":[{"id":70254,"href":"https:\/\/fsmcv.org\/vl\/wp-json\/wp\/v2\/pages\/20611\/revisions\/70254"}],"up":[{"embeddable":true,"href":"https:\/\/fsmcv.org\/vl\/wp-json\/wp\/v2\/pages\/44341"}],"wp:featuredmedia":[{"embeddable":true,"href":"https:\/\/fsmcv.org\/vl\/wp-json\/wp\/v2\/media\/20101"}],"wp:attachment":[{"href":"https:\/\/fsmcv.org\/vl\/wp-json\/wp\/v2\/media?parent=20611"}],"curies":[{"name":"wp","href":"https:\/\/api.w.org\/{rel}","templated":true}]}}