{"id":20619,"date":"2020-10-05T06:52:03","date_gmt":"2020-10-05T04:52:03","guid":{"rendered":"https:\/\/fsmcv.org\/cd-15-homenaje-paco-esteve-1915-2015-unio-musical-de-muro\/"},"modified":"2021-11-30T13:17:59","modified_gmt":"2021-11-30T12:17:59","slug":"cd-15-homenaje-paco-esteve-1915-2015-unio-musical-de-muro","status":"publish","type":"page","link":"https:\/\/fsmcv.org\/vl\/segell-discografic\/cd-15-homenaje-paco-esteve-1915-2015-unio-musical-de-muro\/","title":{"rendered":"\u201cHomenaje\u201d Paco Esteve 1915-2015 \/ Uni\u00f3n Musical de Muro"},"content":{"rendered":"\t\t<div data-elementor-type=\"wp-page\" data-elementor-id=\"20619\" class=\"elementor elementor-20619 elementor-20461\" data-elementor-post-type=\"page\">\n\t\t\t\t\t\t<section class=\"elementor-section elementor-top-section elementor-element elementor-element-1990b09f elementor-section-boxed elementor-section-height-default elementor-section-height-default\" data-id=\"1990b09f\" data-element_type=\"section\" data-e-type=\"section\">\n\t\t\t\t\t\t\t<div class=\"elementor-background-overlay\"><\/div>\n\t\t\t\t\t\t\t<div class=\"elementor-container elementor-column-gap-default\">\n\t\t\t\t\t<div class=\"elementor-column elementor-col-100 elementor-top-column elementor-element elementor-element-567b7a86\" data-id=\"567b7a86\" data-element_type=\"column\" data-e-type=\"column\">\n\t\t\t<div class=\"elementor-widget-wrap elementor-element-populated\">\n\t\t\t\t\t\t<div class=\"elementor-element elementor-element-f0abf88 elementor-widget elementor-widget-heading\" data-id=\"f0abf88\" data-element_type=\"widget\" data-e-type=\"widget\" data-widget_type=\"heading.default\">\n\t\t\t\t<div class=\"elementor-widget-container\">\n\t\t\t\t\t<h1 class=\"elementor-heading-title elementor-size-default\">\u201cHomenaje\u201d Paco Esteve 1915-2015 \/ Uni\u00f3n Musical de Muro<\/h1>\t\t\t\t<\/div>\n\t\t\t\t<\/div>\n\t\t\t\t\t<\/div>\n\t\t<\/div>\n\t\t\t\t\t<\/div>\n\t\t<\/section>\n\t\t\t\t<section class=\"elementor-section elementor-top-section elementor-element elementor-element-644c5399 elementor-section-boxed elementor-section-height-default elementor-section-height-default\" data-id=\"644c5399\" data-element_type=\"section\" data-e-type=\"section\">\n\t\t\t\t\t\t<div class=\"elementor-container elementor-column-gap-wide\">\n\t\t\t\t\t<div class=\"elementor-column elementor-col-50 elementor-top-column elementor-element elementor-element-6d736ab8\" data-id=\"6d736ab8\" data-element_type=\"column\" data-e-type=\"column\">\n\t\t\t<div class=\"elementor-widget-wrap elementor-element-populated\">\n\t\t\t\t\t\t<div class=\"elementor-element elementor-element-590cc076 elementor-view-default elementor-position-block-start elementor-mobile-position-block-start elementor-widget elementor-widget-icon-box\" data-id=\"590cc076\" data-element_type=\"widget\" data-e-type=\"widget\" data-widget_type=\"icon-box.default\">\n\t\t\t\t<div class=\"elementor-widget-container\">\n\t\t\t\t\t\t\t<div class=\"elementor-icon-box-wrapper\">\n\n\t\t\t\t\t\t<div class=\"elementor-icon-box-icon\">\n\t\t\t\t<span  class=\"elementor-icon\">\n\t\t\t\t<i aria-hidden=\"true\" class=\"fas fa-compact-disc\"><\/i>\t\t\t\t<\/span>\n\t\t\t<\/div>\n\t\t\t\n\t\t\t\t\t\t<div class=\"elementor-icon-box-content\">\n\n\t\t\t\t\t\t\t\t\t<h2 class=\"elementor-icon-box-title\">\n\t\t\t\t\t\t<span  >\n\t\t\t\t\t\t\t\u201cHomenaje\u201d Paco Esteve 1915-2015 \/ Uni\u00f3n Musical de Muro\t\t\t\t\t\t<\/span>\n\t\t\t\t\t<\/h2>\n\t\t\t\t\n\t\t\t\t\t\t\t\t\t<p class=\"elementor-icon-box-description\">\n\t\t\t\t\t\t\n\n\t\t\t\t\t<\/p>\n\t\t\t\t\n\t\t\t<\/div>\n\t\t\t\n\t\t<\/div>\n\t\t\t\t\t\t<\/div>\n\t\t\t\t<\/div>\n\t\t\t\t<div class=\"elementor-element elementor-element-410b57d1 elementor-widget elementor-widget-image\" data-id=\"410b57d1\" data-element_type=\"widget\" data-e-type=\"widget\" data-widget_type=\"image.default\">\n\t\t\t\t<div class=\"elementor-widget-container\">\n\t\t\t\t\t\t\t\t\t\t\t\t\t\t\t<img fetchpriority=\"high\" decoding=\"async\" width=\"500\" height=\"500\" src=\"https:\/\/fsmcv.org\/wp-content\/uploads\/2020\/10\/CD-15-HOMENAJE-A-PACO-ESTEVE.jpg\" class=\"attachment-full size-full wp-image-20097\" alt=\"Portada CD 15 \u201cHomenaje\u201d Paco Esteve 1915-2015 \/ Uni\u00f3n Musical de Muro\" srcset=\"https:\/\/fsmcv.org\/wp-content\/uploads\/2020\/10\/CD-15-HOMENAJE-A-PACO-ESTEVE.jpg 500w, https:\/\/fsmcv.org\/wp-content\/uploads\/2020\/10\/CD-15-HOMENAJE-A-PACO-ESTEVE-300x300.jpg 300w, https:\/\/fsmcv.org\/wp-content\/uploads\/2020\/10\/CD-15-HOMENAJE-A-PACO-ESTEVE-100x100.jpg 100w\" sizes=\"(max-width: 500px) 100vw, 500px\" title=\"\">\t\t\t\t\t\t\t\t\t\t\t\t\t\t\t<\/div>\n\t\t\t\t<\/div>\n\t\t\t\t<div class=\"elementor-element elementor-element-f594e26 elementor-align-center elementor-widget elementor-widget-button\" data-id=\"f594e26\" data-element_type=\"widget\" data-e-type=\"widget\" data-widget_type=\"button.default\">\n\t\t\t\t<div class=\"elementor-widget-container\">\n\t\t\t\t\t\t\t\t\t<div class=\"elementor-button-wrapper\">\n\t\t\t\t\t<a class=\"elementor-button elementor-button-link elementor-size-md\" href=\"https:\/\/fsmcv.org\/vl\/segell-discografic\/\">\n\t\t\t\t\t\t<span class=\"elementor-button-content-wrapper\">\n\t\t\t\t\t\t<span class=\"elementor-button-icon\">\n\t\t\t\t<i aria-hidden=\"true\" class=\"fas fa-arrow-right\"><\/i>\t\t\t<\/span>\n\t\t\t\t\t\t\t\t\t<span class=\"elementor-button-text\">Segell discogr\u00e0fic<\/span>\n\t\t\t\t\t<\/span>\n\t\t\t\t\t<\/a>\n\t\t\t\t<\/div>\n\t\t\t\t\t\t\t\t<\/div>\n\t\t\t\t<\/div>\n\t\t\t\t\t<\/div>\n\t\t<\/div>\n\t\t\t\t<div class=\"elementor-column elementor-col-50 elementor-top-column elementor-element elementor-element-62ed5911\" data-id=\"62ed5911\" data-element_type=\"column\" data-e-type=\"column\">\n\t\t\t<div class=\"elementor-widget-wrap elementor-element-populated\">\n\t\t\t\t\t\t<div class=\"elementor-element elementor-element-512ca16d elementor-widget elementor-widget-text-editor\" data-id=\"512ca16d\" data-element_type=\"widget\" data-e-type=\"widget\" data-widget_type=\"text-editor.default\">\n\t\t\t\t<div class=\"elementor-widget-container\">\n\t\t\t\t\t\t\t\t\t<p><strong>Director:<\/strong> Rafael Garc\u00eda Vidal.<\/p>\n<p><strong>Contiene:<\/strong> M\u00fasica escrita por FRANCISCO ESTEVE PASTOR.<\/p>\n<p>1. Homenaje (pasodoble)<br \/>2. Benamer (marcha mora)<br \/>3. La plana de Muro (pasodoble)<br \/>4. Benimerines (marcha mora)<br \/>5. El moreno (pasodoble)<br \/>6. Juanjo (marcha mora)<br \/>7. Eduardo Borr\u00e1s (pasodoble)<br \/>8. Bumma (marcha mora)<br \/>9. Malena (pasodoble)<br \/>10. Moz\u00e1rabes (marcha mora)<br \/>11. Brisas de Mariola (pasodoble)<br \/>12. Entre moros va la cosa (marcha mora)<br \/>13. La penya \u00abEl Flare\u00bb (pasodoble)<br \/>14. Penya Cadell (marcha mora)<\/p>\n<p><strong>\u00a1Escolta aquest CD en Spotify!<\/strong><\/p>\n<p><iframe title=\"Spotify Embed: &quot;Homenaje&quot; Paco Esteve 1915-2015 (En Directo)\" width=\"100%\" height=\"380\" frameborder=\"0\" allowfullscreen allow=\"autoplay; clipboard-write; encrypted-media; fullscreen; picture-in-picture\" src=\"https:\/\/open.spotify.com\/embed\/album\/0Wg5JaZ5I5yLQGz0SelKkc?si=OpILA644SC-IS8mYankrBw&dl_branch=1&utm_source=oembed\"><\/iframe><\/p>\n\t\t\t\t\t\t\t\t<\/div>\n\t\t\t\t<\/div>\n\t\t\t\t\t<\/div>\n\t\t<\/div>\n\t\t\t\t\t<\/div>\n\t\t<\/section>\n\t\t\t\t<\/div>\n\t\t","protected":false},"excerpt":{"rendered":"<p>Segell discogr\u00e0fic Director: Rafael Garc\u00eda Vidal. Contiene: M\u00fasica escrita por FRANCISCO ESTEVE PASTOR. 1. Homenaje (pasodoble)2. Benamer (marcha mora)3. La plana de Muro (pasodoble)4. Benimerines (marcha mora)5. El moreno (pasodoble)6. Juanjo (marcha mora)7. Eduardo Borr\u00e1s (pasodoble)8. Bumma (marcha mora)9. Malena (pasodoble)10. Moz\u00e1rabes (marcha mora)11. Brisas de Mariola (pasodoble)12. Entre moros va la cosa (marcha mora)13. [&hellip;]<\/p>\n","protected":false},"author":1,"featured_media":20097,"parent":20683,"menu_order":15,"comment_status":"closed","ping_status":"closed","template":"elementor_header_footer","meta":{"footnotes":""},"class_list":["post-20619","page","type-page","status-publish","has-post-thumbnail","hentry"],"_links":{"self":[{"href":"https:\/\/fsmcv.org\/vl\/wp-json\/wp\/v2\/pages\/20619","targetHints":{"allow":["GET"]}}],"collection":[{"href":"https:\/\/fsmcv.org\/vl\/wp-json\/wp\/v2\/pages"}],"about":[{"href":"https:\/\/fsmcv.org\/vl\/wp-json\/wp\/v2\/types\/page"}],"author":[{"embeddable":true,"href":"https:\/\/fsmcv.org\/vl\/wp-json\/wp\/v2\/users\/1"}],"replies":[{"embeddable":true,"href":"https:\/\/fsmcv.org\/vl\/wp-json\/wp\/v2\/comments?post=20619"}],"version-history":[{"count":0,"href":"https:\/\/fsmcv.org\/vl\/wp-json\/wp\/v2\/pages\/20619\/revisions"}],"up":[{"embeddable":true,"href":"https:\/\/fsmcv.org\/vl\/wp-json\/wp\/v2\/pages\/20683"}],"wp:featuredmedia":[{"embeddable":true,"href":"https:\/\/fsmcv.org\/vl\/wp-json\/wp\/v2\/media\/20097"}],"wp:attachment":[{"href":"https:\/\/fsmcv.org\/vl\/wp-json\/wp\/v2\/media?parent=20619"}],"curies":[{"name":"wp","href":"https:\/\/api.w.org\/{rel}","templated":true}]}}