{"id":20632,"date":"2020-10-05T06:40:59","date_gmt":"2020-10-05T04:40:59","guid":{"rendered":"https:\/\/fsmcv.org\/cd-17-el-cd-del-50-aniversario-del-moros-nous-dalbaida-1968-2018\/"},"modified":"2021-10-11T18:52:19","modified_gmt":"2021-10-11T16:52:19","slug":"cd-17-el-cd-del-50-aniversario-del-moros-nous-dalbaida-1968-2018","status":"publish","type":"page","link":"https:\/\/fsmcv.org\/vl\/segell-discografic\/cd-17-el-cd-del-50-aniversario-del-moros-nous-dalbaida-1968-2018\/","title":{"rendered":"El CD del 50 aniversari del \u2018Moros Nous\u2019 d\u00b4Albaida 1968-2018"},"content":{"rendered":"\t\t<div data-elementor-type=\"wp-page\" data-elementor-id=\"20632\" class=\"elementor elementor-20632 elementor-20452\" data-elementor-post-type=\"page\">\n\t\t\t\t\t\t<section class=\"elementor-section elementor-top-section elementor-element elementor-element-1742c03d elementor-section-boxed elementor-section-height-default elementor-section-height-default\" data-id=\"1742c03d\" data-element_type=\"section\" data-e-type=\"section\">\n\t\t\t\t\t\t\t<div class=\"elementor-background-overlay\"><\/div>\n\t\t\t\t\t\t\t<div class=\"elementor-container elementor-column-gap-default\">\n\t\t\t\t\t<div class=\"elementor-column elementor-col-100 elementor-top-column elementor-element elementor-element-540a20b\" data-id=\"540a20b\" data-element_type=\"column\" data-e-type=\"column\">\n\t\t\t<div class=\"elementor-widget-wrap elementor-element-populated\">\n\t\t\t\t\t\t<div class=\"elementor-element elementor-element-1a03743f elementor-widget elementor-widget-heading\" data-id=\"1a03743f\" data-element_type=\"widget\" data-e-type=\"widget\" data-widget_type=\"heading.default\">\n\t\t\t\t<div class=\"elementor-widget-container\">\n\t\t\t\t\t<h1 class=\"elementor-heading-title elementor-size-default\">El CD del 50 aniversari del \u2018Moros Nous\u2019 d\u00b4Albaida 1968-2018<\/h1>\t\t\t\t<\/div>\n\t\t\t\t<\/div>\n\t\t\t\t\t<\/div>\n\t\t<\/div>\n\t\t\t\t\t<\/div>\n\t\t<\/section>\n\t\t\t\t<section class=\"elementor-section elementor-top-section elementor-element elementor-element-23330659 elementor-section-boxed elementor-section-height-default elementor-section-height-default\" data-id=\"23330659\" data-element_type=\"section\" data-e-type=\"section\">\n\t\t\t\t\t\t<div class=\"elementor-container elementor-column-gap-wide\">\n\t\t\t\t\t<div class=\"elementor-column elementor-col-50 elementor-top-column elementor-element elementor-element-1f900cc5\" data-id=\"1f900cc5\" data-element_type=\"column\" data-e-type=\"column\">\n\t\t\t<div class=\"elementor-widget-wrap elementor-element-populated\">\n\t\t\t\t\t\t<div class=\"elementor-element elementor-element-169af3f4 elementor-view-default elementor-position-block-start elementor-mobile-position-block-start elementor-widget elementor-widget-icon-box\" data-id=\"169af3f4\" data-element_type=\"widget\" data-e-type=\"widget\" data-widget_type=\"icon-box.default\">\n\t\t\t\t<div class=\"elementor-widget-container\">\n\t\t\t\t\t\t\t<div class=\"elementor-icon-box-wrapper\">\n\n\t\t\t\t\t\t<div class=\"elementor-icon-box-icon\">\n\t\t\t\t<span  class=\"elementor-icon\">\n\t\t\t\t<i aria-hidden=\"true\" class=\"fas fa-compact-disc\"><\/i>\t\t\t\t<\/span>\n\t\t\t<\/div>\n\t\t\t\n\t\t\t\t\t\t<div class=\"elementor-icon-box-content\">\n\n\t\t\t\t\t\t\t\t\t<h2 class=\"elementor-icon-box-title\">\n\t\t\t\t\t\t<span  >\n\t\t\t\t\t\t\tEl CD del 50 aniversari del \u2018Moros Nous\u2019 d\u00b4Albaida 1968-2018\t\t\t\t\t\t<\/span>\n\t\t\t\t\t<\/h2>\n\t\t\t\t\n\t\t\t\t\t\t\t\t\t<p class=\"elementor-icon-box-description\">\n\t\t\t\t\t\t\n\n\t\t\t\t\t<\/p>\n\t\t\t\t\n\t\t\t<\/div>\n\t\t\t\n\t\t<\/div>\n\t\t\t\t\t\t<\/div>\n\t\t\t\t<\/div>\n\t\t\t\t<div class=\"elementor-element elementor-element-27d21ab2 elementor-widget elementor-widget-image\" data-id=\"27d21ab2\" data-element_type=\"widget\" data-e-type=\"widget\" data-widget_type=\"image.default\">\n\t\t\t\t<div class=\"elementor-widget-container\">\n\t\t\t\t\t\t\t\t\t\t\t\t\t\t\t<img fetchpriority=\"high\" decoding=\"async\" width=\"500\" height=\"500\" src=\"https:\/\/fsmcv.org\/wp-content\/uploads\/2020\/10\/Sin-titulo-1.jpg\" class=\"attachment-full size-full wp-image-20093\" alt=\"Portada CD 17 el CD del 50 aniversario del \u2018Moros Nous\u2019 de Albaida 1968-2018\" srcset=\"https:\/\/fsmcv.org\/wp-content\/uploads\/2020\/10\/Sin-titulo-1.jpg 500w, https:\/\/fsmcv.org\/wp-content\/uploads\/2020\/10\/Sin-titulo-1-300x300.jpg 300w, https:\/\/fsmcv.org\/wp-content\/uploads\/2020\/10\/Sin-titulo-1-100x100.jpg 100w\" sizes=\"(max-width: 500px) 100vw, 500px\" title=\"\">\t\t\t\t\t\t\t\t\t\t\t\t\t\t\t<\/div>\n\t\t\t\t<\/div>\n\t\t\t\t<div class=\"elementor-element elementor-element-240d9c5d elementor-align-center elementor-widget elementor-widget-button\" data-id=\"240d9c5d\" data-element_type=\"widget\" data-e-type=\"widget\" data-widget_type=\"button.default\">\n\t\t\t\t<div class=\"elementor-widget-container\">\n\t\t\t\t\t\t\t\t\t<div class=\"elementor-button-wrapper\">\n\t\t\t\t\t<a class=\"elementor-button elementor-button-link elementor-size-md\" href=\"https:\/\/fsmcv.org\/vl\/segell-discografic\/\">\n\t\t\t\t\t\t<span class=\"elementor-button-content-wrapper\">\n\t\t\t\t\t\t<span class=\"elementor-button-icon\">\n\t\t\t\t<i aria-hidden=\"true\" class=\"fas fa-arrow-right\"><\/i>\t\t\t<\/span>\n\t\t\t\t\t\t\t\t\t<span class=\"elementor-button-text\">Segell discogr\u00e0fic<\/span>\n\t\t\t\t\t<\/span>\n\t\t\t\t\t<\/a>\n\t\t\t\t<\/div>\n\t\t\t\t\t\t\t\t<\/div>\n\t\t\t\t<\/div>\n\t\t\t\t\t<\/div>\n\t\t<\/div>\n\t\t\t\t<div class=\"elementor-column elementor-col-50 elementor-top-column elementor-element elementor-element-423ea708\" data-id=\"423ea708\" data-element_type=\"column\" data-e-type=\"column\">\n\t\t\t<div class=\"elementor-widget-wrap elementor-element-populated\">\n\t\t\t\t\t\t<div class=\"elementor-element elementor-element-1b4a9fed elementor-widget elementor-widget-text-editor\" data-id=\"1b4a9fed\" data-element_type=\"widget\" data-e-type=\"widget\" data-widget_type=\"text-editor.default\">\n\t\t\t\t<div class=\"elementor-widget-container\">\n\t\t\t\t\t\t\t\t\t<p><strong>C\u00edrculo Musical Primitiva de Albaida i <\/strong><\/p>\n<p><strong>Uni\u00f3n Musical de Albaida \u201cl\u00b4Aranya\u201d<\/strong><\/p>\n<p><strong>Cont\u00e9:<\/strong><\/p>\n<p>MARXES MORES<\/p>\n<p>1. MART\u00cd CAPIT\u00c1 de Ram\u00f3n Garc\u00eda<br \/>2. EL XIQUET D\u00b4OLIVA de Segi Querol<br \/>3. PALOMA REINA MORA de Segi Querol<br \/>4. ALIGEAB\u00c1 de Vicent P\u00e9rez<br \/>5. MENDA CAPIT\u00c0 de Vicent P\u00e9rez<br \/>6. GENETS D\u00b4AL-AZRAQ de J.J Silvestre<br \/>7. KABIL BEN MAZURC de Vicent P\u00e9rez<br \/>8. BAIXA EL TUAREG de Juan Carlos Sempere<\/p>\n<p>MARXES CRISTIANES<\/p>\n<p>9. TABAL I SARAG\u00dcELL de Mario Roig<br \/>10. BATALLERS de Ram\u00f3n Garc\u00eda<br \/>11. TEMPLARIS D\u00b4ALBAIDA de Vicent P\u00e9rez<br \/>12. PIRATES D\u00b4ALBAIDA de Juan Carlos Sempere<br \/>13. LA LLUNA I EL TIMBAL DEL CID de Vicent P\u00e9rez<\/p>\n<p>PASDOBLES<\/p>\n<p>14. EL FUSTERET de M. Bosc\u00e0<br \/>15. OCTUBRE EN FIESTAS de F. Tormo<\/p>\n<p>HIMNE<\/p>\n<p>16. HIMNE D\u00b4ALBAIDA de Tormo Ribes<\/p>\n<p><strong>\u00a1Escolta aquest CD en Spotify!<\/strong><\/p>\n<p><iframe title=\"Spotify Embed: 50 Aniversari 1968-2018 Moros Nous Albaida (En Directo)\" width=\"100%\" height=\"380\" frameborder=\"0\" allowfullscreen allow=\"autoplay; clipboard-write; encrypted-media; fullscreen; picture-in-picture\" src=\"https:\/\/open.spotify.com\/embed\/album\/1zQzYV2EKfKgrTPZVlAiC2?si=RUCouC4pSxuG7nrXDghE8A&dl_branch=1\"><\/iframe><\/p>\n\t\t\t\t\t\t\t\t<\/div>\n\t\t\t\t<\/div>\n\t\t\t\t\t<\/div>\n\t\t<\/div>\n\t\t\t\t\t<\/div>\n\t\t<\/section>\n\t\t\t\t<\/div>\n\t\t","protected":false},"excerpt":{"rendered":"<p>Segell discogr\u00e0fic C\u00edrculo Musical Primitiva de Albaida i Uni\u00f3n Musical de Albaida \u201cl\u00b4Aranya\u201d Cont\u00e9: MARXES MORES 1. MART\u00cd CAPIT\u00c1 de Ram\u00f3n Garc\u00eda2. EL XIQUET D\u00b4OLIVA de Segi Querol3. PALOMA REINA MORA de Segi Querol4. ALIGEAB\u00c1 de Vicent P\u00e9rez5. MENDA CAPIT\u00c0 de Vicent P\u00e9rez6. GENETS D\u00b4AL-AZRAQ de J.J Silvestre7. KABIL BEN MAZURC de Vicent P\u00e9rez8. BAIXA [&hellip;]<\/p>\n","protected":false},"author":1,"featured_media":20093,"parent":20683,"menu_order":17,"comment_status":"closed","ping_status":"closed","template":"elementor_header_footer","meta":{"footnotes":""},"class_list":["post-20632","page","type-page","status-publish","has-post-thumbnail","hentry"],"_links":{"self":[{"href":"https:\/\/fsmcv.org\/vl\/wp-json\/wp\/v2\/pages\/20632","targetHints":{"allow":["GET"]}}],"collection":[{"href":"https:\/\/fsmcv.org\/vl\/wp-json\/wp\/v2\/pages"}],"about":[{"href":"https:\/\/fsmcv.org\/vl\/wp-json\/wp\/v2\/types\/page"}],"author":[{"embeddable":true,"href":"https:\/\/fsmcv.org\/vl\/wp-json\/wp\/v2\/users\/1"}],"replies":[{"embeddable":true,"href":"https:\/\/fsmcv.org\/vl\/wp-json\/wp\/v2\/comments?post=20632"}],"version-history":[{"count":0,"href":"https:\/\/fsmcv.org\/vl\/wp-json\/wp\/v2\/pages\/20632\/revisions"}],"up":[{"embeddable":true,"href":"https:\/\/fsmcv.org\/vl\/wp-json\/wp\/v2\/pages\/20683"}],"wp:featuredmedia":[{"embeddable":true,"href":"https:\/\/fsmcv.org\/vl\/wp-json\/wp\/v2\/media\/20093"}],"wp:attachment":[{"href":"https:\/\/fsmcv.org\/vl\/wp-json\/wp\/v2\/media?parent=20632"}],"curies":[{"name":"wp","href":"https:\/\/api.w.org\/{rel}","templated":true}]}}