{"id":20638,"date":"2020-10-05T06:30:14","date_gmt":"2020-10-05T04:30:14","guid":{"rendered":"https:\/\/fsmcv.org\/cd-18-xxv-aniversari-1993-2018-agrupacio-musical-mediterraneo-la-vila-joiosa\/"},"modified":"2021-10-11T18:51:19","modified_gmt":"2021-10-11T16:51:19","slug":"cd-18-xxv-aniversari-1993-2018-agrupacio-musical-mediterraneo-la-vila-joiosa","status":"publish","type":"page","link":"https:\/\/fsmcv.org\/vl\/segell-discografic\/cd-18-xxv-aniversari-1993-2018-agrupacio-musical-mediterraneo-la-vila-joiosa\/","title":{"rendered":"\u201cXXV Aniversari\u201d Agrupaci\u00f3 Musical Mediterraneo La Vila Joiosa"},"content":{"rendered":"\t\t<div data-elementor-type=\"wp-page\" data-elementor-id=\"20638\" class=\"elementor elementor-20638 elementor-20443\" data-elementor-post-type=\"page\">\n\t\t\t\t\t\t<section class=\"elementor-section elementor-top-section elementor-element elementor-element-78a4fbf9 elementor-section-boxed elementor-section-height-default elementor-section-height-default\" data-id=\"78a4fbf9\" data-element_type=\"section\" data-e-type=\"section\">\n\t\t\t\t\t\t\t<div class=\"elementor-background-overlay\"><\/div>\n\t\t\t\t\t\t\t<div class=\"elementor-container elementor-column-gap-default\">\n\t\t\t\t\t<div class=\"elementor-column elementor-col-100 elementor-top-column elementor-element elementor-element-2fc4b3f0\" data-id=\"2fc4b3f0\" data-element_type=\"column\" data-e-type=\"column\">\n\t\t\t<div class=\"elementor-widget-wrap elementor-element-populated\">\n\t\t\t\t\t\t<div class=\"elementor-element elementor-element-7bda64f elementor-widget elementor-widget-heading\" data-id=\"7bda64f\" data-element_type=\"widget\" data-e-type=\"widget\" data-widget_type=\"heading.default\">\n\t\t\t\t<div class=\"elementor-widget-container\">\n\t\t\t\t\t<h1 class=\"elementor-heading-title elementor-size-default\">\u201cXXV Aniversari\u201d Agrupaci\u00f3 Musical Mediterraneo La Vila Joiosa<\/h1>\t\t\t\t<\/div>\n\t\t\t\t<\/div>\n\t\t\t\t\t<\/div>\n\t\t<\/div>\n\t\t\t\t\t<\/div>\n\t\t<\/section>\n\t\t\t\t<section class=\"elementor-section elementor-top-section elementor-element elementor-element-61390095 elementor-section-boxed elementor-section-height-default elementor-section-height-default\" data-id=\"61390095\" data-element_type=\"section\" data-e-type=\"section\">\n\t\t\t\t\t\t<div class=\"elementor-container elementor-column-gap-wide\">\n\t\t\t\t\t<div class=\"elementor-column elementor-col-50 elementor-top-column elementor-element elementor-element-340a5dcc\" data-id=\"340a5dcc\" data-element_type=\"column\" data-e-type=\"column\">\n\t\t\t<div class=\"elementor-widget-wrap elementor-element-populated\">\n\t\t\t\t\t\t<div class=\"elementor-element elementor-element-1d9445bb elementor-view-default elementor-position-block-start elementor-mobile-position-block-start elementor-widget elementor-widget-icon-box\" data-id=\"1d9445bb\" data-element_type=\"widget\" data-e-type=\"widget\" data-widget_type=\"icon-box.default\">\n\t\t\t\t<div class=\"elementor-widget-container\">\n\t\t\t\t\t\t\t<div class=\"elementor-icon-box-wrapper\">\n\n\t\t\t\t\t\t<div class=\"elementor-icon-box-icon\">\n\t\t\t\t<span  class=\"elementor-icon\">\n\t\t\t\t<i aria-hidden=\"true\" class=\"fas fa-compact-disc\"><\/i>\t\t\t\t<\/span>\n\t\t\t<\/div>\n\t\t\t\n\t\t\t\t\t\t<div class=\"elementor-icon-box-content\">\n\n\t\t\t\t\t\t\t\t\t<h2 class=\"elementor-icon-box-title\">\n\t\t\t\t\t\t<span  >\n\t\t\t\t\t\t\t\u201cXXV Aniversari\u201d Agrupaci\u00f3 Musical Mediterraneo La Vila Joiosa\t\t\t\t\t\t<\/span>\n\t\t\t\t\t<\/h2>\n\t\t\t\t\n\t\t\t\t\t\t\t\t\t<p class=\"elementor-icon-box-description\">\n\t\t\t\t\t\t\n\n\t\t\t\t\t<\/p>\n\t\t\t\t\n\t\t\t<\/div>\n\t\t\t\n\t\t<\/div>\n\t\t\t\t\t\t<\/div>\n\t\t\t\t<\/div>\n\t\t\t\t<div class=\"elementor-element elementor-element-7e7b3be1 elementor-widget elementor-widget-image\" data-id=\"7e7b3be1\" data-element_type=\"widget\" data-e-type=\"widget\" data-widget_type=\"image.default\">\n\t\t\t\t<div class=\"elementor-widget-container\">\n\t\t\t\t\t\t\t\t\t\t\t\t\t\t\t<img fetchpriority=\"high\" decoding=\"async\" width=\"500\" height=\"500\" src=\"https:\/\/fsmcv.org\/wp-content\/uploads\/2020\/10\/CD-18-25-ANIVERSARI-AGRUPACIO-MUSICAL-VILAJOIOSA.jpg\" class=\"attachment-full size-full wp-image-20091\" alt=\"Portada CD 18 \u201cXXV Aniversari\u201d 1993-2018\/ Agrupaci\u00f3 Musical Mediterraneo La Vila Joiosa\" srcset=\"https:\/\/fsmcv.org\/wp-content\/uploads\/2020\/10\/CD-18-25-ANIVERSARI-AGRUPACIO-MUSICAL-VILAJOIOSA.jpg 500w, https:\/\/fsmcv.org\/wp-content\/uploads\/2020\/10\/CD-18-25-ANIVERSARI-AGRUPACIO-MUSICAL-VILAJOIOSA-300x300.jpg 300w, https:\/\/fsmcv.org\/wp-content\/uploads\/2020\/10\/CD-18-25-ANIVERSARI-AGRUPACIO-MUSICAL-VILAJOIOSA-100x100.jpg 100w\" sizes=\"(max-width: 500px) 100vw, 500px\" title=\"\">\t\t\t\t\t\t\t\t\t\t\t\t\t\t\t<\/div>\n\t\t\t\t<\/div>\n\t\t\t\t<div class=\"elementor-element elementor-element-6a15c179 elementor-align-center elementor-widget elementor-widget-button\" data-id=\"6a15c179\" data-element_type=\"widget\" data-e-type=\"widget\" data-widget_type=\"button.default\">\n\t\t\t\t<div class=\"elementor-widget-container\">\n\t\t\t\t\t\t\t\t\t<div class=\"elementor-button-wrapper\">\n\t\t\t\t\t<a class=\"elementor-button elementor-button-link elementor-size-md\" href=\"https:\/\/fsmcv.org\/vl\/segell-discografic\/\">\n\t\t\t\t\t\t<span class=\"elementor-button-content-wrapper\">\n\t\t\t\t\t\t<span class=\"elementor-button-icon\">\n\t\t\t\t<i aria-hidden=\"true\" class=\"fas fa-arrow-right\"><\/i>\t\t\t<\/span>\n\t\t\t\t\t\t\t\t\t<span class=\"elementor-button-text\">Segell discogr\u00e0fic<\/span>\n\t\t\t\t\t<\/span>\n\t\t\t\t\t<\/a>\n\t\t\t\t<\/div>\n\t\t\t\t\t\t\t\t<\/div>\n\t\t\t\t<\/div>\n\t\t\t\t\t<\/div>\n\t\t<\/div>\n\t\t\t\t<div class=\"elementor-column elementor-col-50 elementor-top-column elementor-element elementor-element-2fad718d\" data-id=\"2fad718d\" data-element_type=\"column\" data-e-type=\"column\">\n\t\t\t<div class=\"elementor-widget-wrap elementor-element-populated\">\n\t\t\t\t\t\t<div class=\"elementor-element elementor-element-32cd1a83 elementor-widget elementor-widget-text-editor\" data-id=\"32cd1a83\" data-element_type=\"widget\" data-e-type=\"widget\" data-widget_type=\"text-editor.default\">\n\t\t\t\t<div class=\"elementor-widget-container\">\n\t\t\t\t\t\t\t\t\t<p>Director: David Dom\u00e9nech LLuch.<\/p>\n<p><strong>Cont\u00e9:<\/strong><\/p>\n<p><strong>CD 1: CONCERT M\u00daSICA I FESTA<\/strong><\/p>\n<p>1. XXV ANIVERSARI DE LA MEDI (1993-2018) de Francisco Bl\u00e1zquez<br \/>2. SIR DRIU de Enrique Alborch<br \/>3. ABENSERRAIG de Sa\u00fcl G\u00f3mez<br \/>4. ADRI\u00c0 de Mario Roig<br \/>5. JORDI CAPIT\u00c0 de Antonio Cuenca<br \/>6. GELARTIS de Miquel Morales<br \/>7. 50 ANIVERSARIO ASOC. SANTA MARIA de Juan Alborch<br \/>8. TABAL I SARAG\u00dcELL de Mario Roig<br \/>9. CHURUMBELERIAS de Emilio Cebri\u00e1n<br \/>10. ALS MOROS VELLS de Jaime F. Ripoll<br \/>11. PESCADORS DE LA VILA de Jaime F. Ripoll<\/p>\n<p><strong>CD 2: L\u00b4AGRUPACI\u00d3 MUSICAL MEDITERRANEO EN EL ADDA<\/strong><\/p>\n<p>1. ANDR\u00c9S CONTRABANDISTA de Oscar Navarro<br \/>2. LA ISLA DE LA LUZ de Jos\u00e9 Alberto Pina<br \/>3. HISPANIA de Oscar Navarro<br \/>4. LIBERTADORES de Oscar Navarro<br \/>5. PA CONCHITA de Oscar Navarro<\/p>\n<p><strong>\u00a1Escolta aquest CD en Spotify!<\/strong><\/p>\n<p><iframe title=\"Spotify Embed: 25 Aniversari 1993-2018 Agrupaci\u00f3 Musical Mediterraneo la Vila-Joiosa (En Directo)\" width=\"100%\" height=\"380\" frameborder=\"0\" allowfullscreen allow=\"autoplay; clipboard-write; encrypted-media; fullscreen; picture-in-picture\" src=\"https:\/\/open.spotify.com\/embed\/album\/798ixSRgzoBpS5ZrC8OKUI?si=jj4q33UVTZi6esP2ztSpkQ&dl_branch=1\"><\/iframe><\/p>\n\t\t\t\t\t\t\t\t<\/div>\n\t\t\t\t<\/div>\n\t\t\t\t\t<\/div>\n\t\t<\/div>\n\t\t\t\t\t<\/div>\n\t\t<\/section>\n\t\t\t\t<\/div>\n\t\t","protected":false},"excerpt":{"rendered":"<p>Segell discogr\u00e0fic Director: David Dom\u00e9nech LLuch. Cont\u00e9: CD 1: CONCERT M\u00daSICA I FESTA 1. XXV ANIVERSARI DE LA MEDI (1993-2018) de Francisco Bl\u00e1zquez2. SIR DRIU de Enrique Alborch3. ABENSERRAIG de Sa\u00fcl G\u00f3mez4. ADRI\u00c0 de Mario Roig5. JORDI CAPIT\u00c0 de Antonio Cuenca6. GELARTIS de Miquel Morales7. 50 ANIVERSARIO ASOC. SANTA MARIA de Juan Alborch8. TABAL I [&hellip;]<\/p>\n","protected":false},"author":1,"featured_media":20091,"parent":20683,"menu_order":18,"comment_status":"closed","ping_status":"closed","template":"elementor_header_footer","meta":{"footnotes":""},"class_list":["post-20638","page","type-page","status-publish","has-post-thumbnail","hentry"],"_links":{"self":[{"href":"https:\/\/fsmcv.org\/vl\/wp-json\/wp\/v2\/pages\/20638","targetHints":{"allow":["GET"]}}],"collection":[{"href":"https:\/\/fsmcv.org\/vl\/wp-json\/wp\/v2\/pages"}],"about":[{"href":"https:\/\/fsmcv.org\/vl\/wp-json\/wp\/v2\/types\/page"}],"author":[{"embeddable":true,"href":"https:\/\/fsmcv.org\/vl\/wp-json\/wp\/v2\/users\/1"}],"replies":[{"embeddable":true,"href":"https:\/\/fsmcv.org\/vl\/wp-json\/wp\/v2\/comments?post=20638"}],"version-history":[{"count":0,"href":"https:\/\/fsmcv.org\/vl\/wp-json\/wp\/v2\/pages\/20638\/revisions"}],"up":[{"embeddable":true,"href":"https:\/\/fsmcv.org\/vl\/wp-json\/wp\/v2\/pages\/20683"}],"wp:featuredmedia":[{"embeddable":true,"href":"https:\/\/fsmcv.org\/vl\/wp-json\/wp\/v2\/media\/20091"}],"wp:attachment":[{"href":"https:\/\/fsmcv.org\/vl\/wp-json\/wp\/v2\/media?parent=20638"}],"curies":[{"name":"wp","href":"https:\/\/api.w.org\/{rel}","templated":true}]}}