{"id":20642,"date":"2020-10-05T06:26:59","date_gmt":"2020-10-05T04:26:59","guid":{"rendered":"https:\/\/fsmcv.org\/cd-dvd-19-xiv-programa-de-concerts-dintercanvis-musicals\/"},"modified":"2023-07-18T17:26:35","modified_gmt":"2023-07-18T15:26:35","slug":"cd-dvd-19-xiv-programa-de-concerts-dintercanvis-musicals","status":"publish","type":"page","link":"https:\/\/fsmcv.org\/vl\/segell-discografic\/cd-dvd-19-xiv-programa-de-concerts-dintercanvis-musicals\/","title":{"rendered":"XIV Programa De Concerts D\u00b4Intercanvis Musicals"},"content":{"rendered":"\t\t<div data-elementor-type=\"wp-page\" data-elementor-id=\"20642\" class=\"elementor elementor-20642 elementor-20439\" data-elementor-post-type=\"page\">\n\t\t\t\t\t\t<section class=\"elementor-section elementor-top-section elementor-element elementor-element-cd65a8c elementor-section-boxed elementor-section-height-default elementor-section-height-default\" data-id=\"cd65a8c\" data-element_type=\"section\" data-e-type=\"section\">\n\t\t\t\t\t\t\t<div class=\"elementor-background-overlay\"><\/div>\n\t\t\t\t\t\t\t<div class=\"elementor-container elementor-column-gap-default\">\n\t\t\t\t\t<div class=\"elementor-column elementor-col-100 elementor-top-column elementor-element elementor-element-6061fa49\" data-id=\"6061fa49\" data-element_type=\"column\" data-e-type=\"column\">\n\t\t\t<div class=\"elementor-widget-wrap elementor-element-populated\">\n\t\t\t\t\t\t<div class=\"elementor-element elementor-element-28a14e58 elementor-widget elementor-widget-heading\" data-id=\"28a14e58\" data-element_type=\"widget\" data-e-type=\"widget\" data-widget_type=\"heading.default\">\n\t\t\t\t<div class=\"elementor-widget-container\">\n\t\t\t\t\t<h1 class=\"elementor-heading-title elementor-size-default\">XIV Programa De Concerts D\u00b4Intercanvis Musicals<\/h1>\t\t\t\t<\/div>\n\t\t\t\t<\/div>\n\t\t\t\t\t<\/div>\n\t\t<\/div>\n\t\t\t\t\t<\/div>\n\t\t<\/section>\n\t\t\t\t<section class=\"elementor-section elementor-top-section elementor-element elementor-element-71cd6ec4 elementor-section-boxed elementor-section-height-default elementor-section-height-default\" data-id=\"71cd6ec4\" data-element_type=\"section\" data-e-type=\"section\">\n\t\t\t\t\t\t<div class=\"elementor-container elementor-column-gap-wide\">\n\t\t\t\t\t<div class=\"elementor-column elementor-col-50 elementor-top-column elementor-element elementor-element-30128fc8\" data-id=\"30128fc8\" data-element_type=\"column\" data-e-type=\"column\">\n\t\t\t<div class=\"elementor-widget-wrap elementor-element-populated\">\n\t\t\t\t\t\t<div class=\"elementor-element elementor-element-4ebc1f2f elementor-view-default elementor-position-block-start elementor-mobile-position-block-start elementor-widget elementor-widget-icon-box\" data-id=\"4ebc1f2f\" data-element_type=\"widget\" data-e-type=\"widget\" data-widget_type=\"icon-box.default\">\n\t\t\t\t<div class=\"elementor-widget-container\">\n\t\t\t\t\t\t\t<div class=\"elementor-icon-box-wrapper\">\n\n\t\t\t\t\t\t<div class=\"elementor-icon-box-icon\">\n\t\t\t\t<span  class=\"elementor-icon\">\n\t\t\t\t<i aria-hidden=\"true\" class=\"fas fa-compact-disc\"><\/i>\t\t\t\t<\/span>\n\t\t\t<\/div>\n\t\t\t\n\t\t\t\t\t\t<div class=\"elementor-icon-box-content\">\n\n\t\t\t\t\t\t\t\t\t<h2 class=\"elementor-icon-box-title\">\n\t\t\t\t\t\t<span  >\n\t\t\t\t\t\t\tXIV Programa De Concerts D\u00b4Intercanvis Musicals\t\t\t\t\t\t<\/span>\n\t\t\t\t\t<\/h2>\n\t\t\t\t\n\t\t\t\t\t\t\t\t\t<p class=\"elementor-icon-box-description\">\n\t\t\t\t\t\t\n\n\t\t\t\t\t<\/p>\n\t\t\t\t\n\t\t\t<\/div>\n\t\t\t\n\t\t<\/div>\n\t\t\t\t\t\t<\/div>\n\t\t\t\t<\/div>\n\t\t\t\t<div class=\"elementor-element elementor-element-36c7826f elementor-widget elementor-widget-image\" data-id=\"36c7826f\" data-element_type=\"widget\" data-e-type=\"widget\" data-widget_type=\"image.default\">\n\t\t\t\t<div class=\"elementor-widget-container\">\n\t\t\t\t\t\t\t\t\t\t\t\t\t\t\t<img fetchpriority=\"high\" decoding=\"async\" width=\"500\" height=\"500\" src=\"https:\/\/fsmcv.org\/wp-content\/uploads\/2020\/10\/CD-DVD-19-XIV-PROGRAMA-D\u00b4INTERCANVIS.jpg\" class=\"attachment-full size-full wp-image-20089\" alt=\"Portada CD\/DVD 19 XIV Programa De Conciertos de Intercambios Musicales\" srcset=\"https:\/\/fsmcv.org\/wp-content\/uploads\/2020\/10\/CD-DVD-19-XIV-PROGRAMA-D\u00b4INTERCANVIS.jpg 500w, https:\/\/fsmcv.org\/wp-content\/uploads\/2020\/10\/CD-DVD-19-XIV-PROGRAMA-D\u00b4INTERCANVIS-300x300.jpg 300w, https:\/\/fsmcv.org\/wp-content\/uploads\/2020\/10\/CD-DVD-19-XIV-PROGRAMA-D\u00b4INTERCANVIS-100x100.jpg 100w\" sizes=\"(max-width: 500px) 100vw, 500px\" title=\"\">\t\t\t\t\t\t\t\t\t\t\t\t\t\t\t<\/div>\n\t\t\t\t<\/div>\n\t\t\t\t<div class=\"elementor-element elementor-element-1e2b3ea9 elementor-align-center elementor-widget elementor-widget-button\" data-id=\"1e2b3ea9\" data-element_type=\"widget\" data-e-type=\"widget\" data-widget_type=\"button.default\">\n\t\t\t\t<div class=\"elementor-widget-container\">\n\t\t\t\t\t\t\t\t\t<div class=\"elementor-button-wrapper\">\n\t\t\t\t\t<a class=\"elementor-button elementor-button-link elementor-size-md\" href=\"https:\/\/fsmcv.org\/vl\/tenda\/discos\/jove-banda-simfonica-de-la-fsmcv\/cd-xiv-programa-de-concerts-dintercanvis-musicals-2017\/\">\n\t\t\t\t\t\t<span class=\"elementor-button-content-wrapper\">\n\t\t\t\t\t\t<span class=\"elementor-button-icon\">\n\t\t\t\t<i aria-hidden=\"true\" class=\"fas fa-arrow-right\"><\/i>\t\t\t<\/span>\n\t\t\t\t\t\t\t\t\t<span class=\"elementor-button-text\">Compra<\/span>\n\t\t\t\t\t<\/span>\n\t\t\t\t\t<\/a>\n\t\t\t\t<\/div>\n\t\t\t\t\t\t\t\t<\/div>\n\t\t\t\t<\/div>\n\t\t\t\t\t<\/div>\n\t\t<\/div>\n\t\t\t\t<div class=\"elementor-column elementor-col-50 elementor-top-column elementor-element elementor-element-443e8531\" data-id=\"443e8531\" data-element_type=\"column\" data-e-type=\"column\">\n\t\t\t<div class=\"elementor-widget-wrap elementor-element-populated\">\n\t\t\t\t\t\t<div class=\"elementor-element elementor-element-2d68be94 elementor-widget elementor-widget-text-editor\" data-id=\"2d68be94\" data-element_type=\"widget\" data-e-type=\"widget\" data-widget_type=\"text-editor.default\">\n\t\t\t\t<div class=\"elementor-widget-container\">\n\t\t\t\t\t\t\t\t\t<p>Val\u00e8ncia, 15 de octubre de 2017<\/p>\n<p>Palau de les Arts<\/p>\n<p><strong>Cont\u00e9:<\/strong><\/p>\n<p><strong>COR FEDERAL FECOCOVA<\/strong> i director JOSEP R. GIL-T\u00c0RREGA<\/p>\n<p>1. O SACRUM CONVIVIUM de Fernando Cabedo<br \/>2. NADA TE TURBE de R. S\u00e0nchez \u2013 Mombiedro<br \/>3. TRES CAN\u00c7ONS VALENCIANES de J.R. Gil- T\u00e0rrega.<\/p>\n<p><strong>METALLS I PERCUSSI\u00d3 DE LA JOVE BANDA SIMF\u00d2NICA FSMCV I COLLA FEDERAL FVDiT<\/strong> i director J.C. SEMPERE BOMBO\u00cd<\/p>\n<p>4. LLUNA D\u00b4ARGENT de J.C. Sempere Bombo\u00ed.<\/p>\n<p><strong>DOL\u00c7AINES FVDiT, JOVE BANDA SIMF\u00d2NICA FSMCV I GRUP DE BALL DE LA FFCV<\/strong> i director PERE VICALET<\/p>\n<p>5. MUIXERANGUES AL CEL de J.C. Sempere Bombo\u00ed.<\/p>\n<p><strong>GRUPS DE LA FFCV<\/strong><br \/>6. JOTA DE NAVAJAS \u2013 Popular<br \/>7. BOLERO PLA DE LA LLOSA DE RANES \u2013 Popular<br \/>8. CANT VALENCIA D\u00b4ESTIL \u2013 Popular<br \/>9. L\u00b4ANGUILA DE FIGUEROLES \u2013 Popular<br \/>10. BALL DE QUADRE DE BENIGANIM- Popular<\/p>\n<p><strong>JOVE BANDA SIMF\u00d2NICA FSMCV I COR PARTICIPATIU I DE XIQUETS FECOCOVA<\/strong> i director PERE VICALET<br \/>11. CARMINA BURANA de Carl Orff<\/p>\n<p><strong>\u00a1Escolta aquest CD en Spotify!<\/strong><\/p>\n<p><iframe title=\"Spotify Embed: XIV Programa de Concerts d&amp;apos;Intercanvis Musicals (En DIrecto)\" width=\"100%\" height=\"380\" frameborder=\"0\" allowfullscreen allow=\"autoplay; clipboard-write; encrypted-media; fullscreen; picture-in-picture\" src=\"https:\/\/open.spotify.com\/embed\/album\/5rU1bznqgmp3SRkPXTWaQb?si=Z2sELKJPSaSbwRoG_0eQIw&dl_branch=1\"><\/iframe><\/p>\n\t\t\t\t\t\t\t\t<\/div>\n\t\t\t\t<\/div>\n\t\t\t\t\t<\/div>\n\t\t<\/div>\n\t\t\t\t\t<\/div>\n\t\t<\/section>\n\t\t\t\t<\/div>\n\t\t","protected":false},"excerpt":{"rendered":"<p>Compra Val\u00e8ncia, 15 de octubre de 2017 Palau de les Arts Cont\u00e9: COR FEDERAL FECOCOVA i director JOSEP R. GIL-T\u00c0RREGA 1. O SACRUM CONVIVIUM de Fernando Cabedo2. NADA TE TURBE de R. S\u00e0nchez \u2013 Mombiedro3. TRES CAN\u00c7ONS VALENCIANES de J.R. Gil- T\u00e0rrega. METALLS I PERCUSSI\u00d3 DE LA JOVE BANDA SIMF\u00d2NICA FSMCV I COLLA FEDERAL FVDiT [&hellip;]<\/p>\n","protected":false},"author":1,"featured_media":20089,"parent":20683,"menu_order":19,"comment_status":"closed","ping_status":"closed","template":"elementor_header_footer","meta":{"footnotes":""},"class_list":["post-20642","page","type-page","status-publish","has-post-thumbnail","hentry"],"_links":{"self":[{"href":"https:\/\/fsmcv.org\/vl\/wp-json\/wp\/v2\/pages\/20642","targetHints":{"allow":["GET"]}}],"collection":[{"href":"https:\/\/fsmcv.org\/vl\/wp-json\/wp\/v2\/pages"}],"about":[{"href":"https:\/\/fsmcv.org\/vl\/wp-json\/wp\/v2\/types\/page"}],"author":[{"embeddable":true,"href":"https:\/\/fsmcv.org\/vl\/wp-json\/wp\/v2\/users\/1"}],"replies":[{"embeddable":true,"href":"https:\/\/fsmcv.org\/vl\/wp-json\/wp\/v2\/comments?post=20642"}],"version-history":[{"count":0,"href":"https:\/\/fsmcv.org\/vl\/wp-json\/wp\/v2\/pages\/20642\/revisions"}],"up":[{"embeddable":true,"href":"https:\/\/fsmcv.org\/vl\/wp-json\/wp\/v2\/pages\/20683"}],"wp:featuredmedia":[{"embeddable":true,"href":"https:\/\/fsmcv.org\/vl\/wp-json\/wp\/v2\/media\/20089"}],"wp:attachment":[{"href":"https:\/\/fsmcv.org\/vl\/wp-json\/wp\/v2\/media?parent=20642"}],"curies":[{"name":"wp","href":"https:\/\/api.w.org\/{rel}","templated":true}]}}