{"id":20645,"date":"2020-10-05T06:21:19","date_gmt":"2020-10-05T04:21:19","guid":{"rendered":"https:\/\/fsmcv.org\/cd-20-xli-certamen-provincial-de-bandes-de-musica\/"},"modified":"2021-10-11T18:48:15","modified_gmt":"2021-10-11T16:48:15","slug":"cd-20-xli-certamen-provincial-de-bandes-de-musica","status":"publish","type":"page","link":"https:\/\/fsmcv.org\/vl\/segell-discografic\/cd-20-xli-certamen-provincial-de-bandes-de-musica\/","title":{"rendered":"XLI Certamen Provincial De Bandas De M\u00fasica De Castell\u00f3n"},"content":{"rendered":"\t\t<div data-elementor-type=\"wp-page\" data-elementor-id=\"20645\" class=\"elementor elementor-20645 elementor-20434\" data-elementor-post-type=\"page\">\n\t\t\t\t\t\t<section class=\"elementor-section elementor-top-section elementor-element elementor-element-1cd57f0a elementor-section-boxed elementor-section-height-default elementor-section-height-default\" data-id=\"1cd57f0a\" data-element_type=\"section\" data-e-type=\"section\">\n\t\t\t\t\t\t\t<div class=\"elementor-background-overlay\"><\/div>\n\t\t\t\t\t\t\t<div class=\"elementor-container elementor-column-gap-default\">\n\t\t\t\t\t<div class=\"elementor-column elementor-col-100 elementor-top-column elementor-element elementor-element-7428039c\" data-id=\"7428039c\" data-element_type=\"column\" data-e-type=\"column\">\n\t\t\t<div class=\"elementor-widget-wrap elementor-element-populated\">\n\t\t\t\t\t\t<div class=\"elementor-element elementor-element-4f0bd3b0 elementor-widget elementor-widget-heading\" data-id=\"4f0bd3b0\" data-element_type=\"widget\" data-e-type=\"widget\" data-widget_type=\"heading.default\">\n\t\t\t\t<div class=\"elementor-widget-container\">\n\t\t\t\t\t<h1 class=\"elementor-heading-title elementor-size-default\">XLI Certamen Provincial De Bandas De M\u00fasica De Castell\u00f3n<\/h1>\t\t\t\t<\/div>\n\t\t\t\t<\/div>\n\t\t\t\t\t<\/div>\n\t\t<\/div>\n\t\t\t\t\t<\/div>\n\t\t<\/section>\n\t\t\t\t<section class=\"elementor-section elementor-top-section elementor-element elementor-element-408d32c9 elementor-section-boxed elementor-section-height-default elementor-section-height-default\" data-id=\"408d32c9\" data-element_type=\"section\" data-e-type=\"section\">\n\t\t\t\t\t\t<div class=\"elementor-container elementor-column-gap-wide\">\n\t\t\t\t\t<div class=\"elementor-column elementor-col-50 elementor-top-column elementor-element elementor-element-7ae73889\" data-id=\"7ae73889\" data-element_type=\"column\" data-e-type=\"column\">\n\t\t\t<div class=\"elementor-widget-wrap elementor-element-populated\">\n\t\t\t\t\t\t<div class=\"elementor-element elementor-element-a6ee238 elementor-view-default elementor-position-block-start elementor-mobile-position-block-start elementor-widget elementor-widget-icon-box\" data-id=\"a6ee238\" data-element_type=\"widget\" data-e-type=\"widget\" data-widget_type=\"icon-box.default\">\n\t\t\t\t<div class=\"elementor-widget-container\">\n\t\t\t\t\t\t\t<div class=\"elementor-icon-box-wrapper\">\n\n\t\t\t\t\t\t<div class=\"elementor-icon-box-icon\">\n\t\t\t\t<span  class=\"elementor-icon\">\n\t\t\t\t<i aria-hidden=\"true\" class=\"fas fa-compact-disc\"><\/i>\t\t\t\t<\/span>\n\t\t\t<\/div>\n\t\t\t\n\t\t\t\t\t\t<div class=\"elementor-icon-box-content\">\n\n\t\t\t\t\t\t\t\t\t<h2 class=\"elementor-icon-box-title\">\n\t\t\t\t\t\t<span  >\n\t\t\t\t\t\t\tXLI Certamen Provincial De Bandas De M\u00fasica De Castell\u00f3n\t\t\t\t\t\t<\/span>\n\t\t\t\t\t<\/h2>\n\t\t\t\t\n\t\t\t\t\t\t\t\t\t<p class=\"elementor-icon-box-description\">\n\t\t\t\t\t\t\n\n\t\t\t\t\t<\/p>\n\t\t\t\t\n\t\t\t<\/div>\n\t\t\t\n\t\t<\/div>\n\t\t\t\t\t\t<\/div>\n\t\t\t\t<\/div>\n\t\t\t\t<div class=\"elementor-element elementor-element-7f1f252c elementor-widget elementor-widget-image\" data-id=\"7f1f252c\" data-element_type=\"widget\" data-e-type=\"widget\" data-widget_type=\"image.default\">\n\t\t\t\t<div class=\"elementor-widget-container\">\n\t\t\t\t\t\t\t\t\t\t\t\t\t\t\t<img fetchpriority=\"high\" decoding=\"async\" width=\"500\" height=\"500\" src=\"https:\/\/fsmcv.org\/wp-content\/uploads\/2020\/10\/CD-20-XLI-CERTAMEN-PRONVINCIAL-DE-BANDES-DE-MUSICA.jpg\" class=\"attachment-full size-full wp-image-20087\" alt=\"CD 20 XLI Certamen Provincial De Bandas De M\u00fasica\" srcset=\"https:\/\/fsmcv.org\/wp-content\/uploads\/2020\/10\/CD-20-XLI-CERTAMEN-PRONVINCIAL-DE-BANDES-DE-MUSICA.jpg 500w, https:\/\/fsmcv.org\/wp-content\/uploads\/2020\/10\/CD-20-XLI-CERTAMEN-PRONVINCIAL-DE-BANDES-DE-MUSICA-300x300.jpg 300w, https:\/\/fsmcv.org\/wp-content\/uploads\/2020\/10\/CD-20-XLI-CERTAMEN-PRONVINCIAL-DE-BANDES-DE-MUSICA-100x100.jpg 100w\" sizes=\"(max-width: 500px) 100vw, 500px\" title=\"\">\t\t\t\t\t\t\t\t\t\t\t\t\t\t\t<\/div>\n\t\t\t\t<\/div>\n\t\t\t\t<div class=\"elementor-element elementor-element-59ef34fc elementor-align-center elementor-widget elementor-widget-button\" data-id=\"59ef34fc\" data-element_type=\"widget\" data-e-type=\"widget\" data-widget_type=\"button.default\">\n\t\t\t\t<div class=\"elementor-widget-container\">\n\t\t\t\t\t\t\t\t\t<div class=\"elementor-button-wrapper\">\n\t\t\t\t\t<a class=\"elementor-button elementor-button-link elementor-size-md\" href=\"https:\/\/fsmcv.org\/vl\/segell-discografic\/\">\n\t\t\t\t\t\t<span class=\"elementor-button-content-wrapper\">\n\t\t\t\t\t\t<span class=\"elementor-button-icon\">\n\t\t\t\t<i aria-hidden=\"true\" class=\"fas fa-arrow-right\"><\/i>\t\t\t<\/span>\n\t\t\t\t\t\t\t\t\t<span class=\"elementor-button-text\">Segell discogr\u00e0fic<\/span>\n\t\t\t\t\t<\/span>\n\t\t\t\t\t<\/a>\n\t\t\t\t<\/div>\n\t\t\t\t\t\t\t\t<\/div>\n\t\t\t\t<\/div>\n\t\t\t\t\t<\/div>\n\t\t<\/div>\n\t\t\t\t<div class=\"elementor-column elementor-col-50 elementor-top-column elementor-element elementor-element-10a7fbef\" data-id=\"10a7fbef\" data-element_type=\"column\" data-e-type=\"column\">\n\t\t\t<div class=\"elementor-widget-wrap elementor-element-populated\">\n\t\t\t\t\t\t<div class=\"elementor-element elementor-element-396aa0b1 elementor-widget elementor-widget-text-editor\" data-id=\"396aa0b1\" data-element_type=\"widget\" data-e-type=\"widget\" data-widget_type=\"text-editor.default\">\n\t\t\t\t<div class=\"elementor-widget-container\">\n\t\t\t\t\t\t\t\t\t<p>28 i 29 d\u00b4abril de 2018<\/p>\n<p>Auditori y Palau de Congressos de Castell\u00f3<\/p>\n<p><strong>Cont\u00e9:<\/strong><\/p>\n<p><span style=\"text-decoration: underline;\"><strong>CD1:<\/strong><\/span><\/p>\n<p><strong>ASSOCIACI\u00d3 MUSICAL CIUTAT DE BENICARL\u00d3<\/strong><\/p>\n<p>(1\u00ba Premi i MH Primera secci\u00f3)<\/p>\n<p>Director PABLO ANGL\u00c9S GALINDO <\/p>\n<p>1. ANCHA ES CASTILLA de Antonio Ruda<br \/>2. EL COMPOSITOR DE TORMENTAS de Jos\u00e9 Ignacio Blesa<\/p>\n<p><strong>SOCIEDAD ART\u00cdSTICO MUSICAL DE CASTELLNOVO<\/strong><\/p>\n<p>(1\u00ba Premi i MH Tercera secci\u00f3)<\/p>\n<p>Director RICARDO BOL\u00d3S P\u00c9REZ<\/p>\n<p>3. SINFONIETTA de Juan Luis Roig<br \/>4. VAN GOGH PORTRAITS de Aldo Rafael Forte<\/p>\n<p><span style=\"text-decoration: underline;\"><strong>CD2:<\/strong><\/span><\/p>\n<p><strong>UNI\u00d3 INSTRUCTIVO MUSICAL \u201cLA ESMERALDA\u201d D\u00b4ALMASSORA <\/strong><\/p>\n<p>(1\u00ba Premi i MH Segona secci\u00f3)<\/p>\n<p>Director Victor Alapont <\/p>\n<p>1. CASTELLO de Bernardo Adam Ferrero<br \/>2. EXPEDITION de Oscar Navarro<\/p>\n<p><strong>SOCIETAT MUSICAL DE GELDO <\/strong><\/p>\n<p>(1\u00ba Premi i MH Cuarta secci\u00f3)<\/p>\n<p>Director Salvador Andr\u00e9s Rivas Gil <br \/>3. ARGENTOLA de David Rivas<br \/>4. THE GOSTH SHIP de Jos\u00e9 Alberto Pina<\/p>\n<p><strong>ASSOCIACI\u00d3 MUSICAL CAST\u00c0LIA DE CASTELL\u00d3 <\/strong><\/p>\n<p>(2\u00aa Premi Cuarta secci\u00f3) <\/p>\n<p>Directora Norma Comes Vidal <\/p>\n<p>5. THE LEGEND OF MARACAIBO de Jos\u00e9 Alberto Pina<\/p>\n<p><span style=\"text-decoration: underline;\"><strong>CD3:<\/strong><\/span><\/p>\n<p><strong>ASSOCIACI\u00d3 UNI\u00d3 MUSICAL I CULTURAL ALTURANA D\u00b4ALTURA <\/strong><\/p>\n<p>(2\u00ba Premi Segona secci\u00f3)<\/p>\n<p>Director \u00c1lvaro G\u00f3me G\u00f3mez <\/p>\n<p>1. HUYTURAM de Ferr\u00e1n Sanch\u00eds<\/p>\n<p><strong>SOCIEDAD MUSICAL Y CULTURAL ATOBESA DE J\u00c9RICA<\/strong><\/p>\n<p>(2\u00aa Premi Segona secci\u00f3)<\/p>\n<p>Director Rafael Dom\u00e9nech P\u00e9rez <br \/>2. S. XIII de Rafael Dom\u00e9nech<\/p>\n<p><strong>ASSOCIACI\u00d3 MUSICAL ART\u00cdSTICA NULENSE DE NULES <\/strong><\/p>\n<p>(2\u00aa Premi Segona secci\u00f3) Director Antonio Reyero Vilar<\/p>\n<p>3. THEATRUM de Fco. Director Jos\u00e9 Mart\u00ednez<\/p>\n<p><strong>UNI\u00d3 MUSICAL DE VILAFRANCA <\/strong><\/p>\n<p>Director Pau Monfort Pitarch<br \/>4. TRES FANFARRIES PER A ORQUESTRA de John Adams<\/p>\n<p><strong>UNI\u00d3N MUSICAL LA LIRA BORRIOLENCA DE BORRIOL <\/strong><\/p>\n<p>(1\u00aa Premi Tercera secci\u00f3) <\/p>\n<p>Director \u00c1ngel Mart\u00ednez Cruz<\/p>\n<p>5. ASTROFISICA de Juan Gonzalo G\u00f3mez Deval<\/p>\n<p><strong>\u00a1Escolta aquest CD en Spotify!<\/strong><\/p>\n<p><iframe title=\"Spotify Embed: XLI Certamen Provincial de Bandes de M\u00fasica (En Directo)\" width=\"100%\" height=\"380\" frameborder=\"0\" allowfullscreen allow=\"autoplay; clipboard-write; encrypted-media; fullscreen; picture-in-picture\" src=\"https:\/\/open.spotify.com\/embed\/album\/69wKSXRPLaFz7V1BQJb8Jy?si=1KzdfYUYTfmxqzdyDxpxkg&dl_branch=1\"><\/iframe><\/p>\n\t\t\t\t\t\t\t\t<\/div>\n\t\t\t\t<\/div>\n\t\t\t\t\t<\/div>\n\t\t<\/div>\n\t\t\t\t\t<\/div>\n\t\t<\/section>\n\t\t\t\t<\/div>\n\t\t","protected":false},"excerpt":{"rendered":"<p>Segell discogr\u00e0fic 28 i 29 d\u00b4abril de 2018 Auditori y Palau de Congressos de Castell\u00f3 Cont\u00e9: CD1: ASSOCIACI\u00d3 MUSICAL CIUTAT DE BENICARL\u00d3 (1\u00ba Premi i MH Primera secci\u00f3) Director PABLO ANGL\u00c9S GALINDO 1. ANCHA ES CASTILLA de Antonio Ruda2. EL COMPOSITOR DE TORMENTAS de Jos\u00e9 Ignacio Blesa SOCIEDAD ART\u00cdSTICO MUSICAL DE CASTELLNOVO (1\u00ba Premi i [&hellip;]<\/p>\n","protected":false},"author":1,"featured_media":20087,"parent":20683,"menu_order":20,"comment_status":"closed","ping_status":"closed","template":"elementor_header_footer","meta":{"footnotes":""},"class_list":["post-20645","page","type-page","status-publish","has-post-thumbnail","hentry"],"_links":{"self":[{"href":"https:\/\/fsmcv.org\/vl\/wp-json\/wp\/v2\/pages\/20645","targetHints":{"allow":["GET"]}}],"collection":[{"href":"https:\/\/fsmcv.org\/vl\/wp-json\/wp\/v2\/pages"}],"about":[{"href":"https:\/\/fsmcv.org\/vl\/wp-json\/wp\/v2\/types\/page"}],"author":[{"embeddable":true,"href":"https:\/\/fsmcv.org\/vl\/wp-json\/wp\/v2\/users\/1"}],"replies":[{"embeddable":true,"href":"https:\/\/fsmcv.org\/vl\/wp-json\/wp\/v2\/comments?post=20645"}],"version-history":[{"count":0,"href":"https:\/\/fsmcv.org\/vl\/wp-json\/wp\/v2\/pages\/20645\/revisions"}],"up":[{"embeddable":true,"href":"https:\/\/fsmcv.org\/vl\/wp-json\/wp\/v2\/pages\/20683"}],"wp:featuredmedia":[{"embeddable":true,"href":"https:\/\/fsmcv.org\/vl\/wp-json\/wp\/v2\/media\/20087"}],"wp:attachment":[{"href":"https:\/\/fsmcv.org\/vl\/wp-json\/wp\/v2\/media?parent=20645"}],"curies":[{"name":"wp","href":"https:\/\/api.w.org\/{rel}","templated":true}]}}