{"id":20653,"date":"2020-10-05T06:13:18","date_gmt":"2020-10-05T04:13:18","guid":{"rendered":"https:\/\/fsmcv.org\/cd-22-musica-per-al-poble-de-sant-joan-vol-1\/"},"modified":"2021-10-11T18:20:10","modified_gmt":"2021-10-11T16:20:10","slug":"cd-22-musica-per-al-poble-de-sant-joan-vol-1","status":"publish","type":"page","link":"https:\/\/fsmcv.org\/vl\/segell-discografic\/cd-22-musica-per-al-poble-de-sant-joan-vol-1\/","title":{"rendered":"MUSICA PER AL POBLE DE SANT JOAN VOL.2"},"content":{"rendered":"\t\t<div data-elementor-type=\"wp-page\" data-elementor-id=\"20653\" class=\"elementor elementor-20653 elementor-20422\" data-elementor-post-type=\"page\">\n\t\t\t\t\t\t<section class=\"elementor-section elementor-top-section elementor-element elementor-element-38167a91 elementor-section-boxed elementor-section-height-default elementor-section-height-default\" data-id=\"38167a91\" data-element_type=\"section\" data-e-type=\"section\">\n\t\t\t\t\t\t\t<div class=\"elementor-background-overlay\"><\/div>\n\t\t\t\t\t\t\t<div class=\"elementor-container elementor-column-gap-default\">\n\t\t\t\t\t<div class=\"elementor-column elementor-col-100 elementor-top-column elementor-element elementor-element-35e4d844\" data-id=\"35e4d844\" data-element_type=\"column\" data-e-type=\"column\">\n\t\t\t<div class=\"elementor-widget-wrap elementor-element-populated\">\n\t\t\t\t\t\t<div class=\"elementor-element elementor-element-70fb5878 elementor-widget elementor-widget-heading\" data-id=\"70fb5878\" data-element_type=\"widget\" data-e-type=\"widget\" data-widget_type=\"heading.default\">\n\t\t\t\t<div class=\"elementor-widget-container\">\n\t\t\t\t\t<h1 class=\"elementor-heading-title elementor-size-default\"><span style=\"color: var( --e-global-color-text );white-space: normal\">M\u00daSICA PER AL POBLE DE SANT JOAN VOL. 2<\/span><\/h1>\t\t\t\t<\/div>\n\t\t\t\t<\/div>\n\t\t\t\t\t<\/div>\n\t\t<\/div>\n\t\t\t\t\t<\/div>\n\t\t<\/section>\n\t\t\t\t<section class=\"elementor-section elementor-top-section elementor-element elementor-element-4dfb5cc7 elementor-section-boxed elementor-section-height-default elementor-section-height-default\" data-id=\"4dfb5cc7\" data-element_type=\"section\" data-e-type=\"section\">\n\t\t\t\t\t\t<div class=\"elementor-container elementor-column-gap-wide\">\n\t\t\t\t\t<div class=\"elementor-column elementor-col-50 elementor-top-column elementor-element elementor-element-4964d5c1\" data-id=\"4964d5c1\" data-element_type=\"column\" data-e-type=\"column\">\n\t\t\t<div class=\"elementor-widget-wrap elementor-element-populated\">\n\t\t\t\t\t\t<div class=\"elementor-element elementor-element-591ffa4e elementor-view-default elementor-position-block-start elementor-mobile-position-block-start elementor-widget elementor-widget-icon-box\" data-id=\"591ffa4e\" data-element_type=\"widget\" data-e-type=\"widget\" data-widget_type=\"icon-box.default\">\n\t\t\t\t<div class=\"elementor-widget-container\">\n\t\t\t\t\t\t\t<div class=\"elementor-icon-box-wrapper\">\n\n\t\t\t\t\t\t<div class=\"elementor-icon-box-icon\">\n\t\t\t\t<span  class=\"elementor-icon\">\n\t\t\t\t<i aria-hidden=\"true\" class=\"fas fa-compact-disc\"><\/i>\t\t\t\t<\/span>\n\t\t\t<\/div>\n\t\t\t\n\t\t\t\t\t\t<div class=\"elementor-icon-box-content\">\n\n\t\t\t\t\t\t\t\t\t<h2 class=\"elementor-icon-box-title\">\n\t\t\t\t\t\t<span  >\n\t\t\t\t\t\t\tM\u00daSICA PER AL POBLE DE SANT JOAN VOL. 2\t\t\t\t\t\t<\/span>\n\t\t\t\t\t<\/h2>\n\t\t\t\t\n\t\t\t\t\t\t\t\t\t<p class=\"elementor-icon-box-description\">\n\t\t\t\t\t\t\n\n\t\t\t\t\t<\/p>\n\t\t\t\t\n\t\t\t<\/div>\n\t\t\t\n\t\t<\/div>\n\t\t\t\t\t\t<\/div>\n\t\t\t\t<\/div>\n\t\t\t\t<div class=\"elementor-element elementor-element-692866bb elementor-widget elementor-widget-image\" data-id=\"692866bb\" data-element_type=\"widget\" data-e-type=\"widget\" data-widget_type=\"image.default\">\n\t\t\t\t<div class=\"elementor-widget-container\">\n\t\t\t\t\t\t\t\t\t\t\t\t\t\t\t<img fetchpriority=\"high\" decoding=\"async\" width=\"601\" height=\"599\" src=\"https:\/\/fsmcv.org\/wp-content\/uploads\/2021\/08\/CD-27-Musica-per-al-poble-de-Sant-Joan-VOL-2.jpg\" class=\"attachment-full size-full wp-image-40893\" alt=\"\" srcset=\"https:\/\/fsmcv.org\/wp-content\/uploads\/2021\/08\/CD-27-Musica-per-al-poble-de-Sant-Joan-VOL-2.jpg 601w, https:\/\/fsmcv.org\/wp-content\/uploads\/2021\/08\/CD-27-Musica-per-al-poble-de-Sant-Joan-VOL-2-300x300.jpg 300w, https:\/\/fsmcv.org\/wp-content\/uploads\/2021\/08\/CD-27-Musica-per-al-poble-de-Sant-Joan-VOL-2-100x100.jpg 100w\" sizes=\"(max-width: 601px) 100vw, 601px\" title=\"\">\t\t\t\t\t\t\t\t\t\t\t\t\t\t\t<\/div>\n\t\t\t\t<\/div>\n\t\t\t\t<div class=\"elementor-element elementor-element-3e2999db elementor-align-center elementor-widget elementor-widget-button\" data-id=\"3e2999db\" data-element_type=\"widget\" data-e-type=\"widget\" data-widget_type=\"button.default\">\n\t\t\t\t<div class=\"elementor-widget-container\">\n\t\t\t\t\t\t\t\t\t<div class=\"elementor-button-wrapper\">\n\t\t\t\t\t<a class=\"elementor-button elementor-button-link elementor-size-md\" href=\"https:\/\/fsmcv.org\/vl\/segell-discografic\/\">\n\t\t\t\t\t\t<span class=\"elementor-button-content-wrapper\">\n\t\t\t\t\t\t<span class=\"elementor-button-icon\">\n\t\t\t\t<i aria-hidden=\"true\" class=\"fas fa-arrow-right\"><\/i>\t\t\t<\/span>\n\t\t\t\t\t\t\t\t\t<span class=\"elementor-button-text\">Segell discogr\u00e0fic<\/span>\n\t\t\t\t\t<\/span>\n\t\t\t\t\t<\/a>\n\t\t\t\t<\/div>\n\t\t\t\t\t\t\t\t<\/div>\n\t\t\t\t<\/div>\n\t\t\t\t\t<\/div>\n\t\t<\/div>\n\t\t\t\t<div class=\"elementor-column elementor-col-50 elementor-top-column elementor-element elementor-element-4d86249e\" data-id=\"4d86249e\" data-element_type=\"column\" data-e-type=\"column\">\n\t\t\t<div class=\"elementor-widget-wrap elementor-element-populated\">\n\t\t\t\t\t\t<div class=\"elementor-element elementor-element-1d3308c6 elementor-widget elementor-widget-text-editor\" data-id=\"1d3308c6\" data-element_type=\"widget\" data-e-type=\"widget\" data-widget_type=\"text-editor.default\">\n\t\t\t\t<div class=\"elementor-widget-container\">\n\t\t\t\t\t\t\t\t\t<p><span style=\"text-decoration: underline;\"><strong>Sociedad Musical La Paz De Sant Joan D\u00b4Alacant<\/strong><\/span><\/p>\n<p><strong>Cont\u00e9:<\/strong><\/p>\n<p><span style=\"text-decoration: underline;\">CD1:<\/span><\/p>\n<p>1. CAPRICHO LEVANTINO de Pablo Olivas Marco.<\/p>\n<p>2. LA ROSA DEL DESIERTO de F. Jos\u00e9 Mart\u00ednez Gallego.<\/p>\n<p>IRIDISCENCIAS SINF\u00d3NICAS de Amando Blanquer Ponsoda:<\/p>\n<p>3. Hoqueto.<\/p>\n<p>4. Intermedio.<\/p>\n<p>5. Ricecar.<\/p>\n<p>6. D\u00b4UN PASSAT EN PRESENT de Ildefonso San Crist\u00f3bal Ferriz.<\/p>\n<p>7. LA LEY DEL SILENCIO de Leonard Bernstein (arreglo de Emilio Cant\u00f3).<\/p>\n<p><span style=\"text-decoration: underline;\">C2:<\/span><\/p>\n<p>1. TERCIO DE QUITES de Rafael Talens Pell\u00f3.<\/p>\n<p>2. SINFON\u00cdA EN SI MENOR (INACABADA), D.759 de FranzSchubert.<\/p>\n<p>3. CONCIERTO PARA PIANO Y ORQUESTA N\u00ba5 EM MIb MAYOR OP.73 de Ludwig van Beethoven.<\/p>\n<p>4. MUSICAL APOLO de Amando Balnquer<\/p>\n<p><strong>Directors:<\/strong><\/p>\n<p>Joan A. Espinosa Zaragoza \u2013 Director titular y art\u00edstic de la societat musical La Paz.<\/p>\n<p><strong>\u00a1Escolta aquest CD en Spotify!<\/strong><\/p>\n<p><iframe title=\"Spotify Embed: M\u00fasica per al Poble de Sant Joan, Vol. 2 (En Directo)\" width=\"100%\" height=\"380\" frameborder=\"0\" allowfullscreen allow=\"autoplay; clipboard-write; encrypted-media; fullscreen; picture-in-picture\" src=\"https:\/\/open.spotify.com\/embed\/album\/3l4mgv0hiQy2COrg2Kd7NF?si=3YvHae_pTS2ZZjVgCN59Ug&dl_branch=1\"><\/iframe><\/p>\n\t\t\t\t\t\t\t\t<\/div>\n\t\t\t\t<\/div>\n\t\t\t\t\t<\/div>\n\t\t<\/div>\n\t\t\t\t\t<\/div>\n\t\t<\/section>\n\t\t\t\t<\/div>\n\t\t","protected":false},"excerpt":{"rendered":"<p>M\u00daSICA PER AL POBLE DE SANT JOAN VOL. 2 M\u00daSICA PER AL POBLE DE SANT JOAN VOL. 2 Segell discogr\u00e0fic Sociedad Musical La Paz De Sant Joan D\u00b4Alacant Cont\u00e9: CD1: 1. CAPRICHO LEVANTINO de Pablo Olivas Marco. 2. LA ROSA DEL DESIERTO de F. Jos\u00e9 Mart\u00ednez Gallego. IRIDISCENCIAS SINF\u00d3NICAS de Amando Blanquer Ponsoda: 3. Hoqueto. [&hellip;]<\/p>\n","protected":false},"author":1,"featured_media":40893,"parent":20683,"menu_order":22,"comment_status":"closed","ping_status":"closed","template":"elementor_header_footer","meta":{"footnotes":""},"class_list":["post-20653","page","type-page","status-publish","has-post-thumbnail","hentry"],"_links":{"self":[{"href":"https:\/\/fsmcv.org\/vl\/wp-json\/wp\/v2\/pages\/20653","targetHints":{"allow":["GET"]}}],"collection":[{"href":"https:\/\/fsmcv.org\/vl\/wp-json\/wp\/v2\/pages"}],"about":[{"href":"https:\/\/fsmcv.org\/vl\/wp-json\/wp\/v2\/types\/page"}],"author":[{"embeddable":true,"href":"https:\/\/fsmcv.org\/vl\/wp-json\/wp\/v2\/users\/1"}],"replies":[{"embeddable":true,"href":"https:\/\/fsmcv.org\/vl\/wp-json\/wp\/v2\/comments?post=20653"}],"version-history":[{"count":0,"href":"https:\/\/fsmcv.org\/vl\/wp-json\/wp\/v2\/pages\/20653\/revisions"}],"up":[{"embeddable":true,"href":"https:\/\/fsmcv.org\/vl\/wp-json\/wp\/v2\/pages\/20683"}],"wp:featuredmedia":[{"embeddable":true,"href":"https:\/\/fsmcv.org\/vl\/wp-json\/wp\/v2\/media\/40893"}],"wp:attachment":[{"href":"https:\/\/fsmcv.org\/vl\/wp-json\/wp\/v2\/media?parent=20653"}],"curies":[{"name":"wp","href":"https:\/\/api.w.org\/{rel}","templated":true}]}}