{"id":20657,"date":"2020-10-05T06:05:47","date_gmt":"2020-10-05T04:05:47","guid":{"rendered":"https:\/\/fsmcv.org\/cd-23-xlii-certamen-provincial-de-bandes-de-musica\/"},"modified":"2021-10-11T18:48:04","modified_gmt":"2021-10-11T16:48:04","slug":"cd-23-xlii-certamen-provincial-de-bandes-de-musica","status":"publish","type":"page","link":"https:\/\/fsmcv.org\/vl\/segell-discografic\/cd-23-xlii-certamen-provincial-de-bandes-de-musica\/","title":{"rendered":"XLII Certamen Provincial De Bandes De M\u00fasica De Castell\u00f3"},"content":{"rendered":"\t\t<div data-elementor-type=\"wp-page\" data-elementor-id=\"20657\" class=\"elementor elementor-20657 elementor-20414\" data-elementor-post-type=\"page\">\n\t\t\t\t\t\t<section class=\"elementor-section elementor-top-section elementor-element elementor-element-486452fc elementor-section-boxed elementor-section-height-default elementor-section-height-default\" data-id=\"486452fc\" data-element_type=\"section\" data-e-type=\"section\">\n\t\t\t\t\t\t\t<div class=\"elementor-background-overlay\"><\/div>\n\t\t\t\t\t\t\t<div class=\"elementor-container elementor-column-gap-default\">\n\t\t\t\t\t<div class=\"elementor-column elementor-col-100 elementor-top-column elementor-element elementor-element-78b4d31b\" data-id=\"78b4d31b\" data-element_type=\"column\" data-e-type=\"column\">\n\t\t\t<div class=\"elementor-widget-wrap elementor-element-populated\">\n\t\t\t\t\t\t<div class=\"elementor-element elementor-element-6f4ab396 elementor-widget elementor-widget-heading\" data-id=\"6f4ab396\" data-element_type=\"widget\" data-e-type=\"widget\" data-widget_type=\"heading.default\">\n\t\t\t\t<div class=\"elementor-widget-container\">\n\t\t\t\t\t<h1 class=\"elementor-heading-title elementor-size-default\">XLII Certamen Provincial De Bandes De M\u00fasica De Castell\u00f3<\/h1>\t\t\t\t<\/div>\n\t\t\t\t<\/div>\n\t\t\t\t\t<\/div>\n\t\t<\/div>\n\t\t\t\t\t<\/div>\n\t\t<\/section>\n\t\t\t\t<section class=\"elementor-section elementor-top-section elementor-element elementor-element-1b87debb elementor-section-boxed elementor-section-height-default elementor-section-height-default\" data-id=\"1b87debb\" data-element_type=\"section\" data-e-type=\"section\">\n\t\t\t\t\t\t<div class=\"elementor-container elementor-column-gap-wide\">\n\t\t\t\t\t<div class=\"elementor-column elementor-col-50 elementor-top-column elementor-element elementor-element-7f441cbd\" data-id=\"7f441cbd\" data-element_type=\"column\" data-e-type=\"column\">\n\t\t\t<div class=\"elementor-widget-wrap elementor-element-populated\">\n\t\t\t\t\t\t<div class=\"elementor-element elementor-element-7b951021 elementor-view-default elementor-position-block-start elementor-mobile-position-block-start elementor-widget elementor-widget-icon-box\" data-id=\"7b951021\" data-element_type=\"widget\" data-e-type=\"widget\" data-widget_type=\"icon-box.default\">\n\t\t\t\t<div class=\"elementor-widget-container\">\n\t\t\t\t\t\t\t<div class=\"elementor-icon-box-wrapper\">\n\n\t\t\t\t\t\t<div class=\"elementor-icon-box-icon\">\n\t\t\t\t<span  class=\"elementor-icon\">\n\t\t\t\t<i aria-hidden=\"true\" class=\"fas fa-compact-disc\"><\/i>\t\t\t\t<\/span>\n\t\t\t<\/div>\n\t\t\t\n\t\t\t\t\t\t<div class=\"elementor-icon-box-content\">\n\n\t\t\t\t\t\t\t\t\t<h2 class=\"elementor-icon-box-title\">\n\t\t\t\t\t\t<span  >\n\t\t\t\t\t\t\tXLII Certamen Provincial De Bandes De M\u00fasica De Castell\u00f3\t\t\t\t\t\t<\/span>\n\t\t\t\t\t<\/h2>\n\t\t\t\t\n\t\t\t\t\t\t\t\t\t<p class=\"elementor-icon-box-description\">\n\t\t\t\t\t\t\n\n\t\t\t\t\t<\/p>\n\t\t\t\t\n\t\t\t<\/div>\n\t\t\t\n\t\t<\/div>\n\t\t\t\t\t\t<\/div>\n\t\t\t\t<\/div>\n\t\t\t\t<div class=\"elementor-element elementor-element-62c2b059 elementor-widget elementor-widget-image\" data-id=\"62c2b059\" data-element_type=\"widget\" data-e-type=\"widget\" data-widget_type=\"image.default\">\n\t\t\t\t<div class=\"elementor-widget-container\">\n\t\t\t\t\t\t\t\t\t\t\t\t\t\t\t<img fetchpriority=\"high\" decoding=\"async\" width=\"500\" height=\"500\" src=\"https:\/\/fsmcv.org\/wp-content\/uploads\/2020\/10\/CD-23XLII-CERTAMEN-PRONVINCIAL-DE-BANDES-DE-MUSICA.jpg\" class=\"attachment-full size-full wp-image-20081\" alt=\"Portada CD 23 XLII Certamen Provincial De Bandes De M\u00fasica\" srcset=\"https:\/\/fsmcv.org\/wp-content\/uploads\/2020\/10\/CD-23XLII-CERTAMEN-PRONVINCIAL-DE-BANDES-DE-MUSICA.jpg 500w, https:\/\/fsmcv.org\/wp-content\/uploads\/2020\/10\/CD-23XLII-CERTAMEN-PRONVINCIAL-DE-BANDES-DE-MUSICA-300x300.jpg 300w, https:\/\/fsmcv.org\/wp-content\/uploads\/2020\/10\/CD-23XLII-CERTAMEN-PRONVINCIAL-DE-BANDES-DE-MUSICA-100x100.jpg 100w\" sizes=\"(max-width: 500px) 100vw, 500px\" title=\"\">\t\t\t\t\t\t\t\t\t\t\t\t\t\t\t<\/div>\n\t\t\t\t<\/div>\n\t\t\t\t<div class=\"elementor-element elementor-element-29159098 elementor-align-center elementor-widget elementor-widget-button\" data-id=\"29159098\" data-element_type=\"widget\" data-e-type=\"widget\" data-widget_type=\"button.default\">\n\t\t\t\t<div class=\"elementor-widget-container\">\n\t\t\t\t\t\t\t\t\t<div class=\"elementor-button-wrapper\">\n\t\t\t\t\t<a class=\"elementor-button elementor-button-link elementor-size-md\" href=\"https:\/\/fsmcv.org\/vl\/segell-discografic\/\">\n\t\t\t\t\t\t<span class=\"elementor-button-content-wrapper\">\n\t\t\t\t\t\t<span class=\"elementor-button-icon\">\n\t\t\t\t<i aria-hidden=\"true\" class=\"fas fa-arrow-right\"><\/i>\t\t\t<\/span>\n\t\t\t\t\t\t\t\t\t<span class=\"elementor-button-text\">Segell discogr\u00e0fic<\/span>\n\t\t\t\t\t<\/span>\n\t\t\t\t\t<\/a>\n\t\t\t\t<\/div>\n\t\t\t\t\t\t\t\t<\/div>\n\t\t\t\t<\/div>\n\t\t\t\t\t<\/div>\n\t\t<\/div>\n\t\t\t\t<div class=\"elementor-column elementor-col-50 elementor-top-column elementor-element elementor-element-773cac5d\" data-id=\"773cac5d\" data-element_type=\"column\" data-e-type=\"column\">\n\t\t\t<div class=\"elementor-widget-wrap elementor-element-populated\">\n\t\t\t\t\t\t<div class=\"elementor-element elementor-element-10ff28fa elementor-widget elementor-widget-text-editor\" data-id=\"10ff28fa\" data-element_type=\"widget\" data-e-type=\"widget\" data-widget_type=\"text-editor.default\">\n\t\t\t\t<div class=\"elementor-widget-container\">\n\t\t\t\t\t\t\t\t\t<p>27 d\u00b4Abril de 2019<\/p>\n<p>Auditori i Palau de Congressos de Castell\u00f3<\/p>\n<p><strong>CD 1:<\/strong><\/p>\n<p><span style=\"text-decoration: underline;\">QUARTA SECCI\u00d3: <\/span><\/p>\n<p><strong>UNI\u00d3N MUSICAL Y CULTURAL DE ALTURA<\/strong> <\/p>\n<p>Director \u00c1LVARO G\u00d3MEZ G\u00d3MEZ<\/p>\n<p>1. EL BERRO de Carlos M\u00e1\u00f1ez<br \/>2. RAGNAR\u00d6K de Victor Guzm\u00e1n Bel<br \/>3. EL RACO DE L\u00b4OR de Sa\u00fcl G\u00f3mez i Soler<\/p>\n<p><span style=\"text-decoration: underline;\">TERCERA SECCI\u00d3: <\/span><\/p>\n<p><strong>ASSOCIACI\u00d3 MUSICAL SANTA CEC\u00cdLIA D\u00b4ALBOC\u00c0SSER<\/strong>  <\/p>\n<p>Director JUAN CONILL OLIVARES<\/p>\n<p>4. DIAZ NAYA de Francisco Signes Castell\u00f3<br \/>5. XATIVA, \u201cEL GUERNICA VALENCIA\u201d de David Penad\u00e9s Fasanar<br \/>6. POLIFEMO, AV39 de Andr\u00e9s Valero Castells<\/p>\n<p><strong>CD 2:<\/strong><\/p>\n<p><span style=\"text-decoration: underline;\">TERCERA SECCI\u00d3:<\/span> <\/p>\n<p><strong>UNI\u00d3N MUSICAL VALLDUXENSE <\/strong><\/p>\n<p>Director \u00c1ngel Mart\u00ednez Cruz<\/p>\n<p>1. LA VALL de Perfecto Artola<br \/>2. XATIVA, \u201cEL GUERNICA VALENCIA\u201d de David Penad\u00e9s Fasanar<br \/>3. BONAPARTE de Otto Shwarz<\/p>\n<p><span style=\"text-decoration: underline;\">SEGONA SECCI\u00d3: <\/span><\/p>\n<p><strong>UNI\u00d3N MUSICAL DE SONEJA <\/strong><\/p>\n<p>Director Juan Francisco Plasencia Civera<\/p>\n<p>4. XONEYA de David Modrego Latorre<br \/>5. CONCIERTO ALICANTINO de Jes\u00fas Mula Mart\u00ednez<br \/>6. THE YEAR OF THE DRAGON de Philip Sparke<\/p>\n<p><strong>\u00a1Escolta aquest CD en Spotify!<\/strong><\/p>\n<p><iframe title=\"Spotify Embed: XLII Certamen Provincial de Bandes de M\u00fasica (En Directo)\" width=\"100%\" height=\"380\" frameborder=\"0\" allowfullscreen allow=\"autoplay; clipboard-write; encrypted-media; fullscreen; picture-in-picture\" src=\"https:\/\/open.spotify.com\/embed\/album\/4VijfLuMBkrJjSWNGCxP9U?si=8giY78y4TT61P1RhfuQoCA&dl_branch=1\"><\/iframe><\/p>\n\t\t\t\t\t\t\t\t<\/div>\n\t\t\t\t<\/div>\n\t\t\t\t\t<\/div>\n\t\t<\/div>\n\t\t\t\t\t<\/div>\n\t\t<\/section>\n\t\t\t\t<\/div>\n\t\t","protected":false},"excerpt":{"rendered":"<p>Segell discogr\u00e0fic 27 d\u00b4Abril de 2019 Auditori i Palau de Congressos de Castell\u00f3 CD 1: QUARTA SECCI\u00d3: UNI\u00d3N MUSICAL Y CULTURAL DE ALTURA Director \u00c1LVARO G\u00d3MEZ G\u00d3MEZ 1. EL BERRO de Carlos M\u00e1\u00f1ez2. RAGNAR\u00d6K de Victor Guzm\u00e1n Bel3. EL RACO DE L\u00b4OR de Sa\u00fcl G\u00f3mez i Soler TERCERA SECCI\u00d3: ASSOCIACI\u00d3 MUSICAL SANTA CEC\u00cdLIA D\u00b4ALBOC\u00c0SSER Director [&hellip;]<\/p>\n","protected":false},"author":1,"featured_media":20081,"parent":20683,"menu_order":23,"comment_status":"closed","ping_status":"closed","template":"elementor_header_footer","meta":{"footnotes":""},"class_list":["post-20657","page","type-page","status-publish","has-post-thumbnail","hentry"],"_links":{"self":[{"href":"https:\/\/fsmcv.org\/vl\/wp-json\/wp\/v2\/pages\/20657","targetHints":{"allow":["GET"]}}],"collection":[{"href":"https:\/\/fsmcv.org\/vl\/wp-json\/wp\/v2\/pages"}],"about":[{"href":"https:\/\/fsmcv.org\/vl\/wp-json\/wp\/v2\/types\/page"}],"author":[{"embeddable":true,"href":"https:\/\/fsmcv.org\/vl\/wp-json\/wp\/v2\/users\/1"}],"replies":[{"embeddable":true,"href":"https:\/\/fsmcv.org\/vl\/wp-json\/wp\/v2\/comments?post=20657"}],"version-history":[{"count":0,"href":"https:\/\/fsmcv.org\/vl\/wp-json\/wp\/v2\/pages\/20657\/revisions"}],"up":[{"embeddable":true,"href":"https:\/\/fsmcv.org\/vl\/wp-json\/wp\/v2\/pages\/20683"}],"wp:featuredmedia":[{"embeddable":true,"href":"https:\/\/fsmcv.org\/vl\/wp-json\/wp\/v2\/media\/20081"}],"wp:attachment":[{"href":"https:\/\/fsmcv.org\/vl\/wp-json\/wp\/v2\/media?parent=20657"}],"curies":[{"name":"wp","href":"https:\/\/api.w.org\/{rel}","templated":true}]}}