{"id":20676,"date":"2020-10-05T05:39:55","date_gmt":"2020-10-05T03:39:55","guid":{"rendered":"https:\/\/fsmcv.org\/cd-26-apa-cancons-a-banda-casino-musical-de-godella\/"},"modified":"2021-10-11T18:14:29","modified_gmt":"2021-10-11T16:14:29","slug":"cd-26-apa-cancons-a-banda-casino-musical-de-godella","status":"publish","type":"page","link":"https:\/\/fsmcv.org\/vl\/segell-discografic\/cd-26-apa-cancons-a-banda-casino-musical-de-godella\/","title":{"rendered":"APA Can\u00e7ons a Banda \u2013 Casino Musical de Godella"},"content":{"rendered":"\t\t<div data-elementor-type=\"wp-page\" data-elementor-id=\"20676\" class=\"elementor elementor-20676 elementor-20388\" data-elementor-post-type=\"page\">\n\t\t\t\t\t\t<section class=\"elementor-section elementor-top-section elementor-element elementor-element-d91f857 elementor-section-boxed elementor-section-height-default elementor-section-height-default\" data-id=\"d91f857\" data-element_type=\"section\" data-e-type=\"section\">\n\t\t\t\t\t\t\t<div class=\"elementor-background-overlay\"><\/div>\n\t\t\t\t\t\t\t<div class=\"elementor-container elementor-column-gap-default\">\n\t\t\t\t\t<div class=\"elementor-column elementor-col-100 elementor-top-column elementor-element elementor-element-cb5899b\" data-id=\"cb5899b\" data-element_type=\"column\" data-e-type=\"column\">\n\t\t\t<div class=\"elementor-widget-wrap elementor-element-populated\">\n\t\t\t\t\t\t<div class=\"elementor-element elementor-element-68d1ff2 elementor-widget elementor-widget-heading\" data-id=\"68d1ff2\" data-element_type=\"widget\" data-e-type=\"widget\" data-widget_type=\"heading.default\">\n\t\t\t\t<div class=\"elementor-widget-container\">\n\t\t\t\t\t<h1 class=\"elementor-heading-title elementor-size-default\">APA Can\u00e7ons a Banda \u2013 Casino Musical de Godella<\/h1>\t\t\t\t<\/div>\n\t\t\t\t<\/div>\n\t\t\t\t\t<\/div>\n\t\t<\/div>\n\t\t\t\t\t<\/div>\n\t\t<\/section>\n\t\t\t\t<section class=\"elementor-section elementor-top-section elementor-element elementor-element-ebc3f14 elementor-section-boxed elementor-section-height-default elementor-section-height-default\" data-id=\"ebc3f14\" data-element_type=\"section\" data-e-type=\"section\">\n\t\t\t\t\t\t<div class=\"elementor-container elementor-column-gap-wide\">\n\t\t\t\t\t<div class=\"elementor-column elementor-col-50 elementor-top-column elementor-element elementor-element-3347f68d\" data-id=\"3347f68d\" data-element_type=\"column\" data-e-type=\"column\">\n\t\t\t<div class=\"elementor-widget-wrap elementor-element-populated\">\n\t\t\t\t\t\t<div class=\"elementor-element elementor-element-59d6def9 elementor-view-default elementor-position-block-start elementor-mobile-position-block-start elementor-widget elementor-widget-icon-box\" data-id=\"59d6def9\" data-element_type=\"widget\" data-e-type=\"widget\" data-widget_type=\"icon-box.default\">\n\t\t\t\t<div class=\"elementor-widget-container\">\n\t\t\t\t\t\t\t<div class=\"elementor-icon-box-wrapper\">\n\n\t\t\t\t\t\t<div class=\"elementor-icon-box-icon\">\n\t\t\t\t<span  class=\"elementor-icon\">\n\t\t\t\t<i aria-hidden=\"true\" class=\"fas fa-compact-disc\"><\/i>\t\t\t\t<\/span>\n\t\t\t<\/div>\n\t\t\t\n\t\t\t\t\t\t<div class=\"elementor-icon-box-content\">\n\n\t\t\t\t\t\t\t\t\t<h2 class=\"elementor-icon-box-title\">\n\t\t\t\t\t\t<span  >\n\t\t\t\t\t\t\tAPA Can\u00e7ons a Banda \u2013 Casino Musical de Godella\t\t\t\t\t\t<\/span>\n\t\t\t\t\t<\/h2>\n\t\t\t\t\n\t\t\t\t\t\t\t\t\t<p class=\"elementor-icon-box-description\">\n\t\t\t\t\t\t\n\n\t\t\t\t\t<\/p>\n\t\t\t\t\n\t\t\t<\/div>\n\t\t\t\n\t\t<\/div>\n\t\t\t\t\t\t<\/div>\n\t\t\t\t<\/div>\n\t\t\t\t<div class=\"elementor-element elementor-element-209c93c6 elementor-widget elementor-widget-image\" data-id=\"209c93c6\" data-element_type=\"widget\" data-e-type=\"widget\" data-widget_type=\"image.default\">\n\t\t\t\t<div class=\"elementor-widget-container\">\n\t\t\t\t\t\t\t\t\t\t\t\t\t\t\t<img fetchpriority=\"high\" decoding=\"async\" width=\"500\" height=\"500\" src=\"https:\/\/fsmcv.org\/wp-content\/uploads\/2020\/10\/CD-26-APA-CANCONS-A-BANDA.jpg\" class=\"attachment-full size-full wp-image-20075\" alt=\"Portada CD 26: APA can\u00e7ons a banda \u2013 Casino Musical de Godella\" srcset=\"https:\/\/fsmcv.org\/wp-content\/uploads\/2020\/10\/CD-26-APA-CANCONS-A-BANDA.jpg 500w, https:\/\/fsmcv.org\/wp-content\/uploads\/2020\/10\/CD-26-APA-CANCONS-A-BANDA-300x300.jpg 300w, https:\/\/fsmcv.org\/wp-content\/uploads\/2020\/10\/CD-26-APA-CANCONS-A-BANDA-100x100.jpg 100w\" sizes=\"(max-width: 500px) 100vw, 500px\" title=\"\">\t\t\t\t\t\t\t\t\t\t\t\t\t\t\t<\/div>\n\t\t\t\t<\/div>\n\t\t\t\t<div class=\"elementor-element elementor-element-6c15e05c elementor-align-center elementor-widget elementor-widget-button\" data-id=\"6c15e05c\" data-element_type=\"widget\" data-e-type=\"widget\" data-widget_type=\"button.default\">\n\t\t\t\t<div class=\"elementor-widget-container\">\n\t\t\t\t\t\t\t\t\t<div class=\"elementor-button-wrapper\">\n\t\t\t\t\t<a class=\"elementor-button elementor-button-link elementor-size-md\" href=\"https:\/\/fsmcv.org\/vl\/segell-discografic\/\">\n\t\t\t\t\t\t<span class=\"elementor-button-content-wrapper\">\n\t\t\t\t\t\t<span class=\"elementor-button-icon\">\n\t\t\t\t<i aria-hidden=\"true\" class=\"fas fa-arrow-right\"><\/i>\t\t\t<\/span>\n\t\t\t\t\t\t\t\t\t<span class=\"elementor-button-text\">Segell discogr\u00e0fic<\/span>\n\t\t\t\t\t<\/span>\n\t\t\t\t\t<\/a>\n\t\t\t\t<\/div>\n\t\t\t\t\t\t\t\t<\/div>\n\t\t\t\t<\/div>\n\t\t\t\t\t<\/div>\n\t\t<\/div>\n\t\t\t\t<div class=\"elementor-column elementor-col-50 elementor-top-column elementor-element elementor-element-56d75e5f\" data-id=\"56d75e5f\" data-element_type=\"column\" data-e-type=\"column\">\n\t\t\t<div class=\"elementor-widget-wrap elementor-element-populated\">\n\t\t\t\t\t\t<div class=\"elementor-element elementor-element-728c3ed3 elementor-widget elementor-widget-text-editor\" data-id=\"728c3ed3\" data-element_type=\"widget\" data-e-type=\"widget\" data-widget_type=\"text-editor.default\">\n\t\t\t\t<div class=\"elementor-widget-container\">\n\t\t\t\t\t\t\t\t\t<p><strong>Director:<\/strong> Ra\u00fal Mart\u00edn Torres<\/p>\n<p><strong>Int\u00e9rpret:<\/strong> Josep Aparicio (Apa)<\/p>\n<p><strong>Cont\u00e9:<\/strong><\/p>\n<p>1. L\u00b4AMISTAT de Josep Aparicio.<br \/>2. FARCELL DE COBLES (Popular).<br \/>3. MALAGUENYA de Josep Aparicio.<br \/>4. MAI M\u00c9S (Popular).<br \/>5. CATERINETA (Popular).<br \/>6. NO PAREN DE MIRAR-NOS de Ricardo Esteve.<br \/>7. CONTRA \u2013 BOLERO de Josep Aparicio y Ricardo Esteve.<br \/>8. RODOL\u00cd DE LLANDA (Popular).<br \/>9. AC\u00cd EM PARIREN de Josep Aparicio y Ricardo Esteve.<br \/>10. SENTIMENTS de Josep Aparicio.<\/p>\n<p><strong>\u00a1Escolta aquest CD en Spotify!<\/strong><\/p>\n<p><iframe title=\"Spotify Embed: Apa Can\u00e7ons a Banda amb la Banda del Casino Musical de Godella (En Directo)\" width=\"100%\" height=\"380\" frameborder=\"0\" allowfullscreen allow=\"autoplay; clipboard-write; encrypted-media; fullscreen; picture-in-picture\" src=\"https:\/\/open.spotify.com\/embed\/album\/6n8sRg2ZxAVHnP9qqRcTwp?si=6gC5DdAoRlaad3NMZCGy3Q&dl_branch=1\"><\/iframe><\/p>\n\t\t\t\t\t\t\t\t<\/div>\n\t\t\t\t<\/div>\n\t\t\t\t\t<\/div>\n\t\t<\/div>\n\t\t\t\t\t<\/div>\n\t\t<\/section>\n\t\t\t\t<\/div>\n\t\t","protected":false},"excerpt":{"rendered":"<p>Segell discogr\u00e0fic Director: Ra\u00fal Mart\u00edn Torres Int\u00e9rpret: Josep Aparicio (Apa) Cont\u00e9: 1. L\u00b4AMISTAT de Josep Aparicio.2. FARCELL DE COBLES (Popular).3. MALAGUENYA de Josep Aparicio.4. MAI M\u00c9S (Popular).5. CATERINETA (Popular).6. NO PAREN DE MIRAR-NOS de Ricardo Esteve.7. CONTRA \u2013 BOLERO de Josep Aparicio y Ricardo Esteve.8. RODOL\u00cd DE LLANDA (Popular).9. AC\u00cd EM PARIREN de Josep Aparicio [&hellip;]<\/p>\n","protected":false},"author":1,"featured_media":20075,"parent":20683,"menu_order":26,"comment_status":"closed","ping_status":"closed","template":"elementor_header_footer","meta":{"footnotes":""},"class_list":["post-20676","page","type-page","status-publish","has-post-thumbnail","hentry"],"_links":{"self":[{"href":"https:\/\/fsmcv.org\/vl\/wp-json\/wp\/v2\/pages\/20676","targetHints":{"allow":["GET"]}}],"collection":[{"href":"https:\/\/fsmcv.org\/vl\/wp-json\/wp\/v2\/pages"}],"about":[{"href":"https:\/\/fsmcv.org\/vl\/wp-json\/wp\/v2\/types\/page"}],"author":[{"embeddable":true,"href":"https:\/\/fsmcv.org\/vl\/wp-json\/wp\/v2\/users\/1"}],"replies":[{"embeddable":true,"href":"https:\/\/fsmcv.org\/vl\/wp-json\/wp\/v2\/comments?post=20676"}],"version-history":[{"count":0,"href":"https:\/\/fsmcv.org\/vl\/wp-json\/wp\/v2\/pages\/20676\/revisions"}],"up":[{"embeddable":true,"href":"https:\/\/fsmcv.org\/vl\/wp-json\/wp\/v2\/pages\/20683"}],"wp:featuredmedia":[{"embeddable":true,"href":"https:\/\/fsmcv.org\/vl\/wp-json\/wp\/v2\/media\/20075"}],"wp:attachment":[{"href":"https:\/\/fsmcv.org\/vl\/wp-json\/wp\/v2\/media?parent=20676"}],"curies":[{"name":"wp","href":"https:\/\/api.w.org\/{rel}","templated":true}]}}