{"id":21052,"date":"2020-10-02T14:14:37","date_gmt":"2020-10-02T12:14:37","guid":{"rendered":"https:\/\/fsmcv.org\/nosaltres-2\/"},"modified":"2020-10-12T17:01:29","modified_gmt":"2020-10-12T15:01:29","slug":"nosaltres-2","status":"publish","type":"page","link":"https:\/\/fsmcv.org\/vl\/nosaltres-2\/","title":{"rendered":"Nosaltres"},"content":{"rendered":"\t\t<div data-elementor-type=\"wp-page\" data-elementor-id=\"21052\" class=\"elementor elementor-21052\" data-elementor-post-type=\"page\">\n\t\t\t\t\t\t<section class=\"elementor-section elementor-top-section elementor-element elementor-element-38da76a3 elementor-section-full_width elementor-section-content-middle elementor-reverse-mobile elementor-section-height-min-height elementor-section-items-stretch elementor-section-height-default\" data-id=\"38da76a3\" data-element_type=\"section\" data-e-type=\"section\" data-settings=\"{&quot;background_background&quot;:&quot;classic&quot;}\">\n\t\t\t\t\t\t<div class=\"elementor-container elementor-column-gap-no\">\n\t\t\t\t\t<div class=\"elementor-column elementor-col-50 elementor-top-column elementor-element elementor-element-5de7b879\" data-id=\"5de7b879\" data-element_type=\"column\" data-e-type=\"column\" data-settings=\"{&quot;background_background&quot;:&quot;classic&quot;}\">\n\t\t\t<div class=\"elementor-widget-wrap elementor-element-populated\">\n\t\t\t\t\t\t<div class=\"elementor-element elementor-element-4c3440e5 elementor-widget elementor-widget-heading\" data-id=\"4c3440e5\" data-element_type=\"widget\" data-e-type=\"widget\" data-widget_type=\"heading.default\">\n\t\t\t\t<div class=\"elementor-widget-container\">\n\t\t\t\t\t<h1 class=\"elementor-heading-title elementor-size-large\">Nosaltres<\/h1>\t\t\t\t<\/div>\n\t\t\t\t<\/div>\n\t\t\t\t\t<\/div>\n\t\t<\/div>\n\t\t\t\t<div class=\"elementor-column elementor-col-50 elementor-top-column elementor-element elementor-element-11685d2e\" data-id=\"11685d2e\" data-element_type=\"column\" data-e-type=\"column\" data-settings=\"{&quot;background_background&quot;:&quot;classic&quot;}\">\n\t\t\t<div class=\"elementor-widget-wrap elementor-element-populated\">\n\t\t\t\t\t\t<div class=\"elementor-element elementor-element-79779b7b elementor-widget elementor-widget-spacer\" data-id=\"79779b7b\" data-element_type=\"widget\" data-e-type=\"widget\" data-widget_type=\"spacer.default\">\n\t\t\t\t<div class=\"elementor-widget-container\">\n\t\t\t\t\t\t\t<div class=\"elementor-spacer\">\n\t\t\t<div class=\"elementor-spacer-inner\"><\/div>\n\t\t<\/div>\n\t\t\t\t\t\t<\/div>\n\t\t\t\t<\/div>\n\t\t\t\t\t<\/div>\n\t\t<\/div>\n\t\t\t\t\t<\/div>\n\t\t<\/section>\n\t\t\t\t<section class=\"elementor-section elementor-top-section elementor-element elementor-element-1a2c6d80 elementor-section-boxed elementor-section-height-default elementor-section-height-default\" data-id=\"1a2c6d80\" data-element_type=\"section\" data-e-type=\"section\">\n\t\t\t\t\t\t<div class=\"elementor-container elementor-column-gap-default\">\n\t\t\t\t\t<div class=\"elementor-column elementor-col-50 elementor-top-column elementor-element elementor-element-41f94d77\" data-id=\"41f94d77\" data-element_type=\"column\" data-e-type=\"column\">\n\t\t\t<div class=\"elementor-widget-wrap elementor-element-populated\">\n\t\t\t\t\t\t<div class=\"elementor-element elementor-element-67f408e7 elementor-widget elementor-widget-heading\" data-id=\"67f408e7\" data-element_type=\"widget\" data-e-type=\"widget\" data-widget_type=\"heading.default\">\n\t\t\t\t<div class=\"elementor-widget-container\">\n\t\t\t\t\t<h6 class=\"elementor-heading-title elementor-size-default\">La FSMCV agrupa a 557 societats musicals i les seues escoles de m\u00fasica (el 50% d\u2019Espanya) amb 40.000 m\u00fasics, 60.000 alumnes i m\u00e9s de 200.000 socis. <\/h6>\t\t\t\t<\/div>\n\t\t\t\t<\/div>\n\t\t\t\t\t<\/div>\n\t\t<\/div>\n\t\t\t\t<div class=\"elementor-column elementor-col-50 elementor-top-column elementor-element elementor-element-4b034376\" data-id=\"4b034376\" data-element_type=\"column\" data-e-type=\"column\">\n\t\t\t<div class=\"elementor-widget-wrap elementor-element-populated\">\n\t\t\t\t\t\t<div class=\"elementor-element elementor-element-68233196 elementor-widget elementor-widget-text-editor\" data-id=\"68233196\" data-element_type=\"widget\" data-e-type=\"widget\" data-widget_type=\"text-editor.default\">\n\t\t\t\t<div class=\"elementor-widget-container\">\n\t\t\t\t\t\t\t\t\t<p>Les societats musicals, presents en el 95% dels municipis d\u2019Alacant, Castell\u00f3 i Val\u00e8ncia de m\u00e9s de 500 habitants, conformen un projecte social i educatiu \u00fanic en el m\u00f3n i s\u00f3n el principal agent cultural de la Comunitat Valenciana segons la Universitat de Val\u00e8ncia. La FSMCV va celebrar en 2018 el seu <a href=\"https:\/\/50aniversario.fsmcv.org\/\">50\u00e9 aniversari.<\/a><\/p>\n<p>La <strong>Federaci\u00f3 de Societats Musicals de la Comunitat Valenciana (FSMCV)<\/strong> \u00e9s una entitat sense \u00e0nim de lucre que t\u00e9 com a objecte la uni\u00f3 entre les associacions que la integren per a promoure, difondre i dignificar l\u2019afici\u00f3, ensenyan\u00e7a i pr\u00e0ctica de la M\u00fasica, potenciar l\u2019associacionisme i proporcionar a la societat civil un mitj\u00e0 de desenvolupament i articulaci\u00f3 cultural.<\/p>\n<p>Els destinataris de les activitats que realitza la FSMCV s\u00f3n les associacions que la componen i, per extensi\u00f3, els m\u00fasics i el p\u00fablic en general.<\/p>\n<p>Aix\u00ed mateix, la FSMCV assumeix la representaci\u00f3 i defensa dels interessos generals de les seues societats federades davant de les institucions p\u00fabliques i privades, i sol\u00b7licita les ajudes necess\u00e0ries per a continuar l\u2019\u00edmproba labor cultural i docent de les seues associades.<\/p>\n<p>En col\u00b7laboraci\u00f3 amb les institucions, ofereix a la societat valenciana activitats culturals i facilita a tota la seua poblaci\u00f3 les millors oportunitats d\u2019acc\u00e9s al b\u00e9 cultural musical.<\/p>\n\t\t\t\t\t\t\t\t<\/div>\n\t\t\t\t<\/div>\n\t\t\t\t\t<\/div>\n\t\t<\/div>\n\t\t\t\t\t<\/div>\n\t\t<\/section>\n\t\t\t\t<section class=\"elementor-section elementor-top-section elementor-element elementor-element-6f55778e elementor-section-height-min-height elementor-section-boxed elementor-section-height-default elementor-section-items-middle\" data-id=\"6f55778e\" data-element_type=\"section\" data-e-type=\"section\" data-settings=\"{&quot;background_background&quot;:&quot;classic&quot;}\">\n\t\t\t\t\t\t\t<div class=\"elementor-background-overlay\"><\/div>\n\t\t\t\t\t\t\t<div class=\"elementor-container elementor-column-gap-default\">\n\t\t\t\t\t<div class=\"elementor-column elementor-col-100 elementor-top-column elementor-element elementor-element-61cf77f7\" data-id=\"61cf77f7\" data-element_type=\"column\" data-e-type=\"column\">\n\t\t\t<div class=\"elementor-widget-wrap elementor-element-populated\">\n\t\t\t\t\t\t<div class=\"elementor-element elementor-element-f34e545 elementor-widget elementor-widget-heading\" data-id=\"f34e545\" data-element_type=\"widget\" data-e-type=\"widget\" data-settings=\"{&quot;motion_fx_motion_fx_scrolling&quot;:&quot;yes&quot;,&quot;motion_fx_devices&quot;:[&quot;desktop&quot;,&quot;tablet&quot;,&quot;mobile&quot;]}\" data-widget_type=\"heading.default\">\n\t\t\t\t<div class=\"elementor-widget-container\">\n\t\t\t\t\t<h2 class=\"elementor-heading-title elementor-size-default\">\u201cLa FSMCV va celebrar en 2018 el seu 50\u00e9 aniversari\u201d<\/h2>\t\t\t\t<\/div>\n\t\t\t\t<\/div>\n\t\t\t\t<div class=\"elementor-element elementor-element-08709c0 elementor-align-center elementor-widget elementor-widget-button\" data-id=\"08709c0\" data-element_type=\"widget\" data-e-type=\"widget\" data-widget_type=\"button.default\">\n\t\t\t\t<div class=\"elementor-widget-container\">\n\t\t\t\t\t\t\t\t\t<div class=\"elementor-button-wrapper\">\n\t\t\t\t\t<a class=\"elementor-button elementor-button-link elementor-size-sm\" href=\"https:\/\/50aniversario.fsmcv.org\/\">\n\t\t\t\t\t\t<span class=\"elementor-button-content-wrapper\">\n\t\t\t\t\t\t\t\t\t<span class=\"elementor-button-text\">Web 50 Aniversari<\/span>\n\t\t\t\t\t<\/span>\n\t\t\t\t\t<\/a>\n\t\t\t\t<\/div>\n\t\t\t\t\t\t\t\t<\/div>\n\t\t\t\t<\/div>\n\t\t\t\t\t<\/div>\n\t\t<\/div>\n\t\t\t\t\t<\/div>\n\t\t<\/section>\n\t\t\t\t<\/div>\n\t\t","protected":false},"excerpt":{"rendered":"<p>Nosaltres La FSMCV agrupa a 557 societats musicals i les seues escoles de m\u00fasica (el 50% d\u2019Espanya) amb 40.000 m\u00fasics, 60.000 alumnes i m\u00e9s de 200.000 socis. Les societats musicals, presents en el 95% dels municipis d\u2019Alacant, Castell\u00f3 i Val\u00e8ncia de m\u00e9s de 500 habitants, conformen un projecte social i educatiu \u00fanic en el m\u00f3n [&hellip;]<\/p>\n","protected":false},"author":1,"featured_media":26201,"parent":0,"menu_order":1,"comment_status":"closed","ping_status":"closed","template":"elementor_header_footer","meta":{"footnotes":""},"class_list":["post-21052","page","type-page","status-publish","has-post-thumbnail","hentry"],"_links":{"self":[{"href":"https:\/\/fsmcv.org\/vl\/wp-json\/wp\/v2\/pages\/21052","targetHints":{"allow":["GET"]}}],"collection":[{"href":"https:\/\/fsmcv.org\/vl\/wp-json\/wp\/v2\/pages"}],"about":[{"href":"https:\/\/fsmcv.org\/vl\/wp-json\/wp\/v2\/types\/page"}],"author":[{"embeddable":true,"href":"https:\/\/fsmcv.org\/vl\/wp-json\/wp\/v2\/users\/1"}],"replies":[{"embeddable":true,"href":"https:\/\/fsmcv.org\/vl\/wp-json\/wp\/v2\/comments?post=21052"}],"version-history":[{"count":0,"href":"https:\/\/fsmcv.org\/vl\/wp-json\/wp\/v2\/pages\/21052\/revisions"}],"wp:featuredmedia":[{"embeddable":true,"href":"https:\/\/fsmcv.org\/vl\/wp-json\/wp\/v2\/media\/26201"}],"wp:attachment":[{"href":"https:\/\/fsmcv.org\/vl\/wp-json\/wp\/v2\/media?parent=21052"}],"curies":[{"name":"wp","href":"https:\/\/api.w.org\/{rel}","templated":true}]}}