{"id":21098,"date":"2020-10-12T10:10:39","date_gmt":"2020-10-12T08:10:39","guid":{"rendered":"https:\/\/fsmcv.org\/nosaltres-2\/projecte-bic\/"},"modified":"2025-09-24T11:33:59","modified_gmt":"2025-09-24T09:33:59","slug":"projecte-bic","status":"publish","type":"page","link":"https:\/\/fsmcv.org\/vl\/federacio-de-societats-musicals-de-la-comunitat-valenciana\/projecte-bic\/","title":{"rendered":"Patrimoni Immaterial"},"content":{"rendered":"\t\t<div data-elementor-type=\"wp-page\" data-elementor-id=\"21098\" class=\"elementor elementor-21098 elementor-21010\" data-elementor-post-type=\"page\">\n\t\t\t\t\t\t<section class=\"elementor-section elementor-top-section elementor-element elementor-element-c62c1c5 elementor-section-boxed elementor-section-height-default elementor-section-height-default\" data-id=\"c62c1c5\" data-element_type=\"section\" data-e-type=\"section\">\n\t\t\t\t\t\t\t<div class=\"elementor-background-overlay\"><\/div>\n\t\t\t\t\t\t\t<div class=\"elementor-container elementor-column-gap-default\">\n\t\t\t\t\t<div class=\"elementor-column elementor-col-100 elementor-top-column elementor-element elementor-element-a3f2362\" data-id=\"a3f2362\" data-element_type=\"column\" data-e-type=\"column\">\n\t\t\t<div class=\"elementor-widget-wrap elementor-element-populated\">\n\t\t\t\t\t\t<div class=\"elementor-element elementor-element-6e4eb61 elementor-widget elementor-widget-heading\" data-id=\"6e4eb61\" data-element_type=\"widget\" data-e-type=\"widget\" data-widget_type=\"heading.default\">\n\t\t\t\t<div class=\"elementor-widget-container\">\n\t\t\t\t\t<h1 class=\"elementor-heading-title elementor-size-default\">Patrimoni immaterial<\/h1>\t\t\t\t<\/div>\n\t\t\t\t<\/div>\n\t\t\t\t<div class=\"elementor-element elementor-element-8027ba9 elementor-widget elementor-widget-text-editor\" data-id=\"8027ba9\" data-element_type=\"widget\" data-e-type=\"widget\" data-widget_type=\"text-editor.default\">\n\t\t\t\t<div class=\"elementor-widget-container\">\n\t\t\t\t\t\t\t\t\t<p>Les Societats Musicals de la Comunitat Valenciana<br>s\u00f3n Manifestaci\u00f3 Representativa del Patrimoni Cultural Immaterial a Espanya i B\u00e9 d&#8217;Inter\u00e9s Cultural Immaterial com a tradici\u00f3 musical popular valenciana<\/p>\t\t\t\t\t\t\t\t<\/div>\n\t\t\t\t<\/div>\n\t\t\t\t\t<\/div>\n\t\t<\/div>\n\t\t\t\t\t<\/div>\n\t\t<\/section>\n\t\t\t\t<section class=\"elementor-section elementor-top-section elementor-element elementor-element-ef126d2 elementor-section-boxed elementor-section-height-default elementor-section-height-default\" data-id=\"ef126d2\" data-element_type=\"section\" data-e-type=\"section\">\n\t\t\t\t\t\t<div class=\"elementor-container elementor-column-gap-default\">\n\t\t\t\t\t<div class=\"elementor-column elementor-col-100 elementor-top-column elementor-element elementor-element-749b785\" data-id=\"749b785\" data-element_type=\"column\" data-e-type=\"column\">\n\t\t\t<div class=\"elementor-widget-wrap elementor-element-populated\">\n\t\t\t\t\t\t<section class=\"elementor-section elementor-inner-section elementor-element elementor-element-5932a78 elementor-section-boxed elementor-section-height-default elementor-section-height-default\" data-id=\"5932a78\" data-element_type=\"section\" data-e-type=\"section\">\n\t\t\t\t\t\t<div class=\"elementor-container elementor-column-gap-default\">\n\t\t\t\t\t<div class=\"elementor-column elementor-col-50 elementor-inner-column elementor-element elementor-element-c75835a\" data-id=\"c75835a\" data-element_type=\"column\" data-e-type=\"column\">\n\t\t\t<div class=\"elementor-widget-wrap elementor-element-populated\">\n\t\t\t\t\t\t<div class=\"elementor-element elementor-element-91e64fc elementor-widget elementor-widget-text-editor\" data-id=\"91e64fc\" data-element_type=\"widget\" data-e-type=\"widget\" data-widget_type=\"text-editor.default\">\n\t\t\t\t<div class=\"elementor-widget-container\">\n\t\t\t\t\t\t\t\t\t<h5><strong>Esta declaraci\u00f3 <span style=\"color: #c21632;\">reconeix la labor educativa, social i cultural, \u00fanica<\/span><\/strong><br><strong><span style=\"color: #c21632;\">en el m\u00f3n<\/span>, que representen les societats musicals de la<\/strong> <strong>Comunitat Valenciana.<\/strong><\/h5>\t\t\t\t\t\t\t\t<\/div>\n\t\t\t\t<\/div>\n\t\t\t\t\t<\/div>\n\t\t<\/div>\n\t\t\t\t<div class=\"elementor-column elementor-col-50 elementor-inner-column elementor-element elementor-element-75613ec\" data-id=\"75613ec\" data-element_type=\"column\" data-e-type=\"column\">\n\t\t\t<div class=\"elementor-widget-wrap elementor-element-populated\">\n\t\t\t\t\t\t<div class=\"elementor-element elementor-element-e326bbb elementor-widget elementor-widget-text-editor\" data-id=\"e326bbb\" data-element_type=\"widget\" data-e-type=\"widget\" data-widget_type=\"text-editor.default\">\n\t\t\t\t<div class=\"elementor-widget-container\">\n\t\t\t\t\t\t\t\t\t<p><span style=\"text-decoration: underline;\"><em>Data: 30 de mar\u00e7 de 2021<\/em><\/span><\/p><p>Les societats musicals de la Comunitat Valenciana s\u00f3n <strong>Manifestaci\u00f3 Representativa del Patrimoni Cultural Immaterial a Espanya<\/strong>. Aix\u00ed ha sigut anunciat pel Ministeri de Cultura i Esport despr\u00e9s d&#8217;una reuni\u00f3 del Consell de Ministres. <\/p><p style=\"text-align: left;\">Aquesta declaraci\u00f3 reconeix la labor educativa, social i cultural, \u00fanica en el m\u00f3n, que representen les societats musicals de la Comunitat Valenciana, algunes d&#8217;elles centen\u00e0ries i bicenten\u00e0ries, que representen m\u00e9s del 50% del conjunt de societats musicals espanyoles i que ja van ser declarades <strong>B\u00e9 d&#8217;Inter\u00e9s Cultural Immaterial<\/strong> en 2018.<\/p><p style=\"text-align: left;\">Polsa el seg\u00fcent bot\u00f3 per a veure la not\u00edcia completa.<\/p>\t\t\t\t\t\t\t\t<\/div>\n\t\t\t\t<\/div>\n\t\t\t\t<div class=\"elementor-element elementor-element-932925b elementor-align-center elementor-widget elementor-widget-button\" data-id=\"932925b\" data-element_type=\"widget\" data-e-type=\"widget\" data-widget_type=\"button.default\">\n\t\t\t\t<div class=\"elementor-widget-container\">\n\t\t\t\t\t\t\t\t\t<div class=\"elementor-button-wrapper\">\n\t\t\t\t\t<a class=\"elementor-button elementor-button-link elementor-size-sm\" href=\"https:\/\/bit.ly\/2WqAfA1\" target=\"_blank\" rel=\"noopener\">\n\t\t\t\t\t\t<span class=\"elementor-button-content-wrapper\">\n\t\t\t\t\t\t\t\t\t<span class=\"elementor-button-text\">Veure Not\u00f3cia<\/span>\n\t\t\t\t\t<\/span>\n\t\t\t\t\t<\/a>\n\t\t\t\t<\/div>\n\t\t\t\t\t\t\t\t<\/div>\n\t\t\t\t<\/div>\n\t\t\t\t\t<\/div>\n\t\t<\/div>\n\t\t\t\t\t<\/div>\n\t\t<\/section>\n\t\t\t\t\t<\/div>\n\t\t<\/div>\n\t\t\t\t\t<\/div>\n\t\t<\/section>\n\t\t\t\t<section class=\"elementor-section elementor-top-section elementor-element elementor-element-1e761a9 elementor-section-boxed elementor-section-height-default elementor-section-height-default\" data-id=\"1e761a9\" data-element_type=\"section\" data-e-type=\"section\">\n\t\t\t\t\t\t\t<div class=\"elementor-background-overlay\"><\/div>\n\t\t\t\t\t\t\t<div class=\"elementor-container elementor-column-gap-default\">\n\t\t\t\t\t<div class=\"elementor-column elementor-col-100 elementor-top-column elementor-element elementor-element-b024303\" data-id=\"b024303\" data-element_type=\"column\" data-e-type=\"column\">\n\t\t\t<div class=\"elementor-widget-wrap elementor-element-populated\">\n\t\t\t\t\t\t<div class=\"elementor-element elementor-element-f492000 elementor-widget elementor-widget-heading\" data-id=\"f492000\" data-element_type=\"widget\" data-e-type=\"widget\" data-widget_type=\"heading.default\">\n\t\t\t\t<div class=\"elementor-widget-container\">\n\t\t\t\t\t<h2 class=\"elementor-heading-title elementor-size-default\">MANIFESTACI\u00d3 REPRESENTATIVA i b\u00e9 d\u00b4inter\u00e9s cultural<\/h2>\t\t\t\t<\/div>\n\t\t\t\t<\/div>\n\t\t\t\t<div class=\"elementor-element elementor-element-0bdeffc elementor-widget elementor-widget-image\" data-id=\"0bdeffc\" data-element_type=\"widget\" data-e-type=\"widget\" data-widget_type=\"image.default\">\n\t\t\t\t<div class=\"elementor-widget-container\">\n\t\t\t\t\t\t\t\t\t\t\t\t\t\t\t<img fetchpriority=\"high\" decoding=\"async\" width=\"1024\" height=\"256\" src=\"https:\/\/fsmcv.org\/wp-content\/uploads\/2021\/07\/patrimonio-inmaterial.jpg\" class=\"attachment-large size-large wp-image-38086\" alt=\"\" srcset=\"https:\/\/fsmcv.org\/wp-content\/uploads\/2021\/07\/patrimonio-inmaterial.jpg 1024w, https:\/\/fsmcv.org\/wp-content\/uploads\/2021\/07\/patrimonio-inmaterial-768x192.jpg 768w, https:\/\/fsmcv.org\/wp-content\/uploads\/2021\/07\/patrimonio-inmaterial-600x150.jpg 600w\" sizes=\"(max-width: 1024px) 100vw, 1024px\" title=\"\">\t\t\t\t\t\t\t\t\t\t\t\t\t\t\t<\/div>\n\t\t\t\t<\/div>\n\t\t\t\t<div class=\"elementor-element elementor-element-63cfe79 elementor-widget elementor-widget-text-editor\" data-id=\"63cfe79\" data-element_type=\"widget\" data-e-type=\"widget\" data-widget_type=\"text-editor.default\">\n\t\t\t\t<div class=\"elementor-widget-container\">\n\t\t\t\t\t\t\t\t\t<p style=\"text-align: left;\">Estes dos declaracions no cap lloc a dubte que suposen una <strong>fita hist\u00f2rica <\/strong>en l&#8217;esdevenir de les societats musicals de la Comunitat Valenciana, constituint un punt d&#8217;inflexi\u00f3 <strong>estrat\u00e8gic <\/strong>puix que ens situen en <strong>primera l\u00ednia de protecci\u00f3 en l&#8217;\u00e0mbit cultural<\/strong>, no sols en el nostre territori sin\u00f3 tamb\u00e9 en tot l&#8217;Estat espanyol. Hem de ser conscients del significat i responsabilitat que comporta el fet de ser un ben protegit de car\u00e0cter immaterial, sent labor de tots utilitzar aquestes declaracions tant des del punt de vista individual de cada societat musical com des de l&#8217;\u00e0mbit general de tot el col\u00b7lectiu. Sens dubte un primer pas ha de ser dotar a estes fites de la m\u00e0xima publicitat possible en l&#8217;entorn poblacional de cada societat musical, visualitzant les dos declaracions com el que s\u00f3n: un <strong>segell de garantia i qualitat d&#8217;un gran valor<\/strong>, formant part dels registres i inventaris del patrimoni cultural tant valenci\u00e0 com espanyol.<\/p>\t\t\t\t\t\t\t\t<\/div>\n\t\t\t\t<\/div>\n\t\t\t\t\t<\/div>\n\t\t<\/div>\n\t\t\t\t\t<\/div>\n\t\t<\/section>\n\t\t\t\t<section class=\"elementor-section elementor-top-section elementor-element elementor-element-e6fec5c elementor-section-boxed elementor-section-height-default elementor-section-height-default\" data-id=\"e6fec5c\" data-element_type=\"section\" data-e-type=\"section\">\n\t\t\t\t\t\t<div class=\"elementor-container elementor-column-gap-default\">\n\t\t\t\t\t<div class=\"elementor-column elementor-col-100 elementor-top-column elementor-element elementor-element-8e83bc1\" data-id=\"8e83bc1\" data-element_type=\"column\" data-e-type=\"column\">\n\t\t\t<div class=\"elementor-widget-wrap elementor-element-populated\">\n\t\t\t\t\t\t<div class=\"elementor-element elementor-element-1f0dbbe elementor-widget elementor-widget-heading\" data-id=\"1f0dbbe\" data-element_type=\"widget\" data-e-type=\"widget\" data-widget_type=\"heading.default\">\n\t\t\t\t<div class=\"elementor-widget-container\">\n\t\t\t\t\t<h3 class=\"elementor-heading-title elementor-size-large\">DECLARACI\u00d3: B\u00c9 D'INTER\u00c9S CULTURAL<\/h3>\t\t\t\t<\/div>\n\t\t\t\t<\/div>\n\t\t\t\t<div class=\"elementor-element elementor-element-4c0755a elementor-widget elementor-widget-text-editor\" data-id=\"4c0755a\" data-element_type=\"widget\" data-e-type=\"widget\" data-widget_type=\"text-editor.default\">\n\t\t\t\t<div class=\"elementor-widget-container\">\n\t\t\t\t\t\t\t\t\t<p><a href=\"https:\/\/fsmcv.org\/wp-content\/uploads\/documentacion\/Decret-68-2018-BIC.pdf\" data-wplink-edit=\"true\">Decret 68\/2018, de 25 de maig, del Consell, pel qual es declara B\u00e9 d&#8217;Inter\u00e9s Cultural Immaterial la tradici\u00f3 musical popular valenciana materialitzada per les societats musicals de la Comunitat Valenciana.<\/a><\/p><p><em>DESCARREGA ELS LOGOS:<\/em><\/p><ul style=\"font-size: 16px; background-color: #ffffff;\"><li style=\"font-size: 16px;\"><a href=\"https:\/\/fsmcv.org\/wp-content\/uploads\/documentacion\/LOGO-BIC-CAST.zip\">Logo BIC<\/a> (B\u00e9 Inter\u00e9s Cultural) castell\u00e0.<\/li><li style=\"font-size: 16px;\"><a href=\"https:\/\/fsmcv.org\/wp-content\/uploads\/documentacion\/LOGO-BIC-VAL.zip\">Logo BIC<\/a> (B\u00e9 Inter\u00e9s Cultural) valenci\u00e0.<\/li><\/ul>\t\t\t\t\t\t\t\t<\/div>\n\t\t\t\t<\/div>\n\t\t\t\t<div class=\"elementor-element elementor-element-4c9bec3 elementor-widget elementor-widget-heading\" data-id=\"4c9bec3\" data-element_type=\"widget\" data-e-type=\"widget\" data-widget_type=\"heading.default\">\n\t\t\t\t<div class=\"elementor-widget-container\">\n\t\t\t\t\t<h3 class=\"elementor-heading-title elementor-size-large\">DECLARACI\u00d3: MANIFESTACI\u00d3 REPRESENTATIVA DEL PATRIMONI CULTURAL IMMATERIAL<\/h3>\t\t\t\t<\/div>\n\t\t\t\t<\/div>\n\t\t\t\t<div class=\"elementor-element elementor-element-4a45e89 elementor-widget elementor-widget-text-editor\" data-id=\"4a45e89\" data-element_type=\"widget\" data-e-type=\"widget\" data-widget_type=\"text-editor.default\">\n\t\t\t\t<div class=\"elementor-widget-container\">\n\t\t\t\t\t\t\t\t\t<p><a href=\"https:\/\/fsmcv.org\/wp-content\/uploads\/documentacion\/BOE-A-2021-7534-MANIFESTACION-REPRESENTATIVA.pdf\">Reial decret 229\/2021, de 30 de mar\u00e7, pel qual es declaren les Societats Musicals de la Comunitat Valenciana com a Manifestaci\u00f3 Representativa del Patrimoni Cultural Immaterial.<\/a><\/p><p><em>DESCARREGA ELS LOGOS:<\/em><\/p><ul style=\"font-size: 16px; background-color: #ffffff;\"><li style=\"font-size: 16px;\"><a href=\"\/wp-content\/uploads\/documentacion\/LOGO-BIC-CAST.zip\">Logo Manifestaci\u00f3 Representativa del Patrimoni Cultural Immaterial<\/a> (valenci\u00e0 \/ castell\u00e0).<\/li><\/ul>\t\t\t\t\t\t\t\t<\/div>\n\t\t\t\t<\/div>\n\t\t\t\t<div class=\"elementor-element elementor-element-6b81291 elementor-widget elementor-widget-text-editor\" data-id=\"6b81291\" data-element_type=\"widget\" data-e-type=\"widget\" data-widget_type=\"text-editor.default\">\n\t\t\t\t<div class=\"elementor-widget-container\">\n\t\t\t\t\t\t\t\t\t<p>Per a llegir m\u00e9s: <a href=\"https:\/\/fsmcv.org\/wp-content\/uploads\/BIC\/Comentarios-Declaracion-MANIFESTACION-REPRESENTATIVA-PATRIMONIO-CULTURAL-INMATERIAL.pdf\">Comentaris a la declaraci\u00f3 de les societats musicals de la Comunitat Valenciana com a Manifestaci\u00f3 Representativa del Patrimoni Cultural Immaterial.<\/a><\/p>\t\t\t\t\t\t\t\t<\/div>\n\t\t\t\t<\/div>\n\t\t\t\t\t<\/div>\n\t\t<\/div>\n\t\t\t\t\t<\/div>\n\t\t<\/section>\n\t\t\t\t<\/div>\n\t\t","protected":false},"excerpt":{"rendered":"<p>Patrimoni immaterial Les Societats Musicals de la Comunitat Valencianas\u00f3n Manifestaci\u00f3 Representativa del Patrimoni Cultural Immaterial a Espanya i B\u00e9 d&#8217;Inter\u00e9s Cultural Immaterial com a tradici\u00f3 musical popular valenciana Esta declaraci\u00f3 reconeix la labor educativa, social i cultural, \u00fanicaen el m\u00f3n, que representen les societats musicals de la Comunitat Valenciana. Data: 30 de mar\u00e7 de 2021 [&hellip;]<\/p>\n","protected":false},"author":1,"featured_media":20228,"parent":39520,"menu_order":5,"comment_status":"closed","ping_status":"closed","template":"elementor_header_footer","meta":{"footnotes":""},"class_list":["post-21098","page","type-page","status-publish","has-post-thumbnail","hentry"],"_links":{"self":[{"href":"https:\/\/fsmcv.org\/vl\/wp-json\/wp\/v2\/pages\/21098","targetHints":{"allow":["GET"]}}],"collection":[{"href":"https:\/\/fsmcv.org\/vl\/wp-json\/wp\/v2\/pages"}],"about":[{"href":"https:\/\/fsmcv.org\/vl\/wp-json\/wp\/v2\/types\/page"}],"author":[{"embeddable":true,"href":"https:\/\/fsmcv.org\/vl\/wp-json\/wp\/v2\/users\/1"}],"replies":[{"embeddable":true,"href":"https:\/\/fsmcv.org\/vl\/wp-json\/wp\/v2\/comments?post=21098"}],"version-history":[{"count":6,"href":"https:\/\/fsmcv.org\/vl\/wp-json\/wp\/v2\/pages\/21098\/revisions"}],"predecessor-version":[{"id":79987,"href":"https:\/\/fsmcv.org\/vl\/wp-json\/wp\/v2\/pages\/21098\/revisions\/79987"}],"up":[{"embeddable":true,"href":"https:\/\/fsmcv.org\/vl\/wp-json\/wp\/v2\/pages\/39520"}],"wp:featuredmedia":[{"embeddable":true,"href":"https:\/\/fsmcv.org\/vl\/wp-json\/wp\/v2\/media\/20228"}],"wp:attachment":[{"href":"https:\/\/fsmcv.org\/vl\/wp-json\/wp\/v2\/media?parent=21098"}],"curies":[{"name":"wp","href":"https:\/\/api.w.org\/{rel}","templated":true}]}}