{"id":22314,"date":"2020-10-02T14:48:15","date_gmt":"2020-10-02T12:48:15","guid":{"rendered":"https:\/\/fsmcv.org\/documentacion-escuelas\/"},"modified":"2023-01-23T09:59:29","modified_gmt":"2023-01-23T08:59:29","slug":"documentacion-escuelas","status":"publish","type":"page","link":"https:\/\/fsmcv.org\/vl\/xarxa-de-centres-educatius\/som-escola\/documentacion-escuelas\/","title":{"rendered":"Documentaci\u00f3 Escoles"},"content":{"rendered":"\n<pre class=\"wp-block-preformatted\"><a href=\"http:\/\/fsmcv.org\/es\/actualidad\/cursos\/jornades-cap-a-un-nou-model-escoles-musica\" target=\"_blank\" rel=\"noopener\">JORNADES \"HACIA UN NOU MODEL D'ESCOLES DE M\u00daSICA\"<\/a>\n\t\t\t\n 11 de juny de 2016: Almorad\u00ed \n 18 de juny de 2016: Alaqu\u00e0s \n 25 de juny de 2016: Benic\u00e0ssim<\/pre>\n\n<p><a href=\"https:\/\/fsmcv.org\/wp-content\/uploads\/\" target=\"_blank\" rel=\"noopener\">DECRET 91\/2013<\/a>, de 5 de juliol, del Consell, pel qual es regulen les escoles de m\u00fasica de la Comunitat Valenciana.<\/p>\n\n<p><a href=\"http:\/\/www.gva.es\/es\/inicio\/procedimientos?id_proc=223&amp;version=amp\" target=\"_blank\" rel=\"noopener\">Tr\u00e0mits i sol\u00b7licitud inscripci\u00f3 d&#8217;una escola en el Registre de Centres Docents.<\/a><\/p>\n\n<p><a href=\"https:\/\/dl.dropbox.com\/u\/69144223\/ponencia%20networking%20alacant.pdf\" target=\"_blank\" rel=\"noopener\">II Trobada d&#8217;Escoles de M\u00fasica. Jornada de networking per a professors i directors d&#8217;escoles de m\u00fasica. Nov. 2012. Documentaci\u00f3<\/a><\/p>\n\n<p><a href=\"http:\/\/fsmcv.org\/actualidad\/comarcas\/fsmcv-inicia-campanya-activitats-comarcals-2012\" target=\"_blank\" rel=\"noopener\">2012 II Trobada d&#8217;Escoles de M\u00fasica<\/a><\/p>\n","protected":false},"excerpt":{"rendered":"<p>JORNADES &#8220;HACIA UN NOU MODEL D&#8217;ESCOLES DE M\u00daSICA&#8221; 11 de juny de 2016: Almorad\u00ed 18 de juny de 2016: Alaqu\u00e0s 25 de juny de 2016: Benic\u00e0ssim DECRET 91\/2013, de 5 de juliol, del Consell, pel qual es regulen les escoles de m\u00fasica de la Comunitat Valenciana. Tr\u00e0mits i sol\u00b7licitud inscripci\u00f3 d&#8217;una escola en el Registre [&hellip;]<\/p>\n","protected":false},"author":1,"featured_media":0,"parent":21569,"menu_order":0,"comment_status":"closed","ping_status":"closed","template":"","meta":{"footnotes":""},"class_list":["post-22314","page","type-page","status-publish","hentry"],"_links":{"self":[{"href":"https:\/\/fsmcv.org\/vl\/wp-json\/wp\/v2\/pages\/22314","targetHints":{"allow":["GET"]}}],"collection":[{"href":"https:\/\/fsmcv.org\/vl\/wp-json\/wp\/v2\/pages"}],"about":[{"href":"https:\/\/fsmcv.org\/vl\/wp-json\/wp\/v2\/types\/page"}],"author":[{"embeddable":true,"href":"https:\/\/fsmcv.org\/vl\/wp-json\/wp\/v2\/users\/1"}],"replies":[{"embeddable":true,"href":"https:\/\/fsmcv.org\/vl\/wp-json\/wp\/v2\/comments?post=22314"}],"version-history":[{"count":0,"href":"https:\/\/fsmcv.org\/vl\/wp-json\/wp\/v2\/pages\/22314\/revisions"}],"up":[{"embeddable":true,"href":"https:\/\/fsmcv.org\/vl\/wp-json\/wp\/v2\/pages\/21569"}],"wp:attachment":[{"href":"https:\/\/fsmcv.org\/vl\/wp-json\/wp\/v2\/media?parent=22314"}],"curies":[{"name":"wp","href":"https:\/\/api.w.org\/{rel}","templated":true}]}}