{"id":22517,"date":"2020-10-02T11:33:28","date_gmt":"2020-10-02T09:33:28","guid":{"rendered":"https:\/\/fsmcv.org\/ocupacion\/"},"modified":"2023-07-11T14:28:01","modified_gmt":"2023-07-11T12:28:01","slug":"portal-docupacio","status":"publish","type":"page","link":"https:\/\/fsmcv.org\/vl\/portal-docupacio\/","title":{"rendered":"Portal d&#8217;ocupaci\u00f3"},"content":{"rendered":"\t\t<div data-elementor-type=\"wp-page\" data-elementor-id=\"22517\" class=\"elementor elementor-22517 elementor-20133\" data-elementor-post-type=\"page\">\n\t\t\t\t\t\t<section class=\"elementor-section elementor-top-section elementor-element elementor-element-73de1af0 elementor-section-boxed elementor-section-height-default elementor-section-height-default\" data-id=\"73de1af0\" data-element_type=\"section\" data-e-type=\"section\">\n\t\t\t\t\t\t\t<div class=\"elementor-background-overlay\"><\/div>\n\t\t\t\t\t\t\t<div class=\"elementor-container elementor-column-gap-default\">\n\t\t\t\t\t<div class=\"elementor-column elementor-col-100 elementor-top-column elementor-element elementor-element-261fcb45\" data-id=\"261fcb45\" data-element_type=\"column\" data-e-type=\"column\">\n\t\t\t<div class=\"elementor-widget-wrap elementor-element-populated\">\n\t\t\t\t\t\t<div class=\"elementor-element elementor-element-b62846c elementor-widget elementor-widget-heading\" data-id=\"b62846c\" data-element_type=\"widget\" data-e-type=\"widget\" data-widget_type=\"heading.default\">\n\t\t\t\t<div class=\"elementor-widget-container\">\n\t\t\t\t\t<h1 class=\"elementor-heading-title elementor-size-default\">Portal d'ocupaci\u00f3<\/h1>\t\t\t\t<\/div>\n\t\t\t\t<\/div>\n\t\t\t\t<div class=\"elementor-element elementor-element-411b68e0 elementor-widget elementor-widget-text-editor\" data-id=\"411b68e0\" data-element_type=\"widget\" data-e-type=\"widget\" data-widget_type=\"text-editor.default\">\n\t\t\t\t<div class=\"elementor-widget-container\">\n\t\t\t\t\t\t\t\t\t<p>La Federaci\u00f3 de Societats Musicals posa a disposici\u00f3 dels seus associats este portal d&#8217;ocupaci\u00f3 per a facilitar a persones i empreses la busca i cobertura de llocs de treball.<\/p>\t\t\t\t\t\t\t\t<\/div>\n\t\t\t\t<\/div>\n\t\t\t\t\t<\/div>\n\t\t<\/div>\n\t\t\t\t\t<\/div>\n\t\t<\/section>\n\t\t\t\t<section class=\"elementor-section elementor-top-section elementor-element elementor-element-2771d66 elementor-section-boxed elementor-section-height-default elementor-section-height-default\" data-id=\"2771d66\" data-element_type=\"section\" data-e-type=\"section\">\n\t\t\t\t\t\t<div class=\"elementor-container elementor-column-gap-default\">\n\t\t\t\t\t<div class=\"elementor-column elementor-col-100 elementor-top-column elementor-element elementor-element-efde13f\" data-id=\"efde13f\" data-element_type=\"column\" data-e-type=\"column\">\n\t\t\t<div class=\"elementor-widget-wrap elementor-element-populated\">\n\t\t\t\t\t\t<div class=\"elementor-element elementor-element-a45cf95 elementor-widget elementor-widget-heading\" data-id=\"a45cf95\" data-element_type=\"widget\" data-e-type=\"widget\" id=\"ofertes\" data-widget_type=\"heading.default\">\n\t\t\t\t<div class=\"elementor-widget-container\">\n\t\t\t\t\t<h2 class=\"elementor-heading-title elementor-size-default\">Ofertes de Treball<\/h2>\t\t\t\t<\/div>\n\t\t\t\t<\/div>\n\t\t\t\t<div class=\"elementor-element elementor-element-63ec75e elementor-widget elementor-widget-html\" data-id=\"63ec75e\" data-element_type=\"widget\" data-e-type=\"widget\" data-widget_type=\"html.default\">\n\t\t\t\t<div class=\"elementor-widget-container\">\n\t\t\t\t\t<iframe src=\"https:\/\/progem.fsmcv.org:8248\/GET_OFER_EMPL\" width=\"100%\" height=\"450\"><\/iframe>\t\t\t\t<\/div>\n\t\t\t\t<\/div>\n\t\t\t\t\t<\/div>\n\t\t<\/div>\n\t\t\t\t\t<\/div>\n\t\t<\/section>\n\t\t\t\t<section class=\"elementor-section elementor-top-section elementor-element elementor-element-34f6907 elementor-section-boxed elementor-section-height-default elementor-section-height-default\" data-id=\"34f6907\" data-element_type=\"section\" data-e-type=\"section\">\n\t\t\t\t\t\t<div class=\"elementor-container elementor-column-gap-default\">\n\t\t\t\t\t<div class=\"elementor-column elementor-col-100 elementor-top-column elementor-element elementor-element-2ce1ae2\" data-id=\"2ce1ae2\" data-element_type=\"column\" data-e-type=\"column\">\n\t\t\t<div class=\"elementor-widget-wrap elementor-element-populated\">\n\t\t\t\t\t\t<div class=\"elementor-element elementor-element-28ed6ba elementor-widget elementor-widget-heading\" data-id=\"28ed6ba\" data-element_type=\"widget\" data-e-type=\"widget\" id=\"interesant\" data-widget_type=\"heading.default\">\n\t\t\t\t<div class=\"elementor-widget-container\">\n\t\t\t\t\t<h2 class=\"elementor-heading-title elementor-size-default\">Enlla\u00e7os d\u00b4inter\u00e9s<\/h2>\t\t\t\t<\/div>\n\t\t\t\t<\/div>\n\t\t\t\t<div class=\"elementor-element elementor-element-4cfe6aa elementor-widget elementor-widget-text-editor\" data-id=\"4cfe6aa\" data-element_type=\"widget\" data-e-type=\"widget\" id=\"interesante\" data-widget_type=\"text-editor.default\">\n\t\t\t\t<div class=\"elementor-widget-container\">\n\t\t\t\t\t\t\t\t\t<ul><li><span class=\"texto\">Per a la cerca d&#8217;un bon professional per a realizar mini treballs: <a href=\"http:\/\/www.minijobs.es\/\" target=\"_blank\" rel=\"noopener\">www.minijobs.es<\/a><\/span><\/li><li>Portal d&#8217;ocupaci\u00f3 per a estudiants i titulats a temps complet, parcial i pr\u00e0ctiques en empreses per a estudiants: <a href=\"http:\/\/www.studentjob.es\/\" target=\"_blank\" rel=\"noopener\">www.studentjob.es<\/a><\/li><li>La bossa d&#8217;ocupaci\u00f3 online l\u00edder a Espanya i el portal amb m\u00e9s ofertes de treball: <a href=\"http:\/\/www%20infojobs.net\/\" target=\"_blank\" rel=\"noopener\">www infojobs.net<\/a><\/li><li>Ofertes d&#8217;ocupaci\u00f3 d&#8217;alt nivell: <a href=\"http:\/\/www.experteer.es\/\" target=\"_blank\" rel=\"noopener\">www.experteer.es<\/a><\/li><li>Per a trobar les millors ofertes de treball que es publiquen di\u00e0riament: <a href=\"http:\/\/empleo.trovit.es\/\" target=\"_blank\" rel=\"noopener\">empleo.trovit.es<\/a><\/li><li>Bosses de trabajo\/ofertas d&#8217;ocupaci\u00f3: <a href=\"http:\/\/www.trabajo.org\/\" target=\"_blank\" rel=\"noopener\">www.trabajo.org<\/a><\/li><li>Borsa de treball i ofertes d&#8217;ocupaci\u00f3 per a tots els sectors: <a href=\"http:\/\/www.trabajar.com\/\" target=\"_blank\" rel=\"noopener\">www.trabajar.com<\/a><\/li><li>Buscador de treball. Milers d&#8217;ofertes d&#8217;ocupaci\u00f3 recents:<a href=\"http:\/\/www.empleo.org\/\" target=\"_blank\" rel=\"noopener\">www.empleo.org<\/a><\/li><li>Milers de treballs i ofertes d&#8217;ocupaci\u00f3: <a href=\"http:\/\/www.infoempleo.com\/\" target=\"_blank\" rel=\"noopener\">www.infoempleo.com<\/a><\/li><li>Portal dissenyat per a donar resposta a les necessitats del mercat d&#8217;IT a Espanya: <a href=\"http:\/\/www.ticjobs.es\/\" target=\"_blank\" rel=\"noopener\">www.ticjobs.es<\/a><\/li><li>Per a crear un curr\u00edculum, buscar treball, preparar entrevistes i llan\u00e7ar la teua carrera professional:<a href=\"http:\/\/www.monster.es\/\" target=\"_blank\" rel=\"noopener\"> www.monster.es<\/a><\/li><li>Bossa d&#8217;ocupaci\u00f3 amb m\u00e9s de 30.000 ofertes de treball: <a href=\"http:\/\/www.trabajos.com\/\" target=\"_blank\" rel=\"noopener\">www.trabajos.com<\/a><\/li><li>Ofertes de trabajo\/ bossa d&#8217;empleo\/ Recursos Humans: <a href=\"http:\/\/www.laboris.net\/\" target=\"_blank\" rel=\"noopener\">www.laboris.net<\/a><\/li><li>Ofertes d&#8217;ocupaci\u00f3 i borsa de treball. Portal d&#8217;ocupaci\u00f3 del peri\u00f2dic \u00abExpansi\u00f3n\u00bb: <a href=\"http:\/\/www.expansionyempleo.com\/\" target=\"_blank\" rel=\"noopener\">www.expansionyempleo.com<\/a><\/li><li>Ofertes d&#8217;ocupaci\u00f3, busca d&#8217;ocupaci\u00f3. Servici P\u00fablic d&#8217;Ocupaci\u00f3 Estatal: <a href=\"http:\/\/www.redtrabaja.es\/\" target=\"_blank\" rel=\"noopener\">www.redtrabaja.es<\/a><\/li><li>Selecci\u00f3 de treballs que s\u00f3n recopilats de diverses fonts d&#8217;Internet: <a href=\"http:\/\/www.opcionempleo.com\/\" target=\"_blank\" rel=\"noopener\">www.opcionempleo.com<\/a><\/li><li>Jooble \u2013 buscador d&#8217;ofertes d&#8217;ocupaci\u00f3:<a href=\"http:\/\/jooble.es\/\" target=\"_blank\" rel=\"noopener\">http:\/\/jooble.es<\/a> (treball en Espanya) \u2013 <a href=\"http:\/\/jooble.org\/\" target=\"_blank\" rel=\"noopener\">http:\/\/jooble.org<\/a> (Treball en el mon) \u2013 <a href=\"http:\/\/jooble.es\/main-trabajo\/rgn-Valencia\" target=\"_blank\" rel=\"noopener\">http:\/\/jooble.es\/main-trabajo\/rgn-Valencia<\/a> (Treball en Val\u00e8ncia)<\/li><li>Motor de busca d&#8217;ocupaci\u00f3: <a href=\"http:\/\/neuvoo.es\/\" target=\"_blank\" rel=\"noopener\">neuvoo.es<\/a><\/li><li>Portal d&#8217;ocupaci\u00f3 basat en l&#8217;autocandidatura: <a href=\"http:\/\/www.bizneo.com\/\" target=\"_blank\" rel=\"noopener\">http:\/\/www.bizneo.com<\/a>(El candidat pot enviar el seu curr\u00edculum a les bases de dades de m\u00e9s de 20.000 empreses amb un sol clic) .<\/li><\/ul>\t\t\t\t\t\t\t\t<\/div>\n\t\t\t\t<\/div>\n\t\t\t\t\t<\/div>\n\t\t<\/div>\n\t\t\t\t\t<\/div>\n\t\t<\/section>\n\t\t\t\t<section class=\"elementor-section elementor-top-section elementor-element elementor-element-2cb60dec elementor-section-boxed elementor-section-height-default elementor-section-height-default\" data-id=\"2cb60dec\" data-element_type=\"section\" data-e-type=\"section\" data-settings=\"{&quot;background_background&quot;:&quot;classic&quot;}\">\n\t\t\t\t\t\t\t<div class=\"elementor-background-overlay\"><\/div>\n\t\t\t\t\t\t\t<div class=\"elementor-container elementor-column-gap-default\">\n\t\t\t\t\t<div class=\"elementor-column elementor-col-100 elementor-top-column elementor-element elementor-element-6a97e5b8\" data-id=\"6a97e5b8\" data-element_type=\"column\" data-e-type=\"column\">\n\t\t\t<div class=\"elementor-widget-wrap elementor-element-populated\">\n\t\t\t\t\t\t<section class=\"elementor-section elementor-inner-section elementor-element elementor-element-a135c03 elementor-section-full_width elementor-section-height-default elementor-section-height-default\" data-id=\"a135c03\" data-element_type=\"section\" data-e-type=\"section\" data-settings=\"{&quot;motion_fx_motion_fx_scrolling&quot;:&quot;yes&quot;,&quot;motion_fx_translateY_effect&quot;:&quot;yes&quot;,&quot;motion_fx_translateY_speed&quot;:{&quot;unit&quot;:&quot;px&quot;,&quot;size&quot;:&quot;1&quot;,&quot;sizes&quot;:[]},&quot;motion_fx_translateY_affectedRange&quot;:{&quot;unit&quot;:&quot;%&quot;,&quot;size&quot;:&quot;&quot;,&quot;sizes&quot;:{&quot;start&quot;:&quot;0&quot;,&quot;end&quot;:&quot;50&quot;}},&quot;motion_fx_opacity_effect&quot;:&quot;yes&quot;,&quot;motion_fx_opacity_range&quot;:{&quot;unit&quot;:&quot;%&quot;,&quot;size&quot;:&quot;&quot;,&quot;sizes&quot;:{&quot;start&quot;:&quot;0&quot;,&quot;end&quot;:&quot;50&quot;}},&quot;motion_fx_devices&quot;:[&quot;desktop&quot;,&quot;tablet&quot;],&quot;motion_fx_opacity_direction&quot;:&quot;out-in&quot;,&quot;motion_fx_opacity_level&quot;:{&quot;unit&quot;:&quot;px&quot;,&quot;size&quot;:10,&quot;sizes&quot;:[]}}\">\n\t\t\t\t\t\t<div class=\"elementor-container elementor-column-gap-default\">\n\t\t\t\t\t<div class=\"elementor-column elementor-col-33 elementor-inner-column elementor-element elementor-element-21dec209\" data-id=\"21dec209\" data-element_type=\"column\" data-e-type=\"column\" data-settings=\"{&quot;background_background&quot;:&quot;classic&quot;}\">\n\t\t\t<div class=\"elementor-widget-wrap elementor-element-populated\">\n\t\t\t\t\t\t<div class=\"elementor-element elementor-element-34351fc8 elementor-position-top elementor-widget elementor-widget-image-box\" data-id=\"34351fc8\" data-element_type=\"widget\" data-e-type=\"widget\" data-widget_type=\"image-box.default\">\n\t\t\t\t<div class=\"elementor-widget-container\">\n\t\t\t\t\t<div class=\"elementor-image-box-wrapper\"><figure class=\"elementor-image-box-img\"><a href=\"https:\/\/fsmcv.org\/vl\/centre-destudis-de-la-fsmcv\/\" tabindex=\"-1\"><img fetchpriority=\"high\" decoding=\"async\" width=\"512\" height=\"512\" src=\"https:\/\/fsmcv.org\/wp-content\/uploads\/2020\/09\/046-music.svg\" class=\"attachment-full size-full wp-image-19826\" alt=\"\" title=\"\"><\/a><\/figure><div class=\"elementor-image-box-content\"><h4 class=\"elementor-image-box-title\"><a href=\"https:\/\/fsmcv.org\/vl\/centre-destudis-de-la-fsmcv\/\">Doc\u00e8ncia<\/a><\/h4><\/div><\/div>\t\t\t\t<\/div>\n\t\t\t\t<\/div>\n\t\t\t\t\t<\/div>\n\t\t<\/div>\n\t\t\t\t<div class=\"elementor-column elementor-col-33 elementor-inner-column elementor-element elementor-element-41a8f0ab\" data-id=\"41a8f0ab\" data-element_type=\"column\" data-e-type=\"column\" data-settings=\"{&quot;background_background&quot;:&quot;classic&quot;}\">\n\t\t\t<div class=\"elementor-widget-wrap elementor-element-populated\">\n\t\t\t\t\t\t<div class=\"elementor-element elementor-element-64041759 elementor-position-top elementor-widget elementor-widget-image-box\" data-id=\"64041759\" data-element_type=\"widget\" data-e-type=\"widget\" data-widget_type=\"image-box.default\">\n\t\t\t\t<div class=\"elementor-widget-container\">\n\t\t\t\t\t<div class=\"elementor-image-box-wrapper\"><figure class=\"elementor-image-box-img\"><a href=\"https:\/\/fsmcv.org\/vl\/categoria\/noticies-del-portal-docupacio\/\" tabindex=\"-1\"><img decoding=\"async\" width=\"512\" height=\"512\" src=\"https:\/\/fsmcv.org\/wp-content\/uploads\/2020\/09\/022-group.svg\" class=\"attachment-full size-full wp-image-19824\" alt=\"icono grup\" title=\"\"><\/a><\/figure><div class=\"elementor-image-box-content\"><h4 class=\"elementor-image-box-title\"><a href=\"https:\/\/fsmcv.org\/vl\/categoria\/noticies-del-portal-docupacio\/\">Veure not\u00edcies sobre ocupaci\u00f3<\/a><\/h4><\/div><\/div>\t\t\t\t<\/div>\n\t\t\t\t<\/div>\n\t\t\t\t\t<\/div>\n\t\t<\/div>\n\t\t\t\t<div class=\"elementor-column elementor-col-33 elementor-inner-column elementor-element elementor-element-77b783ab\" data-id=\"77b783ab\" data-element_type=\"column\" data-e-type=\"column\" data-settings=\"{&quot;background_background&quot;:&quot;classic&quot;}\">\n\t\t\t<div class=\"elementor-widget-wrap elementor-element-populated\">\n\t\t\t\t\t\t<div class=\"elementor-element elementor-element-41b3246a elementor-position-top elementor-widget elementor-widget-image-box\" data-id=\"41b3246a\" data-element_type=\"widget\" data-e-type=\"widget\" data-widget_type=\"image-box.default\">\n\t\t\t\t<div class=\"elementor-widget-container\">\n\t\t\t\t\t<div class=\"elementor-image-box-wrapper\"><figure class=\"elementor-image-box-img\"><a href=\"https:\/\/fsmcv.org\/vl\/les-nostres-societats-musicals\/\" tabindex=\"-1\"><img decoding=\"async\" width=\"512\" height=\"512\" src=\"https:\/\/fsmcv.org\/wp-content\/uploads\/2020\/10\/009-search.svg\" class=\"attachment-full size-full wp-image-20180\" alt=\"lupa\" title=\"\"><\/a><\/figure><div class=\"elementor-image-box-content\"><h4 class=\"elementor-image-box-title\"><a href=\"https:\/\/fsmcv.org\/vl\/les-nostres-societats-musicals\/\">Les nostres societats musicals<\/a><\/h4><\/div><\/div>\t\t\t\t<\/div>\n\t\t\t\t<\/div>\n\t\t\t\t\t<\/div>\n\t\t<\/div>\n\t\t\t\t\t<\/div>\n\t\t<\/section>\n\t\t\t\t\t<\/div>\n\t\t<\/div>\n\t\t\t\t\t<\/div>\n\t\t<\/section>\n\t\t\t\t<\/div>\n\t\t","protected":false},"excerpt":{"rendered":"<p>Portal d&#8217;ocupaci\u00f3 La Federaci\u00f3 de Societats Musicals posa a disposici\u00f3 dels seus associats este portal d&#8217;ocupaci\u00f3 per a facilitar a persones i empreses la busca i cobertura de llocs de treball. Ofertes de Treball Enlla\u00e7os d\u00b4inter\u00e9s Per a la cerca d&#8217;un bon professional per a realizar mini treballs: www.minijobs.es Portal d&#8217;ocupaci\u00f3 per a estudiants i [&hellip;]<\/p>\n","protected":false},"author":1,"featured_media":67412,"parent":0,"menu_order":8,"comment_status":"closed","ping_status":"closed","template":"","meta":{"footnotes":""},"class_list":["post-22517","page","type-page","status-publish","has-post-thumbnail","hentry"],"_links":{"self":[{"href":"https:\/\/fsmcv.org\/vl\/wp-json\/wp\/v2\/pages\/22517","targetHints":{"allow":["GET"]}}],"collection":[{"href":"https:\/\/fsmcv.org\/vl\/wp-json\/wp\/v2\/pages"}],"about":[{"href":"https:\/\/fsmcv.org\/vl\/wp-json\/wp\/v2\/types\/page"}],"author":[{"embeddable":true,"href":"https:\/\/fsmcv.org\/vl\/wp-json\/wp\/v2\/users\/1"}],"replies":[{"embeddable":true,"href":"https:\/\/fsmcv.org\/vl\/wp-json\/wp\/v2\/comments?post=22517"}],"version-history":[{"count":0,"href":"https:\/\/fsmcv.org\/vl\/wp-json\/wp\/v2\/pages\/22517\/revisions"}],"wp:featuredmedia":[{"embeddable":true,"href":"https:\/\/fsmcv.org\/vl\/wp-json\/wp\/v2\/media\/67412"}],"wp:attachment":[{"href":"https:\/\/fsmcv.org\/vl\/wp-json\/wp\/v2\/media?parent=22517"}],"curies":[{"name":"wp","href":"https:\/\/api.w.org\/{rel}","templated":true}]}}