{"id":34114,"date":"2021-05-20T11:50:19","date_gmt":"2021-05-20T09:50:19","guid":{"rendered":"https:\/\/fsmcv.org\/presentacio\/"},"modified":"2024-11-15T10:57:02","modified_gmt":"2024-11-15T09:57:02","slug":"presentacio","status":"publish","type":"page","link":"https:\/\/fsmcv.org\/vl\/federacio-de-societats-musicals-de-la-comunitat-valenciana\/presentacio\/","title":{"rendered":"Presentaci\u00f3 de la FSMCV"},"content":{"rendered":"\t\t<div data-elementor-type=\"wp-page\" data-elementor-id=\"34114\" class=\"elementor elementor-34114 elementor-33962\" data-elementor-post-type=\"page\">\n\t\t\t\t\t\t<section class=\"elementor-section elementor-top-section elementor-element elementor-element-8738358 elementor-section-boxed elementor-section-height-default elementor-section-height-default\" data-id=\"8738358\" data-element_type=\"section\" data-e-type=\"section\">\n\t\t\t\t\t\t\t<div class=\"elementor-background-overlay\"><\/div>\n\t\t\t\t\t\t\t<div class=\"elementor-container elementor-column-gap-default\">\n\t\t\t\t\t<div class=\"elementor-column elementor-col-100 elementor-top-column elementor-element elementor-element-110d60d\" data-id=\"110d60d\" data-element_type=\"column\" data-e-type=\"column\">\n\t\t\t<div class=\"elementor-widget-wrap elementor-element-populated\">\n\t\t\t\t\t\t<div class=\"elementor-element elementor-element-f69f84c elementor-widget elementor-widget-heading\" data-id=\"f69f84c\" data-element_type=\"widget\" data-e-type=\"widget\" data-widget_type=\"heading.default\">\n\t\t\t\t<div class=\"elementor-widget-container\">\n\t\t\t\t\t<h1 class=\"elementor-heading-title elementor-size-default\">Presentaci\u00f3 De La FSMCV<\/h1>\t\t\t\t<\/div>\n\t\t\t\t<\/div>\n\t\t\t\t<div class=\"elementor-element elementor-element-caedb45 elementor-widget elementor-widget-text-editor\" data-id=\"caedb45\" data-element_type=\"widget\" data-e-type=\"widget\" data-widget_type=\"text-editor.default\">\n\t\t\t\t<div class=\"elementor-widget-container\">\n\t\t\t\t\t\t\t\t\t<p>La Federaci\u00f3 de Societats Musicals de la Comunitat Valenciana est\u00e0 integrada per <strong>546 societats musicals<\/strong> i els seus centres educatius, <strong>amb 47.000 m\u00fasics, 60.000 alumnes i m\u00e9s de 200.000 socis,<\/strong> representant <strong>m\u00e9s del 50%<\/strong> de bandes de m\u00fasica de tota Espanya.<\/p>\n\t\t\t\t\t\t\t\t<\/div>\n\t\t\t\t<\/div>\n\t\t\t\t<div class=\"elementor-element elementor-element-54875add elementor-widget elementor-widget-video\" data-id=\"54875add\" data-element_type=\"widget\" data-e-type=\"widget\" data-settings=\"{&quot;youtube_url&quot;:&quot;https:\\\/\\\/www.youtube.com\\\/watch?v=849E7Q4cfiQ&amp;t=1s&quot;,&quot;video_type&quot;:&quot;youtube&quot;,&quot;controls&quot;:&quot;yes&quot;}\" data-widget_type=\"video.default\">\n\t\t\t\t<div class=\"elementor-widget-container\">\n\t\t\t\t\t\t\t<div class=\"elementor-wrapper elementor-open-inline\">\n\t\t\t<div class=\"elementor-video\"><\/div>\t\t<\/div>\n\t\t\t\t\t\t<\/div>\n\t\t\t\t<\/div>\n\t\t\t\t\t<\/div>\n\t\t<\/div>\n\t\t\t\t\t<\/div>\n\t\t<\/section>\n\t\t\t\t<section class=\"elementor-section elementor-top-section elementor-element elementor-element-1726ddf2 elementor-section-boxed elementor-section-height-default elementor-section-height-default\" data-id=\"1726ddf2\" data-element_type=\"section\" data-e-type=\"section\">\n\t\t\t\t\t\t<div class=\"elementor-container elementor-column-gap-default\">\n\t\t\t\t\t<div class=\"elementor-column elementor-col-100 elementor-top-column elementor-element elementor-element-368c7639\" data-id=\"368c7639\" data-element_type=\"column\" data-e-type=\"column\">\n\t\t\t<div class=\"elementor-widget-wrap elementor-element-populated\">\n\t\t\t\t\t\t<div class=\"elementor-element elementor-element-389693e7 elementor-widget elementor-widget-heading\" data-id=\"389693e7\" data-element_type=\"widget\" data-e-type=\"widget\" data-widget_type=\"heading.default\">\n\t\t\t\t<div class=\"elementor-widget-container\">\n\t\t\t\t\t<h2 class=\"elementor-heading-title elementor-size-default\">Les nostres societats musicals<\/h2>\t\t\t\t<\/div>\n\t\t\t\t<\/div>\n\t\t\t\t\t<\/div>\n\t\t<\/div>\n\t\t\t\t\t<\/div>\n\t\t<\/section>\n\t\t\t\t<section class=\"elementor-section elementor-top-section elementor-element elementor-element-cfb50a1 elementor-section-boxed elementor-section-height-default elementor-section-height-default\" data-id=\"cfb50a1\" data-element_type=\"section\" data-e-type=\"section\">\n\t\t\t\t\t\t<div class=\"elementor-container elementor-column-gap-default\">\n\t\t\t\t\t<div class=\"elementor-column elementor-col-50 elementor-top-column elementor-element elementor-element-b3f6cdc\" data-id=\"b3f6cdc\" data-element_type=\"column\" data-e-type=\"column\">\n\t\t\t<div class=\"elementor-widget-wrap elementor-element-populated\">\n\t\t\t\t\t\t<div class=\"elementor-element elementor-element-2b8024a elementor-widget elementor-widget-heading\" data-id=\"2b8024a\" data-element_type=\"widget\" data-e-type=\"widget\" data-widget_type=\"heading.default\">\n\t\t\t\t<div class=\"elementor-widget-container\">\n\t\t\t\t\t<h3 class=\"elementor-heading-title elementor-size-default\">La FSMCV agrupa a 546 societats musicals i les seues escoles de m\u00fasica (el 50% d\u2019Espanya) amb 47.000 m\u00fasics, 60.000 alumnes i m\u00e9s de 200.000 socis.<\/h3>\t\t\t\t<\/div>\n\t\t\t\t<\/div>\n\t\t\t\t\t<\/div>\n\t\t<\/div>\n\t\t\t\t<div class=\"elementor-column elementor-col-50 elementor-top-column elementor-element elementor-element-cca706a\" data-id=\"cca706a\" data-element_type=\"column\" data-e-type=\"column\">\n\t\t\t<div class=\"elementor-widget-wrap elementor-element-populated\">\n\t\t\t\t\t\t<div class=\"elementor-element elementor-element-cd07265 elementor-widget elementor-widget-text-editor\" data-id=\"cd07265\" data-element_type=\"widget\" data-e-type=\"widget\" data-widget_type=\"text-editor.default\">\n\t\t\t\t<div class=\"elementor-widget-container\">\n\t\t\t\t\t\t\t\t\t<p>Les societats musicals, presents en el 95% dels municipis d\u2019Alacant, Castell\u00f3 i Val\u00e8ncia de m\u00e9s de 500 habitants, conformen un projecte social i educatiu \u00fanic en el m\u00f3n i s\u00f3n el principal agent cultural de la Comunitat Valenciana segons la Universitat de Val\u00e8ncia.<\/p>\n<p>Els destinataris de les activitats que realitza la FSMCV s\u00f3n les associacions que la componen i, per extensi\u00f3, els m\u00fasics i el p\u00fablic en general.<\/p>\n<p>Aix\u00ed mateix, la FSMCV assumeix la representaci\u00f3 i defensa dels interessos generals de les seues societats federades davant de les institucions p\u00fabliques i privades, i sol\u00b7licita les ajudes necess\u00e0ries per a continuar l\u2019\u00edmproba labor cultural i docent de les seues associades.<\/p>\n<p>En col\u00b7laboraci\u00f3 amb les institucions, ofereix a la societat valenciana activitats culturals i facilita a tota la seua poblaci\u00f3 les millors oportunitats d\u2019acc\u00e9s al b\u00e9 cultural musical.<\/p>\n\t\t\t\t\t\t\t\t<\/div>\n\t\t\t\t<\/div>\n\t\t\t\t\t<\/div>\n\t\t<\/div>\n\t\t\t\t\t<\/div>\n\t\t<\/section>\n\t\t\t\t<section class=\"elementor-section elementor-top-section elementor-element elementor-element-c921b91 elementor-section-height-min-height elementor-section-boxed elementor-section-height-default elementor-section-items-middle\" data-id=\"c921b91\" data-element_type=\"section\" data-e-type=\"section\" data-settings=\"{&quot;background_background&quot;:&quot;classic&quot;}\">\n\t\t\t\t\t\t\t<div class=\"elementor-background-overlay\"><\/div>\n\t\t\t\t\t\t\t<div class=\"elementor-container elementor-column-gap-default\">\n\t\t\t\t\t<div class=\"elementor-column elementor-col-100 elementor-top-column elementor-element elementor-element-2e51a5a\" data-id=\"2e51a5a\" data-element_type=\"column\" data-e-type=\"column\">\n\t\t\t<div class=\"elementor-widget-wrap\">\n\t\t\t\t\t\t\t<\/div>\n\t\t<\/div>\n\t\t\t\t\t<\/div>\n\t\t<\/section>\n\t\t\t\t<\/div>\n\t\t","protected":false},"excerpt":{"rendered":"<p>Presentaci\u00f3 De La FSMCV La Federaci\u00f3 de Societats Musicals de la Comunitat Valenciana est\u00e0 integrada per 546 societats musicals i els seus centres educatius, amb 47.000 m\u00fasics, 60.000 alumnes i m\u00e9s de 200.000 socis, representant m\u00e9s del 50% de bandes de m\u00fasica de tota Espanya. Les nostres societats musicals La FSMCV agrupa a 546 societats [&hellip;]<\/p>\n","protected":false},"author":1,"featured_media":0,"parent":39520,"menu_order":1,"comment_status":"closed","ping_status":"closed","template":"elementor_header_footer","meta":{"footnotes":""},"class_list":["post-34114","page","type-page","status-publish","hentry"],"_links":{"self":[{"href":"https:\/\/fsmcv.org\/vl\/wp-json\/wp\/v2\/pages\/34114","targetHints":{"allow":["GET"]}}],"collection":[{"href":"https:\/\/fsmcv.org\/vl\/wp-json\/wp\/v2\/pages"}],"about":[{"href":"https:\/\/fsmcv.org\/vl\/wp-json\/wp\/v2\/types\/page"}],"author":[{"embeddable":true,"href":"https:\/\/fsmcv.org\/vl\/wp-json\/wp\/v2\/users\/1"}],"replies":[{"embeddable":true,"href":"https:\/\/fsmcv.org\/vl\/wp-json\/wp\/v2\/comments?post=34114"}],"version-history":[{"count":8,"href":"https:\/\/fsmcv.org\/vl\/wp-json\/wp\/v2\/pages\/34114\/revisions"}],"predecessor-version":[{"id":75198,"href":"https:\/\/fsmcv.org\/vl\/wp-json\/wp\/v2\/pages\/34114\/revisions\/75198"}],"up":[{"embeddable":true,"href":"https:\/\/fsmcv.org\/vl\/wp-json\/wp\/v2\/pages\/39520"}],"wp:attachment":[{"href":"https:\/\/fsmcv.org\/vl\/wp-json\/wp\/v2\/media?parent=34114"}],"curies":[{"name":"wp","href":"https:\/\/api.w.org\/{rel}","templated":true}]}}