{"id":39678,"date":"2021-06-03T07:38:14","date_gmt":"2021-06-03T05:38:14","guid":{"rendered":"https:\/\/fsmcv.org\/caixabank-escolta-valencia\/"},"modified":"2025-01-14T09:35:18","modified_gmt":"2025-01-14T08:35:18","slug":"caixabank-escolta-valencia","status":"publish","type":"page","link":"https:\/\/fsmcv.org\/vl\/area-de-gestio-cultural\/caixabank-escolta-valencia\/","title":{"rendered":"CaixaBank Escolta Val\u00e8ncia"},"content":{"rendered":"\t\t<div data-elementor-type=\"wp-page\" data-elementor-id=\"39678\" class=\"elementor elementor-39678 elementor-35321\" data-elementor-post-type=\"page\">\n\t\t\t\t\t\t<section class=\"elementor-section elementor-top-section elementor-element elementor-element-eb198fb elementor-section-boxed elementor-section-height-default elementor-section-height-default\" data-id=\"eb198fb\" data-element_type=\"section\" data-e-type=\"section\">\n\t\t\t\t\t\t\t<div class=\"elementor-background-overlay\"><\/div>\n\t\t\t\t\t\t\t<div class=\"elementor-container elementor-column-gap-default\">\n\t\t\t\t\t<div class=\"elementor-column elementor-col-100 elementor-top-column elementor-element elementor-element-a4eb39b\" data-id=\"a4eb39b\" data-element_type=\"column\" data-e-type=\"column\">\n\t\t\t<div class=\"elementor-widget-wrap elementor-element-populated\">\n\t\t\t\t\t\t<div class=\"elementor-element elementor-element-471480a4 elementor-widget__width-initial elementor-widget elementor-widget-heading\" data-id=\"471480a4\" data-element_type=\"widget\" data-e-type=\"widget\" data-widget_type=\"heading.default\">\n\t\t\t\t<div class=\"elementor-widget-container\">\n\t\t\t\t\t<h1 class=\"elementor-heading-title elementor-size-default\">CaixaBank Escolta Val\u00e8ncia<\/h1>\t\t\t\t<\/div>\n\t\t\t\t<\/div>\n\t\t\t\t<div class=\"elementor-element elementor-element-19c8807f elementor-widget elementor-widget-text-editor\" data-id=\"19c8807f\" data-element_type=\"widget\" data-e-type=\"widget\" data-widget_type=\"text-editor.default\">\n\t\t\t\t<div class=\"elementor-widget-container\">\n\t\t\t\t\t\t\t\t\t<p>CaixaBank Escolta Val\u00e8ncia \u00e9s el projecte que CaixaBank i Federaci\u00f3 de Societats Musicals desenrotllen a la Comunitat Valenciana dirigit a la promoci\u00f3 i el suport de la m\u00fasica.<\/p>\n\t\t\t\t\t\t\t\t<\/div>\n\t\t\t\t<\/div>\n\t\t\t\t\t<\/div>\n\t\t<\/div>\n\t\t\t\t\t<\/div>\n\t\t<\/section>\n\t\t\t\t<section class=\"elementor-section elementor-top-section elementor-element elementor-element-9cd94b0 elementor-section-boxed elementor-section-height-default elementor-section-height-default\" data-id=\"9cd94b0\" data-element_type=\"section\" data-e-type=\"section\">\n\t\t\t\t\t\t<div class=\"elementor-container elementor-column-gap-custom\">\n\t\t\t\t\t<div class=\"elementor-column elementor-col-50 elementor-top-column elementor-element elementor-element-4f538af\" data-id=\"4f538af\" data-element_type=\"column\" data-e-type=\"column\">\n\t\t\t<div class=\"elementor-widget-wrap elementor-element-populated\">\n\t\t\t\t\t\t<div class=\"elementor-element elementor-element-de01e21 elementor-widget elementor-widget-heading\" data-id=\"de01e21\" data-element_type=\"widget\" data-e-type=\"widget\" data-widget_type=\"heading.default\">\n\t\t\t\t<div class=\"elementor-widget-container\">\n\t\t\t\t\t<h3 class=\"elementor-heading-title elementor-size-default\">Per a Federaci\u00f3 i CaixaBank, la m\u00fasica representa els nostres propis valors: professionalitat, integritat, comprom\u00eds, proximitat i, especialment, l'orientaci\u00f3 a l'\u00e8xit.<\/h3>\t\t\t\t<\/div>\n\t\t\t\t<\/div>\n\t\t\t\t\t<\/div>\n\t\t<\/div>\n\t\t\t\t<div class=\"elementor-column elementor-col-50 elementor-top-column elementor-element elementor-element-daee5c9\" data-id=\"daee5c9\" data-element_type=\"column\" data-e-type=\"column\">\n\t\t\t<div class=\"elementor-widget-wrap elementor-element-populated\">\n\t\t\t\t\t\t<div class=\"elementor-element elementor-element-636d72c elementor-widget elementor-widget-text-editor\" data-id=\"636d72c\" data-element_type=\"widget\" data-e-type=\"widget\" data-widget_type=\"text-editor.default\">\n\t\t\t\t<div class=\"elementor-widget-container\">\n\t\t\t\t\t\t\t\t\t<p>Esta l\u00ednia de suport al fenomen musical valenci\u00e0, centrada especialment en les nostres societats musicals, \u00e9s possible gr\u00e0cies al conveni firmat amb la Conselleria d&#8217;Educaci\u00f3, Investigaci\u00f3, Cultura i Esport de la Generalitat Valenciana i es tracta del patrocini privat m\u00e9s important que rep este moviment.<\/p>\n<p>A trav\u00e9s d&#8217;esta iniciativa, invertim en un \u00e0mbit que contribu\u00efx al mateix temps a la vertebraci\u00f3 de la Comunitat i al creixement personal dels ciutadans. La m\u00fasica influ\u00efx positivament en el proc\u00e9s educatiu i afavorix la integraci\u00f3 social Obri portes a l&#8217;ocupaci\u00f3 com a part de les ind\u00fastries creatives. Enriquix el panorama cultural i connecta la tradici\u00f3 amb el futur.<\/p>\n<p>Les bandes de m\u00fasica a la Comunitat Valenciana representen un fenomen social i cultural d&#8217;enorme envergadura a trav\u00e9s d&#8217;una nombrosa comunitat musical repartida sense distinci\u00f3 entre pobles xicotets i ciutats, entre comarques i prov\u00edncies. Un fenomen que els valencians viuen des de xiquets, perqu\u00e8 la m\u00fasica s&#8217;apr\u00e9n des de la inf\u00e0ncia i es compartix al llarg d&#8217;una vida.<\/p>\n<p>El comprom\u00eds de CaixaBank amb la Comunitat Valenciana, com a part de les seues arrels, s&#8217;ha anat estenent des d&#8217;este inicial suport a les societats musicals a accions m\u00e9s \u00e0mplies en el sector musical, com ho demostren els seus premis al talent.<\/p>\n<p>A trav\u00e9s de <a href=\"https:\/\/www.caixabank.com\/es\/sobre-nosotros\/nuestros-patrocinios\/escolta_valencia.html#\" target=\"_blank\" rel=\"noopener\"><span style=\"font-weight: bolder;\">CaixaBank Escolta Val\u00e8ncia<\/span><\/a> s&#8217;han desenrotllat accions per a acompanyar els m\u00fasics dones de la seua formaci\u00f3 fins al reconeixement del seu esfor\u00e7.<\/p><\/p>\n\t\t\t\t\t\t\t\t<\/div>\n\t\t\t\t<\/div>\n\t\t\t\t\t<\/div>\n\t\t<\/div>\n\t\t\t\t\t<\/div>\n\t\t<\/section>\n\t\t\t\t<section class=\"elementor-section elementor-top-section elementor-element elementor-element-ab93a5e elementor-section-boxed elementor-section-height-default elementor-section-height-default\" data-id=\"ab93a5e\" data-element_type=\"section\" data-e-type=\"section\">\n\t\t\t\t\t\t<div class=\"elementor-container elementor-column-gap-default\">\n\t\t\t\t\t<div class=\"elementor-column elementor-col-100 elementor-top-column elementor-element elementor-element-1f6465b\" data-id=\"1f6465b\" data-element_type=\"column\" data-e-type=\"column\">\n\t\t\t<div class=\"elementor-widget-wrap elementor-element-populated\">\n\t\t\t\t\t\t<div class=\"elementor-element elementor-element-71b7480 elementor-widget elementor-widget-image\" data-id=\"71b7480\" data-element_type=\"widget\" data-e-type=\"widget\" data-widget_type=\"image.default\">\n\t\t\t\t<div class=\"elementor-widget-container\">\n\t\t\t\t\t\t\t\t\t\t\t\t\t\t\t\t<a href=\"https:\/\/www.caixabank.com\/es\/sobre-nosotros\/nuestros-patrocinios\/escolta_valencia.html#\" target=\"_blank\" rel=\"noopener\">\n\t\t\t\t\t\t\t<img fetchpriority=\"high\" decoding=\"async\" width=\"540\" height=\"172\" src=\"https:\/\/fsmcv.org\/wp-content\/uploads\/2024\/01\/CaixaBank-escolta-Valencia.jpg\" class=\"attachment-large size-large wp-image-70957\" alt=\"\" title=\"\">\t\t\t\t\t\t\t\t<\/a>\n\t\t\t\t\t\t\t\t\t\t\t\t\t\t\t<\/div>\n\t\t\t\t<\/div>\n\t\t\t\t<div class=\"elementor-element elementor-element-6eddd10 elementor-widget elementor-widget-heading\" data-id=\"6eddd10\" data-element_type=\"widget\" data-e-type=\"widget\" data-widget_type=\"heading.default\">\n\t\t\t\t<div class=\"elementor-widget-container\">\n\t\t\t\t\t<h2 class=\"elementor-heading-title elementor-size-default\">PRINCIPALS PROJECTES<\/h2>\t\t\t\t<\/div>\n\t\t\t\t<\/div>\n\t\t\t\t\t<\/div>\n\t\t<\/div>\n\t\t\t\t\t<\/div>\n\t\t<\/section>\n\t\t\t\t<section class=\"elementor-section elementor-top-section elementor-element elementor-element-fc0fc7a elementor-section-boxed elementor-section-height-default elementor-section-height-default\" data-id=\"fc0fc7a\" data-element_type=\"section\" data-e-type=\"section\">\n\t\t\t\t\t\t<div class=\"elementor-container elementor-column-gap-default\">\n\t\t\t\t\t<div class=\"elementor-column elementor-col-100 elementor-top-column elementor-element elementor-element-695fafd\" data-id=\"695fafd\" data-element_type=\"column\" data-e-type=\"column\">\n\t\t\t<div class=\"elementor-widget-wrap elementor-element-populated\">\n\t\t\t\t\t\t<section class=\"elementor-section elementor-inner-section elementor-element elementor-element-1d27b17 elementor-section-full_width elementor-section-height-default elementor-section-height-default\" data-id=\"1d27b17\" data-element_type=\"section\" data-e-type=\"section\" data-settings=\"{&quot;motion_fx_motion_fx_scrolling&quot;:&quot;yes&quot;,&quot;motion_fx_translateY_effect&quot;:&quot;yes&quot;,&quot;motion_fx_translateY_speed&quot;:{&quot;unit&quot;:&quot;px&quot;,&quot;size&quot;:&quot;1&quot;,&quot;sizes&quot;:[]},&quot;motion_fx_translateY_affectedRange&quot;:{&quot;unit&quot;:&quot;%&quot;,&quot;size&quot;:&quot;&quot;,&quot;sizes&quot;:{&quot;start&quot;:&quot;0&quot;,&quot;end&quot;:&quot;50&quot;}},&quot;motion_fx_opacity_effect&quot;:&quot;yes&quot;,&quot;motion_fx_opacity_range&quot;:{&quot;unit&quot;:&quot;%&quot;,&quot;size&quot;:&quot;&quot;,&quot;sizes&quot;:{&quot;start&quot;:&quot;0&quot;,&quot;end&quot;:&quot;50&quot;}},&quot;motion_fx_devices&quot;:[&quot;desktop&quot;,&quot;tablet&quot;],&quot;motion_fx_opacity_direction&quot;:&quot;out-in&quot;,&quot;motion_fx_opacity_level&quot;:{&quot;unit&quot;:&quot;px&quot;,&quot;size&quot;:10,&quot;sizes&quot;:[]}}\">\n\t\t\t\t\t\t<div class=\"elementor-container elementor-column-gap-default\">\n\t\t\t\t\t<div class=\"elementor-column elementor-col-33 elementor-inner-column elementor-element elementor-element-9625f5c\" data-id=\"9625f5c\" data-element_type=\"column\" data-e-type=\"column\" data-settings=\"{&quot;background_background&quot;:&quot;classic&quot;}\">\n\t\t\t<div class=\"elementor-widget-wrap elementor-element-populated\">\n\t\t\t\t\t\t<div class=\"elementor-element elementor-element-57cd15b elementor-position-top elementor-widget elementor-widget-image-box\" data-id=\"57cd15b\" data-element_type=\"widget\" data-e-type=\"widget\" data-widget_type=\"image-box.default\">\n\t\t\t\t<div class=\"elementor-widget-container\">\n\t\t\t\t\t<div class=\"elementor-image-box-wrapper\"><figure class=\"elementor-image-box-img\"><a href=\"https:\/\/fsmcv.org\/vl\/beques-caixabank\/\" tabindex=\"-1\"><img decoding=\"async\" width=\"512\" height=\"512\" src=\"https:\/\/fsmcv.org\/wp-content\/uploads\/2020\/09\/046-music.svg\" class=\"attachment-full size-full wp-image-19826\" alt=\"\" title=\"\"><\/a><\/figure><div class=\"elementor-image-box-content\"><h4 class=\"elementor-image-box-title\"><a href=\"https:\/\/fsmcv.org\/vl\/beques-caixabank\/\">BEQUES CAIXABANK<\/a><\/h4><\/div><\/div>\t\t\t\t<\/div>\n\t\t\t\t<\/div>\n\t\t\t\t\t<\/div>\n\t\t<\/div>\n\t\t\t\t<div class=\"elementor-column elementor-col-33 elementor-inner-column elementor-element elementor-element-5a9b3b7\" data-id=\"5a9b3b7\" data-element_type=\"column\" data-e-type=\"column\" data-settings=\"{&quot;background_background&quot;:&quot;classic&quot;}\">\n\t\t\t<div class=\"elementor-widget-wrap elementor-element-populated\">\n\t\t\t\t\t\t<div class=\"elementor-element elementor-element-2eff145 elementor-position-top elementor-widget elementor-widget-image-box\" data-id=\"2eff145\" data-element_type=\"widget\" data-e-type=\"widget\" data-widget_type=\"image-box.default\">\n\t\t\t\t<div class=\"elementor-widget-container\">\n\t\t\t\t\t<div class=\"elementor-image-box-wrapper\"><figure class=\"elementor-image-box-img\"><a href=\"https:\/\/www.musicaalallum.es\/\" tabindex=\"-1\" target=\"_blank\" rel=\"noopener\"><img decoding=\"async\" width=\"402\" height=\"482\" src=\"https:\/\/fsmcv.org\/wp-content\/uploads\/2024\/01\/Musica-a-la-llum-indep-1.jpg\" class=\"attachment-full size-full wp-image-70946\" alt=\"\" title=\"\"><\/a><\/figure><div class=\"elementor-image-box-content\"><h4 class=\"elementor-image-box-title\"><a href=\"https:\/\/www.musicaalallum.es\/\" target=\"_blank\" rel=\"noopener\">M\u00daSICA A LA LLUM <\/a><\/h4><\/div><\/div>\t\t\t\t<\/div>\n\t\t\t\t<\/div>\n\t\t\t\t\t<\/div>\n\t\t<\/div>\n\t\t\t\t<div class=\"elementor-column elementor-col-33 elementor-inner-column elementor-element elementor-element-babd40f\" data-id=\"babd40f\" data-element_type=\"column\" data-e-type=\"column\" data-settings=\"{&quot;background_background&quot;:&quot;classic&quot;}\">\n\t\t\t<div class=\"elementor-widget-wrap elementor-element-populated\">\n\t\t\t\t\t\t<div class=\"elementor-element elementor-element-5ec8296 elementor-position-top elementor-widget elementor-widget-image-box\" data-id=\"5ec8296\" data-element_type=\"widget\" data-e-type=\"widget\" data-widget_type=\"image-box.default\">\n\t\t\t\t<div class=\"elementor-widget-container\">\n\t\t\t\t\t<div class=\"elementor-image-box-wrapper\"><figure class=\"elementor-image-box-img\"><a href=\"https:\/\/fsmcv.org\/vl\/alqueria-julia-casa-de-la-musica\/\" tabindex=\"-1\"><img loading=\"lazy\" decoding=\"async\" width=\"367\" height=\"390\" src=\"https:\/\/fsmcv.org\/wp-content\/uploads\/2024\/01\/Dibujo.jpg\" class=\"attachment-full size-full wp-image-70940\" alt=\"\" title=\"\"><\/a><\/figure><div class=\"elementor-image-box-content\"><h4 class=\"elementor-image-box-title\"><a href=\"https:\/\/fsmcv.org\/vl\/alqueria-julia-casa-de-la-musica\/\">ALQUERIA JULI\u00c0 - CASA DE LA M\u00daSICA<\/a><\/h4><\/div><\/div>\t\t\t\t<\/div>\n\t\t\t\t<\/div>\n\t\t\t\t\t<\/div>\n\t\t<\/div>\n\t\t\t\t\t<\/div>\n\t\t<\/section>\n\t\t\t\t\t<\/div>\n\t\t<\/div>\n\t\t\t\t\t<\/div>\n\t\t<\/section>\n\t\t\t\t<section class=\"elementor-section elementor-top-section elementor-element elementor-element-737603c elementor-section-boxed elementor-section-height-default elementor-section-height-default\" data-id=\"737603c\" data-element_type=\"section\" data-e-type=\"section\">\n\t\t\t\t\t\t<div class=\"elementor-container elementor-column-gap-default\">\n\t\t\t\t\t<div class=\"elementor-column elementor-col-100 elementor-top-column elementor-element elementor-element-ac12a3e\" data-id=\"ac12a3e\" data-element_type=\"column\" data-e-type=\"column\">\n\t\t\t<div class=\"elementor-widget-wrap elementor-element-populated\">\n\t\t\t\t\t\t<section class=\"elementor-section elementor-inner-section elementor-element elementor-element-c260c88 elementor-section-full_width elementor-section-height-default elementor-section-height-default\" data-id=\"c260c88\" data-element_type=\"section\" data-e-type=\"section\" data-settings=\"{&quot;motion_fx_motion_fx_scrolling&quot;:&quot;yes&quot;,&quot;motion_fx_translateY_effect&quot;:&quot;yes&quot;,&quot;motion_fx_translateY_speed&quot;:{&quot;unit&quot;:&quot;px&quot;,&quot;size&quot;:&quot;1&quot;,&quot;sizes&quot;:[]},&quot;motion_fx_translateY_affectedRange&quot;:{&quot;unit&quot;:&quot;%&quot;,&quot;size&quot;:&quot;&quot;,&quot;sizes&quot;:{&quot;start&quot;:&quot;0&quot;,&quot;end&quot;:&quot;50&quot;}},&quot;motion_fx_opacity_effect&quot;:&quot;yes&quot;,&quot;motion_fx_opacity_range&quot;:{&quot;unit&quot;:&quot;%&quot;,&quot;size&quot;:&quot;&quot;,&quot;sizes&quot;:{&quot;start&quot;:&quot;0&quot;,&quot;end&quot;:&quot;50&quot;}},&quot;motion_fx_devices&quot;:[&quot;desktop&quot;,&quot;tablet&quot;],&quot;motion_fx_opacity_direction&quot;:&quot;out-in&quot;,&quot;motion_fx_opacity_level&quot;:{&quot;unit&quot;:&quot;px&quot;,&quot;size&quot;:10,&quot;sizes&quot;:[]}}\">\n\t\t\t\t\t\t<div class=\"elementor-container elementor-column-gap-default\">\n\t\t\t\t\t<div class=\"elementor-column elementor-col-33 elementor-inner-column elementor-element elementor-element-c898fb4\" data-id=\"c898fb4\" data-element_type=\"column\" data-e-type=\"column\" data-settings=\"{&quot;background_background&quot;:&quot;classic&quot;}\">\n\t\t\t<div class=\"elementor-widget-wrap elementor-element-populated\">\n\t\t\t\t\t\t<div class=\"elementor-element elementor-element-2066245 elementor-position-top elementor-widget elementor-widget-image-box\" data-id=\"2066245\" data-element_type=\"widget\" data-e-type=\"widget\" data-widget_type=\"image-box.default\">\n\t\t\t\t<div class=\"elementor-widget-container\">\n\t\t\t\t\t<div class=\"elementor-image-box-wrapper\"><figure class=\"elementor-image-box-img\"><a href=\"https:\/\/ivc.gva.es\/es\/musica\/festivales-musica\/concurso-caixabank\" tabindex=\"-1\" target=\"_blank\" rel=\"noopener\"><img loading=\"lazy\" decoding=\"async\" width=\"512\" height=\"512\" src=\"https:\/\/fsmcv.org\/wp-content\/uploads\/2020\/09\/022-group.svg\" class=\"attachment-full size-full wp-image-19824\" alt=\"icono grup\" title=\"\"><\/a><\/figure><div class=\"elementor-image-box-content\"><h4 class=\"elementor-image-box-title\"><a href=\"https:\/\/ivc.gva.es\/es\/musica\/festivales-musica\/concurso-caixabank\" target=\"_blank\" rel=\"noopener\">CONCURS D'ORQUESTRES CAIXABANK<\/a><\/h4><\/div><\/div>\t\t\t\t<\/div>\n\t\t\t\t<\/div>\n\t\t\t\t\t<\/div>\n\t\t<\/div>\n\t\t\t\t<div class=\"elementor-column elementor-col-33 elementor-inner-column elementor-element elementor-element-1393c1f\" data-id=\"1393c1f\" data-element_type=\"column\" data-e-type=\"column\" data-settings=\"{&quot;background_background&quot;:&quot;classic&quot;}\">\n\t\t\t<div class=\"elementor-widget-wrap elementor-element-populated\">\n\t\t\t\t\t\t<div class=\"elementor-element elementor-element-9f3deb5 elementor-position-top elementor-widget elementor-widget-image-box\" data-id=\"9f3deb5\" data-element_type=\"widget\" data-e-type=\"widget\" data-widget_type=\"image-box.default\">\n\t\t\t\t<div class=\"elementor-widget-container\">\n\t\t\t\t\t<div class=\"elementor-image-box-wrapper\"><figure class=\"elementor-image-box-img\"><a href=\"https:\/\/fsmcv.org\/vl\/area-de-gestio-cultural\/caixabank-escolta-valencia\/cicle-caixabank-dorquestres-de-la-comunitat-valenciana\/\" tabindex=\"-1\"><img loading=\"lazy\" decoding=\"async\" width=\"512\" height=\"512\" src=\"https:\/\/fsmcv.org\/wp-content\/uploads\/2020\/09\/022-group.svg\" class=\"attachment-full size-full wp-image-19824\" alt=\"icono grup\" title=\"\"><\/a><\/figure><div class=\"elementor-image-box-content\"><h4 class=\"elementor-image-box-title\"><a href=\"https:\/\/fsmcv.org\/vl\/area-de-gestio-cultural\/caixabank-escolta-valencia\/cicle-caixabank-dorquestres-de-la-comunitat-valenciana\/\">CICLE D'ORQUESTRES CAIXABANK<\/a><\/h4><\/div><\/div>\t\t\t\t<\/div>\n\t\t\t\t<\/div>\n\t\t\t\t\t<\/div>\n\t\t<\/div>\n\t\t\t\t<div class=\"elementor-column elementor-col-33 elementor-inner-column elementor-element elementor-element-b83a7e4\" data-id=\"b83a7e4\" data-element_type=\"column\" data-e-type=\"column\" data-settings=\"{&quot;background_background&quot;:&quot;classic&quot;}\">\n\t\t\t<div class=\"elementor-widget-wrap elementor-element-populated\">\n\t\t\t\t\t\t<div class=\"elementor-element elementor-element-64c6fea elementor-position-top elementor-widget elementor-widget-image-box\" data-id=\"64c6fea\" data-element_type=\"widget\" data-e-type=\"widget\" data-widget_type=\"image-box.default\">\n\t\t\t\t<div class=\"elementor-widget-container\">\n\t\t\t\t\t<div class=\"elementor-image-box-wrapper\"><figure class=\"elementor-image-box-img\"><a href=\"https:\/\/ivc.gva.es\/es\/musica\/festivales-musica\/festival-caixabank-dorquestres-de-la-comunitat-valenciana-2024\" tabindex=\"-1\" target=\"_blank\" rel=\"noopener\"><img loading=\"lazy\" decoding=\"async\" width=\"512\" height=\"512\" src=\"https:\/\/fsmcv.org\/wp-content\/uploads\/2020\/09\/022-group.svg\" class=\"attachment-full size-full wp-image-19824\" alt=\"icono grup\" title=\"\"><\/a><\/figure><div class=\"elementor-image-box-content\"><h4 class=\"elementor-image-box-title\"><a href=\"https:\/\/ivc.gva.es\/es\/musica\/festivales-musica\/festival-caixabank-dorquestres-de-la-comunitat-valenciana-2024\" target=\"_blank\" rel=\"noopener\">FESTIVAL D'ORQUESTRES CAIXABANK <\/a><\/h4><\/div><\/div>\t\t\t\t<\/div>\n\t\t\t\t<\/div>\n\t\t\t\t\t<\/div>\n\t\t<\/div>\n\t\t\t\t\t<\/div>\n\t\t<\/section>\n\t\t\t\t\t<\/div>\n\t\t<\/div>\n\t\t\t\t\t<\/div>\n\t\t<\/section>\n\t\t\t\t<section class=\"elementor-section elementor-top-section elementor-element elementor-element-d5d818f elementor-section-boxed elementor-section-height-default elementor-section-height-default\" data-id=\"d5d818f\" data-element_type=\"section\" data-e-type=\"section\">\n\t\t\t\t\t\t<div class=\"elementor-container elementor-column-gap-default\">\n\t\t\t\t\t<div class=\"elementor-column elementor-col-100 elementor-top-column elementor-element elementor-element-6da4ff5\" data-id=\"6da4ff5\" data-element_type=\"column\" data-e-type=\"column\">\n\t\t\t<div class=\"elementor-widget-wrap elementor-element-populated\">\n\t\t\t\t\t\t<div class=\"elementor-element elementor-element-d288b05 elementor-widget-divider--view-line elementor-widget elementor-widget-divider\" data-id=\"d288b05\" data-element_type=\"widget\" data-e-type=\"widget\" data-widget_type=\"divider.default\">\n\t\t\t\t<div class=\"elementor-widget-container\">\n\t\t\t\t\t\t\t<div class=\"elementor-divider\">\n\t\t\t<span class=\"elementor-divider-separator\">\n\t\t\t\t\t\t<\/span>\n\t\t<\/div>\n\t\t\t\t\t\t<\/div>\n\t\t\t\t<\/div>\n\t\t\t\t\t<\/div>\n\t\t<\/div>\n\t\t\t\t\t<\/div>\n\t\t<\/section>\n\t\t\t\t<section class=\"elementor-section elementor-top-section elementor-element elementor-element-6000860f elementor-section-boxed elementor-section-height-default elementor-section-height-default\" data-id=\"6000860f\" data-element_type=\"section\" data-e-type=\"section\">\n\t\t\t\t\t\t<div class=\"elementor-container elementor-column-gap-default\">\n\t\t\t\t\t<div class=\"elementor-column elementor-col-100 elementor-top-column elementor-element elementor-element-45bd7e01\" data-id=\"45bd7e01\" data-element_type=\"column\" data-e-type=\"column\">\n\t\t\t<div class=\"elementor-widget-wrap elementor-element-populated\">\n\t\t\t\t\t\t\t<\/div>\n\t\t<\/div>\n\t\t\t\t\t<\/div>\n\t\t<\/section>\n\t\t\t\t<\/div>\n\t\t","protected":false},"excerpt":{"rendered":"<p>CaixaBank Escolta Val\u00e8ncia CaixaBank Escolta Val\u00e8ncia \u00e9s el projecte que CaixaBank i Federaci\u00f3 de Societats Musicals desenrotllen a la Comunitat Valenciana dirigit a la promoci\u00f3 i el suport de la m\u00fasica. Per a Federaci\u00f3 i CaixaBank, la m\u00fasica representa els nostres propis valors: professionalitat, integritat, comprom\u00eds, proximitat i, especialment, l&#8217;orientaci\u00f3 a l&#8217;\u00e8xit. Esta l\u00ednia de [&hellip;]<\/p>\n","protected":false},"author":1,"featured_media":35332,"parent":43913,"menu_order":1,"comment_status":"closed","ping_status":"closed","template":"elementor_header_footer","meta":{"footnotes":""},"class_list":["post-39678","page","type-page","status-publish","has-post-thumbnail","hentry"],"_links":{"self":[{"href":"https:\/\/fsmcv.org\/vl\/wp-json\/wp\/v2\/pages\/39678","targetHints":{"allow":["GET"]}}],"collection":[{"href":"https:\/\/fsmcv.org\/vl\/wp-json\/wp\/v2\/pages"}],"about":[{"href":"https:\/\/fsmcv.org\/vl\/wp-json\/wp\/v2\/types\/page"}],"author":[{"embeddable":true,"href":"https:\/\/fsmcv.org\/vl\/wp-json\/wp\/v2\/users\/1"}],"replies":[{"embeddable":true,"href":"https:\/\/fsmcv.org\/vl\/wp-json\/wp\/v2\/comments?post=39678"}],"version-history":[{"count":4,"href":"https:\/\/fsmcv.org\/vl\/wp-json\/wp\/v2\/pages\/39678\/revisions"}],"predecessor-version":[{"id":76299,"href":"https:\/\/fsmcv.org\/vl\/wp-json\/wp\/v2\/pages\/39678\/revisions\/76299"}],"up":[{"embeddable":true,"href":"https:\/\/fsmcv.org\/vl\/wp-json\/wp\/v2\/pages\/43913"}],"wp:featuredmedia":[{"embeddable":true,"href":"https:\/\/fsmcv.org\/vl\/wp-json\/wp\/v2\/media\/35332"}],"wp:attachment":[{"href":"https:\/\/fsmcv.org\/vl\/wp-json\/wp\/v2\/media?parent=39678"}],"curies":[{"name":"wp","href":"https:\/\/api.w.org\/{rel}","templated":true}]}}