{"id":39737,"date":"2021-06-17T09:16:00","date_gmt":"2021-06-17T07:16:00","guid":{"rendered":"https:\/\/fsmcv.org\/campanyes\/bandes-a-les-arts\/"},"modified":"2026-02-16T16:21:04","modified_gmt":"2026-02-16T15:21:04","slug":"bandes-a-les-arts","status":"publish","type":"page","link":"https:\/\/fsmcv.org\/vl\/campanyes\/bandes-a-les-arts\/","title":{"rendered":"Bandes a les Arts"},"content":{"rendered":"\t\t<div data-elementor-type=\"wp-page\" data-elementor-id=\"39737\" class=\"elementor elementor-39737 elementor-36063\" data-elementor-post-type=\"page\">\n\t\t\t\t\t\t<section class=\"elementor-section elementor-top-section elementor-element elementor-element-21460af4 elementor-section-boxed elementor-section-height-default elementor-section-height-default\" data-id=\"21460af4\" data-element_type=\"section\" data-e-type=\"section\">\n\t\t\t\t\t\t\t<div class=\"elementor-background-overlay\"><\/div>\n\t\t\t\t\t\t\t<div class=\"elementor-container elementor-column-gap-default\">\n\t\t\t\t\t<div class=\"elementor-column elementor-col-100 elementor-top-column elementor-element elementor-element-584d8043\" data-id=\"584d8043\" data-element_type=\"column\" data-e-type=\"column\">\n\t\t\t<div class=\"elementor-widget-wrap elementor-element-populated\">\n\t\t\t\t\t\t<div class=\"elementor-element elementor-element-4016cf05 elementor-widget elementor-widget-heading\" data-id=\"4016cf05\" data-element_type=\"widget\" data-e-type=\"widget\" data-widget_type=\"heading.default\">\n\t\t\t\t<div class=\"elementor-widget-container\">\n\t\t\t\t\t<h1 class=\"elementor-heading-title elementor-size-default\">Bandes a les Arts<\/h1>\t\t\t\t<\/div>\n\t\t\t\t<\/div>\n\t\t\t\t<div class=\"elementor-element elementor-element-60bf4880 elementor-widget elementor-widget-text-editor\" data-id=\"60bf4880\" data-element_type=\"widget\" data-e-type=\"widget\" data-widget_type=\"text-editor.default\">\n\t\t\t\t<div class=\"elementor-widget-container\">\n\t\t\t\t\t\t\t\t\t<p>La Federaci\u00f3 de Societats Musicals de la Comunitat Valenciana en col\u00b7laboraci\u00f3 amb<br>el Palau de les Arts convoquen el cicle \u201cBandes a les Arts\u201d, que aconseguix la seua 14a edici\u00f3.<\/p>\t\t\t\t\t\t\t\t<\/div>\n\t\t\t\t<\/div>\n\t\t\t\t\t<\/div>\n\t\t<\/div>\n\t\t\t\t\t<\/div>\n\t\t<\/section>\n\t\t\t\t<section class=\"elementor-section elementor-top-section elementor-element elementor-element-33152c27 elementor-section-boxed elementor-section-height-default elementor-section-height-default\" data-id=\"33152c27\" data-element_type=\"section\" data-e-type=\"section\">\n\t\t\t\t\t\t<div class=\"elementor-container elementor-column-gap-custom\">\n\t\t\t\t\t<div class=\"elementor-column elementor-col-50 elementor-top-column elementor-element elementor-element-1298c45c\" data-id=\"1298c45c\" data-element_type=\"column\" data-e-type=\"column\">\n\t\t\t<div class=\"elementor-widget-wrap elementor-element-populated\">\n\t\t\t\t\t\t<div class=\"elementor-element elementor-element-5571341 elementor-widget elementor-widget-heading\" data-id=\"5571341\" data-element_type=\"widget\" data-e-type=\"widget\" data-widget_type=\"heading.default\">\n\t\t\t\t<div class=\"elementor-widget-container\">\n\t\t\t\t\t<h3 class=\"elementor-heading-title elementor-size-default\">Aquest programa permet anualment oferir concerts de les Societats Musicals federades dins de la programaci\u00f3 del Palau de les Arts, en virtut del conveni subscrit entre la Federaci\u00f3 i la Fundaci\u00f3 Palau de les Arts.<\/h3>\t\t\t\t<\/div>\n\t\t\t\t<\/div>\n\t\t\t\t\t<\/div>\n\t\t<\/div>\n\t\t\t\t<div class=\"elementor-column elementor-col-50 elementor-top-column elementor-element elementor-element-470d9c77\" data-id=\"470d9c77\" data-element_type=\"column\" data-e-type=\"column\">\n\t\t\t<div class=\"elementor-widget-wrap elementor-element-populated\">\n\t\t\t\t\t\t<div class=\"elementor-element elementor-element-26cb8741 elementor-widget elementor-widget-text-editor\" data-id=\"26cb8741\" data-element_type=\"widget\" data-e-type=\"widget\" data-widget_type=\"text-editor.default\">\n\t\t\t\t<div class=\"elementor-widget-container\">\n\t\t\t\t\t\t\t\t\t<p>Desde la Federaci\u00f3n de Sociedades Musicales de la Comunidad Valenciana y en colaboraci\u00f3n con el Palau de les Arts Reina Sof\u00eda, ponemos de nuevo en marcha el ciclo<strong> \u201c<u>Bandes a les Arts 20<\/u><\/strong><strong><u>25-26.<\/u>\u201d<\/strong> que alcanza su 14\u00aa edici\u00f3n.<\/p><p>Per a participar en este cicle, les Societats Musicals interessades hauran de presentar un projecte en el qual es valorar\u00e0 tant la qualitat de la proposta com la integraci\u00f3 del repertori dins de la programaci\u00f3 l\u00edrica de l&#8217;auditori. Al costat d&#8217;aix\u00f2, es tindran en compte altres factors com l&#8217;inter\u00e9s musical del repertori complet, la innovaci\u00f3 de la proposta i l&#8217;aportaci\u00f3 de valors associats a la igualtat de g\u00e8nere, la intergeneracionalitat, l&#8217;atenci\u00f3 a la diversitat o a col\u00b7lectius amb el risc d&#8217;exclusi\u00f3 social.<\/p><p><span style=\"font-size: 1rem;\">En els seg\u00fcents enlla\u00e7os poden consultar les Bases de la Campanya 2025-26:<\/span><\/p><ul><li style=\"list-style-type: none;\"><ul><li><a href=\"https:\/\/fsmcv.org\/wp-content\/uploads\/2025\/06\/Bases-Bandes-a-Les-Arts26VAL.pdf\">Bases Bandes a Les Arts<\/a><\/li><li><a href=\"https:\/\/fsmcv.org\/wp-content\/uploads\/2025\/06\/Annex-I_Temporada-2025-2026_VAL.pdf\">Annex 1-2025-26<\/a><\/li><\/ul><\/li><\/ul>\t\t\t\t\t\t\t\t<\/div>\n\t\t\t\t<\/div>\n\t\t\t\t\t<\/div>\n\t\t<\/div>\n\t\t\t\t\t<\/div>\n\t\t<\/section>\n\t\t\t\t<section class=\"elementor-section elementor-top-section elementor-element elementor-element-1fea5af elementor-section-boxed elementor-section-height-default elementor-section-height-default\" data-id=\"1fea5af\" data-element_type=\"section\" data-e-type=\"section\">\n\t\t\t\t\t\t<div class=\"elementor-container elementor-column-gap-default\">\n\t\t\t\t\t<div class=\"elementor-column elementor-col-100 elementor-top-column elementor-element elementor-element-9f247e9\" data-id=\"9f247e9\" data-element_type=\"column\" data-e-type=\"column\">\n\t\t\t<div class=\"elementor-widget-wrap elementor-element-populated\">\n\t\t\t\t\t\t<div class=\"elementor-element elementor-element-feef5e3 elementor-widget elementor-widget-heading\" data-id=\"feef5e3\" data-element_type=\"widget\" data-e-type=\"widget\" data-widget_type=\"heading.default\">\n\t\t\t\t<div class=\"elementor-widget-container\">\n\t\t\t\t\t<h2 class=\"elementor-heading-title elementor-size-default\">concerts programats 2025-26<\/h2>\t\t\t\t<\/div>\n\t\t\t\t<\/div>\n\t\t\t\t\t<\/div>\n\t\t<\/div>\n\t\t\t\t\t<\/div>\n\t\t<\/section>\n\t\t\t\t<section class=\"elementor-section elementor-top-section elementor-element elementor-element-39a5024 elementor-section-boxed elementor-section-height-default elementor-section-height-default\" data-id=\"39a5024\" data-element_type=\"section\" data-e-type=\"section\">\n\t\t\t\t\t\t<div class=\"elementor-container elementor-column-gap-default\">\n\t\t\t\t\t<div class=\"elementor-column elementor-col-50 elementor-top-column elementor-element elementor-element-b3b07dd\" data-id=\"b3b07dd\" data-element_type=\"column\" data-e-type=\"column\">\n\t\t\t<div class=\"elementor-widget-wrap elementor-element-populated\">\n\t\t\t\t\t\t<div class=\"elementor-element elementor-element-3af3ea8 elementor-widget__width-initial elementor-widget elementor-widget-image\" data-id=\"3af3ea8\" data-element_type=\"widget\" data-e-type=\"widget\" data-widget_type=\"image.default\">\n\t\t\t\t<div class=\"elementor-widget-container\">\n\t\t\t\t\t\t\t\t\t\t\t\t\t\t\t<img fetchpriority=\"high\" decoding=\"async\" width=\"1080\" height=\"1080\" src=\"https:\/\/fsmcv.org\/wp-content\/uploads\/2026\/01\/Bandes_cuadrado.jpg\" class=\"attachment-large size-large wp-image-81225\" alt=\"\" srcset=\"https:\/\/fsmcv.org\/wp-content\/uploads\/2026\/01\/Bandes_cuadrado.jpg 1080w, https:\/\/fsmcv.org\/wp-content\/uploads\/2026\/01\/Bandes_cuadrado-768x768.jpg 768w, https:\/\/fsmcv.org\/wp-content\/uploads\/2026\/01\/Bandes_cuadrado-300x300.jpg 300w, https:\/\/fsmcv.org\/wp-content\/uploads\/2026\/01\/Bandes_cuadrado-500x500.jpg 500w, https:\/\/fsmcv.org\/wp-content\/uploads\/2026\/01\/Bandes_cuadrado-600x600.jpg 600w, https:\/\/fsmcv.org\/wp-content\/uploads\/2026\/01\/Bandes_cuadrado-100x100.jpg 100w\" sizes=\"(max-width: 1080px) 100vw, 1080px\" title=\"\">\t\t\t\t\t\t\t\t\t\t\t\t\t\t\t<\/div>\n\t\t\t\t<\/div>\n\t\t\t\t\t<\/div>\n\t\t<\/div>\n\t\t\t\t<div class=\"elementor-column elementor-col-50 elementor-top-column elementor-element elementor-element-3e3c485\" data-id=\"3e3c485\" data-element_type=\"column\" data-e-type=\"column\">\n\t\t\t<div class=\"elementor-widget-wrap elementor-element-populated\">\n\t\t\t\t\t\t<div class=\"elementor-element elementor-element-36b4f2d elementor-widget elementor-widget-text-editor\" data-id=\"36b4f2d\" data-element_type=\"widget\" data-e-type=\"widget\" data-widget_type=\"text-editor.default\">\n\t\t\t\t<div class=\"elementor-widget-container\">\n\t\t\t\t\t\t\t\t\t<p>Els concerts programats en el cicle <strong>&#8220;Bandes a Les Arts 2025-26&#8221;<\/strong> s\u00f3n els seg\u00fcents:<\/p><p><strong>DIUMENGE 18 DE GENER 2026<\/strong><\/p><p><b>12:00 HORES: Uni\u00f3n Art\u00edstica Musical de Montroi<br>17:00 HORES: Joventut Musical d&#8217;Albal<\/b><\/p><p><strong>DIUMENGE 8 DE FEBRER 2026<\/strong><\/p><p><b>12:00 HORES: Asociaci\u00f3n Cultural Banda La Lira de Cheste<br>17:00 HORES. Centre Art\u00edstic Musical de X\u00e0bia <\/b><\/p><p><strong>DIUMENGE 17 DE MAIG 2026<\/strong><\/p><p><strong>12:00 HORES: Societat Musical Barri de Malilla<\/strong><br><strong>17:00 HORES: Uni\u00f3n Musical Santa Cecilia de Onda<\/strong><\/p><p>M\u00e9s informaci\u00f3 i entrades gratu\u00eftes en la <a href=\"https:\/\/www.lesarts.com\/va\/programacio\/c\/1124-bandes-a-les-arts.html\" target=\"_blank\" rel=\"noopener\">web del Palau de les Arts<\/a><\/p>\t\t\t\t\t\t\t\t<\/div>\n\t\t\t\t<\/div>\n\t\t\t\t\t<\/div>\n\t\t<\/div>\n\t\t\t\t\t<\/div>\n\t\t<\/section>\n\t\t\t\t<section class=\"elementor-section elementor-top-section elementor-element elementor-element-591d14df elementor-section-boxed elementor-section-height-default elementor-section-height-default\" data-id=\"591d14df\" data-element_type=\"section\" data-e-type=\"section\">\n\t\t\t\t\t\t<div class=\"elementor-container elementor-column-gap-default\">\n\t\t\t\t\t<div class=\"elementor-column elementor-col-100 elementor-top-column elementor-element elementor-element-289afea3\" data-id=\"289afea3\" data-element_type=\"column\" data-e-type=\"column\">\n\t\t\t<div class=\"elementor-widget-wrap elementor-element-populated\">\n\t\t\t\t\t\t<div class=\"elementor-element elementor-element-10c6011 elementor-align-center elementor-widget elementor-widget-button\" data-id=\"10c6011\" data-element_type=\"widget\" data-e-type=\"widget\" data-widget_type=\"button.default\">\n\t\t\t\t<div class=\"elementor-widget-container\">\n\t\t\t\t\t\t\t\t\t<div class=\"elementor-button-wrapper\">\n\t\t\t\t\t<a class=\"elementor-button elementor-button-link elementor-size-md\" href=\"https:\/\/fsmcv.org\/vl\/categoria\/noticies-campanyes\/bandes-a-les-arts\/\">\n\t\t\t\t\t\t<span class=\"elementor-button-content-wrapper\">\n\t\t\t\t\t\t<span class=\"elementor-button-icon\">\n\t\t\t\t<i aria-hidden=\"true\" class=\"fas fa-arrow-right\"><\/i>\t\t\t<\/span>\n\t\t\t\t\t\t\t\t\t<span class=\"elementor-button-text\">Noticies Bandes a les Arts<\/span>\n\t\t\t\t\t<\/span>\n\t\t\t\t\t<\/a>\n\t\t\t\t<\/div>\n\t\t\t\t\t\t\t\t<\/div>\n\t\t\t\t<\/div>\n\t\t\t\t\t<\/div>\n\t\t<\/div>\n\t\t\t\t\t<\/div>\n\t\t<\/section>\n\t\t\t\t<\/div>\n\t\t","protected":false},"excerpt":{"rendered":"<p>Bandes a les Arts La Federaci\u00f3 de Societats Musicals de la Comunitat Valenciana en col\u00b7laboraci\u00f3 ambel Palau de les Arts convoquen el cicle \u201cBandes a les Arts\u201d, que aconseguix la seua 14a edici\u00f3. Aquest programa permet anualment oferir concerts de les Societats Musicals federades dins de la programaci\u00f3 del Palau de les Arts, en virtut [&hellip;]<\/p>\n","protected":false},"author":1,"featured_media":23807,"parent":39697,"menu_order":2,"comment_status":"closed","ping_status":"closed","template":"elementor_header_footer","meta":{"footnotes":""},"class_list":["post-39737","page","type-page","status-publish","has-post-thumbnail","hentry"],"_links":{"self":[{"href":"https:\/\/fsmcv.org\/vl\/wp-json\/wp\/v2\/pages\/39737","targetHints":{"allow":["GET"]}}],"collection":[{"href":"https:\/\/fsmcv.org\/vl\/wp-json\/wp\/v2\/pages"}],"about":[{"href":"https:\/\/fsmcv.org\/vl\/wp-json\/wp\/v2\/types\/page"}],"author":[{"embeddable":true,"href":"https:\/\/fsmcv.org\/vl\/wp-json\/wp\/v2\/users\/1"}],"replies":[{"embeddable":true,"href":"https:\/\/fsmcv.org\/vl\/wp-json\/wp\/v2\/comments?post=39737"}],"version-history":[{"count":0,"href":"https:\/\/fsmcv.org\/vl\/wp-json\/wp\/v2\/pages\/39737\/revisions"}],"up":[{"embeddable":true,"href":"https:\/\/fsmcv.org\/vl\/wp-json\/wp\/v2\/pages\/39697"}],"wp:featuredmedia":[{"embeddable":true,"href":"https:\/\/fsmcv.org\/vl\/wp-json\/wp\/v2\/media\/23807"}],"wp:attachment":[{"href":"https:\/\/fsmcv.org\/vl\/wp-json\/wp\/v2\/media?parent=39737"}],"curies":[{"name":"wp","href":"https:\/\/api.w.org\/{rel}","templated":true}]}}