{"id":39768,"date":"2020-12-22T07:29:48","date_gmt":"2020-12-22T06:29:48","guid":{"rendered":"https:\/\/fsmcv.org\/centre-destudis-de-la-fsmcv\/"},"modified":"2024-08-20T12:30:42","modified_gmt":"2024-08-20T10:30:42","slug":"centre-destudis-de-la-fsmcv","status":"publish","type":"page","link":"https:\/\/fsmcv.org\/vl\/centre-destudis-de-la-fsmcv\/","title":{"rendered":"Centre d&#8217;Estudis de la FSMCV"},"content":{"rendered":"\t\t<div data-elementor-type=\"wp-page\" data-elementor-id=\"39768\" class=\"elementor elementor-39768 elementor-23313\" data-elementor-post-type=\"page\">\n\t\t\t\t\t\t<section class=\"elementor-section elementor-top-section elementor-element elementor-element-ce20f01 elementor-section-boxed elementor-section-height-default elementor-section-height-default\" data-id=\"ce20f01\" data-element_type=\"section\" data-e-type=\"section\">\n\t\t\t\t\t\t\t<div class=\"elementor-background-overlay\"><\/div>\n\t\t\t\t\t\t\t<div class=\"elementor-container elementor-column-gap-default\">\n\t\t\t\t\t<div class=\"elementor-column elementor-col-100 elementor-top-column elementor-element elementor-element-970b246\" data-id=\"970b246\" data-element_type=\"column\" data-e-type=\"column\">\n\t\t\t<div class=\"elementor-widget-wrap elementor-element-populated\">\n\t\t\t\t\t\t<div class=\"elementor-element elementor-element-9129999 elementor-widget elementor-widget-heading\" data-id=\"9129999\" data-element_type=\"widget\" data-e-type=\"widget\" data-widget_type=\"heading.default\">\n\t\t\t\t<div class=\"elementor-widget-container\">\n\t\t\t\t\t<h1 class=\"elementor-heading-title elementor-size-default\">Centre d&#8217;Estudis de la FSMCV<\/h1>\t\t\t\t<\/div>\n\t\t\t\t<\/div>\n\t\t\t\t\t<\/div>\n\t\t<\/div>\n\t\t\t\t\t<\/div>\n\t\t<\/section>\n\t\t\t\t<section class=\"elementor-section elementor-top-section elementor-element elementor-element-c3715b4 elementor-section-boxed elementor-section-height-default elementor-section-height-default\" data-id=\"c3715b4\" data-element_type=\"section\" data-e-type=\"section\">\n\t\t\t\t\t\t<div class=\"elementor-container elementor-column-gap-custom\">\n\t\t\t\t\t<div class=\"elementor-column elementor-col-50 elementor-top-column elementor-element elementor-element-0066c59\" data-id=\"0066c59\" data-element_type=\"column\" data-e-type=\"column\">\n\t\t\t<div class=\"elementor-widget-wrap elementor-element-populated\">\n\t\t\t\t\t\t<div class=\"elementor-element elementor-element-930956a elementor-widget elementor-widget-heading\" data-id=\"930956a\" data-element_type=\"widget\" data-e-type=\"widget\" data-widget_type=\"heading.default\">\n\t\t\t\t<div class=\"elementor-widget-container\">\n\t\t\t\t\t<h3 class=\"elementor-heading-title elementor-size-default\">Des d'ac\u00ed podr\u00e0s accedir a la inscripci\u00f3 d'aquells cursos en actiu en qu\u00e8 pugues estar interessat.<\/h3>\t\t\t\t<\/div>\n\t\t\t\t<\/div>\n\t\t\t\t\t<\/div>\n\t\t<\/div>\n\t\t\t\t<div class=\"elementor-column elementor-col-50 elementor-top-column elementor-element elementor-element-4cc00fb\" data-id=\"4cc00fb\" data-element_type=\"column\" data-e-type=\"column\">\n\t\t\t<div class=\"elementor-widget-wrap elementor-element-populated\">\n\t\t\t\t\t\t<div class=\"elementor-element elementor-element-248411b elementor-widget elementor-widget-text-editor\" data-id=\"248411b\" data-element_type=\"widget\" data-e-type=\"widget\" data-widget_type=\"text-editor.default\">\n\t\t\t\t<div class=\"elementor-widget-container\">\n\t\t\t\t\t\t\t\t\t<p>El Centre d&#8217;Estudis de la FSMCV \u00e9s un projecte formatiu per a m\u00fasics, directors, professors i directius en una iniciativa que contempla tamb\u00e9 la col\u00b7laboraci\u00f3, promoci\u00f3 i desenrotllament d&#8217;investigacions i tesi al voltant de la m\u00fasica. Les relacions amb les universitats, administraci\u00f3, entitats i associacions culturals i educatives \u00e9s un dels objectius prioritaris per a la seua activitat, que pret\u00e9n facilitar l&#8217;acc\u00e9s a l&#8217;actualitzaci\u00f3, renovaci\u00f3 pedag\u00f2gica i professional en tots els \u00e0mbits de les societats musicals.<\/p>\n<p>L&#8217;oferta formativa que FSMCV oferix cada curs acad\u00e8mic per mitj\u00e0 del Centre d&#8217;Estudis permet al professorat de la xarxa de centres educatius tindre acc\u00e9s a estudis d&#8217;alt nivell acad\u00e8mics certificats per la Conselleria d&#8217;Educaci\u00f3. Tamb\u00e9 s&#8217;ofereixen cursos i jornades per a membres de les juntes directives de les societats musicals.<\/p>\n<p>D&#8217;altra banda, el Centre d&#8217;Estudis ajuda a l&#8217;ocupabilitat dels m\u00fasics, tenint en compte que la nostra \u00e9s la Comunitat Aut\u00f2noma que t\u00e9 m\u00e9s titulats en formaci\u00f3 musical i amb m\u00e9s centres d&#8217;ensenyan\u00e7a musical. Per aix\u00f2, esta l\u00ednia estrat\u00e8gica d&#8217;educaci\u00f3 que la FSMCV oferix a trav\u00e9s del Centre d&#8217;Estudis, d\u00f3na m\u00e9s valor afegit a les societats musicals i al seu enorme capital hum\u00e0 perqu\u00e8 la investigaci\u00f3, la formaci\u00f3 i la innovaci\u00f3 s\u00f3n els pilars en qu\u00e8 ha de recolzar-se el futur de la m\u00fasica.<\/p>\t\t\t\t\t\t\t\t<\/div>\n\t\t\t\t<\/div>\n\t\t\t\t\t<\/div>\n\t\t<\/div>\n\t\t\t\t\t<\/div>\n\t\t<\/section>\n\t\t\t\t<section class=\"elementor-section elementor-top-section elementor-element elementor-element-a51792d elementor-section-stretched elementor-section-full_width elementor-section-height-default elementor-section-height-default\" data-id=\"a51792d\" data-element_type=\"section\" data-e-type=\"section\" data-settings=\"{&quot;stretch_section&quot;:&quot;section-stretched&quot;,&quot;background_background&quot;:&quot;classic&quot;}\">\n\t\t\t\t\t\t<div class=\"elementor-container elementor-column-gap-default\">\n\t\t\t\t\t<div class=\"elementor-column elementor-col-33 elementor-top-column elementor-element elementor-element-ea793f4\" data-id=\"ea793f4\" data-element_type=\"column\" data-e-type=\"column\">\n\t\t\t<div class=\"elementor-widget-wrap\">\n\t\t\t\t\t\t\t<\/div>\n\t\t<\/div>\n\t\t\t\t<div class=\"elementor-column elementor-col-33 elementor-top-column elementor-element elementor-element-64819e5\" data-id=\"64819e5\" data-element_type=\"column\" data-e-type=\"column\">\n\t\t\t<div class=\"elementor-widget-wrap elementor-element-populated\">\n\t\t\t\t\t\t<div class=\"elementor-element elementor-element-0d05b10 elementor-widget elementor-widget-heading\" data-id=\"0d05b10\" data-element_type=\"widget\" data-e-type=\"widget\" data-widget_type=\"heading.default\">\n\t\t\t\t<div class=\"elementor-widget-container\">\n\t\t\t\t\t<h2 class=\"elementor-heading-title elementor-size-default\">PR\u00d2XIMS CURSOS<\/h2>\t\t\t\t<\/div>\n\t\t\t\t<\/div>\n\t\t\t\t\t<\/div>\n\t\t<\/div>\n\t\t\t\t<div class=\"elementor-column elementor-col-33 elementor-top-column elementor-element elementor-element-27d2ce5\" data-id=\"27d2ce5\" data-element_type=\"column\" data-e-type=\"column\">\n\t\t\t<div class=\"elementor-widget-wrap\">\n\t\t\t\t\t\t\t<\/div>\n\t\t<\/div>\n\t\t\t\t\t<\/div>\n\t\t<\/section>\n\t\t\t\t<section class=\"elementor-section elementor-top-section elementor-element elementor-element-4cd36ee elementor-section-boxed elementor-section-height-default elementor-section-height-default\" data-id=\"4cd36ee\" data-element_type=\"section\" data-e-type=\"section\" data-settings=\"{&quot;background_background&quot;:&quot;classic&quot;}\">\n\t\t\t\t\t\t<div class=\"elementor-container elementor-column-gap-default\">\n\t\t\t\t\t<div class=\"elementor-column elementor-col-100 elementor-top-column elementor-element elementor-element-5516830\" data-id=\"5516830\" data-element_type=\"column\" data-e-type=\"column\">\n\t\t\t<div class=\"elementor-widget-wrap elementor-element-populated\">\n\t\t\t\t\t\t<div class=\"elementor-element elementor-element-4f1ff6a elementor-widget elementor-widget-shortcode\" data-id=\"4f1ff6a\" data-element_type=\"widget\" data-e-type=\"widget\" data-widget_type=\"shortcode.default\">\n\t\t\t\t<div class=\"elementor-widget-container\">\n\t\t\t\t\t\t\t<div class=\"elementor-shortcode\"><div id=\"mec_skin_73017\"\r\n     class=\"mec-wrap colorskin-custom   mec-full-calendar-wrap\">\r\n\r\n    <div class=\"mec-search-form mec-totalcal-box\">\r\n                                            <form id=\"mec_search_form_73017\" class=\" mec-dropdown-classic\" autocomplete=\"off\">\r\n                <div>\r\n\r\n                    \r\n                    <div class=\"mec-dropdown-wrap\">\r\n                                                                                                                                                                    <\/div>\r\n                <\/div>\r\n                                <div>\r\n                                                        <\/div>\r\n                <div class=\"mec-full-calendar-search-ends\">\r\n                                                                <div class=\"mec-date-search\"><input type=\"hidden\" id=\"mec-filter-none\" value=\"Select\"><i class=\"mec-sl-calendar\"><\/i>\r\n                    <select id=\"mec_sf_month_73017\" title=\"Filtrar Mes\">\r\n                        <option value=\"\">Triar mes<\/option><option value=\"01\">Gener<\/option><option value=\"02\">Febrer<\/option><option value=\"03\">Mar\u00e7<\/option><option value=\"04\" selected>Abril<\/option><option value=\"05\">Maig<\/option><option value=\"06\">Juny<\/option><option value=\"07\">Juliol<\/option><option value=\"08\">Agost<\/option><option value=\"09\">Setembre<\/option><option value=\"10\">Octubre<\/option><option value=\"11\">Novembre<\/option><option value=\"12\">Desembre<\/option><\/select><select id=\"mec_sf_year_73017\" title=\"Year Filter\"><option value=\"\">Select Year<\/option><option value=\"2021\">2021<\/option><option value=\"2022\">2022<\/option><option value=\"2023\">2023<\/option><option value=\"2024\">2024<\/option><option value=\"2025\">2025<\/option><option value=\"2026\" selected>2026<\/option><option value=\"2027\">2027<\/option><option value=\"2028\">2028<\/option><option value=\"2029\">2029<\/option><\/select><\/div>                                                                                <div class=\"mec-tab-loader\">\r\n                        <div class=\"mec-totalcal-view\">\r\n                                                        <span\r\n                                class=\"mec-totalcal-monthlyview\"\r\n                                data-skin=\"monthly\">Mensual<\/span>                                                                                    <span\r\n                                class=\"mec-totalcal-listview mec-totalcalview-selected\"\r\n                                data-skin=\"list\">Llista<\/span>                                                                                <\/div>\r\n                    <\/div>\r\n                <\/div>\r\n            <\/form>\r\n            <\/div>\r\n\r\n    <div id=\"mec_full_calendar_container_73017\" class=\"mec-full-calendar-skin-container\">\r\n        <div class=\"mec-wrap mec-skin-list-container  \" id=\"mec_skin_73017\">\r\n\r\n    \r\n        <div class=\"mec-skin-list-events-container\" id=\"mec_skin_events_73017\">\r\n        No event found!    <\/div>\r\n    \r\n    \r\n<\/div>\r\n    <\/div>\r\n\r\n    <\/div>\r\n<\/div>\n\t\t\t\t\t\t<\/div>\n\t\t\t\t<\/div>\n\t\t\t\t\t<\/div>\n\t\t<\/div>\n\t\t\t\t\t<\/div>\n\t\t<\/section>\n\t\t\t\t<section class=\"elementor-section elementor-top-section elementor-element elementor-element-51bf8953 elementor-section-content-middle elementor-section-full_width elementor-section-height-default elementor-section-height-default\" data-id=\"51bf8953\" data-element_type=\"section\" data-e-type=\"section\" data-settings=\"{&quot;background_background&quot;:&quot;classic&quot;}\">\n\t\t\t\t\t\t<div class=\"elementor-container elementor-column-gap-no\">\n\t\t\t\t\t<div class=\"elementor-column elementor-col-100 elementor-top-column elementor-element elementor-element-6f9dd175\" data-id=\"6f9dd175\" data-element_type=\"column\" data-e-type=\"column\" data-settings=\"{&quot;background_background&quot;:&quot;classic&quot;}\">\n\t\t\t<div class=\"elementor-widget-wrap elementor-element-populated\">\n\t\t\t\t\t<div class=\"elementor-background-overlay\"><\/div>\n\t\t\t\t\t\t<section class=\"elementor-section elementor-inner-section elementor-element elementor-element-2c078e45 elementor-section-boxed elementor-section-height-default elementor-section-height-default\" data-id=\"2c078e45\" data-element_type=\"section\" data-e-type=\"section\" data-settings=\"{&quot;background_background&quot;:&quot;classic&quot;}\">\n\t\t\t\t\t\t\t<div class=\"elementor-background-overlay\"><\/div>\n\t\t\t\t\t\t\t<div class=\"elementor-container elementor-column-gap-default\">\n\t\t\t\t\t<div class=\"elementor-column elementor-col-33 elementor-inner-column elementor-element elementor-element-1061be5d\" data-id=\"1061be5d\" data-element_type=\"column\" data-e-type=\"column\" data-settings=\"{&quot;background_background&quot;:&quot;classic&quot;}\">\n\t\t\t<div class=\"elementor-widget-wrap elementor-element-populated\">\n\t\t\t\t\t\t<div class=\"elementor-element elementor-element-2c994a42 elementor-position-top elementor-widget elementor-widget-image-box\" data-id=\"2c994a42\" data-element_type=\"widget\" data-e-type=\"widget\" data-widget_type=\"image-box.default\">\n\t\t\t\t<div class=\"elementor-widget-container\">\n\t\t\t\t\t<div class=\"elementor-image-box-wrapper\"><figure class=\"elementor-image-box-img\"><a href=\"https:\/\/fsmcv.org\/vl\/centre-destudis-de-la-fsmcv\/masters-postgraus-i-doctorats\/\" tabindex=\"-1\"><img fetchpriority=\"high\" decoding=\"async\" width=\"512\" height=\"512\" src=\"https:\/\/fsmcv.org\/wp-content\/uploads\/2020\/09\/046-music.svg\" class=\"attachment-full size-full wp-image-19826\" alt=\"\" title=\"\"><\/a><\/figure><div class=\"elementor-image-box-content\"><h4 class=\"elementor-image-box-title\"><a href=\"https:\/\/fsmcv.org\/vl\/centre-destudis-de-la-fsmcv\/masters-postgraus-i-doctorats\/\">M\u00e0sters i Postgraus<\/a><\/h4><\/div><\/div>\t\t\t\t<\/div>\n\t\t\t\t<\/div>\n\t\t\t\t\t<\/div>\n\t\t<\/div>\n\t\t\t\t<div class=\"elementor-column elementor-col-33 elementor-inner-column elementor-element elementor-element-7e86dff2\" data-id=\"7e86dff2\" data-element_type=\"column\" data-e-type=\"column\" data-settings=\"{&quot;background_background&quot;:&quot;classic&quot;}\">\n\t\t\t<div class=\"elementor-widget-wrap elementor-element-populated\">\n\t\t\t\t\t\t<div class=\"elementor-element elementor-element-f146968 elementor-position-top elementor-widget elementor-widget-image-box\" data-id=\"f146968\" data-element_type=\"widget\" data-e-type=\"widget\" data-widget_type=\"image-box.default\">\n\t\t\t\t<div class=\"elementor-widget-container\">\n\t\t\t\t\t<div class=\"elementor-image-box-wrapper\"><figure class=\"elementor-image-box-img\"><a href=\"https:\/\/fsmcv.org\/vl\/centre-destudis-de-la-fsmcv\/directori-conservatoris\/\" tabindex=\"-1\"><img fetchpriority=\"high\" decoding=\"async\" width=\"512\" height=\"512\" src=\"https:\/\/fsmcv.org\/wp-content\/uploads\/2020\/09\/046-music.svg\" class=\"attachment-full size-full wp-image-19826\" alt=\"\" title=\"\"><\/a><\/figure><div class=\"elementor-image-box-content\"><h4 class=\"elementor-image-box-title\"><a href=\"https:\/\/fsmcv.org\/vl\/centre-destudis-de-la-fsmcv\/directori-conservatoris\/\">Directori de conservatoris<\/a><\/h4><\/div><\/div>\t\t\t\t<\/div>\n\t\t\t\t<\/div>\n\t\t\t\t\t<\/div>\n\t\t<\/div>\n\t\t\t\t<div class=\"elementor-column elementor-col-33 elementor-inner-column elementor-element elementor-element-6870b90c\" data-id=\"6870b90c\" data-element_type=\"column\" data-e-type=\"column\" data-settings=\"{&quot;background_background&quot;:&quot;classic&quot;}\">\n\t\t\t<div class=\"elementor-widget-wrap elementor-element-populated\">\n\t\t\t\t\t\t<div class=\"elementor-element elementor-element-8cf363a elementor-position-top elementor-widget elementor-widget-image-box\" data-id=\"8cf363a\" data-element_type=\"widget\" data-e-type=\"widget\" data-widget_type=\"image-box.default\">\n\t\t\t\t<div class=\"elementor-widget-container\">\n\t\t\t\t\t<div class=\"elementor-image-box-wrapper\"><figure class=\"elementor-image-box-img\"><a href=\"https:\/\/fsmcv.org\/vl\/unitats-artistiques\/\" tabindex=\"-1\"><img fetchpriority=\"high\" decoding=\"async\" width=\"512\" height=\"512\" src=\"https:\/\/fsmcv.org\/wp-content\/uploads\/2020\/09\/046-music.svg\" class=\"attachment-full size-full wp-image-19826\" alt=\"\" title=\"\"><\/a><\/figure><div class=\"elementor-image-box-content\"><h4 class=\"elementor-image-box-title\"><a href=\"https:\/\/fsmcv.org\/vl\/unitats-artistiques\/\">Formaci\u00f3 en Agrupacions Art\u00edstiques<\/a><\/h4><\/div><\/div>\t\t\t\t<\/div>\n\t\t\t\t<\/div>\n\t\t\t\t\t<\/div>\n\t\t<\/div>\n\t\t\t\t\t<\/div>\n\t\t<\/section>\n\t\t\t\t\t<\/div>\n\t\t<\/div>\n\t\t\t\t\t<\/div>\n\t\t<\/section>\n\t\t\t\t<\/div>\n\t\t","protected":false},"excerpt":{"rendered":"<p>Des d&#8217;ac\u00ed podr\u00e0s accedir a la inscripci\u00f3 d&#8217;aquells cursos en actiu en qu\u00e8 pugues estar interessat. El Centre d&#8217;Estudis de la FSMCV \u00e9s un projecte formatiu per a m\u00fasics, directors, professors i directius en una iniciativa que contempla tamb\u00e9 la col\u00b7laboraci\u00f3, promoci\u00f3 i desenrotllament d&#8217;investigacions i tesi al voltant de la m\u00fasica. Les relacions amb [&hellip;]<\/p>\n","protected":false},"author":2,"featured_media":35469,"parent":0,"menu_order":8,"comment_status":"closed","ping_status":"closed","template":"elementor_header_footer","meta":{"footnotes":""},"class_list":["post-39768","page","type-page","status-publish","has-post-thumbnail","hentry"],"_links":{"self":[{"href":"https:\/\/fsmcv.org\/vl\/wp-json\/wp\/v2\/pages\/39768","targetHints":{"allow":["GET"]}}],"collection":[{"href":"https:\/\/fsmcv.org\/vl\/wp-json\/wp\/v2\/pages"}],"about":[{"href":"https:\/\/fsmcv.org\/vl\/wp-json\/wp\/v2\/types\/page"}],"author":[{"embeddable":true,"href":"https:\/\/fsmcv.org\/vl\/wp-json\/wp\/v2\/users\/2"}],"replies":[{"embeddable":true,"href":"https:\/\/fsmcv.org\/vl\/wp-json\/wp\/v2\/comments?post=39768"}],"version-history":[{"count":4,"href":"https:\/\/fsmcv.org\/vl\/wp-json\/wp\/v2\/pages\/39768\/revisions"}],"predecessor-version":[{"id":73809,"href":"https:\/\/fsmcv.org\/vl\/wp-json\/wp\/v2\/pages\/39768\/revisions\/73809"}],"wp:featuredmedia":[{"embeddable":true,"href":"https:\/\/fsmcv.org\/vl\/wp-json\/wp\/v2\/media\/35469"}],"wp:attachment":[{"href":"https:\/\/fsmcv.org\/vl\/wp-json\/wp\/v2\/media?parent=39768"}],"curies":[{"name":"wp","href":"https:\/\/api.w.org\/{rel}","templated":true}]}}