{"id":39861,"date":"2021-07-02T10:36:39","date_gmt":"2021-07-02T08:36:39","guid":{"rendered":"https:\/\/fsmcv.org\/beques-caixabank\/"},"modified":"2025-07-25T09:03:02","modified_gmt":"2025-07-25T07:03:02","slug":"beques-caixabank","status":"publish","type":"page","link":"https:\/\/fsmcv.org\/vl\/beques-caixabank\/","title":{"rendered":"Beques CaixaBank"},"content":{"rendered":"\t\t<div data-elementor-type=\"wp-page\" data-elementor-id=\"39861\" class=\"elementor elementor-39861 elementor-37676\" data-elementor-post-type=\"page\">\n\t\t\t\t\t\t<section class=\"elementor-section elementor-top-section elementor-element elementor-element-11b3e6e3 elementor-section-boxed elementor-section-height-default elementor-section-height-default\" data-id=\"11b3e6e3\" data-element_type=\"section\" data-e-type=\"section\">\n\t\t\t\t\t\t\t<div class=\"elementor-background-overlay\"><\/div>\n\t\t\t\t\t\t\t<div class=\"elementor-container elementor-column-gap-default\">\n\t\t\t\t\t<div class=\"elementor-column elementor-col-100 elementor-top-column elementor-element elementor-element-16b47273\" data-id=\"16b47273\" data-element_type=\"column\" data-e-type=\"column\">\n\t\t\t<div class=\"elementor-widget-wrap elementor-element-populated\">\n\t\t\t\t\t\t<div class=\"elementor-element elementor-element-5fa9ff83 elementor-widget elementor-widget-heading\" data-id=\"5fa9ff83\" data-element_type=\"widget\" data-e-type=\"widget\" data-widget_type=\"heading.default\">\n\t\t\t\t<div class=\"elementor-widget-container\">\n\t\t\t\t\t<h1 class=\"elementor-heading-title elementor-size-default\">Beques CaixaBank<\/h1>\t\t\t\t<\/div>\n\t\t\t\t<\/div>\n\t\t\t\t<div class=\"elementor-element elementor-element-d927c9d elementor-widget elementor-widget-text-editor\" data-id=\"d927c9d\" data-element_type=\"widget\" data-e-type=\"widget\" data-widget_type=\"text-editor.default\">\n\t\t\t\t<div class=\"elementor-widget-container\">\n\t\t\t\t\t\t\t\t\t<p> <\/p><p> <\/p>\t\t\t\t\t\t\t\t<\/div>\n\t\t\t\t<\/div>\n\t\t\t\t\t<\/div>\n\t\t<\/div>\n\t\t\t\t\t<\/div>\n\t\t<\/section>\n\t\t\t\t<section class=\"elementor-section elementor-top-section elementor-element elementor-element-68731fdf elementor-section-boxed elementor-section-height-default elementor-section-height-default\" data-id=\"68731fdf\" data-element_type=\"section\" data-e-type=\"section\">\n\t\t\t\t\t\t<div class=\"elementor-container elementor-column-gap-custom\">\n\t\t\t\t\t<div class=\"elementor-column elementor-col-50 elementor-top-column elementor-element elementor-element-1f69f35f\" data-id=\"1f69f35f\" data-element_type=\"column\" data-e-type=\"column\">\n\t\t\t<div class=\"elementor-widget-wrap elementor-element-populated\">\n\t\t\t\t\t\t<div class=\"elementor-element elementor-element-f1e038b elementor-widget elementor-widget-heading\" data-id=\"f1e038b\" data-element_type=\"widget\" data-e-type=\"widget\" data-widget_type=\"heading.default\">\n\t\t\t\t<div class=\"elementor-widget-container\">\n\t\t\t\t\t<h3 class=\"elementor-heading-title elementor-size-default\">S'han realitzat 11 edicions i en l'\u00faltim any van ser 580 els estudiants becats repartits entre les tres prov\u00edncies de la Comunitat Valenciana.<\/h3>\t\t\t\t<\/div>\n\t\t\t\t<\/div>\n\t\t\t\t\t<\/div>\n\t\t<\/div>\n\t\t\t\t<div class=\"elementor-column elementor-col-50 elementor-top-column elementor-element elementor-element-6361d4b3\" data-id=\"6361d4b3\" data-element_type=\"column\" data-e-type=\"column\">\n\t\t\t<div class=\"elementor-widget-wrap elementor-element-populated\">\n\t\t\t\t\t\t<div class=\"elementor-element elementor-element-567843c3 elementor-widget elementor-widget-text-editor\" data-id=\"567843c3\" data-element_type=\"widget\" data-e-type=\"widget\" data-widget_type=\"text-editor.default\">\n\t\t\t\t<div class=\"elementor-widget-container\">\n\t\t\t\t\t\t\t\t\t<p>Este \u00e9s el primer dels projectes iniciats en el programa <a href=\"https:\/\/fsmcv.org\/vl\/area-de-gestio-cultural\/caixabank-escolta-valencia\/\"><strong>\u201cCaixaBank Escolta Val\u00e8ncia<\/strong><strong>\u201d<\/strong><\/a> al juliol de 2014 i que al llarg de les seues onze convocat\u00f2ries ha becat amb m\u00e9s de tres milions quatre-cents mil euros als alumnes dels Centres Educatius de les Societats Musicals de la Comunitat Valenciana.<\/p><p>L&#8217;objectiu d&#8217;estes beques \u00e9s fomentar l&#8217;estudi de la m\u00fasica com una forma de contribuir al desenrotllament d&#8217;esta activitat cultural, que compta amb una llarga tradici\u00f3 a la Comunitat Valenciana. Per aix\u00f2, res millor que fer-ho prestant suport als seus futurs m\u00fasics.<\/p><p>Des que es va posar en marxa la primera edici\u00f3 de les beques en el curs acad\u00e8mic 2014-2015, 8.265 estudiants de les escoles de m\u00fasica s&#8217;han beneficiat d&#8217;estes ajudes. S&#8217;han realitzat 11 edicions i en l&#8217;\u00faltim curs 2024-2025 han sigut 580 els estudiants becats repartits entre les tres prov\u00edncies procedents de 175 societats musicals de tota la Comunitat Valenciana. <\/p>\t\t\t\t\t\t\t\t<\/div>\n\t\t\t\t<\/div>\n\t\t\t\t\t<\/div>\n\t\t<\/div>\n\t\t\t\t\t<\/div>\n\t\t<\/section>\n\t\t\t\t<section class=\"elementor-section elementor-top-section elementor-element elementor-element-36c3eee elementor-section-boxed elementor-section-height-default elementor-section-height-default\" data-id=\"36c3eee\" data-element_type=\"section\" data-e-type=\"section\">\n\t\t\t\t\t\t<div class=\"elementor-container elementor-column-gap-default\">\n\t\t\t\t\t<div class=\"elementor-column elementor-col-100 elementor-top-column elementor-element elementor-element-47809f5\" data-id=\"47809f5\" data-element_type=\"column\" data-e-type=\"column\">\n\t\t\t<div class=\"elementor-widget-wrap elementor-element-populated\">\n\t\t\t\t\t\t<div class=\"elementor-element elementor-element-d29816e elementor-widget elementor-widget-text-editor\" data-id=\"d29816e\" data-element_type=\"widget\" data-e-type=\"widget\" data-widget_type=\"text-editor.default\">\n\t\t\t\t<div class=\"elementor-widget-container\">\n\t\t\t\t\t\t\t\t\t<h2 style=\"text-align: center;\"><strong>&#8220;12\u00aa convocat\u00f2ria de les beques Caixabank 2025-2026&#8221;<\/strong><\/h2><p style=\"text-align: center;\">Import de la convocat\u00f2ria: 255.000\u20ac.<\/p><p style=\"text-align: center;\">Per\u00edode de sol\u00b7licituds: fins al 06 d&#8217;octubre de 2025.<\/p>\t\t\t\t\t\t\t\t<\/div>\n\t\t\t\t<\/div>\n\t\t\t\t<div class=\"elementor-element elementor-element-0291acb elementor-widget elementor-widget-text-editor\" data-id=\"0291acb\" data-element_type=\"widget\" data-e-type=\"widget\" data-widget_type=\"text-editor.default\">\n\t\t\t\t<div class=\"elementor-widget-container\">\n\t\t\t\t\t\t\t\t\t<h3 style=\"text-align: center;\">Bases de la convocat\u00f2ria 2025-2026<\/h3><p style=\"text-align: center;\"><a href=\"\/wp-content\/uploads\/becas-caixabank\/Bases%20Convocatoria%20Becas%20CaixaBank%202025-2026%20CAST.pdf\"><span style=\"text-decoration: underline;\">Descarregar les bases de la convocat\u00f2ria de les Beques CaixaBank 2025-26 en castell\u00e0<\/span><\/a><\/p><p style=\"text-align: center;\"><a href=\"\/wp-content\/uploads\/becas-caixabank\/Bases%20Convocatoria%20Becas%20CaixaBank%202025-2026%20VLC.pdf\"><span style=\"text-decoration: underline;\">Descarregar les bases de la convocat\u00f2ria de les Beques CaixaBank 2025-26 en valenci\u00e0<\/span><\/a><\/p>\t\t\t\t\t\t\t\t<\/div>\n\t\t\t\t<\/div>\n\t\t\t\t\t<\/div>\n\t\t<\/div>\n\t\t\t\t\t<\/div>\n\t\t<\/section>\n\t\t\t\t<section class=\"elementor-section elementor-top-section elementor-element elementor-element-ba8b93c elementor-section-boxed elementor-section-height-default elementor-section-height-default\" data-id=\"ba8b93c\" data-element_type=\"section\" data-e-type=\"section\">\n\t\t\t\t\t\t<div class=\"elementor-container elementor-column-gap-default\">\n\t\t\t\t\t<div class=\"elementor-column elementor-col-100 elementor-top-column elementor-element elementor-element-a1fc1a6\" data-id=\"a1fc1a6\" data-element_type=\"column\" data-e-type=\"column\">\n\t\t\t<div class=\"elementor-widget-wrap elementor-element-populated\">\n\t\t\t\t\t\t<div class=\"elementor-element elementor-element-3cdeca9 elementor-widget elementor-widget-image\" data-id=\"3cdeca9\" data-element_type=\"widget\" data-e-type=\"widget\" data-widget_type=\"image.default\">\n\t\t\t\t<div class=\"elementor-widget-container\">\n\t\t\t\t\t\t\t\t\t\t\t\t\t\t\t<img decoding=\"async\" width=\"256\" height=\"56\" src=\"https:\/\/fsmcv.org\/wp-content\/uploads\/2021\/05\/CaixaBank.jpeg\" class=\"attachment-large size-large wp-image-33497\" alt=\"CaixaBank\" title=\"\">\t\t\t\t\t\t\t\t\t\t\t\t\t\t\t<\/div>\n\t\t\t\t<\/div>\n\t\t\t\t\t<\/div>\n\t\t<\/div>\n\t\t\t\t\t<\/div>\n\t\t<\/section>\n\t\t\t\t<section class=\"elementor-section elementor-top-section elementor-element elementor-element-f1d75b1 elementor-section-boxed elementor-section-height-default elementor-section-height-default\" data-id=\"f1d75b1\" data-element_type=\"section\" data-e-type=\"section\">\n\t\t\t\t\t\t<div class=\"elementor-container elementor-column-gap-default\">\n\t\t\t\t\t<div class=\"elementor-column elementor-col-100 elementor-top-column elementor-element elementor-element-d5f9a45\" data-id=\"d5f9a45\" data-element_type=\"column\" data-e-type=\"column\">\n\t\t\t<div class=\"elementor-widget-wrap elementor-element-populated\">\n\t\t\t\t\t\t<div class=\"elementor-element elementor-element-22725f3 elementor-align-center elementor-widget elementor-widget-button\" data-id=\"22725f3\" data-element_type=\"widget\" data-e-type=\"widget\" data-widget_type=\"button.default\">\n\t\t\t\t<div class=\"elementor-widget-container\">\n\t\t\t\t\t\t\t\t\t<div class=\"elementor-button-wrapper\">\n\t\t\t\t\t<a class=\"elementor-button elementor-button-link elementor-size-md\" href=\"https:\/\/fsmcv.odec.es\/bcaixabank\/index.html#\/login\/\" target=\"_blank\" rel=\"noopener\">\n\t\t\t\t\t\t<span class=\"elementor-button-content-wrapper\">\n\t\t\t\t\t\t<span class=\"elementor-button-icon\">\n\t\t\t\t<i aria-hidden=\"true\" class=\"fas fa-arrow-right\"><\/i>\t\t\t<\/span>\n\t\t\t\t\t\t\t\t\t<span class=\"elementor-button-text\">Acc\u00e9s a la plataforma de gesti\u00f3 de les sol\u00b7licituds<\/span>\n\t\t\t\t\t<\/span>\n\t\t\t\t\t<\/a>\n\t\t\t\t<\/div>\n\t\t\t\t\t\t\t\t<\/div>\n\t\t\t\t<\/div>\n\t\t\t\t\t<\/div>\n\t\t<\/div>\n\t\t\t\t\t<\/div>\n\t\t<\/section>\n\t\t\t\t<section class=\"elementor-section elementor-top-section elementor-element elementor-element-1e4d8b8f elementor-section-boxed elementor-section-height-default elementor-section-height-default\" data-id=\"1e4d8b8f\" data-element_type=\"section\" data-e-type=\"section\">\n\t\t\t\t\t\t<div class=\"elementor-container elementor-column-gap-default\">\n\t\t\t\t\t<div class=\"elementor-column elementor-col-100 elementor-top-column elementor-element elementor-element-37cc3d52\" data-id=\"37cc3d52\" data-element_type=\"column\" data-e-type=\"column\">\n\t\t\t<div class=\"elementor-widget-wrap elementor-element-populated\">\n\t\t\t\t\t\t\t<\/div>\n\t\t<\/div>\n\t\t\t\t\t<\/div>\n\t\t<\/section>\n\t\t\t\t<\/div>\n\t\t","protected":false},"excerpt":{"rendered":"<p>Beques CaixaBank S&#8217;han realitzat 11 edicions i en l&#8217;\u00faltim any van ser 580 els estudiants becats repartits entre les tres prov\u00edncies de la Comunitat Valenciana. Este \u00e9s el primer dels projectes iniciats en el programa \u201cCaixaBank Escolta Val\u00e8ncia\u201d al juliol de 2014 i que al llarg de les seues onze convocat\u00f2ries ha becat amb m\u00e9s [&hellip;]<\/p>\n","protected":false},"author":1,"featured_media":70928,"parent":0,"menu_order":11,"comment_status":"closed","ping_status":"closed","template":"elementor_header_footer","meta":{"footnotes":""},"class_list":["post-39861","page","type-page","status-publish","has-post-thumbnail","hentry"],"_links":{"self":[{"href":"https:\/\/fsmcv.org\/vl\/wp-json\/wp\/v2\/pages\/39861","targetHints":{"allow":["GET"]}}],"collection":[{"href":"https:\/\/fsmcv.org\/vl\/wp-json\/wp\/v2\/pages"}],"about":[{"href":"https:\/\/fsmcv.org\/vl\/wp-json\/wp\/v2\/types\/page"}],"author":[{"embeddable":true,"href":"https:\/\/fsmcv.org\/vl\/wp-json\/wp\/v2\/users\/1"}],"replies":[{"embeddable":true,"href":"https:\/\/fsmcv.org\/vl\/wp-json\/wp\/v2\/comments?post=39861"}],"version-history":[{"count":10,"href":"https:\/\/fsmcv.org\/vl\/wp-json\/wp\/v2\/pages\/39861\/revisions"}],"predecessor-version":[{"id":79357,"href":"https:\/\/fsmcv.org\/vl\/wp-json\/wp\/v2\/pages\/39861\/revisions\/79357"}],"wp:featuredmedia":[{"embeddable":true,"href":"https:\/\/fsmcv.org\/vl\/wp-json\/wp\/v2\/media\/70928"}],"wp:attachment":[{"href":"https:\/\/fsmcv.org\/vl\/wp-json\/wp\/v2\/media?parent=39861"}],"curies":[{"name":"wp","href":"https:\/\/api.w.org\/{rel}","templated":true}]}}