{"id":43910,"date":"2021-08-25T08:35:27","date_gmt":"2021-08-25T06:35:27","guid":{"rendered":"https:\/\/fsmcv.org\/documentacio\/"},"modified":"2026-03-12T10:32:49","modified_gmt":"2026-03-12T09:32:49","slug":"documentacio","status":"publish","type":"page","link":"https:\/\/fsmcv.org\/vl\/federacio-de-societats-musicals-de-la-comunitat-valenciana\/documentacio\/","title":{"rendered":"Documentaci\u00f3"},"content":{"rendered":"\t\t<div data-elementor-type=\"wp-page\" data-elementor-id=\"43910\" class=\"elementor elementor-43910 elementor-41788\" data-elementor-post-type=\"page\">\n\t\t\t\t\t\t<section class=\"elementor-section elementor-top-section elementor-element elementor-element-77e6aebe elementor-section-boxed elementor-section-height-default elementor-section-height-default\" data-id=\"77e6aebe\" data-element_type=\"section\" data-e-type=\"section\">\n\t\t\t\t\t\t\t<div class=\"elementor-background-overlay\"><\/div>\n\t\t\t\t\t\t\t<div class=\"elementor-container elementor-column-gap-default\">\n\t\t\t\t\t<div class=\"elementor-column elementor-col-100 elementor-top-column elementor-element elementor-element-4e48bd9\" data-id=\"4e48bd9\" data-element_type=\"column\" data-e-type=\"column\">\n\t\t\t<div class=\"elementor-widget-wrap elementor-element-populated\">\n\t\t\t\t\t\t<div class=\"elementor-element elementor-element-1a253916 elementor-widget elementor-widget-heading\" data-id=\"1a253916\" data-element_type=\"widget\" data-e-type=\"widget\" data-widget_type=\"heading.default\">\n\t\t\t\t<div class=\"elementor-widget-container\">\n\t\t\t\t\t<h1 class=\"elementor-heading-title elementor-size-default\">DOCUMENTACI\u00d3<\/h1>\t\t\t\t<\/div>\n\t\t\t\t<\/div>\n\t\t\t\t<div class=\"elementor-element elementor-element-75d0994 elementor-widget elementor-widget-text-editor\" data-id=\"75d0994\" data-element_type=\"widget\" data-e-type=\"widget\" data-widget_type=\"text-editor.default\">\n\t\t\t\t<div class=\"elementor-widget-container\">\n\t\t\t\t\t\t\t\t\t<p>Ac\u00ed podr\u00e0s localitzar tota la informaci\u00f3 d&#8217;inter\u00e9s per a la teua societat musical<\/p>\t\t\t\t\t\t\t\t<\/div>\n\t\t\t\t<\/div>\n\t\t\t\t\t<\/div>\n\t\t<\/div>\n\t\t\t\t\t<\/div>\n\t\t<\/section>\n\t\t\t\t<section class=\"elementor-section elementor-top-section elementor-element elementor-element-96a82ef elementor-section-boxed elementor-section-height-default elementor-section-height-default\" data-id=\"96a82ef\" data-element_type=\"section\" data-e-type=\"section\">\n\t\t\t\t\t\t<div class=\"elementor-container elementor-column-gap-default\">\n\t\t\t\t\t<div class=\"elementor-column elementor-col-100 elementor-top-column elementor-element elementor-element-bf8fbb3\" data-id=\"bf8fbb3\" data-element_type=\"column\" data-e-type=\"column\">\n\t\t\t<div class=\"elementor-widget-wrap elementor-element-populated\">\n\t\t\t\t\t\t<div class=\"elementor-element elementor-element-faa2202 elementor-widget elementor-widget-text-editor\" data-id=\"faa2202\" data-element_type=\"widget\" data-e-type=\"widget\" data-widget_type=\"text-editor.default\">\n\t\t\t\t<div class=\"elementor-widget-container\">\n\t\t\t\t\t\t\t\t\t<p style=\"text-align: center;\">Des d&#8217;este apartat de Documentaci\u00f3 podr\u00e0s descarregar tots els models de tramitacions FSMCV, aix\u00ed com accedir a<br>la informaci\u00f3 d&#8217;inter\u00e9s per a la teua societat musical com s\u00f3n els diferents reglaments, el barem oficial o el manual de juntes directives.<\/p>\t\t\t\t\t\t\t\t<\/div>\n\t\t\t\t<\/div>\n\t\t\t\t\t<\/div>\n\t\t<\/div>\n\t\t\t\t\t<\/div>\n\t\t<\/section>\n\t\t\t\t<section class=\"elementor-section elementor-top-section elementor-element elementor-element-72c7b80d elementor-section-boxed elementor-section-height-default elementor-section-height-default\" data-id=\"72c7b80d\" data-element_type=\"section\" data-e-type=\"section\">\n\t\t\t\t\t\t<div class=\"elementor-container elementor-column-gap-default\">\n\t\t\t\t\t<div class=\"elementor-column elementor-col-100 elementor-top-column elementor-element elementor-element-4c69e7d7\" data-id=\"4c69e7d7\" data-element_type=\"column\" data-e-type=\"column\">\n\t\t\t<div class=\"elementor-widget-wrap elementor-element-populated\">\n\t\t\t\t\t\t<div class=\"elementor-element elementor-element-d8048fa elementor-widget elementor-widget-heading\" data-id=\"d8048fa\" data-element_type=\"widget\" data-e-type=\"widget\" data-widget_type=\"heading.default\">\n\t\t\t\t<div class=\"elementor-widget-container\">\n\t\t\t\t\t<h3 class=\"elementor-heading-title elementor-size-default\">Documentaci\u00f3 FSMCV<\/h3>\t\t\t\t<\/div>\n\t\t\t\t<\/div>\n\t\t\t\t<div class=\"elementor-element elementor-element-363ee8f elementor-widget elementor-widget-heading\" data-id=\"363ee8f\" data-element_type=\"widget\" data-e-type=\"widget\" data-widget_type=\"heading.default\">\n\t\t\t\t<div class=\"elementor-widget-container\">\n\t\t\t\t\t<h4 class=\"elementor-heading-title elementor-size-default\">Alta DE SOCIETATS MUSICALS <\/h4>\t\t\t\t<\/div>\n\t\t\t\t<\/div>\n\t\t\t\t<div class=\"elementor-element elementor-element-73190c6 elementor-widget elementor-widget-text-editor\" data-id=\"73190c6\" data-element_type=\"widget\" data-e-type=\"widget\" data-widget_type=\"text-editor.default\">\n\t\t\t\t<div class=\"elementor-widget-container\">\n\t\t\t\t\t\t\t\t\t<ol>\n<li><a href=\"\/wp-content\/uploads\/documentacion\/01-Solicitud-de-alta-en-la-FSMCV.pdf\">Sol\u00b7licitud d&#8217;alta en la Federaci\u00f3 de Societats Musicals de la Comunitat Valenciana.<\/a><\/li>\n<li><a href=\"\/wp-content\/uploads\/documentacion\/02-Modelo-de-Relacion-Nominal-de-Junta-Directiva.doc\">Model de relaci\u00f3 nominal dels components de la Junta Directiva.<\/a><\/li>\n<li><a href=\"\/wp-content\/uploads\/documentacion\/03-Modelo-de-Relacion-Nominal-de-los-componentes-de-la-Agrupacion-Musical.doc\">Model de relaci\u00f3 nominal dels components de l&#8217;Agrupaci\u00f3 Musical.<\/a><\/li>\n<li><a href=\"\/wp-content\/uploads\/documentacion\/04-Modelo-de-Declaracion-Responsable-del-Presidente-de-Entidad.pdf\">Declaraci\u00f3 responsable del president de l&#8217;entitat.<\/a><\/li>\n<li><a href=\"\/wp-content\/uploads\/documentacion\/05-Acuerdo-asambleario-sobre-requisitos-de-entrada-a-la-FSMCV-y-otras-obligaciones.pdf\">Acord assembleari sobre els requisits d&#8217;entrada a la Federaci\u00f3 de Societats Musicals de la Comunitat Valenciana i altres obligacions.<\/a><\/li>\n<\/ol>\t\t\t\t\t\t\t\t<\/div>\n\t\t\t\t<\/div>\n\t\t\t\t<div class=\"elementor-element elementor-element-feb21d5 elementor-widget elementor-widget-heading\" data-id=\"feb21d5\" data-element_type=\"widget\" data-e-type=\"widget\" data-widget_type=\"heading.default\">\n\t\t\t\t<div class=\"elementor-widget-container\">\n\t\t\t\t\t<h4 class=\"elementor-heading-title elementor-size-default\">Alta De M\u00fasics<\/h4>\t\t\t\t<\/div>\n\t\t\t\t<\/div>\n\t\t\t\t<div class=\"elementor-element elementor-element-721d227 elementor-widget elementor-widget-text-editor\" data-id=\"721d227\" data-element_type=\"widget\" data-e-type=\"widget\" data-widget_type=\"text-editor.default\">\n\t\t\t\t<div class=\"elementor-widget-container\">\n\t\t\t\t\t\t\t\t\t<p><a href=\"\/wp-content\/uploads\/documentacion\/Ficha-musicos-federados-rev-may-2020-CAST.pdf\">Fitxa d&#8217;alta en el fitxer de persones relacionades amb la Federaci\u00f3 de Societats Musicals de la Comunitat Valenciana<\/a><\/p>\t\t\t\t\t\t\t\t<\/div>\n\t\t\t\t<\/div>\n\t\t\t\t<div class=\"elementor-element elementor-element-fb3ce90 elementor-widget elementor-widget-heading\" data-id=\"fb3ce90\" data-element_type=\"widget\" data-e-type=\"widget\" data-widget_type=\"heading.default\">\n\t\t\t\t<div class=\"elementor-widget-container\">\n\t\t\t\t\t<h4 class=\"elementor-heading-title elementor-size-default\">DRETS DE FORMACI\u00d3 <\/h4>\t\t\t\t<\/div>\n\t\t\t\t<\/div>\n\t\t\t\t<div class=\"elementor-element elementor-element-e922806 elementor-widget elementor-widget-text-editor\" data-id=\"e922806\" data-element_type=\"widget\" data-e-type=\"widget\" data-widget_type=\"text-editor.default\">\n\t\t\t\t<div class=\"elementor-widget-container\">\n\t\t\t\t\t\t\t\t\t<p><a href=\"\/wp-content\/uploads\/documentacion\/SOLICITUD-DERECHO-FORMACION-ENE-2022.pdf\">Sol\u00b7licitud d&#8217;inclusi\u00f3 de m\u00fasics en plantilla en virtut del dret de formaci\u00f3.<\/a><\/p>\t\t\t\t\t\t\t\t<\/div>\n\t\t\t\t<\/div>\n\t\t\t\t<div class=\"elementor-element elementor-element-c51c1db elementor-widget elementor-widget-heading\" data-id=\"c51c1db\" data-element_type=\"widget\" data-e-type=\"widget\" data-widget_type=\"heading.default\">\n\t\t\t\t<div class=\"elementor-widget-container\">\n\t\t\t\t\t<h3 class=\"elementor-heading-title elementor-size-default\">REGLAMENTS<\/h3>\t\t\t\t<\/div>\n\t\t\t\t<\/div>\n\t\t\t\t<div class=\"elementor-element elementor-element-521a332 elementor-widget elementor-widget-text-editor\" data-id=\"521a332\" data-element_type=\"widget\" data-e-type=\"widget\" data-widget_type=\"text-editor.default\">\n\t\t\t\t<div class=\"elementor-widget-container\">\n\t\t\t\t\t\t\t\t\t<ol><li><a href=\"\/wp-content\/uploads\/documentacion\/REGLAMENTO-ANTIGUEDAD-SOCIEDADES-MUSICALES-version-mayo-20.pdf\">Reglament per a l&#8217;atorgament de distincions d&#8217;antiguitat a les Societats Musicals de la FSMCV.<\/a><\/li><li><a href=\"\/wp-content\/uploads\/documentacion\/REGLAMENTO-CERTAMENES-ENE-2022.pdf\">Reglament sobre cert\u00e0mens<\/a><a href=\"\/wp-content\/uploads\/documentacion\/Reglamento-Certamenes-REV-JUNIO-2020.pdf\">.<\/a><\/li><li><a href=\"\/wp-content\/uploads\/documentacion\/RELAMENTO-PERSONAS-RELACIONADAS-FSMCV-REV-JUN-2020.pdf\">Reglament sobre les altes i el tractament de les persones relacionades amb la FSMCV.<\/a><\/li><li><a href=\"\/wp-content\/uploads\/documentacion\/REGLAMENTO-ELECTORAL-2001.pdf\">Reglament electoral de la FSMCV.<\/a><\/li><\/ol>\t\t\t\t\t\t\t\t<\/div>\n\t\t\t\t<\/div>\n\t\t\t\t<div class=\"elementor-element elementor-element-d04267c elementor-widget elementor-widget-heading\" data-id=\"d04267c\" data-element_type=\"widget\" data-e-type=\"widget\" data-widget_type=\"heading.default\">\n\t\t\t\t<div class=\"elementor-widget-container\">\n\t\t\t\t\t<h3 class=\"elementor-heading-title elementor-size-default\">ALTRA DOCUMENTACI\u00d3<\/h3>\t\t\t\t<\/div>\n\t\t\t\t<\/div>\n\t\t\t\t<div class=\"elementor-element elementor-element-8b7a1b7 elementor-widget elementor-widget-text-editor\" data-id=\"8b7a1b7\" data-element_type=\"widget\" data-e-type=\"widget\" data-widget_type=\"text-editor.default\">\n\t\t\t\t<div class=\"elementor-widget-container\">\n\t\t\t\t\t\t\t\t\t<ol><li><a href=\"\/wp-content\/uploads\/documentacion\/Criterios%20Baremo%202025%20%28a%20aplicar%20en%202026%29.pdf\">Criteris<\/a> i <a href=\"\/wp-content\/uploads\/documentacion\/Baremo%202025%20en%20vigor%202026%20DEFINITIVO.pdf\">Barem de participaci\u00f3 federal 2025 DEFINITIU<\/a> (per a aplicar durant tot el 2026)<\/li><li><a href=\"\/wp-content\/uploads\/documentacion\/MANUAL%20DE%20DIRECTIVAS%20-%20def%20%28v.%20sept%202025%29.pdf\">Manual de Juntes Directives per a Societats Musicals.<\/a><\/li><li><a href=\"\/wp-content\/uploads\/documentacion\/Decret-68-2018-BIC.pdf\">Decret 68\/2018, de 25 de maig, del Consell, pel qual es declara B\u00e9 d&#8217;Inter\u00e9s Cultural Immaterial la tradici\u00f3 musical popular valenciana materialitzada per les societats musicals de la Comunitat Valenciana.<\/a><\/li><li><a href=\"\/wp-content\/uploads\/documentacion\/LOGO-BIC-CAST.zip\">Logo BIC<\/a> (B\u00e9 Inter\u00e9s Cultural) castell\u00e0.<\/li><li><a href=\"\/wp-content\/uploads\/documentacion\/LOGO-BIC-VAL.zip\">Logo BIC<\/a> (B\u00e9 Inter\u00e9s Cultural) valenci\u00e0.<\/li><li><a href=\"\/wp-content\/uploads\/documentacion\/BOE-A-2021-7534-MANIFESTACION-REPRESENTATIVA.pdf\">Reial decret 229\/2021, de 30 de mar\u00e7, pel qual es declaren les Societats Musicals de la Comunitat Valenciana com a Manifestaci\u00f3 Representativa del Patrimoni Cultural Immaterial.<\/a><\/li><li><a href=\"\/wp-content\/uploads\/documentacion\/LOGO_Patrimonio_Cultura_lnmaterial.zip\">Logo Manifestaci\u00f3 Representativa del Patrimoni Cultural Immaterial. <\/a><\/li><\/ol>\t\t\t\t\t\t\t\t<\/div>\n\t\t\t\t<\/div>\n\t\t\t\t\t<\/div>\n\t\t<\/div>\n\t\t\t\t\t<\/div>\n\t\t<\/section>\n\t\t\t\t<\/div>\n\t\t","protected":false},"excerpt":{"rendered":"<p>DOCUMENTACI\u00d3 Ac\u00ed podr\u00e0s localitzar tota la informaci\u00f3 d&#8217;inter\u00e9s per a la teua societat musical Des d&#8217;este apartat de Documentaci\u00f3 podr\u00e0s descarregar tots els models de tramitacions FSMCV, aix\u00ed com accedir ala informaci\u00f3 d&#8217;inter\u00e9s per a la teua societat musical com s\u00f3n els diferents reglaments, el barem oficial o el manual de juntes directives. Documentaci\u00f3 FSMCV [&hellip;]<\/p>\n","protected":false},"author":7,"featured_media":41792,"parent":39520,"menu_order":7,"comment_status":"closed","ping_status":"closed","template":"elementor_header_footer","meta":{"footnotes":""},"class_list":["post-43910","page","type-page","status-publish","has-post-thumbnail","hentry"],"_links":{"self":[{"href":"https:\/\/fsmcv.org\/vl\/wp-json\/wp\/v2\/pages\/43910","targetHints":{"allow":["GET"]}}],"collection":[{"href":"https:\/\/fsmcv.org\/vl\/wp-json\/wp\/v2\/pages"}],"about":[{"href":"https:\/\/fsmcv.org\/vl\/wp-json\/wp\/v2\/types\/page"}],"author":[{"embeddable":true,"href":"https:\/\/fsmcv.org\/vl\/wp-json\/wp\/v2\/users\/7"}],"replies":[{"embeddable":true,"href":"https:\/\/fsmcv.org\/vl\/wp-json\/wp\/v2\/comments?post=43910"}],"version-history":[{"count":24,"href":"https:\/\/fsmcv.org\/vl\/wp-json\/wp\/v2\/pages\/43910\/revisions"}],"predecessor-version":[{"id":81858,"href":"https:\/\/fsmcv.org\/vl\/wp-json\/wp\/v2\/pages\/43910\/revisions\/81858"}],"up":[{"embeddable":true,"href":"https:\/\/fsmcv.org\/vl\/wp-json\/wp\/v2\/pages\/39520"}],"wp:featuredmedia":[{"embeddable":true,"href":"https:\/\/fsmcv.org\/vl\/wp-json\/wp\/v2\/media\/41792"}],"wp:attachment":[{"href":"https:\/\/fsmcv.org\/vl\/wp-json\/wp\/v2\/media?parent=43910"}],"curies":[{"name":"wp","href":"https:\/\/api.w.org\/{rel}","templated":true}]}}