{"id":44170,"date":"2021-09-06T11:25:51","date_gmt":"2021-09-06T09:25:51","guid":{"rendered":"https:\/\/fsmcv.org\/be-dinteres-cultural-manifestacio-representativa-del-patrimoni-cultural-immateria\/"},"modified":"2025-04-02T09:42:45","modified_gmt":"2025-04-02T07:42:45","slug":"be-dinteres-cultural-manifestacio-representativa-del-patrimoni-cultural-immateria","status":"publish","type":"page","link":"https:\/\/fsmcv.org\/vl\/area-juridic-economica\/be-dinteres-cultural-manifestacio-representativa-del-patrimoni-cultural-immateria\/","title":{"rendered":"B\u00e9 d&#8217;Inter\u00e9s Cultural \/ Manifestaci\u00f3 Representativa del Patrimoni Cultural Immateria"},"content":{"rendered":"\t\t<div data-elementor-type=\"wp-page\" data-elementor-id=\"44170\" class=\"elementor elementor-44170 elementor-42927\" data-elementor-post-type=\"page\">\n\t\t\t\t\t\t<section class=\"elementor-section elementor-top-section elementor-element elementor-element-77e6aebe elementor-section-boxed elementor-section-height-default elementor-section-height-default\" data-id=\"77e6aebe\" data-element_type=\"section\" data-e-type=\"section\">\n\t\t\t\t\t\t\t<div class=\"elementor-background-overlay\"><\/div>\n\t\t\t\t\t\t\t<div class=\"elementor-container elementor-column-gap-default\">\n\t\t\t\t\t<div class=\"elementor-column elementor-col-100 elementor-top-column elementor-element elementor-element-4e48bd9\" data-id=\"4e48bd9\" data-element_type=\"column\" data-e-type=\"column\">\n\t\t\t<div class=\"elementor-widget-wrap elementor-element-populated\">\n\t\t\t\t\t\t<div class=\"elementor-element elementor-element-1a253916 elementor-widget elementor-widget-heading\" data-id=\"1a253916\" data-element_type=\"widget\" data-e-type=\"widget\" data-widget_type=\"heading.default\">\n\t\t\t\t<div class=\"elementor-widget-container\">\n\t\t\t\t\t<h1 class=\"elementor-heading-title elementor-size-default\">B\u00e9 d'Inter\u00e9s Cultural \/ Manifestaci\u00f3 Representativa del Patrimoni Cultural Immateria<\/h1>\t\t\t\t<\/div>\n\t\t\t\t<\/div>\n\t\t\t\t\t<\/div>\n\t\t<\/div>\n\t\t\t\t\t<\/div>\n\t\t<\/section>\n\t\t\t\t<section class=\"elementor-section elementor-top-section elementor-element elementor-element-96a82ef elementor-section-boxed elementor-section-height-default elementor-section-height-default\" data-id=\"96a82ef\" data-element_type=\"section\" data-e-type=\"section\">\n\t\t\t\t\t\t<div class=\"elementor-container elementor-column-gap-default\">\n\t\t\t\t\t<div class=\"elementor-column elementor-col-100 elementor-top-column elementor-element elementor-element-bf8fbb3\" data-id=\"bf8fbb3\" data-element_type=\"column\" data-e-type=\"column\">\n\t\t\t<div class=\"elementor-widget-wrap elementor-element-populated\">\n\t\t\t\t\t\t<div class=\"elementor-element elementor-element-faa2202 elementor-widget elementor-widget-text-editor\" data-id=\"faa2202\" data-element_type=\"widget\" data-e-type=\"widget\" data-widget_type=\"text-editor.default\">\n\t\t\t\t<div class=\"elementor-widget-container\">\n\t\t\t\t\t\t\t\t\t<p style=\"text-align: center;\">En aquest apartat podr\u00e0s trobar tota la informaci\u00f3 referent a la declaraci\u00f3 de les societats musicals com a B\u00e9 d&#8217;Inter\u00e9s Cultural i de Manifestaci\u00f3 Representativa del Patrimoni Cultural Immaterial<\/p>\n<p style=\"text-align: center;\">\n\t\t\t\t\t\t\t\t<\/div>\n\t\t\t\t<\/div>\n\t\t\t\t\t<\/div>\n\t\t<\/div>\n\t\t\t\t\t<\/div>\n\t\t<\/section>\n\t\t\t\t<section class=\"elementor-section elementor-top-section elementor-element elementor-element-7991762 elementor-section-boxed elementor-section-height-default elementor-section-height-default\" data-id=\"7991762\" data-element_type=\"section\" data-e-type=\"section\">\n\t\t\t\t\t\t<div class=\"elementor-container elementor-column-gap-default\">\n\t\t\t\t\t<div class=\"elementor-column elementor-col-100 elementor-top-column elementor-element elementor-element-ad482e6\" data-id=\"ad482e6\" data-element_type=\"column\" data-e-type=\"column\">\n\t\t\t<div class=\"elementor-widget-wrap elementor-element-populated\">\n\t\t\t\t\t\t<div class=\"elementor-element elementor-element-22edfde elementor-widget elementor-widget-text-editor\" data-id=\"22edfde\" data-element_type=\"widget\" data-e-type=\"widget\" data-widget_type=\"text-editor.default\">\n\t\t\t\t<div class=\"elementor-widget-container\">\n\t\t\t\t\t\t\t\t\t<p style=\"text-align: left;\">Estes dos declaracions no cap lloc a dubte que suposen una <strong>fita hist\u00f2rica <\/strong>en l&#8217;esdevenir de les societats musicals de la Comunitat Valenciana, constituint un punt d&#8217;inflexi\u00f3 <strong>estrat\u00e8gic <\/strong>puix que ens situen en <strong>primera l\u00ednia de protecci\u00f3 en l&#8217;\u00e0mbit cultural<\/strong>, no sols en el nostre territori sin\u00f3 tamb\u00e9 en tot l&#8217;Estat espanyol. Hem de ser conscients del significat i responsabilitat que comporta el fet de ser un ben protegit de car\u00e0cter immaterial, sent labor de tots utilitzar aquestes declaracions tant des del punt de vista individual de cada societat musical com des de l&#8217;\u00e0mbit general de tot el col\u00b7lectiu. Sens dubte un primer pas ha de ser dotar a estes fites de la m\u00e0xima publicitat possible en l&#8217;entorn poblacional de cada societat musical, visualitzant les dos declaracions com el que s\u00f3n: un <strong>segell de garantia i qualitat d&#8217;un gran valor<\/strong>, formant part dels registres i inventaris del patrimoni cultural tant valenci\u00e0 com espanyol.<\/p>\n<p style=\"text-align: center;\">\n\t\t\t\t\t\t\t\t<\/div>\n\t\t\t\t<\/div>\n\t\t\t\t\t<\/div>\n\t\t<\/div>\n\t\t\t\t\t<\/div>\n\t\t<\/section>\n\t\t\t\t<section class=\"elementor-section elementor-top-section elementor-element elementor-element-72c7b80d elementor-section-boxed elementor-section-height-default elementor-section-height-default\" data-id=\"72c7b80d\" data-element_type=\"section\" data-e-type=\"section\">\n\t\t\t\t\t\t<div class=\"elementor-container elementor-column-gap-default\">\n\t\t\t\t\t<div class=\"elementor-column elementor-col-100 elementor-top-column elementor-element elementor-element-4c69e7d7\" data-id=\"4c69e7d7\" data-element_type=\"column\" data-e-type=\"column\">\n\t\t\t<div class=\"elementor-widget-wrap elementor-element-populated\">\n\t\t\t\t\t\t<div class=\"elementor-element elementor-element-d8048fa elementor-widget elementor-widget-heading\" data-id=\"d8048fa\" data-element_type=\"widget\" data-e-type=\"widget\" data-widget_type=\"heading.default\">\n\t\t\t\t<div class=\"elementor-widget-container\">\n\t\t\t\t\t<h3 class=\"elementor-heading-title elementor-size-large\">DECLARACI\u00d3: B\u00c9 D'INTER\u00c9S CULTURAL<\/h3>\t\t\t\t<\/div>\n\t\t\t\t<\/div>\n\t\t\t\t<div class=\"elementor-element elementor-element-73190c6 elementor-widget elementor-widget-text-editor\" data-id=\"73190c6\" data-element_type=\"widget\" data-e-type=\"widget\" data-widget_type=\"text-editor.default\">\n\t\t\t\t<div class=\"elementor-widget-container\">\n\t\t\t\t\t\t\t\t\t<p><a href=\"https:\/\/fsmcv.org\/wp-content\/uploads\/documentacion\/Decret-68-2018-BIC.pdf\" data-wplink-edit=\"true\">Decret 68\/2018, de 25 de maig, del Consell, pel qual es declara B\u00e9 d&#8217;Inter\u00e9s Cultural Immaterial la tradici\u00f3 musical popular valenciana materialitzada per les societats musicals de la Comunitat Valenciana.<\/a><\/p>\n<p><em>DESCARREGA ELS LOGOS:<\/em><\/p>\n<ul style=\"font-size: 16px; background-color: #ffffff;\">\n<li style=\"font-size: 16px;\"><a href=\"https:\/\/fsmcv.org\/wp-content\/uploads\/documentacion\/LOGO-BIC-CAST.zip\">Logo BIC<\/a> (B\u00e9 Inter\u00e9s Cultural) castell\u00e0.<\/li>\n<li style=\"font-size: 16px;\"><a href=\"https:\/\/fsmcv.org\/wp-content\/uploads\/documentacion\/LOGO-BIC-VAL.zip\">Logo BIC<\/a> (B\u00e9 Inter\u00e9s Cultural) valenci\u00e0.<\/li>\n<\/ul>\n\t\t\t\t\t\t\t\t<\/div>\n\t\t\t\t<\/div>\n\t\t\t\t<div class=\"elementor-element elementor-element-ef78bfa elementor-widget elementor-widget-heading\" data-id=\"ef78bfa\" data-element_type=\"widget\" data-e-type=\"widget\" data-widget_type=\"heading.default\">\n\t\t\t\t<div class=\"elementor-widget-container\">\n\t\t\t\t\t<h3 class=\"elementor-heading-title elementor-size-large\">DECLARACI\u00d3: MANIFESTACI\u00d3 REPRESENTATIVA DEL PATRIMONI CULTURAL IMMATERIAL<\/h3>\t\t\t\t<\/div>\n\t\t\t\t<\/div>\n\t\t\t\t<div class=\"elementor-element elementor-element-b95c0f5 elementor-widget elementor-widget-text-editor\" data-id=\"b95c0f5\" data-element_type=\"widget\" data-e-type=\"widget\" data-widget_type=\"text-editor.default\">\n\t\t\t\t<div class=\"elementor-widget-container\">\n\t\t\t\t\t\t\t\t\t<p><a href=\"https:\/\/fsmcv.org\/wp-content\/uploads\/documentacion\/BOE-A-2021-7534-MANIFESTACION-REPRESENTATIVA.pdf\">Reial decret 229\/2021, de 30 de mar\u00e7, pel qual es declaren les Societats Musicals de la Comunitat Valenciana com a Manifestaci\u00f3 Representativa del Patrimoni Cultural Immaterial.<\/a><\/p>\n<p><em>DESCARREGA ELS LOGOS:<\/em><\/p>\n<ul style=\"font-size: 16px; background-color: #ffffff;\">\n<li style=\"font-size: 16px;\"><a href=\"\/wp-content\/uploads\/documentacion\/LOGO-BIC-VAL.zip\">Logo Manifestaci\u00f3 Representativa del Patrimoni Cultural Immaterial<\/a> (valenci\u00e0 \/ castell\u00e0).<\/li>\n<\/ul>\n\t\t\t\t\t\t\t\t<\/div>\n\t\t\t\t<\/div>\n\t\t\t\t<div class=\"elementor-element elementor-element-c51c1db elementor-widget elementor-widget-heading\" data-id=\"c51c1db\" data-element_type=\"widget\" data-e-type=\"widget\" data-widget_type=\"heading.default\">\n\t\t\t\t<div class=\"elementor-widget-container\">\n\t\t\t\t\t<h3 class=\"elementor-heading-title elementor-size-default\">COM DONAR-LI VISIBILITAT? - SEGELL QUALITAT<\/h3>\t\t\t\t<\/div>\n\t\t\t\t<\/div>\n\t\t\t\t<div class=\"elementor-element elementor-element-521a332 elementor-widget elementor-widget-text-editor\" data-id=\"521a332\" data-element_type=\"widget\" data-e-type=\"widget\" data-widget_type=\"text-editor.default\">\n\t\t\t\t<div class=\"elementor-widget-container\">\n\t\t\t\t\t\t\t\t\t<div>Davant empreses, ajuntaments i entitats de tota mena deur\u00edem ja passar a definir-nos com a <em>\u201cSocietat Musical\u2026\u2026, declarada B\u00e9 d&#8217;Inter\u00e9s Cultural Immaterial pel Decret 68\/2018 de 25 de maig, i Manifestaci\u00f3 Representativa del Patrimoni Cultural Immaterial pel Reial decret 229\/2021 de 30 de mar\u00e7\u201d<\/em> podent utilitzar-ho per tant com a segell de qualitat individual.<\/div>\n<ul>\n<li>Incloure els logos i l&#8217;esment de B\u00e9 d&#8217;Inter\u00e9s Cultural i de Manifestaci\u00f3 Representativa en:\n<ul>\n<li>L&#8217;escut de la societat musical.<\/li>\n<li>Les fulles institucionals o corporatives.<\/li>\n<li>Els cartells i programes de m\u00e0 dels concerts.<\/li>\n<li>Les presentacions que realitze la societat musical.<\/li>\n<li>Els roll-ups i altre material publicitari de la societat musical.<\/li>\n<\/ul>\n<\/li>\n<\/ul>\n<ul>\n<li>Incloure una placa o quadre en l&#8217;entrada del local de la societat musical en el qual quede ben indicat <em>\u201cSocietat Musical\u2026\u2026, declarada B\u00e9 d&#8217;Inter\u00e9s Cultural Immaterial pel Decret 68\/2018 de 25 de maig, i Manifestaci\u00f3 Representativa del Patrimoni Cultural Immaterial pel Reial decret 229\/2021 de 30 de mar\u00e7\u201d<\/em><\/li>\n<\/ul>\n\t\t\t\t\t\t\t\t<\/div>\n\t\t\t\t<\/div>\n\t\t\t\t<div class=\"elementor-element elementor-element-5f8d055 elementor-widget elementor-widget-text-editor\" data-id=\"5f8d055\" data-element_type=\"widget\" data-e-type=\"widget\" data-widget_type=\"text-editor.default\">\n\t\t\t\t<div class=\"elementor-widget-container\">\n\t\t\t\t\t\t\t\t\t<p>Per a llegir m\u00e9s: <a href=\"https:\/\/fsmcv.org\/wp-content\/uploads\/BIC\/Comentarios-Declaracion-MANIFESTACION-REPRESENTATIVA-PATRIMONIO-CULTURAL-INMATERIAL.pdf\">Comentaris a la declaraci\u00f3 de les societats musicals de la Comunitat Valenciana com a Manifestaci\u00f3 Representativa del Patrimoni Cultural Immaterial.<\/a><\/p>\n\t\t\t\t\t\t\t\t<\/div>\n\t\t\t\t<\/div>\n\t\t\t\t\t<\/div>\n\t\t<\/div>\n\t\t\t\t\t<\/div>\n\t\t<\/section>\n\t\t\t\t<\/div>\n\t\t","protected":false},"excerpt":{"rendered":"<p>B\u00e9 d&#8217;Inter\u00e9s Cultural \/ Manifestaci\u00f3 Representativa del Patrimoni Cultural Immateria En aquest apartat podr\u00e0s trobar tota la informaci\u00f3 referent a la declaraci\u00f3 de les societats musicals com a B\u00e9 d&#8217;Inter\u00e9s Cultural i de Manifestaci\u00f3 Representativa del Patrimoni Cultural Immaterial Estes dos declaracions no cap lloc a dubte que suposen una fita hist\u00f2rica en l&#8217;esdevenir de [&hellip;]<\/p>\n","protected":false},"author":7,"featured_media":41792,"parent":43922,"menu_order":4,"comment_status":"closed","ping_status":"closed","template":"elementor_header_footer","meta":{"footnotes":""},"class_list":["post-44170","page","type-page","status-publish","has-post-thumbnail","hentry"],"_links":{"self":[{"href":"https:\/\/fsmcv.org\/vl\/wp-json\/wp\/v2\/pages\/44170","targetHints":{"allow":["GET"]}}],"collection":[{"href":"https:\/\/fsmcv.org\/vl\/wp-json\/wp\/v2\/pages"}],"about":[{"href":"https:\/\/fsmcv.org\/vl\/wp-json\/wp\/v2\/types\/page"}],"author":[{"embeddable":true,"href":"https:\/\/fsmcv.org\/vl\/wp-json\/wp\/v2\/users\/7"}],"replies":[{"embeddable":true,"href":"https:\/\/fsmcv.org\/vl\/wp-json\/wp\/v2\/comments?post=44170"}],"version-history":[{"count":2,"href":"https:\/\/fsmcv.org\/vl\/wp-json\/wp\/v2\/pages\/44170\/revisions"}],"predecessor-version":[{"id":77781,"href":"https:\/\/fsmcv.org\/vl\/wp-json\/wp\/v2\/pages\/44170\/revisions\/77781"}],"up":[{"embeddable":true,"href":"https:\/\/fsmcv.org\/vl\/wp-json\/wp\/v2\/pages\/43922"}],"wp:featuredmedia":[{"embeddable":true,"href":"https:\/\/fsmcv.org\/vl\/wp-json\/wp\/v2\/media\/41792"}],"wp:attachment":[{"href":"https:\/\/fsmcv.org\/vl\/wp-json\/wp\/v2\/media?parent=44170"}],"curies":[{"name":"wp","href":"https:\/\/api.w.org\/{rel}","templated":true}]}}