{"id":44174,"date":"2021-09-17T13:37:40","date_gmt":"2021-09-17T11:37:40","guid":{"rendered":"https:\/\/fsmcv.org\/assegurances-i-responsabilitat-civil-dels-directius\/"},"modified":"2026-03-13T11:14:44","modified_gmt":"2026-03-13T10:14:44","slug":"assegurances-i-responsabilitat-civil-dels-directius","status":"publish","type":"page","link":"https:\/\/fsmcv.org\/vl\/area-juridic-economica\/assegurances-i-responsabilitat-civil-dels-directius\/","title":{"rendered":"Assegurances i Responsabilitat Civil dels Directius"},"content":{"rendered":"\t\t<div data-elementor-type=\"wp-page\" data-elementor-id=\"44174\" class=\"elementor elementor-44174 elementor-43302\" data-elementor-post-type=\"page\">\n\t\t\t\t\t\t<section class=\"elementor-section elementor-top-section elementor-element elementor-element-21233b9 elementor-section-boxed elementor-section-height-default elementor-section-height-default\" data-id=\"21233b9\" data-element_type=\"section\" data-e-type=\"section\">\n\t\t\t\t\t\t\t<div class=\"elementor-background-overlay\"><\/div>\n\t\t\t\t\t\t\t<div class=\"elementor-container elementor-column-gap-default\">\n\t\t\t\t\t<div class=\"elementor-column elementor-col-100 elementor-top-column elementor-element elementor-element-3ec73d1\" data-id=\"3ec73d1\" data-element_type=\"column\" data-e-type=\"column\">\n\t\t\t<div class=\"elementor-widget-wrap elementor-element-populated\">\n\t\t\t\t\t\t<div class=\"elementor-element elementor-element-50a5d8c elementor-widget elementor-widget-heading\" data-id=\"50a5d8c\" data-element_type=\"widget\" data-e-type=\"widget\" data-widget_type=\"heading.default\">\n\t\t\t\t<div class=\"elementor-widget-container\">\n\t\t\t\t\t<h1 class=\"elementor-heading-title elementor-size-default\">Assegurances i Responsabilitat Civil dels Directius<\/h1>\t\t\t\t<\/div>\n\t\t\t\t<\/div>\n\t\t\t\t\t<\/div>\n\t\t<\/div>\n\t\t\t\t\t<\/div>\n\t\t<\/section>\n\t\t\t\t<section class=\"elementor-section elementor-top-section elementor-element elementor-element-13c8cf57 elementor-section-boxed elementor-section-height-default elementor-section-height-default\" data-id=\"13c8cf57\" data-element_type=\"section\" data-e-type=\"section\">\n\t\t\t\t\t\t<div class=\"elementor-container elementor-column-gap-default\">\n\t\t\t\t\t<div class=\"elementor-column elementor-col-100 elementor-top-column elementor-element elementor-element-6ee52271\" data-id=\"6ee52271\" data-element_type=\"column\" data-e-type=\"column\">\n\t\t\t<div class=\"elementor-widget-wrap elementor-element-populated\">\n\t\t\t\t\t\t<div class=\"elementor-element elementor-element-5952984d elementor-widget elementor-widget-text-editor\" data-id=\"5952984d\" data-element_type=\"widget\" data-e-type=\"widget\" data-widget_type=\"text-editor.default\">\n\t\t\t\t<div class=\"elementor-widget-container\">\n\t\t\t\t\t\t\t\t\t<h1 style=\"text-align: center;\">assegurances i responsabilitat civil<\/h1><p style=\"text-align: center;\">En aquest apartat podr\u00e0s trobar tota la informaci\u00f3 referent a les assegurances a contractar per part de la societat musical i la responsabilitat civil de les persones que integren la Junta Directiva d&#8217;aquesta.<\/p><h3> RESPONSABILITAT CIVIL<\/h3><div> <\/div><p>Si la societat musical est\u00e0 inscrita en el Registre d&#8217;Associacions, els associats mai respondran amb el seu patrimoni dels deutes de l&#8217;associaci\u00f3, ja que en virtut de la inscripci\u00f3 es produeix una separaci\u00f3 absoluta entre el patrimoni de l&#8217;associaci\u00f3 i el dels seus associats.<\/p><p>No obstant aix\u00f2, el r\u00e8gim de responsabilitat ser\u00e0 diferent en el sup\u00f2sit dels membres de la Junta Directiva.<\/p><p>Els membres o titulars dels \u00f2rgans de govern i representaci\u00f3 (junta directiva de la societat musical), i les altres persones que obren en nom i representaci\u00f3 de l&#8217;associaci\u00f3, respondran civil i administrativament pels actes i omissions realitzats en l&#8217;exercici de les seues funcions i pels acords que hagueren votat, davant aquesta, davant els associats i davant tercers pels danys causats i els deutes contrets per actes dolosos, culposos o negligents.<\/p><h3> ASSEGURANCES A CONTRACTAR<\/h3><div> <\/div><p>Per a cobrir aquesta responsabilitat, des del departament jur\u00eddic de la FSMCV s&#8217;aconsella contractar les seg\u00fcents p\u00f2lisses d&#8217;asseguran\u00e7a a totes les societats musicals:<\/p><ol><li>Asseguran\u00e7a de Responsabilitat Civil General (sobre l&#8217;activitat realitzada per la societat musical d&#8217;almenys 300.000\u20ac de capital).<\/li><li>Asseguran\u00e7a de Responsabilitat Civil dels DIRECTIUS en l&#8217;exercici del seu c\u00e0rrec (d&#8217;almenys el doble del pressupost anual de la societat musical).<\/li><li>Asseguran\u00e7a del Local Social (tant del contingut com del continent).<\/li><li>Asseguran\u00e7a d&#8217;Instruments (es pot contractar per a aquells instruments de gran valor, per\u00f2 sobretot per a quan els instruments s\u00f3n utilitzats fora del local social, ja que en cas de robatori aquests quedarien coberts per l&#8217;asseguran\u00e7a del local si els hem assegurats dins del contingut del mateix).<\/li><li>Asseguran\u00e7a d&#8217;accidents per als treballadors donats d&#8217;alta en la Seguretat Social de la societat musical (42.070,85 euros de capital per al Conveni Col\u00b7lectiu d&#8217;Ensenyan\u00e7a i Formaci\u00f3 no reglada).<\/li><li>Asseguran\u00e7a de responsabilitat civil per al professorat amb una cobertura de 42.070,85 euros per cada persona treballadora. El segur contractat haur\u00e0 de cobrir la responsabilitat civil professional sense reducci\u00f3 en funci\u00f3 de la jornada de treball (per al Conveni Col\u00b7lectiu d&#8217;Ensenyan\u00e7a i Formaci\u00f3 no reglada). <\/li><li>Asseguran\u00e7a de l&#8217;Entitat de Voluntariat (si ens hem adherit a ella).<\/li><li>Asseguran\u00e7a de viatges (per a aquells viatges que realitze la societat musical). <\/li><\/ol>\t\t\t\t\t\t\t\t<\/div>\n\t\t\t\t<\/div>\n\t\t\t\t\t<\/div>\n\t\t<\/div>\n\t\t\t\t\t<\/div>\n\t\t<\/section>\n\t\t\t\t<\/div>\n\t\t","protected":false},"excerpt":{"rendered":"<p>assegurances i responsabilitat civil En aquest apartat podr\u00e0s trobar tota la informaci\u00f3 referent a les assegurances a contractar per part de la societat musical i la responsabilitat civil de les persones que integren la Junta Directiva d&#8217;aquesta. RESPONSABILITAT CIVIL Si la societat musical est\u00e0 inscrita en el Registre d&#8217;Associacions, els associats mai respondran amb el [&hellip;]<\/p>\n","protected":false},"author":7,"featured_media":41792,"parent":43922,"menu_order":6,"comment_status":"closed","ping_status":"closed","template":"","meta":{"footnotes":""},"class_list":["post-44174","page","type-page","status-publish","has-post-thumbnail","hentry"],"_links":{"self":[{"href":"https:\/\/fsmcv.org\/vl\/wp-json\/wp\/v2\/pages\/44174","targetHints":{"allow":["GET"]}}],"collection":[{"href":"https:\/\/fsmcv.org\/vl\/wp-json\/wp\/v2\/pages"}],"about":[{"href":"https:\/\/fsmcv.org\/vl\/wp-json\/wp\/v2\/types\/page"}],"author":[{"embeddable":true,"href":"https:\/\/fsmcv.org\/vl\/wp-json\/wp\/v2\/users\/7"}],"replies":[{"embeddable":true,"href":"https:\/\/fsmcv.org\/vl\/wp-json\/wp\/v2\/comments?post=44174"}],"version-history":[{"count":0,"href":"https:\/\/fsmcv.org\/vl\/wp-json\/wp\/v2\/pages\/44174\/revisions"}],"up":[{"embeddable":true,"href":"https:\/\/fsmcv.org\/vl\/wp-json\/wp\/v2\/pages\/43922"}],"wp:featuredmedia":[{"embeddable":true,"href":"https:\/\/fsmcv.org\/vl\/wp-json\/wp\/v2\/media\/41792"}],"wp:attachment":[{"href":"https:\/\/fsmcv.org\/vl\/wp-json\/wp\/v2\/media?parent=44174"}],"curies":[{"name":"wp","href":"https:\/\/api.w.org\/{rel}","templated":true}]}}