{"id":44183,"date":"2021-09-01T14:34:35","date_gmt":"2021-09-01T12:34:35","guid":{"rendered":"https:\/\/fsmcv.org\/utilitat-publica\/"},"modified":"2023-07-19T09:16:36","modified_gmt":"2023-07-19T07:16:36","slug":"utilitat-publica","status":"publish","type":"page","link":"https:\/\/fsmcv.org\/vl\/area-juridic-economica\/utilitat-publica\/","title":{"rendered":"Utilitat P\u00fablica"},"content":{"rendered":"\t\t<div data-elementor-type=\"wp-page\" data-elementor-id=\"44183\" class=\"elementor elementor-44183 elementor-42718\" data-elementor-post-type=\"page\">\n\t\t\t\t\t\t<section class=\"elementor-section elementor-top-section elementor-element elementor-element-77e6aebe elementor-section-boxed elementor-section-height-default elementor-section-height-default\" data-id=\"77e6aebe\" data-element_type=\"section\" data-e-type=\"section\">\n\t\t\t\t\t\t\t<div class=\"elementor-background-overlay\"><\/div>\n\t\t\t\t\t\t\t<div class=\"elementor-container elementor-column-gap-default\">\n\t\t\t\t\t<div class=\"elementor-column elementor-col-100 elementor-top-column elementor-element elementor-element-4e48bd9\" data-id=\"4e48bd9\" data-element_type=\"column\" data-e-type=\"column\">\n\t\t\t<div class=\"elementor-widget-wrap elementor-element-populated\">\n\t\t\t\t\t\t<div class=\"elementor-element elementor-element-1a253916 elementor-widget elementor-widget-heading\" data-id=\"1a253916\" data-element_type=\"widget\" data-e-type=\"widget\" data-widget_type=\"heading.default\">\n\t\t\t\t<div class=\"elementor-widget-container\">\n\t\t\t\t\t<h1 class=\"elementor-heading-title elementor-size-default\">utilitat p\u00fablica<\/h1>\t\t\t\t<\/div>\n\t\t\t\t<\/div>\n\t\t\t\t\t<\/div>\n\t\t<\/div>\n\t\t\t\t\t<\/div>\n\t\t<\/section>\n\t\t\t\t<section class=\"elementor-section elementor-top-section elementor-element elementor-element-96a82ef elementor-section-boxed elementor-section-height-default elementor-section-height-default\" data-id=\"96a82ef\" data-element_type=\"section\" data-e-type=\"section\">\n\t\t\t\t\t\t<div class=\"elementor-container elementor-column-gap-default\">\n\t\t\t\t\t<div class=\"elementor-column elementor-col-100 elementor-top-column elementor-element elementor-element-bf8fbb3\" data-id=\"bf8fbb3\" data-element_type=\"column\" data-e-type=\"column\">\n\t\t\t<div class=\"elementor-widget-wrap elementor-element-populated\">\n\t\t\t\t\t\t<div class=\"elementor-element elementor-element-faa2202 elementor-widget elementor-widget-text-editor\" data-id=\"faa2202\" data-element_type=\"widget\" data-e-type=\"widget\" data-widget_type=\"text-editor.default\">\n\t\t\t\t<div class=\"elementor-widget-container\">\n\t\t\t\t\t\t\t\t\t<p style=\"text-align: center;\">En aquest apartat podr\u00e0s trobar tota la informaci\u00f3 referent a la sol\u00b7licitud d&#8217;Utilitat P\u00fablica per part d&#8217;una societat musical al Ministeri d&#8217;Interior, aix\u00ed com quins s\u00f3n tots els beneficis i obligacions d&#8217;obtindre la citada declaraci\u00f3.<\/p>\n<p style=\"text-align: center;\">\n<\/p>\t\t\t\t\t\t\t\t<\/div>\n\t\t\t\t<\/div>\n\t\t\t\t\t<\/div>\n\t\t<\/div>\n\t\t\t\t\t<\/div>\n\t\t<\/section>\n\t\t\t\t<section class=\"elementor-section elementor-top-section elementor-element elementor-element-72c7b80d elementor-section-boxed elementor-section-height-default elementor-section-height-default\" data-id=\"72c7b80d\" data-element_type=\"section\" data-e-type=\"section\">\n\t\t\t\t\t\t<div class=\"elementor-container elementor-column-gap-default\">\n\t\t\t\t\t<div class=\"elementor-column elementor-col-100 elementor-top-column elementor-element elementor-element-4c69e7d7\" data-id=\"4c69e7d7\" data-element_type=\"column\" data-e-type=\"column\">\n\t\t\t<div class=\"elementor-widget-wrap elementor-element-populated\">\n\t\t\t\t\t\t<div class=\"elementor-element elementor-element-d8048fa elementor-widget elementor-widget-heading\" data-id=\"d8048fa\" data-element_type=\"widget\" data-e-type=\"widget\" data-widget_type=\"heading.default\">\n\t\t\t\t<div class=\"elementor-widget-container\">\n\t\t\t\t\t<h3 class=\"elementor-heading-title elementor-size-large\">QU\u00c8 \u00c9S LA UTILITAT P\u00daBLICA?<\/h3>\t\t\t\t<\/div>\n\t\t\t\t<\/div>\n\t\t\t\t<div class=\"elementor-element elementor-element-73190c6 elementor-widget elementor-widget-text-editor\" data-id=\"73190c6\" data-element_type=\"widget\" data-e-type=\"widget\" data-widget_type=\"text-editor.default\">\n\t\t\t\t<div class=\"elementor-widget-container\">\n\t\t\t\t\t\t\t\t\t<p class=\"MsoNormal\"><span style=\"font-family: Avenir 95 Black;\"><span style=\"font-size: 18.6667px;\"><u>Activitat, b\u00e9 o servei que \u00e9s d&#8217;inter\u00e9s general i col\u00b7lectiu, ja siga per als<\/u><\/span> <span style=\"font-size: 18.6667px;\"><u>ciutadans d&#8217;un pa\u00eds o a major escala, per a la humanitat en el seu conjunt.<\/u><\/span><\/span><span style=\"font-family: Avenir 95 Black;\"><\/span><\/p>\n<p>Entre els objectius perseguits per les entitats d&#8217;utilitat p\u00fablica es troben: educaci\u00f3, consci\u00e8ncia c\u00edvica, desenvolupament cient\u00edfic, cultura, esport, sanitat, promoci\u00f3 de valors de la constituci\u00f3, promoci\u00f3 dels drets humans, cooperaci\u00f3 per al desenvolupament, protecci\u00f3 de la dona, protecci\u00f3 de la inf\u00e0ncia, defensa del medi ambient, protecci\u00f3 de la igualtat i toler\u00e0ncia o defensa dels consumidors i usuaris, de promoci\u00f3 i atenci\u00f3 a la persones en risc d&#8217;exclusi\u00f3 per raons f\u00edsiques, socials, econ\u00f2miques o culturals, i qualssevol altres de similar naturalesa.<\/p>\n<p><br><\/p>\t\t\t\t\t\t\t\t<\/div>\n\t\t\t\t<\/div>\n\t\t\t\t<div class=\"elementor-element elementor-element-b95c0f5 elementor-widget elementor-widget-text-editor\" data-id=\"b95c0f5\" data-element_type=\"widget\" data-e-type=\"widget\" data-widget_type=\"text-editor.default\">\n\t\t\t\t<div class=\"elementor-widget-container\">\n\t\t\t\t\t\t\t\t\t<p class=\"MsoNormal\"><u><span lang=\"ES-TRAD\" style=\"font-size: 14.0pt; mso-bidi-font-size: 12.0pt; font-family: 'Avenir 95 Black';\">BENEFICIS:<\/span><\/u><span lang=\"ES-TRAD\" style=\"font-size: 14.0pt; mso-bidi-font-size: 12.0pt; font-family: 'Avenir 95 Black';\">EINA DE CAPTACI\u00d3 DE FONS<u><\/u><\/span><\/p>\n<ol>\n<li>Esment \u201cDeclarat d&#8217;Utilitat P\u00fablica\u201d.<\/li>\n<li>Beneficis econ\u00f2mics establits en la Llei.<\/li>\n<li>Assist\u00e8ncia jur\u00eddica gratu\u00efta per l&#8217;Administraci\u00f3 P\u00fablica.<\/li>\n<li>Exempcions i beneficis fiscals:<\/li>\n<\/ol>\n<p> &#8211; <u>Mecenatge<\/u>: donacions, donatius i aportacions.<\/p>\n<p> &#8211; <u>Impost de societats<\/u>: activitats econ\u00f2miques amb rendes exemptes i tipus de gravamen aplicable del 10% (en lloc del 35%).<\/p>\n<h3><u style=\"color: #333333; font-size: 16px; text-transform: none;\"><span lang=\"ES-TRAD\" style=\"font-size: 14pt; font-family: 'Avenir 95 Black';\">OBLIGACIONS:<\/span><\/u><\/h3>\n<ol>\n<li>Rendir comptes anuals de l&#8217;exercici anterior (termini 6 mesos).<\/li>\n<li>Presentar una mem\u00f2ria descriptiva de les activitats realitzades en l&#8217;exercici anterior (termini 6 mesos).<\/li>\n<li>Facilitar a les Administracions P\u00fabliques els informes que aquestes els requerisquen.<\/li>\n<\/ol>\n\t\t\t\t\t\t\t\t<\/div>\n\t\t\t\t<\/div>\n\t\t\t\t<div class=\"elementor-element elementor-element-c51c1db elementor-widget elementor-widget-heading\" data-id=\"c51c1db\" data-element_type=\"widget\" data-e-type=\"widget\" data-widget_type=\"heading.default\">\n\t\t\t\t<div class=\"elementor-widget-container\">\n\t\t\t\t\t<h3 class=\"elementor-heading-title elementor-size-default\">COM ACONSEGUIR-LA?<\/h3>\t\t\t\t<\/div>\n\t\t\t\t<\/div>\n\t\t\t\t<div class=\"elementor-element elementor-element-521a332 elementor-widget elementor-widget-text-editor\" data-id=\"521a332\" data-element_type=\"widget\" data-e-type=\"widget\" data-widget_type=\"text-editor.default\">\n\t\t\t\t<div class=\"elementor-widget-container\">\n\t\t\t\t\t\t\t\t\t<ol>\n<li>Fer canvis estatutaris si \u00e9s necessari.<\/li>\n<\/ol>\n<ul>\n<li style=\"list-style-type: none;\">\n<ul>\n<li>Fins socials d&#8217;INTER\u00c9S GENERAL.<\/li>\n<li>Activitat oberta a QUALSEVOL BENEFICIARI que reunisca les condicions exigides per l&#8217;\u00edndole dels propis fins.<\/li>\n<li>Membres de l&#8217;\u00f2rgan de representaci\u00f3 que perceben retribucions NO EL FACEN amb c\u00e0rrec a SUBVENCIONS P\u00daBLIQUES.<\/li>\n<li>Destinar com a m\u00ednim el 70% dels recursos obtinguts al compliment dels fins associatius.<\/li>\n<\/ul>\n<\/li>\n<\/ul>\n<p>2. Acord d&#8217;Assemblea General per a fer la sol\u00b7licitud.<\/p>\n<p>3. Presentar la sol\u00b7licitud (al Registre General de la Conselleria de Just\u00edcia, Administraci\u00f3 P\u00fablica, Reformes Democr\u00e0tiques i Llibertats P\u00fabliques de la Generalitat Valenciana):<\/p>\n<ul>\n<li style=\"list-style-type: none;\">\n<ul>\n<li><a href=\"https:\/\/www.gva.es\/downloads\/publicados\/IN\/10038_BI.pdf\" target=\"_blank\" rel=\"noopener\">Impr\u00e9s de sol\u00b7licitud.<\/a><\/li>\n<li>Mem\u00f2ria d&#8217;activitats (\u00faltims 2 exercicis).<\/li>\n<li>Comptes anuals (\u00faltims 2 exercicis).<\/li>\n<li>Certificat Assemblea General en el qual conste la voluntat de sol\u00b7licitud.<\/li>\n<li>Alta d&#8217;ep\u00edgraf de l&#8217;IAE de les activitats que desenvolupe.<\/li>\n<li><a href=\"https:\/\/www.gva.es\/es\/inicio\/procedimientos?id_proc=1090&amp;version=amp\" target=\"_blank\" rel=\"noopener\">Enlla\u00e7 per a efectuar la sol\u00b7licitud.<\/a><\/li>\n<\/ul>\n<\/li>\n<\/ul>\n\t\t\t\t\t\t\t\t<\/div>\n\t\t\t\t<\/div>\n\t\t\t\t<div class=\"elementor-element elementor-element-feb21d5 elementor-widget elementor-widget-heading\" data-id=\"feb21d5\" data-element_type=\"widget\" data-e-type=\"widget\" data-widget_type=\"heading.default\">\n\t\t\t\t<div class=\"elementor-widget-container\">\n\t\t\t\t\t<h3 class=\"elementor-heading-title elementor-size-default\">CONSULTA DE MODELS de sol\u00b7licitud:<\/h3>\t\t\t\t<\/div>\n\t\t\t\t<\/div>\n\t\t\t\t<div class=\"elementor-element elementor-element-721d227 elementor-widget elementor-widget-text-editor\" data-id=\"721d227\" data-element_type=\"widget\" data-e-type=\"widget\" data-widget_type=\"text-editor.default\">\n\t\t\t\t<div class=\"elementor-widget-container\">\n\t\t\t\t\t\t\t\t\t<ul>\n<li><a href=\"http:\/\/www.interior.gob.es\/web\/servicios-al-ciudadano\/asociaciones\/utilidad-publica\/solicitud-de-declaracion-de-utilidad-publica\" target=\"_blank\" rel=\"noopener\">Ministeri de l&#8217;Interior.<\/a><\/li>\n<li><a href=\"https:\/\/www.gva.es\/es\/inicio\/procedimientos?id_proc=1090&amp;version=amp\" target=\"_blank\" rel=\"noopener\">Generalitat Valenciana.<\/a><\/li>\n<\/ul>\n\t\t\t\t\t\t\t\t<\/div>\n\t\t\t\t<\/div>\n\t\t\t\t\t<\/div>\n\t\t<\/div>\n\t\t\t\t\t<\/div>\n\t\t<\/section>\n\t\t\t\t<\/div>\n\t\t","protected":false},"excerpt":{"rendered":"<p>utilitat p\u00fablica En aquest apartat podr\u00e0s trobar tota la informaci\u00f3 referent a la sol\u00b7licitud d&#8217;Utilitat P\u00fablica per part d&#8217;una societat musical al Ministeri d&#8217;Interior, aix\u00ed com quins s\u00f3n tots els beneficis i obligacions d&#8217;obtindre la citada declaraci\u00f3. QU\u00c8 \u00c9S LA UTILITAT P\u00daBLICA? Activitat, b\u00e9 o servei que \u00e9s d&#8217;inter\u00e9s general i col\u00b7lectiu, ja siga per [&hellip;]<\/p>\n","protected":false},"author":7,"featured_media":41792,"parent":43922,"menu_order":7,"comment_status":"closed","ping_status":"closed","template":"elementor_header_footer","meta":{"footnotes":""},"class_list":["post-44183","page","type-page","status-publish","has-post-thumbnail","hentry"],"_links":{"self":[{"href":"https:\/\/fsmcv.org\/vl\/wp-json\/wp\/v2\/pages\/44183","targetHints":{"allow":["GET"]}}],"collection":[{"href":"https:\/\/fsmcv.org\/vl\/wp-json\/wp\/v2\/pages"}],"about":[{"href":"https:\/\/fsmcv.org\/vl\/wp-json\/wp\/v2\/types\/page"}],"author":[{"embeddable":true,"href":"https:\/\/fsmcv.org\/vl\/wp-json\/wp\/v2\/users\/7"}],"replies":[{"embeddable":true,"href":"https:\/\/fsmcv.org\/vl\/wp-json\/wp\/v2\/comments?post=44183"}],"version-history":[{"count":0,"href":"https:\/\/fsmcv.org\/vl\/wp-json\/wp\/v2\/pages\/44183\/revisions"}],"up":[{"embeddable":true,"href":"https:\/\/fsmcv.org\/vl\/wp-json\/wp\/v2\/pages\/43922"}],"wp:featuredmedia":[{"embeddable":true,"href":"https:\/\/fsmcv.org\/vl\/wp-json\/wp\/v2\/media\/41792"}],"wp:attachment":[{"href":"https:\/\/fsmcv.org\/vl\/wp-json\/wp\/v2\/media?parent=44183"}],"curies":[{"name":"wp","href":"https:\/\/api.w.org\/{rel}","templated":true}]}}