{"id":44341,"date":"2021-08-26T14:51:50","date_gmt":"2021-08-26T12:51:50","guid":{"rendered":"https:\/\/fsmcv.org\/segell-discografic\/col%c2%b7leccio-musica-a-la-llum\/"},"modified":"2025-11-05T10:03:17","modified_gmt":"2025-11-05T09:03:17","slug":"col%c2%b7leccio-musica-a-la-llum","status":"publish","type":"page","link":"https:\/\/fsmcv.org\/vl\/segell-discografic\/col%c2%b7leccio-musica-a-la-llum\/","title":{"rendered":"Col\u00b7lecci\u00f3 M\u00fasica a la Llum"},"content":{"rendered":"\t\t<div data-elementor-type=\"wp-page\" data-elementor-id=\"44341\" class=\"elementor elementor-44341 elementor-42031\" data-elementor-post-type=\"page\">\n\t\t\t\t\t\t<section class=\"elementor-section elementor-top-section elementor-element elementor-element-4d796af6 elementor-section-boxed elementor-section-height-default elementor-section-height-default\" data-id=\"4d796af6\" data-element_type=\"section\" data-e-type=\"section\">\n\t\t\t\t\t\t\t<div class=\"elementor-background-overlay\"><\/div>\n\t\t\t\t\t\t\t<div class=\"elementor-container elementor-column-gap-default\">\n\t\t\t\t\t<div class=\"elementor-column elementor-col-100 elementor-top-column elementor-element elementor-element-35ea55f7\" data-id=\"35ea55f7\" data-element_type=\"column\" data-e-type=\"column\">\n\t\t\t<div class=\"elementor-widget-wrap elementor-element-populated\">\n\t\t\t\t\t\t<div class=\"elementor-element elementor-element-6054d4d6 elementor-widget elementor-widget-heading\" data-id=\"6054d4d6\" data-element_type=\"widget\" data-e-type=\"widget\" data-widget_type=\"heading.default\">\n\t\t\t\t<div class=\"elementor-widget-container\">\n\t\t\t\t\t<h1 class=\"elementor-heading-title elementor-size-default\">COL\u00b7LECCI\u00d3<br>\"M\u00fasica a la Llum\"<\/h1>\t\t\t\t<\/div>\n\t\t\t\t<\/div>\n\t\t\t\t\t<\/div>\n\t\t<\/div>\n\t\t\t\t\t<\/div>\n\t\t<\/section>\n\t\t\t\t<section class=\"elementor-section elementor-top-section elementor-element elementor-element-75acf5f5 elementor-section-boxed elementor-section-height-default elementor-section-height-default\" data-id=\"75acf5f5\" data-element_type=\"section\" data-e-type=\"section\">\n\t\t\t\t\t\t<div class=\"elementor-container elementor-column-gap-custom\">\n\t\t\t\t\t<div class=\"elementor-column elementor-col-50 elementor-top-column elementor-element elementor-element-5e8934d7\" data-id=\"5e8934d7\" data-element_type=\"column\" data-e-type=\"column\">\n\t\t\t<div class=\"elementor-widget-wrap elementor-element-populated\">\n\t\t\t\t\t\t<div class=\"elementor-element elementor-element-591c1a8b elementor-widget elementor-widget-heading\" data-id=\"591c1a8b\" data-element_type=\"widget\" data-e-type=\"widget\" data-widget_type=\"heading.default\">\n\t\t\t\t<div class=\"elementor-widget-container\">\n\t\t\t\t\t<h3 class=\"elementor-heading-title elementor-size-default\">Col\u00b7lecci\u00f3 de discos de<br>\"M\u00fasica a la Llum\"<\/h3>\t\t\t\t<\/div>\n\t\t\t\t<\/div>\n\t\t\t\t\t<\/div>\n\t\t<\/div>\n\t\t\t\t<div class=\"elementor-column elementor-col-50 elementor-top-column elementor-element elementor-element-51b77153\" data-id=\"51b77153\" data-element_type=\"column\" data-e-type=\"column\">\n\t\t\t<div class=\"elementor-widget-wrap elementor-element-populated\">\n\t\t\t\t\t\t<div class=\"elementor-element elementor-element-781a1de6 elementor-widget elementor-widget-text-editor\" data-id=\"781a1de6\" data-element_type=\"widget\" data-e-type=\"widget\" data-widget_type=\"text-editor.default\">\n\t\t\t\t<div class=\"elementor-widget-container\">\n\t\t\t\t\t\t\t\t\t<p>El programa <strong>&#8220;M\u00fasica a la Llum&#8221;<\/strong> patrocinat per CaixaBank i organitzat per l&#8217;Institut Valenci\u00e0 de Cultura i la Federaci\u00f3 de Societats Musicals de la Comunitat Valenciana, sorgix dins del programa <a href=\"https:\/\/fsmcv.org\/vl\/area-de-gestio-cultural\/caixabank-escolta-valencia\/\"><strong>&#8220;CaixaBank Escorta Val\u00e8ncia&#8221;<\/strong><\/a> per a col\u00b7laborar amb les societats musicals en la conservaci\u00f3, posada en valor i difusi\u00f3 de l&#8217;espl\u00e8ndid patrimoni cultural custodiat en els seus arxius.<\/p><p>De les obres rescatades en el citat projecte, s&#8217;ha elaborat una col\u00b7lecci\u00f3 de discos interpretats per la Jove Banda Simf\u00f2nica de la Federaci\u00f3 de Societats Musicals de la Comunitat Valenciana per a deixar registrades les composicions que formen part de la riquesa que alberguen <span style=\"font-size: 1rem;\">los arxius de les societats musicals.<\/span><\/p><p><span style=\"font-size: 1rem;\">Per a m\u00e9s informaci\u00f3 sobre el projecte: <a href=\"https:\/\/www.musicaalallum.es\/\" target=\"_blank\" rel=\"noopener\">www.musicaalallum.es <\/a> <\/span><\/p>\t\t\t\t\t\t\t\t<\/div>\n\t\t\t\t<\/div>\n\t\t\t\t\t<\/div>\n\t\t<\/div>\n\t\t\t\t\t<\/div>\n\t\t<\/section>\n\t\t\t\t<section class=\"elementor-section elementor-top-section elementor-element elementor-element-195e60c elementor-section-boxed elementor-section-height-default elementor-section-height-default\" data-id=\"195e60c\" data-element_type=\"section\" data-e-type=\"section\">\n\t\t\t\t\t\t<div class=\"elementor-container elementor-column-gap-default\">\n\t\t\t\t\t<div class=\"elementor-column elementor-col-100 elementor-top-column elementor-element elementor-element-1330981\" data-id=\"1330981\" data-element_type=\"column\" data-e-type=\"column\">\n\t\t\t<div class=\"elementor-widget-wrap elementor-element-populated\">\n\t\t\t\t\t\t<div class=\"elementor-element elementor-element-9637493 elementor-position-inline-start elementor-view-default elementor-mobile-position-block-start elementor-widget elementor-widget-icon-box\" data-id=\"9637493\" data-element_type=\"widget\" data-e-type=\"widget\" data-widget_type=\"icon-box.default\">\n\t\t\t\t<div class=\"elementor-widget-container\">\n\t\t\t\t\t\t\t<div class=\"elementor-icon-box-wrapper\">\n\n\t\t\t\t\t\t<div class=\"elementor-icon-box-icon\">\n\t\t\t\t<span  class=\"elementor-icon\">\n\t\t\t\t<i aria-hidden=\"true\" class=\"fas fa-compact-disc\"><\/i>\t\t\t\t<\/span>\n\t\t\t<\/div>\n\t\t\t\n\t\t\t\t\t\t<div class=\"elementor-icon-box-content\">\n\n\t\t\t\t\t\t\t\t\t<h3 class=\"elementor-icon-box-title\">\n\t\t\t\t\t\t<span  >\n\t\t\t\t\t\t\tdiscos M\u00daSICA A LA LLUM\t\t\t\t\t\t<\/span>\n\t\t\t\t\t<\/h3>\n\t\t\t\t\n\t\t\t\t\n\t\t\t<\/div>\n\t\t\t\n\t\t<\/div>\n\t\t\t\t\t\t<\/div>\n\t\t\t\t<\/div>\n\t\t\t\t\t<\/div>\n\t\t<\/div>\n\t\t\t\t\t<\/div>\n\t\t<\/section>\n\t\t\t\t<section class=\"elementor-section elementor-top-section elementor-element elementor-element-ba8d11c elementor-section-boxed elementor-section-height-default elementor-section-height-default\" data-id=\"ba8d11c\" data-element_type=\"section\" data-e-type=\"section\">\n\t\t\t\t\t\t<div class=\"elementor-container elementor-column-gap-default\">\n\t\t\t\t\t<div class=\"elementor-column elementor-col-25 elementor-top-column elementor-element elementor-element-8e5f0a8\" data-id=\"8e5f0a8\" data-element_type=\"column\" data-e-type=\"column\">\n\t\t\t<div class=\"elementor-widget-wrap elementor-element-populated\">\n\t\t\t\t\t\t<div class=\"elementor-element elementor-element-2eb46fb elementor-position-top elementor-widget elementor-widget-image-box\" data-id=\"2eb46fb\" data-element_type=\"widget\" data-e-type=\"widget\" data-widget_type=\"image-box.default\">\n\t\t\t\t<div class=\"elementor-widget-container\">\n\t\t\t\t\t<div class=\"elementor-image-box-wrapper\"><figure class=\"elementor-image-box-img\"><a href=\"https:\/\/fsmcv.org\/vl\/segell-discografic\/col%c2%b7leccio-musica-a-la-llum\/musica-a-la-llum-008-manuel-parra-bernabeu-i-la-societat-musical-la-pau-de-beneixama\/\" tabindex=\"-1\"><img fetchpriority=\"high\" decoding=\"async\" width=\"1600\" height=\"1430\" src=\"https:\/\/fsmcv.org\/wp-content\/uploads\/2025\/11\/008-CD-Musica-a-la-llum-Manuel-Parra-Bernabeu-1.jpg\" class=\"attachment-full size-full wp-image-80615\" alt=\"\" title=\"\" srcset=\"https:\/\/fsmcv.org\/wp-content\/uploads\/2025\/11\/008-CD-Musica-a-la-llum-Manuel-Parra-Bernabeu-1.jpg 1600w, https:\/\/fsmcv.org\/wp-content\/uploads\/2025\/11\/008-CD-Musica-a-la-llum-Manuel-Parra-Bernabeu-1-768x686.jpg 768w, https:\/\/fsmcv.org\/wp-content\/uploads\/2025\/11\/008-CD-Musica-a-la-llum-Manuel-Parra-Bernabeu-1-1536x1373.jpg 1536w, https:\/\/fsmcv.org\/wp-content\/uploads\/2025\/11\/008-CD-Musica-a-la-llum-Manuel-Parra-Bernabeu-1-600x536.jpg 600w\" sizes=\"(max-width: 1600px) 100vw, 1600px\" \/><\/a><\/figure><div class=\"elementor-image-box-content\"><h4 class=\"elementor-image-box-title\"><a href=\"https:\/\/fsmcv.org\/vl\/segell-discografic\/col%c2%b7leccio-musica-a-la-llum\/musica-a-la-llum-008-manuel-parra-bernabeu-i-la-societat-musical-la-pau-de-beneixama\/\">M\u00fasica a la Llum 008<br>Manuel Parra Bernabeu i la Societat Musical La Pau de Beneixama<\/a><\/h4><\/div><\/div>\t\t\t\t<\/div>\n\t\t\t\t<\/div>\n\t\t\t\t\t<\/div>\n\t\t<\/div>\n\t\t\t\t<div class=\"elementor-column elementor-col-25 elementor-top-column elementor-element elementor-element-93a7852\" data-id=\"93a7852\" data-element_type=\"column\" data-e-type=\"column\">\n\t\t\t<div class=\"elementor-widget-wrap elementor-element-populated\">\n\t\t\t\t\t\t<div class=\"elementor-element elementor-element-a0b174d elementor-position-top elementor-widget elementor-widget-image-box\" data-id=\"a0b174d\" data-element_type=\"widget\" data-e-type=\"widget\" data-widget_type=\"image-box.default\">\n\t\t\t\t<div class=\"elementor-widget-container\">\n\t\t\t\t\t<div class=\"elementor-image-box-wrapper\"><figure class=\"elementor-image-box-img\"><a href=\"\/sello-discografico\/cd-7-musica-a-la-llumtresors-oblidats-de-la-revista-harmonia-els-sarsuelistes-valencians\" tabindex=\"-1\"><img decoding=\"async\" width=\"1600\" height=\"1430\" src=\"https:\/\/fsmcv.org\/wp-content\/uploads\/2024\/08\/007-CD-musica-a-la-llum-HARMONIA-.jpeg\" class=\"attachment-full size-full wp-image-73666\" alt=\"\" title=\"\" srcset=\"https:\/\/fsmcv.org\/wp-content\/uploads\/2024\/08\/007-CD-musica-a-la-llum-HARMONIA-.jpeg 1600w, https:\/\/fsmcv.org\/wp-content\/uploads\/2024\/08\/007-CD-musica-a-la-llum-HARMONIA--768x686.jpeg 768w, https:\/\/fsmcv.org\/wp-content\/uploads\/2024\/08\/007-CD-musica-a-la-llum-HARMONIA--1536x1373.jpeg 1536w, https:\/\/fsmcv.org\/wp-content\/uploads\/2024\/08\/007-CD-musica-a-la-llum-HARMONIA--600x536.jpeg 600w\" sizes=\"(max-width: 1600px) 100vw, 1600px\" \/><\/a><\/figure><div class=\"elementor-image-box-content\"><h4 class=\"elementor-image-box-title\"><a href=\"\/sello-discografico\/cd-7-musica-a-la-llumtresors-oblidats-de-la-revista-harmonia-els-sarsuelistes-valencians\">M\u00fasica a la Llum 007<br>Tresors oblidats de la revista harmon\u00eda: Els Sarsuelistes Valencians<\/a><\/h4><\/div><\/div>\t\t\t\t<\/div>\n\t\t\t\t<\/div>\n\t\t\t\t\t<\/div>\n\t\t<\/div>\n\t\t\t\t<div class=\"elementor-column elementor-col-25 elementor-top-column elementor-element elementor-element-f654f07\" data-id=\"f654f07\" data-element_type=\"column\" data-e-type=\"column\">\n\t\t\t<div class=\"elementor-widget-wrap elementor-element-populated\">\n\t\t\t\t\t\t<div class=\"elementor-element elementor-element-367d1f3 elementor-position-top elementor-widget elementor-widget-image-box\" data-id=\"367d1f3\" data-element_type=\"widget\" data-e-type=\"widget\" data-widget_type=\"image-box.default\">\n\t\t\t\t<div class=\"elementor-widget-container\">\n\t\t\t\t\t<div class=\"elementor-image-box-wrapper\"><figure class=\"elementor-image-box-img\"><a href=\"\/sello-discografico\/cd-6-musica-a-la-llum-miguel-asensi-del-poema-simfonico-a-la-revista-valenciana\" tabindex=\"-1\"><img decoding=\"async\" width=\"1134\" height=\"1009\" src=\"https:\/\/fsmcv.org\/wp-content\/uploads\/2023\/11\/Musica-a-la-llum-ASENSI-REVISADO_29-06.jpg\" class=\"attachment-full size-full wp-image-69435\" alt=\"\" title=\"\" srcset=\"https:\/\/fsmcv.org\/wp-content\/uploads\/2023\/11\/Musica-a-la-llum-ASENSI-REVISADO_29-06.jpg 1134w, https:\/\/fsmcv.org\/wp-content\/uploads\/2023\/11\/Musica-a-la-llum-ASENSI-REVISADO_29-06-768x683.jpg 768w, https:\/\/fsmcv.org\/wp-content\/uploads\/2023\/11\/Musica-a-la-llum-ASENSI-REVISADO_29-06-600x534.jpg 600w\" sizes=\"(max-width: 1134px) 100vw, 1134px\" \/><\/a><\/figure><div class=\"elementor-image-box-content\"><h4 class=\"elementor-image-box-title\"><a href=\"\/sello-discografico\/cd-6-musica-a-la-llum-miguel-asensi-del-poema-simfonico-a-la-revista-valenciana\">M\u00fasica a la Llum 006<br>Miguel Asensi: Del poema simf\u00f2nic a la revista valenciana<\/a><\/h4><\/div><\/div>\t\t\t\t<\/div>\n\t\t\t\t<\/div>\n\t\t\t\t\t<\/div>\n\t\t<\/div>\n\t\t\t\t<div class=\"elementor-column elementor-col-25 elementor-top-column elementor-element elementor-element-65fc939\" data-id=\"65fc939\" data-element_type=\"column\" data-e-type=\"column\">\n\t\t\t<div class=\"elementor-widget-wrap elementor-element-populated\">\n\t\t\t\t\t\t<div class=\"elementor-element elementor-element-f4e95c9 elementor-position-top elementor-widget elementor-widget-image-box\" data-id=\"f4e95c9\" data-element_type=\"widget\" data-e-type=\"widget\" data-widget_type=\"image-box.default\">\n\t\t\t\t<div class=\"elementor-widget-container\">\n\t\t\t\t\t<div class=\"elementor-image-box-wrapper\"><figure class=\"elementor-image-box-img\"><a href=\"\/sello-discografico\/cd-5-musica-a-la-llum-obres-oblidades-per-a-banda\" tabindex=\"-1\"><img loading=\"lazy\" decoding=\"async\" width=\"1200\" height=\"1071\" src=\"https:\/\/fsmcv.org\/wp-content\/uploads\/2024\/01\/A.F.Caratula-Musica-a-la-llum-005.jpg\" class=\"attachment-full size-full wp-image-70918\" alt=\"\" title=\"\" srcset=\"https:\/\/fsmcv.org\/wp-content\/uploads\/2024\/01\/A.F.Caratula-Musica-a-la-llum-005.jpg 1200w, https:\/\/fsmcv.org\/wp-content\/uploads\/2024\/01\/A.F.Caratula-Musica-a-la-llum-005-768x685.jpg 768w, https:\/\/fsmcv.org\/wp-content\/uploads\/2024\/01\/A.F.Caratula-Musica-a-la-llum-005-600x536.jpg 600w\" sizes=\"(max-width: 1200px) 100vw, 1200px\" \/><\/a><\/figure><div class=\"elementor-image-box-content\"><h4 class=\"elementor-image-box-title\"><a href=\"\/sello-discografico\/cd-5-musica-a-la-llum-obres-oblidades-per-a-banda\">M\u00fasica a la Llum 005<br>Obres oblidades per a banda<\/a><\/h4><\/div><\/div>\t\t\t\t<\/div>\n\t\t\t\t<\/div>\n\t\t\t\t\t<\/div>\n\t\t<\/div>\n\t\t\t\t\t<\/div>\n\t\t<\/section>\n\t\t\t\t<section class=\"elementor-section elementor-top-section elementor-element elementor-element-c2dad63 elementor-section-boxed elementor-section-height-default elementor-section-height-default\" data-id=\"c2dad63\" data-element_type=\"section\" data-e-type=\"section\">\n\t\t\t\t\t\t<div class=\"elementor-container elementor-column-gap-default\">\n\t\t\t\t\t<div class=\"elementor-column elementor-col-25 elementor-top-column elementor-element elementor-element-1f246c9\" data-id=\"1f246c9\" data-element_type=\"column\" data-e-type=\"column\">\n\t\t\t<div class=\"elementor-widget-wrap elementor-element-populated\">\n\t\t\t\t\t\t<div class=\"elementor-element elementor-element-aba782e elementor-position-top elementor-widget elementor-widget-image-box\" data-id=\"aba782e\" data-element_type=\"widget\" data-e-type=\"widget\" data-widget_type=\"image-box.default\">\n\t\t\t\t<div class=\"elementor-widget-container\">\n\t\t\t\t\t<div class=\"elementor-image-box-wrapper\"><figure class=\"elementor-image-box-img\"><a href=\"\/sello-discografico\/cd-4-musica-a-la-llum-formes-diverses\" tabindex=\"-1\"><img loading=\"lazy\" decoding=\"async\" width=\"1667\" height=\"1501\" src=\"https:\/\/fsmcv.org\/wp-content\/uploads\/2021\/08\/004-cd_musicaalallum.jpg\" class=\"attachment-full size-full wp-image-41191\" alt=\"\" title=\"\" srcset=\"https:\/\/fsmcv.org\/wp-content\/uploads\/2021\/08\/004-cd_musicaalallum.jpg 1667w, https:\/\/fsmcv.org\/wp-content\/uploads\/2021\/08\/004-cd_musicaalallum-768x692.jpg 768w, https:\/\/fsmcv.org\/wp-content\/uploads\/2021\/08\/004-cd_musicaalallum-1536x1383.jpg 1536w, https:\/\/fsmcv.org\/wp-content\/uploads\/2021\/08\/004-cd_musicaalallum-600x540.jpg 600w\" sizes=\"(max-width: 1667px) 100vw, 1667px\" \/><\/a><\/figure><div class=\"elementor-image-box-content\"><h4 class=\"elementor-image-box-title\"><a href=\"\/sello-discografico\/cd-4-musica-a-la-llum-formes-diverses\">M\u00fasica a la Llum 004<br>Formes Diverses<\/a><\/h4><\/div><\/div>\t\t\t\t<\/div>\n\t\t\t\t<\/div>\n\t\t\t\t\t<\/div>\n\t\t<\/div>\n\t\t\t\t<div class=\"elementor-column elementor-col-25 elementor-top-column elementor-element elementor-element-2bf2cd3\" data-id=\"2bf2cd3\" data-element_type=\"column\" data-e-type=\"column\">\n\t\t\t<div class=\"elementor-widget-wrap elementor-element-populated\">\n\t\t\t\t\t\t<div class=\"elementor-element elementor-element-279a854 elementor-position-top elementor-widget elementor-widget-image-box\" data-id=\"279a854\" data-element_type=\"widget\" data-e-type=\"widget\" data-widget_type=\"image-box.default\">\n\t\t\t\t<div class=\"elementor-widget-container\">\n\t\t\t\t\t<div class=\"elementor-image-box-wrapper\"><figure class=\"elementor-image-box-img\"><a href=\"\/sello-discografico\/cd-3-musica-a-la-llum-mes-enlla-del-folklorisme\" tabindex=\"-1\"><img loading=\"lazy\" decoding=\"async\" width=\"665\" height=\"597\" src=\"https:\/\/fsmcv.org\/wp-content\/uploads\/2021\/08\/003-cd_musicaalallum_mes-enlla-del-folklorisme-003.jpg\" class=\"attachment-full size-full wp-image-41189\" alt=\"\" title=\"\" srcset=\"https:\/\/fsmcv.org\/wp-content\/uploads\/2021\/08\/003-cd_musicaalallum_mes-enlla-del-folklorisme-003.jpg 665w, https:\/\/fsmcv.org\/wp-content\/uploads\/2021\/08\/003-cd_musicaalallum_mes-enlla-del-folklorisme-003-600x539.jpg 600w\" sizes=\"(max-width: 665px) 100vw, 665px\" \/><\/a><\/figure><div class=\"elementor-image-box-content\"><h4 class=\"elementor-image-box-title\"><a href=\"\/sello-discografico\/cd-3-musica-a-la-llum-mes-enlla-del-folklorisme\">M\u00fasica a la llum 003<br>M\u00e9s enll\u00e0 del folklorisme<\/a><\/h4><\/div><\/div>\t\t\t\t<\/div>\n\t\t\t\t<\/div>\n\t\t\t\t\t<\/div>\n\t\t<\/div>\n\t\t\t\t<div class=\"elementor-column elementor-col-25 elementor-top-column elementor-element elementor-element-22fb3e5\" data-id=\"22fb3e5\" data-element_type=\"column\" data-e-type=\"column\">\n\t\t\t<div class=\"elementor-widget-wrap elementor-element-populated\">\n\t\t\t\t\t\t<div class=\"elementor-element elementor-element-38b48e7 elementor-position-top elementor-widget elementor-widget-image-box\" data-id=\"38b48e7\" data-element_type=\"widget\" data-e-type=\"widget\" data-widget_type=\"image-box.default\">\n\t\t\t\t<div class=\"elementor-widget-container\">\n\t\t\t\t\t<div class=\"elementor-image-box-wrapper\"><figure class=\"elementor-image-box-img\"><a href=\"\/sello-discografico\/cd-2-musica-a-la-llum-entre-el-folklore-i-lopera\" tabindex=\"-1\"><img loading=\"lazy\" decoding=\"async\" width=\"1650\" height=\"1473\" src=\"https:\/\/fsmcv.org\/wp-content\/uploads\/2021\/08\/002-cd_musicaalallum_entre-folklore-opera-002.jpg\" class=\"attachment-full size-full wp-image-41187\" alt=\"\" title=\"\" srcset=\"https:\/\/fsmcv.org\/wp-content\/uploads\/2021\/08\/002-cd_musicaalallum_entre-folklore-opera-002.jpg 1650w, https:\/\/fsmcv.org\/wp-content\/uploads\/2021\/08\/002-cd_musicaalallum_entre-folklore-opera-002-768x686.jpg 768w, https:\/\/fsmcv.org\/wp-content\/uploads\/2021\/08\/002-cd_musicaalallum_entre-folklore-opera-002-1536x1371.jpg 1536w, https:\/\/fsmcv.org\/wp-content\/uploads\/2021\/08\/002-cd_musicaalallum_entre-folklore-opera-002-600x536.jpg 600w\" sizes=\"(max-width: 1650px) 100vw, 1650px\" \/><\/a><\/figure><div class=\"elementor-image-box-content\"><h4 class=\"elementor-image-box-title\"><a href=\"\/sello-discografico\/cd-2-musica-a-la-llum-entre-el-folklore-i-lopera\">M\u00fasica a la Llum 002<br>Entre el folkole i <br>l\u00b4\u00d2pera<\/a><\/h4><\/div><\/div>\t\t\t\t<\/div>\n\t\t\t\t<\/div>\n\t\t\t\t\t<\/div>\n\t\t<\/div>\n\t\t\t\t<div class=\"elementor-column elementor-col-25 elementor-top-column elementor-element elementor-element-75da68d\" data-id=\"75da68d\" data-element_type=\"column\" data-e-type=\"column\">\n\t\t\t<div class=\"elementor-widget-wrap elementor-element-populated\">\n\t\t\t\t\t\t<div class=\"elementor-element elementor-element-15ae6cb elementor-position-top elementor-widget elementor-widget-image-box\" data-id=\"15ae6cb\" data-element_type=\"widget\" data-e-type=\"widget\" data-widget_type=\"image-box.default\">\n\t\t\t\t<div class=\"elementor-widget-container\">\n\t\t\t\t\t<div class=\"elementor-image-box-wrapper\"><figure class=\"elementor-image-box-img\"><a href=\"\/sello-discografico\/cd-1-musica-a-la-llum-musica-programatica\" tabindex=\"-1\"><img loading=\"lazy\" decoding=\"async\" width=\"300\" height=\"268\" src=\"https:\/\/fsmcv.org\/wp-content\/uploads\/2021\/08\/001-cd_musicaalallum-musica-programatica-001.jpg\" class=\"attachment-full size-full wp-image-41185\" alt=\"\" title=\"\"><\/a><\/figure><div class=\"elementor-image-box-content\"><h4 class=\"elementor-image-box-title\"><a href=\"\/sello-discografico\/cd-1-musica-a-la-llum-musica-programatica\">M\u00fasica a la Llum 001<br>M\u00fasica Program\u00e0tica<\/a><\/h4><\/div><\/div>\t\t\t\t<\/div>\n\t\t\t\t<\/div>\n\t\t\t\t\t<\/div>\n\t\t<\/div>\n\t\t\t\t\t<\/div>\n\t\t<\/section>\n\t\t\t\t<section class=\"elementor-section elementor-top-section elementor-element elementor-element-5c08768d elementor-section-boxed elementor-section-height-default elementor-section-height-default\" data-id=\"5c08768d\" data-element_type=\"section\" data-e-type=\"section\">\n\t\t\t\t\t\t<div class=\"elementor-container elementor-column-gap-default\">\n\t\t\t\t\t<div class=\"elementor-column elementor-col-100 elementor-top-column elementor-element elementor-element-4e6626b9\" data-id=\"4e6626b9\" data-element_type=\"column\" data-e-type=\"column\">\n\t\t\t<div class=\"elementor-widget-wrap elementor-element-populated\">\n\t\t\t\t\t\t<div class=\"elementor-element elementor-element-b2d41d3 elementor-align-center elementor-widget elementor-widget-button\" data-id=\"b2d41d3\" data-element_type=\"widget\" data-e-type=\"widget\" data-widget_type=\"button.default\">\n\t\t\t\t<div class=\"elementor-widget-container\">\n\t\t\t\t\t\t\t\t\t<div class=\"elementor-button-wrapper\">\n\t\t\t\t\t<a class=\"elementor-button elementor-button-link elementor-size-md\" href=\"https:\/\/fsmcv.org\/vl\/categoria\/noticies-campanyes\/musica-a-la-llum\/\">\n\t\t\t\t\t\t<span class=\"elementor-button-content-wrapper\">\n\t\t\t\t\t\t<span class=\"elementor-button-icon\">\n\t\t\t\t<i aria-hidden=\"true\" class=\"fas fa-arrow-right\"><\/i>\t\t\t<\/span>\n\t\t\t\t\t\t\t\t\t<span class=\"elementor-button-text\">Not\u00edcies M\u00fasica a la Llum<\/span>\n\t\t\t\t\t<\/span>\n\t\t\t\t\t<\/a>\n\t\t\t\t<\/div>\n\t\t\t\t\t\t\t\t<\/div>\n\t\t\t\t<\/div>\n\t\t\t\t\t<\/div>\n\t\t<\/div>\n\t\t\t\t\t<\/div>\n\t\t<\/section>\n\t\t\t\t<\/div>\n\t\t","protected":false},"excerpt":{"rendered":"<p>COL\u00b7LECCI\u00d3&#8220;M\u00fasica a la Llum&#8221; Col\u00b7lecci\u00f3 de discos de&#8220;M\u00fasica a la Llum&#8221; El programa &#8220;M\u00fasica a la Llum&#8221; patrocinat per CaixaBank i organitzat per l&#8217;Institut Valenci\u00e0 de Cultura i la Federaci\u00f3 de Societats Musicals de la Comunitat Valenciana, sorgix dins del programa &#8220;CaixaBank Escorta Val\u00e8ncia&#8221; per a col\u00b7laborar amb les societats musicals en la conservaci\u00f3, posada [&hellip;]<\/p>\n","protected":false},"author":7,"featured_media":42068,"parent":20683,"menu_order":3,"comment_status":"closed","ping_status":"closed","template":"elementor_header_footer","meta":{"footnotes":""},"class_list":["post-44341","page","type-page","status-publish","has-post-thumbnail","hentry"],"_links":{"self":[{"href":"https:\/\/fsmcv.org\/vl\/wp-json\/wp\/v2\/pages\/44341","targetHints":{"allow":["GET"]}}],"collection":[{"href":"https:\/\/fsmcv.org\/vl\/wp-json\/wp\/v2\/pages"}],"about":[{"href":"https:\/\/fsmcv.org\/vl\/wp-json\/wp\/v2\/types\/page"}],"author":[{"embeddable":true,"href":"https:\/\/fsmcv.org\/vl\/wp-json\/wp\/v2\/users\/7"}],"replies":[{"embeddable":true,"href":"https:\/\/fsmcv.org\/vl\/wp-json\/wp\/v2\/comments?post=44341"}],"version-history":[{"count":34,"href":"https:\/\/fsmcv.org\/vl\/wp-json\/wp\/v2\/pages\/44341\/revisions"}],"predecessor-version":[{"id":80628,"href":"https:\/\/fsmcv.org\/vl\/wp-json\/wp\/v2\/pages\/44341\/revisions\/80628"}],"up":[{"embeddable":true,"href":"https:\/\/fsmcv.org\/vl\/wp-json\/wp\/v2\/pages\/20683"}],"wp:featuredmedia":[{"embeddable":true,"href":"https:\/\/fsmcv.org\/vl\/wp-json\/wp\/v2\/media\/42068"}],"wp:attachment":[{"href":"https:\/\/fsmcv.org\/vl\/wp-json\/wp\/v2\/media?parent=44341"}],"curies":[{"name":"wp","href":"https:\/\/api.w.org\/{rel}","templated":true}]}}