{"id":44743,"date":"2021-10-08T13:29:03","date_gmt":"2021-10-08T11:29:03","guid":{"rendered":"https:\/\/fsmcv.org\/rafa-garcia-vidal\/"},"modified":"2023-05-09T11:39:07","modified_gmt":"2023-05-09T09:39:07","slug":"rafa-garcia-vidal","status":"publish","type":"page","link":"https:\/\/fsmcv.org\/vl\/unitats-artistiques\/rafa-garcia-vidal\/","title":{"rendered":"Rafa Garc\u00eda Vidal"},"content":{"rendered":"\t\t<div data-elementor-type=\"wp-page\" data-elementor-id=\"44743\" class=\"elementor elementor-44743 elementor-44178\" data-elementor-post-type=\"page\">\n\t\t\t\t\t\t<section class=\"elementor-section elementor-top-section elementor-element elementor-element-11e4f7f2 elementor-section-boxed elementor-section-height-default elementor-section-height-default\" data-id=\"11e4f7f2\" data-element_type=\"section\" data-e-type=\"section\">\n\t\t\t\t\t\t\t<div class=\"elementor-background-overlay\"><\/div>\n\t\t\t\t\t\t\t<div class=\"elementor-container elementor-column-gap-default\">\n\t\t\t\t\t<div class=\"elementor-column elementor-col-100 elementor-top-column elementor-element elementor-element-199a58de\" data-id=\"199a58de\" data-element_type=\"column\" data-e-type=\"column\">\n\t\t\t<div class=\"elementor-widget-wrap elementor-element-populated\">\n\t\t\t\t\t\t<div class=\"elementor-element elementor-element-1cddccc3 elementor-widget elementor-widget-heading\" data-id=\"1cddccc3\" data-element_type=\"widget\" data-e-type=\"widget\" data-widget_type=\"heading.default\">\n\t\t\t\t<div class=\"elementor-widget-container\">\n\t\t\t\t\t<h1 class=\"elementor-heading-title elementor-size-default\">RAFA GARC\u00cdA VIDAL<\/h1>\t\t\t\t<\/div>\n\t\t\t\t<\/div>\n\t\t\t\t<div class=\"elementor-element elementor-element-16c1c366 elementor-widget elementor-widget-text-editor\" data-id=\"16c1c366\" data-element_type=\"widget\" data-e-type=\"widget\" data-widget_type=\"text-editor.default\">\n\t\t\t\t<div class=\"elementor-widget-container\">\n\t\t\t\t\t\t\t\t\t<p>Rafa Garc\u00eda Vidal es el director de la Jove Banda Sinf\u00f2nica de la FSMCV en les temporades 2020 y 2021<\/p>\n\t\t\t\t\t\t\t\t<\/div>\n\t\t\t\t<\/div>\n\t\t\t\t\t<\/div>\n\t\t<\/div>\n\t\t\t\t\t<\/div>\n\t\t<\/section>\n\t\t\t\t<section class=\"elementor-section elementor-top-section elementor-element elementor-element-1d8cf7d9 elementor-section-boxed elementor-section-height-default elementor-section-height-default\" data-id=\"1d8cf7d9\" data-element_type=\"section\" data-e-type=\"section\">\n\t\t\t\t\t\t<div class=\"elementor-container elementor-column-gap-custom\">\n\t\t\t\t\t<div class=\"elementor-column elementor-col-50 elementor-top-column elementor-element elementor-element-5c7ba7e8\" data-id=\"5c7ba7e8\" data-element_type=\"column\" data-e-type=\"column\">\n\t\t\t<div class=\"elementor-widget-wrap elementor-element-populated\">\n\t\t\t\t\t\t<div class=\"elementor-element elementor-element-6a39f4f elementor-widget elementor-widget-image\" data-id=\"6a39f4f\" data-element_type=\"widget\" data-e-type=\"widget\" data-widget_type=\"image.default\">\n\t\t\t\t<div class=\"elementor-widget-container\">\n\t\t\t\t\t\t\t\t\t\t\t\t\t\t\t<img fetchpriority=\"high\" decoding=\"async\" width=\"768\" height=\"825\" src=\"https:\/\/fsmcv.org\/wp-content\/uploads\/2021\/10\/Rafa-Garcia-Vidal_doc.jpg\" class=\"attachment-large size-large wp-image-44180\" alt=\"\" srcset=\"https:\/\/fsmcv.org\/wp-content\/uploads\/2021\/10\/Rafa-Garcia-Vidal_doc.jpg 768w, https:\/\/fsmcv.org\/wp-content\/uploads\/2021\/10\/Rafa-Garcia-Vidal_doc-600x645.jpg 600w\" sizes=\"(max-width: 768px) 100vw, 768px\" title=\"\">\t\t\t\t\t\t\t\t\t\t\t\t\t\t\t<\/div>\n\t\t\t\t<\/div>\n\t\t\t\t<div class=\"elementor-element elementor-element-7aeb0b65 elementor-widget elementor-widget-heading\" data-id=\"7aeb0b65\" data-element_type=\"widget\" data-e-type=\"widget\" data-widget_type=\"heading.default\">\n\t\t\t\t<div class=\"elementor-widget-container\">\n\t\t\t\t\t<h3 class=\"elementor-heading-title elementor-size-default\">Rafa Garc\u00eda Vidal es el director de la Jove Banda Sinf\u00f2nica de la FSMCV en les temporades 2020 y 2021 Amb ell la unitat art\u00edstica va actuar en el Parlament Europeu al febrer de 2020 i a m\u00e9s ha realitzat al juliol de 2021 tres concerts a Navajas, (CS) Muro (Al) i Sant Joan (Al)<\/h3>\t\t\t\t<\/div>\n\t\t\t\t<\/div>\n\t\t\t\t\t<\/div>\n\t\t<\/div>\n\t\t\t\t<div class=\"elementor-column elementor-col-50 elementor-top-column elementor-element elementor-element-2b2ae2e0\" data-id=\"2b2ae2e0\" data-element_type=\"column\" data-e-type=\"column\">\n\t\t\t<div class=\"elementor-widget-wrap elementor-element-populated\">\n\t\t\t\t\t\t<div class=\"elementor-element elementor-element-12f00f01 elementor-widget elementor-widget-text-editor\" data-id=\"12f00f01\" data-element_type=\"widget\" data-e-type=\"widget\" data-widget_type=\"text-editor.default\">\n\t\t\t\t<div class=\"elementor-widget-container\">\n\t\t\t\t\t\t\t\t\t<p>Rafa Garc\u00eda Vidal inicia els seus estudis musicals a molt primerenca edat, formant-se a Alfarras\u00ed, el seu poble natal, on entra a formar part de la Banda Instructiva Musical d&#8217;aquesta poblaci\u00f3 valenciana. M\u00e9s tard obt\u00e9 el t\u00edtol de Professor Superior de Clarinet en el Conservatori Superior Oscar Espl\u00e1 d&#8217;Alacant. Per\u00f2 \u00e9s en el camp de la direcci\u00f3 on m\u00e9s destaca la seua faceta professional, sent titulat en l&#8217;especialitat de Direcci\u00f3 pel Conservatori Superior Joaqu\u00edn Rodrigo de Val\u00e8ncia. A m\u00e9s, realitza estudis de direcci\u00f3 a Espanya i It\u00e0lia amb professors com Jos\u00e9 Rafael Pascual-Vilaplana, Carlo Pirola, Felix Hauswirth, Eugene Corporon, Jan Cober o Rafael S\u00e1nchez Mombiedro.<br \/>Durant la seua \u00e0mplia traject\u00f2ria professional com a director ha treballat amb bandes i orquestres tant amateurs com professionals a Espanya, It\u00e0lia, Alemanya i Col\u00f2mbia, sent director titular de la Uni\u00f3 Musical de Montitxelvo, Uni\u00f3 Musical d\u2019Aldaia, la Societat Musical Banyeres de Mariola, i la Societat Musical de la Llosa de Ranes. A m\u00e9s, \u00e9s requerit habitualment com a jurat en diferents concursos nacionals i internacionals de composici\u00f3 i interpretaci\u00f3.<br \/>En l&#8217;\u00e0mbit docent, ha impartit cursos de direcci\u00f3 a Espanya, It\u00e0lia i Col\u00f2mbia. Aix\u00ed mateix, en el seu cat\u00e0leg art\u00edstic podem trobar diferents enregistraments amb diferents formacions, obtenint per aix\u00f2 el Premi Euterpe a la millor producci\u00f3 musical que atorga la Federaci\u00f3 de Societats Musicals de la Comunitat Valenciana pel Cd &#8220;Homenatge&#8221; Paco Esteve.<br \/>A m\u00e9s, participa regularment en concursos d&#8217;interpretaci\u00f3 d&#8217;\u00e0mbit nacional i internacional, destacant els dos primers premis obtinguts en la 1a Secci\u00f3 del 130 Certamen Internacional de Bandes de M\u00fasica &#8220;Ciutat de Val\u00e8ncia&#8221;, i en el XX Certamen Internacional &#8220;Flicorno d&#8217;Or&#8221; de Riva del Garda (It\u00e0lia), tots dos conjuntament amb la banda Va unir Musical de Muro.<br \/>En l&#8217;actualitat exerceix el c\u00e0rrec de director art\u00edstic de la Companyia L\u00edric Cultural \u201cMaestro Alcar\u00e1z\u201d, amb la qual realitza una labor divulgativa de la Sarssuela, realitzant el muntatge d&#8217;obres tan representatives com &#8220;La Corte del Fara\u00f3n&#8221;, &#8220;Las Leandras&#8221;, &#8220;Las de Villadiego&#8221;, o &#8220;La Verbena de la Paloma&#8221; entre altres. A m\u00e9s, \u00e9s director titular de les formacions &#8220;Vents del Benicadell&#8221;, de la Banda Jove Comarcal de la Vall d&#8217;Albaida i de la Uni\u00f3 Musical de Muro. Membre de l&#8217;Associaci\u00f3 Nacional de Directors de Banda, i professor de direcci\u00f3 en el Conservatori Superior de M\u00fasica de Castilla-la Mancha.<\/p>\n\t\t\t\t\t\t\t\t<\/div>\n\t\t\t\t<\/div>\n\t\t\t\t\t<\/div>\n\t\t<\/div>\n\t\t\t\t\t<\/div>\n\t\t<\/section>\n\t\t\t\t<\/div>\n\t\t","protected":false},"excerpt":{"rendered":"<p>RAFA GARC\u00cdA VIDAL Rafa Garc\u00eda Vidal es el director de la Jove Banda Sinf\u00f2nica de la FSMCV en les temporades 2020 y 2021 Rafa Garc\u00eda Vidal es el director de la Jove Banda Sinf\u00f2nica de la FSMCV en les temporades 2020 y 2021 Amb ell la unitat art\u00edstica va actuar en el Parlament Europeu al [&hellip;]<\/p>\n","protected":false},"author":7,"featured_media":44507,"parent":39670,"menu_order":1,"comment_status":"closed","ping_status":"closed","template":"elementor_header_footer","meta":{"footnotes":""},"class_list":["post-44743","page","type-page","status-publish","has-post-thumbnail","hentry"],"_links":{"self":[{"href":"https:\/\/fsmcv.org\/vl\/wp-json\/wp\/v2\/pages\/44743","targetHints":{"allow":["GET"]}}],"collection":[{"href":"https:\/\/fsmcv.org\/vl\/wp-json\/wp\/v2\/pages"}],"about":[{"href":"https:\/\/fsmcv.org\/vl\/wp-json\/wp\/v2\/types\/page"}],"author":[{"embeddable":true,"href":"https:\/\/fsmcv.org\/vl\/wp-json\/wp\/v2\/users\/7"}],"replies":[{"embeddable":true,"href":"https:\/\/fsmcv.org\/vl\/wp-json\/wp\/v2\/comments?post=44743"}],"version-history":[{"count":0,"href":"https:\/\/fsmcv.org\/vl\/wp-json\/wp\/v2\/pages\/44743\/revisions"}],"up":[{"embeddable":true,"href":"https:\/\/fsmcv.org\/vl\/wp-json\/wp\/v2\/pages\/39670"}],"wp:featuredmedia":[{"embeddable":true,"href":"https:\/\/fsmcv.org\/vl\/wp-json\/wp\/v2\/media\/44507"}],"wp:attachment":[{"href":"https:\/\/fsmcv.org\/vl\/wp-json\/wp\/v2\/media?parent=44743"}],"curies":[{"name":"wp","href":"https:\/\/api.w.org\/{rel}","templated":true}]}}