{"id":45132,"date":"2021-08-23T09:50:09","date_gmt":"2021-08-23T07:50:09","guid":{"rendered":"https:\/\/fsmcv.org\/segell-discografic\/cd-4-musica-a-la-llum-formes-diverses\/"},"modified":"2023-11-30T09:28:38","modified_gmt":"2023-11-30T08:28:38","slug":"cd-4-musica-a-la-llum-formes-diverses","status":"publish","type":"page","link":"https:\/\/fsmcv.org\/vl\/segell-discografic\/col%c2%b7leccio-musica-a-la-llum\/cd-4-musica-a-la-llum-formes-diverses\/","title":{"rendered":"CD 4 M\u00fasica a la llum: \u00abFormes Diverses\u00bb"},"content":{"rendered":"\t\t<div data-elementor-type=\"wp-page\" data-elementor-id=\"45132\" class=\"elementor elementor-45132 elementor-41661\" data-elementor-post-type=\"page\">\n\t\t\t\t\t\t<section class=\"elementor-section elementor-top-section elementor-element elementor-element-27840775 elementor-section-boxed elementor-section-height-default elementor-section-height-default\" data-id=\"27840775\" data-element_type=\"section\" data-e-type=\"section\">\n\t\t\t\t\t\t\t<div class=\"elementor-background-overlay\"><\/div>\n\t\t\t\t\t\t\t<div class=\"elementor-container elementor-column-gap-default\">\n\t\t\t\t\t<div class=\"elementor-column elementor-col-100 elementor-top-column elementor-element elementor-element-34b8d7a1\" data-id=\"34b8d7a1\" data-element_type=\"column\" data-e-type=\"column\">\n\t\t\t<div class=\"elementor-widget-wrap elementor-element-populated\">\n\t\t\t\t\t\t<div class=\"elementor-element elementor-element-2eba9a08 elementor-widget elementor-widget-heading\" data-id=\"2eba9a08\" data-element_type=\"widget\" data-e-type=\"widget\" data-widget_type=\"heading.default\">\n\t\t\t\t<div class=\"elementor-widget-container\">\n\t\t\t\t\t<h1 class=\"elementor-heading-title elementor-size-default\">CD 4 M\u00fasica a la llum: \u00abFormes Diverses\u00bb<\/h1>\t\t\t\t<\/div>\n\t\t\t\t<\/div>\n\t\t\t\t\t<\/div>\n\t\t<\/div>\n\t\t\t\t\t<\/div>\n\t\t<\/section>\n\t\t\t\t<section class=\"elementor-section elementor-top-section elementor-element elementor-element-681e8cbd elementor-section-boxed elementor-section-height-default elementor-section-height-default\" data-id=\"681e8cbd\" data-element_type=\"section\" data-e-type=\"section\">\n\t\t\t\t\t\t<div class=\"elementor-container elementor-column-gap-wide\">\n\t\t\t\t\t<div class=\"elementor-column elementor-col-50 elementor-top-column elementor-element elementor-element-2e8aa1a\" data-id=\"2e8aa1a\" data-element_type=\"column\" data-e-type=\"column\">\n\t\t\t<div class=\"elementor-widget-wrap elementor-element-populated\">\n\t\t\t\t\t\t<div class=\"elementor-element elementor-element-17690a5b elementor-view-default elementor-position-block-start elementor-mobile-position-block-start elementor-widget elementor-widget-icon-box\" data-id=\"17690a5b\" data-element_type=\"widget\" data-e-type=\"widget\" data-widget_type=\"icon-box.default\">\n\t\t\t\t<div class=\"elementor-widget-container\">\n\t\t\t\t\t\t\t<div class=\"elementor-icon-box-wrapper\">\n\n\t\t\t\t\t\t<div class=\"elementor-icon-box-icon\">\n\t\t\t\t<span  class=\"elementor-icon\">\n\t\t\t\t<i aria-hidden=\"true\" class=\"fas fa-compact-disc\"><\/i>\t\t\t\t<\/span>\n\t\t\t<\/div>\n\t\t\t\n\t\t\t\t\t\t<div class=\"elementor-icon-box-content\">\n\n\t\t\t\t\t\t\t\t\t<h2 class=\"elementor-icon-box-title\">\n\t\t\t\t\t\t<span  >\n\t\t\t\t\t\t\tCD 4 M\u00fasica a la llum: \u00abFormes Diverses\u00bb\t\t\t\t\t\t<\/span>\n\t\t\t\t\t<\/h2>\n\t\t\t\t\n\t\t\t\t\t\t\t\t\t<p class=\"elementor-icon-box-description\">\n\t\t\t\t\t\t\n\n\t\t\t\t\t<\/p>\n\t\t\t\t\n\t\t\t<\/div>\n\t\t\t\n\t\t<\/div>\n\t\t\t\t\t\t<\/div>\n\t\t\t\t<\/div>\n\t\t\t\t<div class=\"elementor-element elementor-element-15679506 elementor-widget elementor-widget-image\" data-id=\"15679506\" data-element_type=\"widget\" data-e-type=\"widget\" data-widget_type=\"image.default\">\n\t\t\t\t<div class=\"elementor-widget-container\">\n\t\t\t\t\t\t\t\t\t\t\t\t\t\t\t<img fetchpriority=\"high\" decoding=\"async\" width=\"1667\" height=\"1501\" src=\"https:\/\/fsmcv.org\/wp-content\/uploads\/2021\/08\/A.-F.-Cubierta.jpg\" class=\"attachment-full size-full wp-image-41666\" alt=\"\" srcset=\"https:\/\/fsmcv.org\/wp-content\/uploads\/2021\/08\/A.-F.-Cubierta.jpg 1667w, https:\/\/fsmcv.org\/wp-content\/uploads\/2021\/08\/A.-F.-Cubierta-768x692.jpg 768w, https:\/\/fsmcv.org\/wp-content\/uploads\/2021\/08\/A.-F.-Cubierta-1536x1383.jpg 1536w, https:\/\/fsmcv.org\/wp-content\/uploads\/2021\/08\/A.-F.-Cubierta-600x540.jpg 600w\" sizes=\"(max-width: 1667px) 100vw, 1667px\" title=\"\">\t\t\t\t\t\t\t\t\t\t\t\t\t\t\t<\/div>\n\t\t\t\t<\/div>\n\t\t\t\t<div class=\"elementor-element elementor-element-48520d83 elementor-align-center elementor-widget elementor-widget-button\" data-id=\"48520d83\" data-element_type=\"widget\" data-e-type=\"widget\" data-widget_type=\"button.default\">\n\t\t\t\t<div class=\"elementor-widget-container\">\n\t\t\t\t\t\t\t\t\t<div class=\"elementor-button-wrapper\">\n\t\t\t\t\t<a class=\"elementor-button elementor-button-link elementor-size-md\" href=\"https:\/\/www.llig.gva.es\/es\/474533-099345.html\" target=\"_blank\" rel=\"noopener\">\n\t\t\t\t\t\t<span class=\"elementor-button-content-wrapper\">\n\t\t\t\t\t\t<span class=\"elementor-button-icon\">\n\t\t\t\t<i aria-hidden=\"true\" class=\"fas fa-arrow-right\"><\/i>\t\t\t<\/span>\n\t\t\t\t\t\t\t\t\t<span class=\"elementor-button-text\">Comprar \"Formes Diverses\"<\/span>\n\t\t\t\t\t<\/span>\n\t\t\t\t\t<\/a>\n\t\t\t\t<\/div>\n\t\t\t\t\t\t\t\t<\/div>\n\t\t\t\t<\/div>\n\t\t\t\t\t<\/div>\n\t\t<\/div>\n\t\t\t\t<div class=\"elementor-column elementor-col-50 elementor-top-column elementor-element elementor-element-121c655d\" data-id=\"121c655d\" data-element_type=\"column\" data-e-type=\"column\">\n\t\t\t<div class=\"elementor-widget-wrap elementor-element-populated\">\n\t\t\t\t\t\t<div class=\"elementor-element elementor-element-23d00949 elementor-widget elementor-widget-text-editor\" data-id=\"23d00949\" data-element_type=\"widget\" data-e-type=\"widget\" data-widget_type=\"text-editor.default\">\n\t\t\t\t<div class=\"elementor-widget-container\">\n\t\t\t\t\t\t\t\t\t<p><strong>Director:<\/strong> Carlos Ram\u00f3n \u2013 P\u00e9rez.<\/p>\n<p><strong>Obres:<\/strong><\/p>\n<ul>\n<li>SCHERZO n\u00fam 6 \/ de Perfecto Artola (1904-1992).<\/li>\n<li>MARIOLA, simfonia per a banda op.43 \/ de Jos\u00e9 Carbonell (1890-1957).\n<ul>\n<li>Allegro.<\/li>\n<li>Allegio brioso.<\/li>\n<li>Adagio.<\/li>\n<li>Prestissimo.<\/li>\n<\/ul>\n<\/li>\n<li>ODISEA GITANA, quadre simf\u00f2nic (1927) \/ de Jos\u00e9 Goterris (1873 \u2013 1930).<\/li>\n<li>ECOS LLEVANTIS, pe\u00e7a simf\u00f2nica \/ de Antonio Palanza (1870 \u2013 1933).<\/li>\n<li>HORAS Y CAMINOS, esb\u00f3s poem\u00e0tic musical \/ de Rafael Rodr\u00edguez Albert (1902 \u2013 1979).<\/li>\n<li>MIMOSITA, serenata \/ de Pascual P\u00e9rez Chov\u00ed (1889-1953).<\/li>\n<\/ul>\n<p><strong>Autor corporatiu<\/strong><\/p>\n<p>Jove Banda Simf\u00f2nica de la Federaci\u00f3 de Societats Musicals de la Comunitat Valenciana.<\/p>\n<p><strong>Int\u00e8rprets<\/strong><\/p>\n<p>Jove Banda Simf\u00f2nica de la Federaci\u00f3 de Societats Musicals de la Comunitat Valenciana. Director: Carlos Ram\u00f3n &#8211; P\u00e9rez.<\/p>\n<p><strong>Dep\u00f2sit legal<\/strong><\/p>\n<p>V-940\/2020<\/p>\n<p><strong>Descripci\u00f3 f\u00edsica<\/strong><\/p>\n<p>1 CD + 1 fullet (8 p.)<\/p>\n<p><strong>Publicaci\u00f3<\/strong><\/p>\n<p>Val\u00e8ncia: Institut Valenci\u00e0 de Cultura-Generalitat Valenciana<\/p>\n<p><strong>Nota de contingut<\/strong><\/p>\n<p>El programa M\u00fasica a la Llum, patrocinat per Bankia i organitzat per l&#8217;Institut Valenci\u00e0 de Cultura-Generalitat Valenciana i la Federaci\u00f3 de Societats Musicals de la Comunitat Valenciana, sorgeix per a col\u00b7laborar amb les societats musicals en la conservaci\u00f3, posada en valor i difusi\u00f3 de l&#8217;espl\u00e8ndid patrimoni cultural custodiat en els seus arxius. Aquest \u00e9s el quart CD de la col\u00b7lecci\u00f3.<\/p>\n<p><strong>\u00a1Escolta aquest CD en Spotify!<\/strong><\/p>\n<p><iframe title=\"Spotify Embed: Formes diverses\" width=\"100%\" height=\"380\" frameborder=\"0\" allowfullscreen allow=\"autoplay; clipboard-write; encrypted-media; fullscreen; picture-in-picture\" src=\"https:\/\/open.spotify.com\/embed\/album\/0bgVW6R9YDSAo32ZGpRDs5?si=7sPzZNCrTt-OZsdJARDpbg&dl_branch=1&utm_source=oembed\"><\/iframe><\/p>\n\t\t\t\t\t\t\t\t<\/div>\n\t\t\t\t<\/div>\n\t\t\t\t\t<\/div>\n\t\t<\/div>\n\t\t\t\t\t<\/div>\n\t\t<\/section>\n\t\t\t\t<\/div>\n\t\t","protected":false},"excerpt":{"rendered":"<p>Comprar &#8220;Formes Diverses&#8221; Director: Carlos Ram\u00f3n \u2013 P\u00e9rez. Obres: SCHERZO n\u00fam 6 \/ de Perfecto Artola (1904-1992). MARIOLA, simfonia per a banda op.43 \/ de Jos\u00e9 Carbonell (1890-1957). Allegro. Allegio brioso. Adagio. Prestissimo. ODISEA GITANA, quadre simf\u00f2nic (1927) \/ de Jos\u00e9 Goterris (1873 \u2013 1930). ECOS LLEVANTIS, pe\u00e7a simf\u00f2nica \/ de Antonio Palanza (1870 \u2013 [&hellip;]<\/p>\n","protected":false},"author":7,"featured_media":41666,"parent":44341,"menu_order":4,"comment_status":"closed","ping_status":"closed","template":"elementor_header_footer","meta":{"footnotes":""},"class_list":["post-45132","page","type-page","status-publish","has-post-thumbnail","hentry"],"_links":{"self":[{"href":"https:\/\/fsmcv.org\/vl\/wp-json\/wp\/v2\/pages\/45132","targetHints":{"allow":["GET"]}}],"collection":[{"href":"https:\/\/fsmcv.org\/vl\/wp-json\/wp\/v2\/pages"}],"about":[{"href":"https:\/\/fsmcv.org\/vl\/wp-json\/wp\/v2\/types\/page"}],"author":[{"embeddable":true,"href":"https:\/\/fsmcv.org\/vl\/wp-json\/wp\/v2\/users\/7"}],"replies":[{"embeddable":true,"href":"https:\/\/fsmcv.org\/vl\/wp-json\/wp\/v2\/comments?post=45132"}],"version-history":[{"count":4,"href":"https:\/\/fsmcv.org\/vl\/wp-json\/wp\/v2\/pages\/45132\/revisions"}],"predecessor-version":[{"id":70241,"href":"https:\/\/fsmcv.org\/vl\/wp-json\/wp\/v2\/pages\/45132\/revisions\/70241"}],"up":[{"embeddable":true,"href":"https:\/\/fsmcv.org\/vl\/wp-json\/wp\/v2\/pages\/44341"}],"wp:featuredmedia":[{"embeddable":true,"href":"https:\/\/fsmcv.org\/vl\/wp-json\/wp\/v2\/media\/41666"}],"wp:attachment":[{"href":"https:\/\/fsmcv.org\/vl\/wp-json\/wp\/v2\/media?parent=45132"}],"curies":[{"name":"wp","href":"https:\/\/api.w.org\/{rel}","templated":true}]}}