{"id":45136,"date":"2020-10-02T14:40:08","date_gmt":"2020-10-02T12:40:08","guid":{"rendered":"https:\/\/fsmcv.org\/segell-discografic\/cd-3-musica-a-la-llum-mes-enlla-del-folklorisme\/"},"modified":"2023-11-30T09:30:42","modified_gmt":"2023-11-30T08:30:42","slug":"cd-3-musica-a-la-llum-mes-enlla-del-folklorisme","status":"publish","type":"page","link":"https:\/\/fsmcv.org\/vl\/segell-discografic\/col%c2%b7leccio-musica-a-la-llum\/cd-3-musica-a-la-llum-mes-enlla-del-folklorisme\/","title":{"rendered":"CD 3 M\u00fasica a la llum: \u00abM\u00e9s enll\u00e0 del folklorisme\u00bb"},"content":{"rendered":"\t\t<div data-elementor-type=\"wp-page\" data-elementor-id=\"45136\" class=\"elementor elementor-45136 elementor-20285\" data-elementor-post-type=\"page\">\n\t\t\t\t\t\t<section class=\"elementor-section elementor-top-section elementor-element elementor-element-27840775 elementor-section-boxed elementor-section-height-default elementor-section-height-default\" data-id=\"27840775\" data-element_type=\"section\" data-e-type=\"section\">\n\t\t\t\t\t\t\t<div class=\"elementor-background-overlay\"><\/div>\n\t\t\t\t\t\t\t<div class=\"elementor-container elementor-column-gap-default\">\n\t\t\t\t\t<div class=\"elementor-column elementor-col-100 elementor-top-column elementor-element elementor-element-34b8d7a1\" data-id=\"34b8d7a1\" data-element_type=\"column\" data-e-type=\"column\">\n\t\t\t<div class=\"elementor-widget-wrap elementor-element-populated\">\n\t\t\t\t\t\t<div class=\"elementor-element elementor-element-2eba9a08 elementor-widget elementor-widget-heading\" data-id=\"2eba9a08\" data-element_type=\"widget\" data-e-type=\"widget\" data-widget_type=\"heading.default\">\n\t\t\t\t<div class=\"elementor-widget-container\">\n\t\t\t\t\t<h1 class=\"elementor-heading-title elementor-size-default\">CD 3 M\u00fasica a la llum: \u00abM\u00e9s enll\u00e0 del folklorisme\u00bb<\/h1>\t\t\t\t<\/div>\n\t\t\t\t<\/div>\n\t\t\t\t\t<\/div>\n\t\t<\/div>\n\t\t\t\t\t<\/div>\n\t\t<\/section>\n\t\t\t\t<section class=\"elementor-section elementor-top-section elementor-element elementor-element-681e8cbd elementor-section-boxed elementor-section-height-default elementor-section-height-default\" data-id=\"681e8cbd\" data-element_type=\"section\" data-e-type=\"section\">\n\t\t\t\t\t\t<div class=\"elementor-container elementor-column-gap-wide\">\n\t\t\t\t\t<div class=\"elementor-column elementor-col-50 elementor-top-column elementor-element elementor-element-2e8aa1a\" data-id=\"2e8aa1a\" data-element_type=\"column\" data-e-type=\"column\">\n\t\t\t<div class=\"elementor-widget-wrap elementor-element-populated\">\n\t\t\t\t\t\t<div class=\"elementor-element elementor-element-17690a5b elementor-view-default elementor-position-block-start elementor-mobile-position-block-start elementor-widget elementor-widget-icon-box\" data-id=\"17690a5b\" data-element_type=\"widget\" data-e-type=\"widget\" data-widget_type=\"icon-box.default\">\n\t\t\t\t<div class=\"elementor-widget-container\">\n\t\t\t\t\t\t\t<div class=\"elementor-icon-box-wrapper\">\n\n\t\t\t\t\t\t<div class=\"elementor-icon-box-icon\">\n\t\t\t\t<span  class=\"elementor-icon\">\n\t\t\t\t<i aria-hidden=\"true\" class=\"fas fa-compact-disc\"><\/i>\t\t\t\t<\/span>\n\t\t\t<\/div>\n\t\t\t\n\t\t\t\t\t\t<div class=\"elementor-icon-box-content\">\n\n\t\t\t\t\t\t\t\t\t<h2 class=\"elementor-icon-box-title\">\n\t\t\t\t\t\t<span  >\n\t\t\t\t\t\t\tCD 3 M\u00fasica a la llum: \u00abM\u00e9s enll\u00e0 del folklorisme\u00bb\t\t\t\t\t\t<\/span>\n\t\t\t\t\t<\/h2>\n\t\t\t\t\n\t\t\t\t\t\t\t\t\t<p class=\"elementor-icon-box-description\">\n\t\t\t\t\t\t\n\n\t\t\t\t\t<\/p>\n\t\t\t\t\n\t\t\t<\/div>\n\t\t\t\n\t\t<\/div>\n\t\t\t\t\t\t<\/div>\n\t\t\t\t<\/div>\n\t\t\t\t<div class=\"elementor-element elementor-element-15679506 elementor-widget elementor-widget-image\" data-id=\"15679506\" data-element_type=\"widget\" data-e-type=\"widget\" data-widget_type=\"image.default\">\n\t\t\t\t<div class=\"elementor-widget-container\">\n\t\t\t\t\t\t\t\t\t\t\t\t\t\t\t<img fetchpriority=\"high\" decoding=\"async\" width=\"500\" height=\"500\" src=\"https:\/\/fsmcv.org\/wp-content\/uploads\/2020\/10\/003-cd_musicaalallum_mes-enlla-del-folklorisme-003.jpg\" class=\"attachment-full size-full wp-image-20073\" alt=\"CD 3 M\u00fasica a la llum: \u00abM\u00e9s enll\u00e0 del folklorisme\u00bb\" srcset=\"https:\/\/fsmcv.org\/wp-content\/uploads\/2020\/10\/003-cd_musicaalallum_mes-enlla-del-folklorisme-003.jpg 500w, https:\/\/fsmcv.org\/wp-content\/uploads\/2020\/10\/003-cd_musicaalallum_mes-enlla-del-folklorisme-003-300x300.jpg 300w, https:\/\/fsmcv.org\/wp-content\/uploads\/2020\/10\/003-cd_musicaalallum_mes-enlla-del-folklorisme-003-100x100.jpg 100w\" sizes=\"(max-width: 500px) 100vw, 500px\" title=\"\">\t\t\t\t\t\t\t\t\t\t\t\t\t\t\t<\/div>\n\t\t\t\t<\/div>\n\t\t\t\t<div class=\"elementor-element elementor-element-48520d83 elementor-align-center elementor-widget elementor-widget-button\" data-id=\"48520d83\" data-element_type=\"widget\" data-e-type=\"widget\" data-widget_type=\"button.default\">\n\t\t\t\t<div class=\"elementor-widget-container\">\n\t\t\t\t\t\t\t\t\t<div class=\"elementor-button-wrapper\">\n\t\t\t\t\t<a class=\"elementor-button elementor-button-link elementor-size-md\" href=\"https:\/\/www.llig.gva.es\/es\/473491-009934.html\" target=\"_blank\" rel=\"noopener\">\n\t\t\t\t\t\t<span class=\"elementor-button-content-wrapper\">\n\t\t\t\t\t\t<span class=\"elementor-button-icon\">\n\t\t\t\t<i aria-hidden=\"true\" class=\"fas fa-arrow-right\"><\/i>\t\t\t<\/span>\n\t\t\t\t\t\t\t\t\t<span class=\"elementor-button-text\">Comprar \"M\u00e9s enll\u00e0 del Folklorisme\"<\/span>\n\t\t\t\t\t<\/span>\n\t\t\t\t\t<\/a>\n\t\t\t\t<\/div>\n\t\t\t\t\t\t\t\t<\/div>\n\t\t\t\t<\/div>\n\t\t\t\t\t<\/div>\n\t\t<\/div>\n\t\t\t\t<div class=\"elementor-column elementor-col-50 elementor-top-column elementor-element elementor-element-121c655d\" data-id=\"121c655d\" data-element_type=\"column\" data-e-type=\"column\">\n\t\t\t<div class=\"elementor-widget-wrap elementor-element-populated\">\n\t\t\t\t\t\t<div class=\"elementor-element elementor-element-23d00949 elementor-widget elementor-widget-text-editor\" data-id=\"23d00949\" data-element_type=\"widget\" data-e-type=\"widget\" data-widget_type=\"text-editor.default\">\n\t\t\t\t<div class=\"elementor-widget-container\">\n\t\t\t\t\t\t\t\t\t<p><strong>Director:<\/strong> Sa\u00fcl G\u00f3mez.<\/p>\n<p><strong>Obres<\/strong><\/p>\n<p>\u2013 <em>Preludi (1944), Luis Torregros Garc\u00eda.<\/em><\/p>\n<p>\u2013 <em>Herperia (1981), Juan Mart\u00ednez B\u00e1guena.<\/em><\/p>\n<ul>\n<li>En la monta\u00f1a.<\/li>\n<li>En el Carmen.<\/li>\n<li>En el Har\u00e9n.<\/li>\n<li>Recopilaci\u00f3n.<\/li>\n<\/ul>\n<p>\u2013 <em>Fantas\u00eda para banda (ca. 1930), Mariano P\u00e9rez S\u00e1nchez.<\/em><\/p>\n<p>\u2013 <em>Tr\u00edptico, opus 65 (1977), Emilio Vald\u00e9s Perlasia.<\/em><\/p>\n<ul>\n<li>Pastoral.<\/li>\n<li>Plegaria en la monta\u00f1a.<\/li>\n<li>Despedida.<\/li>\n<\/ul>\n<p>\u2013 <em>El pollo bien (ca. 1922), Manuel Palau<\/em><\/p>\n<p><strong>Autor corporatiu<\/strong><br \/>Jove Banda Simf\u00f2nica de la Federaci\u00f3 de Societats Musicals de la Comunitat Valenciana.<\/p>\n<p><strong>Int\u00e8rprets<\/strong><br \/>Jove Banda Simf\u00f2nica de la Federaci\u00f3 de Societats Musicals de la Comunitat Valenciana. Director: Sa\u00fcl G\u00f3mez.<\/p>\n<p><strong>Dep\u00f2sit legal<\/strong><br \/>V-1205\/2019<\/p>\n<p><strong>Descripci\u00f3 f\u00edsica<\/strong><br \/>1 CD + 1 fullet (8 p.)<\/p>\n<p><strong>Publicaci\u00f3<\/strong><br \/>Val\u00e8ncia: Institut Valenci\u00e0 de Cultura-Generalitat Valenciana<\/p>\n<p><strong>Nota de contingut<\/strong><br \/>El programa M\u00fasica a la Llum, patrocinat per Bankia i organitzat per l&#8217;Institut Valenci\u00e0 de Cultura-Generalitat Valenciana i la Federaci\u00f3 de Societats Musicals de la Comunitat Valenciana, sorgeix per a col\u00b7laborar amb les societats musicals en la conservaci\u00f3, posada en valor i difusi\u00f3 de l&#8217;espl\u00e8ndid patrimoni cultural custodiat en els seus arxius. Aquest \u00e9s el tercer CD de la col\u00b7lecci\u00f3.<\/p>\n<p><strong>\u00a1Escolta aquest CD en Spotify!<\/strong><\/p>\n<p><iframe title=\"Spotify Embed: M\u00e9s Enll\u00e0 del Folklorisme\" width=\"100%\" height=\"380\" frameborder=\"0\" allowfullscreen allow=\"autoplay; clipboard-write; encrypted-media; fullscreen; picture-in-picture\" src=\"https:\/\/open.spotify.com\/embed\/album\/3IuuYmNQNBE2385PJCco1h?si=_8zZ3B60RSOjib569N_ayg&dl_branch=1&utm_source=oembed\"><\/iframe><\/p><\/p>\n\t\t\t\t\t\t\t\t<\/div>\n\t\t\t\t<\/div>\n\t\t\t\t\t<\/div>\n\t\t<\/div>\n\t\t\t\t\t<\/div>\n\t\t<\/section>\n\t\t\t\t<\/div>\n\t\t","protected":false},"excerpt":{"rendered":"<p>Comprar &#8220;M\u00e9s enll\u00e0 del Folklorisme&#8221; Director: Sa\u00fcl G\u00f3mez. Obres \u2013 Preludi (1944), Luis Torregros Garc\u00eda. \u2013 Herperia (1981), Juan Mart\u00ednez B\u00e1guena. En la monta\u00f1a. En el Carmen. En el Har\u00e9n. Recopilaci\u00f3n. \u2013 Fantas\u00eda para banda (ca. 1930), Mariano P\u00e9rez S\u00e1nchez. \u2013 Tr\u00edptico, opus 65 (1977), Emilio Vald\u00e9s Perlasia. Pastoral. Plegaria en la monta\u00f1a. Despedida. \u2013 [&hellip;]<\/p>\n","protected":false},"author":1,"featured_media":20073,"parent":44341,"menu_order":3,"comment_status":"closed","ping_status":"closed","template":"elementor_header_footer","meta":{"footnotes":""},"class_list":["post-45136","page","type-page","status-publish","has-post-thumbnail","hentry"],"_links":{"self":[{"href":"https:\/\/fsmcv.org\/vl\/wp-json\/wp\/v2\/pages\/45136","targetHints":{"allow":["GET"]}}],"collection":[{"href":"https:\/\/fsmcv.org\/vl\/wp-json\/wp\/v2\/pages"}],"about":[{"href":"https:\/\/fsmcv.org\/vl\/wp-json\/wp\/v2\/types\/page"}],"author":[{"embeddable":true,"href":"https:\/\/fsmcv.org\/vl\/wp-json\/wp\/v2\/users\/1"}],"replies":[{"embeddable":true,"href":"https:\/\/fsmcv.org\/vl\/wp-json\/wp\/v2\/comments?post=45136"}],"version-history":[{"count":4,"href":"https:\/\/fsmcv.org\/vl\/wp-json\/wp\/v2\/pages\/45136\/revisions"}],"predecessor-version":[{"id":70247,"href":"https:\/\/fsmcv.org\/vl\/wp-json\/wp\/v2\/pages\/45136\/revisions\/70247"}],"up":[{"embeddable":true,"href":"https:\/\/fsmcv.org\/vl\/wp-json\/wp\/v2\/pages\/44341"}],"wp:featuredmedia":[{"embeddable":true,"href":"https:\/\/fsmcv.org\/vl\/wp-json\/wp\/v2\/media\/20073"}],"wp:attachment":[{"href":"https:\/\/fsmcv.org\/vl\/wp-json\/wp\/v2\/media?parent=45136"}],"curies":[{"name":"wp","href":"https:\/\/api.w.org\/{rel}","templated":true}]}}