{"id":45390,"date":"2021-08-30T13:00:38","date_gmt":"2021-08-30T11:00:38","guid":{"rendered":"https:\/\/fsmcv.org\/segell-discografic\/societats-musicals-de-la-comunitat-valenciana-6\/"},"modified":"2021-11-15T16:45:11","modified_gmt":"2021-11-15T15:45:11","slug":"societats-musicals-de-la-comunitat-valenciana-6","status":"publish","type":"page","link":"https:\/\/fsmcv.org\/vl\/segell-discografic\/societats-musicals-de-la-comunitat-valenciana-6\/","title":{"rendered":"Societats Musicals de la Comunitat Valenciana 6"},"content":{"rendered":"\t\t<div data-elementor-type=\"wp-page\" data-elementor-id=\"45390\" class=\"elementor elementor-45390 elementor-42336\" data-elementor-post-type=\"page\">\n\t\t\t\t\t\t<section class=\"elementor-section elementor-top-section elementor-element elementor-element-7bb3e4f2 elementor-section-full_width elementor-section-height-default elementor-section-height-default\" data-id=\"7bb3e4f2\" data-element_type=\"section\" data-e-type=\"section\">\n\t\t\t\t\t\t\t<div class=\"elementor-background-overlay\"><\/div>\n\t\t\t\t\t\t\t<div class=\"elementor-container elementor-column-gap-default\">\n\t\t\t\t\t<div class=\"elementor-column elementor-col-100 elementor-top-column elementor-element elementor-element-31eadfbc\" data-id=\"31eadfbc\" data-element_type=\"column\" data-e-type=\"column\">\n\t\t\t<div class=\"elementor-widget-wrap elementor-element-populated\">\n\t\t\t\t\t\t<div class=\"elementor-element elementor-element-315e2dfe elementor-widget elementor-widget-heading\" data-id=\"315e2dfe\" data-element_type=\"widget\" data-e-type=\"widget\" data-widget_type=\"heading.default\">\n\t\t\t\t<div class=\"elementor-widget-container\">\n\t\t\t\t\t<h1 class=\"elementor-heading-title elementor-size-default\">Societats Musicals de la Comunitat Valenciana 6<\/h1>\t\t\t\t<\/div>\n\t\t\t\t<\/div>\n\t\t\t\t\t<\/div>\n\t\t<\/div>\n\t\t\t\t\t<\/div>\n\t\t<\/section>\n\t\t\t\t<section class=\"elementor-section elementor-top-section elementor-element elementor-element-1c331b8 elementor-section-boxed elementor-section-height-default elementor-section-height-default\" data-id=\"1c331b8\" data-element_type=\"section\" data-e-type=\"section\">\n\t\t\t\t\t\t<div class=\"elementor-container elementor-column-gap-wide\">\n\t\t\t\t\t<div class=\"elementor-column elementor-col-50 elementor-top-column elementor-element elementor-element-2fe9189b\" data-id=\"2fe9189b\" data-element_type=\"column\" data-e-type=\"column\">\n\t\t\t<div class=\"elementor-widget-wrap elementor-element-populated\">\n\t\t\t\t\t\t<div class=\"elementor-element elementor-element-2e7e7e24 elementor-view-default elementor-position-block-start elementor-mobile-position-block-start elementor-widget elementor-widget-icon-box\" data-id=\"2e7e7e24\" data-element_type=\"widget\" data-e-type=\"widget\" data-widget_type=\"icon-box.default\">\n\t\t\t\t<div class=\"elementor-widget-container\">\n\t\t\t\t\t\t\t<div class=\"elementor-icon-box-wrapper\">\n\n\t\t\t\t\t\t<div class=\"elementor-icon-box-icon\">\n\t\t\t\t<span  class=\"elementor-icon\">\n\t\t\t\t<i aria-hidden=\"true\" class=\"fas fa-compact-disc\"><\/i>\t\t\t\t<\/span>\n\t\t\t<\/div>\n\t\t\t\n\t\t\t\t\t\t<div class=\"elementor-icon-box-content\">\n\n\t\t\t\t\t\t\t\t\t<h2 class=\"elementor-icon-box-title\">\n\t\t\t\t\t\t<span  >\n\t\t\t\t\t\t\tSocietats Musicals de la Comunitat Valenciana 6\t\t\t\t\t\t<\/span>\n\t\t\t\t\t<\/h2>\n\t\t\t\t\n\t\t\t\t\t\t\t\t\t<p class=\"elementor-icon-box-description\">\n\t\t\t\t\t\t\n\n\t\t\t\t\t<\/p>\n\t\t\t\t\n\t\t\t<\/div>\n\t\t\t\n\t\t<\/div>\n\t\t\t\t\t\t<\/div>\n\t\t\t\t<\/div>\n\t\t\t\t<div class=\"elementor-element elementor-element-6953aa51 elementor-widget elementor-widget-image\" data-id=\"6953aa51\" data-element_type=\"widget\" data-e-type=\"widget\" data-widget_type=\"image.default\">\n\t\t\t\t<div class=\"elementor-widget-container\">\n\t\t\t\t\t\t\t\t\t\t\t\t\t\t\t<img fetchpriority=\"high\" decoding=\"async\" width=\"2048\" height=\"2048\" src=\"https:\/\/fsmcv.org\/wp-content\/uploads\/2021\/08\/Caratula-6-scaled-scaled.jpg\" class=\"attachment-full size-full wp-image-41749\" alt=\"\" srcset=\"https:\/\/fsmcv.org\/wp-content\/uploads\/2021\/08\/Caratula-6-scaled-scaled.jpg 2048w, https:\/\/fsmcv.org\/wp-content\/uploads\/2021\/08\/Caratula-6-scaled-768x768.jpg 768w, https:\/\/fsmcv.org\/wp-content\/uploads\/2021\/08\/Caratula-6-scaled-300x300.jpg 300w, https:\/\/fsmcv.org\/wp-content\/uploads\/2021\/08\/Caratula-6-scaled-1536x1536.jpg 1536w, https:\/\/fsmcv.org\/wp-content\/uploads\/2021\/08\/Caratula-6-scaled-600x600.jpg 600w, https:\/\/fsmcv.org\/wp-content\/uploads\/2021\/08\/Caratula-6-scaled-100x100.jpg 100w\" sizes=\"(max-width: 2048px) 100vw, 2048px\" title=\"\">\t\t\t\t\t\t\t\t\t\t\t\t\t\t\t<\/div>\n\t\t\t\t<\/div>\n\t\t\t\t<div class=\"elementor-element elementor-element-97e371a elementor-align-center elementor-widget elementor-widget-button\" data-id=\"97e371a\" data-element_type=\"widget\" data-e-type=\"widget\" data-widget_type=\"button.default\">\n\t\t\t\t<div class=\"elementor-widget-container\">\n\t\t\t\t\t\t\t\t\t<div class=\"elementor-button-wrapper\">\n\t\t\t\t\t<a class=\"elementor-button elementor-button-link elementor-size-md\" href=\"https:\/\/fsmcv.org\/vl\/segell-discografic\/\">\n\t\t\t\t\t\t<span class=\"elementor-button-content-wrapper\">\n\t\t\t\t\t\t<span class=\"elementor-button-icon\">\n\t\t\t\t<i aria-hidden=\"true\" class=\"fas fa-arrow-right\"><\/i>\t\t\t<\/span>\n\t\t\t\t\t\t\t\t\t<span class=\"elementor-button-text\">Segell discogr\u00e0fic<\/span>\n\t\t\t\t\t<\/span>\n\t\t\t\t\t<\/a>\n\t\t\t\t<\/div>\n\t\t\t\t\t\t\t\t<\/div>\n\t\t\t\t<\/div>\n\t\t\t\t\t<\/div>\n\t\t<\/div>\n\t\t\t\t<div class=\"elementor-column elementor-col-50 elementor-top-column elementor-element elementor-element-1a62e912\" data-id=\"1a62e912\" data-element_type=\"column\" data-e-type=\"column\">\n\t\t\t<div class=\"elementor-widget-wrap elementor-element-populated\">\n\t\t\t\t\t\t<div class=\"elementor-element elementor-element-1e78741d elementor-widget elementor-widget-text-editor\" data-id=\"1e78741d\" data-element_type=\"widget\" data-e-type=\"widget\" data-widget_type=\"text-editor.default\">\n\t\t\t\t<div class=\"elementor-widget-container\">\n\t\t\t\t\t\t\t\t\t<p><span style=\"text-decoration: underline;\"><strong>COLECCI\u00d3 DISCOS LEVANTE &#8211; EMV<\/strong><\/span><\/p>\n<p><strong>Cont\u00e9:<\/strong><\/p>\n<p>SOCIETAT MUSICAL D&#8217;ALZIRA<\/p>\n<p>Director: \u00c1ngel Crespo<\/p>\n<p>1. Roque Ba\u00f1os (pasodoble) de Jos\u00e9 Grau<\/p>\n<p>2. Flor de Azahar (selecci\u00f3n) de Gregory Fritze<\/p>\n<p>3. Sinfon\u00eda n\u00ba 0 (IV. Flight to the Heliopolis. Ceremony for Ra) de Bart Picqueur<\/p>\n<p>Director: Ram\u00f3n Garc\u00eda i Soler<\/p>\n<p>4. Ernani (I. Preludio) de Giuseppe Verdi (Arr. Franco Cesarini)<\/p>\n<p>AGRUPACI\u00d3 ART\u00cdSTICA MUSICAL DE D\u00c9NIA (Director: Frank De Vuyst):<\/p>\n<p>5. Solera Fina de Pascual Marquina Narro<\/p>\n<p>6. Centenari Musical de Ram\u00f3n Garc\u00eda i Soler<\/p>\n<p>7. Ghost Train de Eric Whitacre<\/p>\n<p>I. Ghost Train<\/p>\n<p>II. At the Station<\/p>\n<p>III. The Motive Revolution<\/p>\n<p>JOVE BANDA SIMF\u00d2NICA DE LA FSMCV<\/p>\n<p>Director: Jos\u00e9 Mart\u00ednez Colomina<\/p>\n<p>8. Yakka (pasodoble) de Jos\u00e9 Rafael Pascual-Vilaplana<\/p>\n<p>9. Anta\u00f1ona (pasodoble) de Fernando Tormo Ib\u00e1\u00f1ez<\/p>\n<p>Director: Francesc X. Mart\u00ednez Mart\u00ednez<\/p>\n<p>10. A Navajas (pasodoble de concierto) de Salvador Chuli\u00e1<\/p>\n<p><strong>\u00a1Escolta aquest CD en Spotify!<\/strong><\/p>\n<p><iframe title=\"Spotify Embed: Societats Musicals de la Comunitat Valenciana, Vol. 6 (En Directo)\" width=\"100%\" height=\"380\" frameborder=\"0\" allowfullscreen allow=\"autoplay; clipboard-write; encrypted-media; fullscreen; picture-in-picture\" src=\"https:\/\/open.spotify.com\/embed\/album\/2ZYsdczcJ5eguOwpzVi0GH?si=HxiRPQmqRsa3jIgJ5Jth7w&dl_branch=1&utm_source=oembed\"><\/iframe><\/p>\n\t\t\t\t\t\t\t\t<\/div>\n\t\t\t\t<\/div>\n\t\t\t\t\t<\/div>\n\t\t<\/div>\n\t\t\t\t\t<\/div>\n\t\t<\/section>\n\t\t\t\t<\/div>\n\t\t","protected":false},"excerpt":{"rendered":"<p>Segell discogr\u00e0fic COLECCI\u00d3 DISCOS LEVANTE &#8211; EMV Cont\u00e9: SOCIETAT MUSICAL D&#8217;ALZIRA Director: \u00c1ngel Crespo 1. Roque Ba\u00f1os (pasodoble) de Jos\u00e9 Grau 2. Flor de Azahar (selecci\u00f3n) de Gregory Fritze 3. Sinfon\u00eda n\u00ba 0 (IV. Flight to the Heliopolis. Ceremony for Ra) de Bart Picqueur Director: Ram\u00f3n Garc\u00eda i Soler 4. Ernani (I. Preludio) de Giuseppe [&hellip;]<\/p>\n","protected":false},"author":17,"featured_media":41749,"parent":20683,"menu_order":13,"comment_status":"closed","ping_status":"closed","template":"elementor_header_footer","meta":{"footnotes":""},"class_list":["post-45390","page","type-page","status-publish","has-post-thumbnail","hentry"],"_links":{"self":[{"href":"https:\/\/fsmcv.org\/vl\/wp-json\/wp\/v2\/pages\/45390","targetHints":{"allow":["GET"]}}],"collection":[{"href":"https:\/\/fsmcv.org\/vl\/wp-json\/wp\/v2\/pages"}],"about":[{"href":"https:\/\/fsmcv.org\/vl\/wp-json\/wp\/v2\/types\/page"}],"author":[{"embeddable":true,"href":"https:\/\/fsmcv.org\/vl\/wp-json\/wp\/v2\/users\/17"}],"replies":[{"embeddable":true,"href":"https:\/\/fsmcv.org\/vl\/wp-json\/wp\/v2\/comments?post=45390"}],"version-history":[{"count":0,"href":"https:\/\/fsmcv.org\/vl\/wp-json\/wp\/v2\/pages\/45390\/revisions"}],"up":[{"embeddable":true,"href":"https:\/\/fsmcv.org\/vl\/wp-json\/wp\/v2\/pages\/20683"}],"wp:featuredmedia":[{"embeddable":true,"href":"https:\/\/fsmcv.org\/vl\/wp-json\/wp\/v2\/media\/41749"}],"wp:attachment":[{"href":"https:\/\/fsmcv.org\/vl\/wp-json\/wp\/v2\/media?parent=45390"}],"curies":[{"name":"wp","href":"https:\/\/api.w.org\/{rel}","templated":true}]}}