{"id":45863,"date":"2021-07-03T11:27:24","date_gmt":"2021-07-03T09:27:24","guid":{"rendered":"https:\/\/fsmcv.org\/area-de-gestio-cultural\/fsmcv-turisme-terra-de-musica\/musics-amb-d-o\/"},"modified":"2024-12-18T09:31:41","modified_gmt":"2024-12-18T08:31:41","slug":"musics-amb-d-o","status":"publish","type":"page","link":"https:\/\/fsmcv.org\/vl\/area-de-gestio-cultural\/fsmcv-turisme-terra-de-musica\/musics-amb-d-o\/","title":{"rendered":"&#8216;M\u00fasics amb D.O.&#8217;"},"content":{"rendered":"\t\t<div data-elementor-type=\"wp-page\" data-elementor-id=\"45863\" class=\"elementor elementor-45863 elementor-37819\" data-elementor-post-type=\"page\">\n\t\t\t\t\t\t<section class=\"elementor-section elementor-top-section elementor-element elementor-element-46d41f36 elementor-section-boxed elementor-section-height-default elementor-section-height-default\" data-id=\"46d41f36\" data-element_type=\"section\" data-e-type=\"section\">\n\t\t\t\t\t\t\t<div class=\"elementor-background-overlay\"><\/div>\n\t\t\t\t\t\t\t<div class=\"elementor-container elementor-column-gap-default\">\n\t\t\t\t\t<div class=\"elementor-column elementor-col-100 elementor-top-column elementor-element elementor-element-105aeb75\" data-id=\"105aeb75\" data-element_type=\"column\" data-e-type=\"column\" data-settings=\"{&quot;animation&quot;:&quot;none&quot;}\">\n\t\t\t<div class=\"elementor-widget-wrap elementor-element-populated\">\n\t\t\t\t\t\t<div class=\"elementor-element elementor-element-1d1c532 elementor-widget elementor-widget-heading\" data-id=\"1d1c532\" data-element_type=\"widget\" data-e-type=\"widget\" data-widget_type=\"heading.default\">\n\t\t\t\t<div class=\"elementor-widget-container\">\n\t\t\t\t\t<h1 class=\"elementor-heading-title elementor-size-default\">&#8216;M\u00fasics amb D.O.&#8217;<\/h1>\t\t\t\t<\/div>\n\t\t\t\t<\/div>\n\t\t\t\t<div class=\"elementor-element elementor-element-11c0f4a5 elementor-widget elementor-widget-text-editor\" data-id=\"11c0f4a5\" data-element_type=\"widget\" data-e-type=\"widget\" data-widget_type=\"text-editor.default\">\n\t\t\t\t<div class=\"elementor-widget-container\">\n\t\t\t\t\t\t\t\t\t<p>Mapa localitzador de m\u00fasics amb denominaci\u00f3 d&#8217;origen de la Comunitat Valenciana<\/p>\n\t\t\t\t\t\t\t\t<\/div>\n\t\t\t\t<\/div>\n\t\t\t\t<div class=\"elementor-element elementor-element-0c47f8e elementor-widget elementor-widget-video\" data-id=\"0c47f8e\" data-element_type=\"widget\" data-e-type=\"widget\" data-settings=\"{&quot;youtube_url&quot;:&quot;https:\\\/\\\/youtu.be\\\/w4py1O1YLw0&quot;,&quot;video_type&quot;:&quot;youtube&quot;,&quot;controls&quot;:&quot;yes&quot;}\" data-widget_type=\"video.default\">\n\t\t\t\t<div class=\"elementor-widget-container\">\n\t\t\t\t\t\t\t<div class=\"elementor-wrapper elementor-open-inline\">\n\t\t\t<div class=\"elementor-video\"><\/div>\t\t<\/div>\n\t\t\t\t\t\t<\/div>\n\t\t\t\t<\/div>\n\t\t\t\t\t<\/div>\n\t\t<\/div>\n\t\t\t\t\t<\/div>\n\t\t<\/section>\n\t\t\t\t<section class=\"elementor-section elementor-top-section elementor-element elementor-element-5e38d4fc elementor-section-full_width elementor-section-height-default elementor-section-height-default\" data-id=\"5e38d4fc\" data-element_type=\"section\" data-e-type=\"section\">\n\t\t\t\t\t\t<div class=\"elementor-container elementor-column-gap-default\">\n\t\t\t\t\t<div class=\"elementor-column elementor-col-100 elementor-top-column elementor-element elementor-element-691c5288\" data-id=\"691c5288\" data-element_type=\"column\" data-e-type=\"column\">\n\t\t\t<div class=\"elementor-widget-wrap elementor-element-populated\">\n\t\t\t\t\t\t<div class=\"elementor-element elementor-element-a96030d elementor-widget elementor-widget-shortcode\" data-id=\"a96030d\" data-element_type=\"widget\" data-e-type=\"widget\" data-widget_type=\"shortcode.default\">\n\t\t\t\t<div class=\"elementor-widget-container\">\n\t\t\t\t\t\t\t<div class=\"elementor-shortcode\"><div class='wpgmp-no-maps'>Para poder ver el mapa es necesario que aceptes las cookies. Gracias.<\/div><\/div>\n\t\t\t\t\t\t<\/div>\n\t\t\t\t<\/div>\n\t\t\t\t\t<\/div>\n\t\t<\/div>\n\t\t\t\t\t<\/div>\n\t\t<\/section>\n\t\t\t\t<section class=\"elementor-section elementor-top-section elementor-element elementor-element-1ca9ad0e elementor-section-boxed elementor-section-height-default elementor-section-height-default\" data-id=\"1ca9ad0e\" data-element_type=\"section\" data-e-type=\"section\">\n\t\t\t\t\t\t<div class=\"elementor-container elementor-column-gap-custom\">\n\t\t\t\t\t<div class=\"elementor-column elementor-col-50 elementor-top-column elementor-element elementor-element-e8b3656\" data-id=\"e8b3656\" data-element_type=\"column\" data-e-type=\"column\">\n\t\t\t<div class=\"elementor-widget-wrap elementor-element-populated\">\n\t\t\t\t\t\t<div class=\"elementor-element elementor-element-3a5adb42 elementor-widget elementor-widget-heading\" data-id=\"3a5adb42\" data-element_type=\"widget\" data-e-type=\"widget\" data-widget_type=\"heading.default\">\n\t\t\t\t<div class=\"elementor-widget-container\">\n\t\t\t\t\t<h3 class=\"elementor-heading-title elementor-size-default\">M\u00fasics amb DO promou el talent 100% valenci\u00e0 i reivindica la Comunitat Valenciana com a exportadora de m\u00fasics d'alta qualitat en el panorama nacional i internacional.<\/h3>\t\t\t\t<\/div>\n\t\t\t\t<\/div>\n\t\t\t\t\t<\/div>\n\t\t<\/div>\n\t\t\t\t<div class=\"elementor-column elementor-col-50 elementor-top-column elementor-element elementor-element-6e75469f\" data-id=\"6e75469f\" data-element_type=\"column\" data-e-type=\"column\">\n\t\t\t<div class=\"elementor-widget-wrap elementor-element-populated\">\n\t\t\t\t\t\t<div class=\"elementor-element elementor-element-5417e467 elementor-widget elementor-widget-text-editor\" data-id=\"5417e467\" data-element_type=\"widget\" data-e-type=\"widget\" data-widget_type=\"text-editor.default\">\n\t\t\t\t<div class=\"elementor-widget-container\">\n\t\t\t\t\t\t\t\t\t<p><span style=\"color: #ff0000;\"><span style=\"color: #c10230;\">M\u00fasics amb Denominaci\u00f3 d\u2019Origen<\/span><\/span> \u00e9s el projecte amb el qual la Federaci\u00f3 de Societats Musicals, en col\u00b7laboraci\u00f3 amb Turisme Comunitat Valenciana, identifica i visibilitza tot el talent que exportem fora del nostre territori.<\/p>\n<p>Per a aix\u00f2 hem desenvolupat d\u2019una base de dades i <span style=\"color: #c10230;\">un mapa interactiu que ens permet localitzar i quantificar als millors ambaixadors culturals de la Comunitat Valenciana: els nostres m\u00fasics.<\/span> <\/p>\n<p>Tots ells van ser formats en les nostres societats musicals, un talent que exportem a tothom, representant el nostre patrimoni i difonent la nostra \u201cmarca Comunitat Valenciana\u201d.<\/p>\n<p><span style=\"color: #c10230;\">Som terra de m\u00fasica, som m\u00fasics amb denominaci\u00f3 d\u2019origen.<\/span><\/p>\n\t\t\t\t\t\t\t\t<\/div>\n\t\t\t\t<\/div>\n\t\t\t\t\t<\/div>\n\t\t<\/div>\n\t\t\t\t\t<\/div>\n\t\t<\/section>\n\t\t\t\t<section class=\"elementor-section elementor-top-section elementor-element elementor-element-8654b68 elementor-section-boxed elementor-section-height-default elementor-section-height-default\" data-id=\"8654b68\" data-element_type=\"section\" data-e-type=\"section\">\n\t\t\t\t\t\t<div class=\"elementor-container elementor-column-gap-default\">\n\t\t\t\t\t<div class=\"elementor-column elementor-col-100 elementor-top-column elementor-element elementor-element-6fa72dc\" data-id=\"6fa72dc\" data-element_type=\"column\" data-e-type=\"column\">\n\t\t\t<div class=\"elementor-widget-wrap elementor-element-populated\">\n\t\t\t\t\t\t<div class=\"elementor-element elementor-element-caa8211 elementor-align-center elementor-widget elementor-widget-button\" data-id=\"caa8211\" data-element_type=\"widget\" data-e-type=\"widget\" data-widget_type=\"button.default\">\n\t\t\t\t<div class=\"elementor-widget-container\">\n\t\t\t\t\t\t\t\t\t<div class=\"elementor-button-wrapper\">\n\t\t\t\t\t<a class=\"elementor-button elementor-button-link elementor-size-md\" href=\"https:\/\/docs.google.com\/forms\/d\/1kZOMNb_VZ8V0wbFudQbDIPiFZslmCN26JamdxcYXhMw\/edit\" target=\"_blank\" rel=\"noopener\">\n\t\t\t\t\t\t<span class=\"elementor-button-content-wrapper\">\n\t\t\t\t\t\t<span class=\"elementor-button-icon\">\n\t\t\t\t<i aria-hidden=\"true\" class=\"fas fa-arrow-right\"><\/i>\t\t\t<\/span>\n\t\t\t\t\t\t\t\t\t<span class=\"elementor-button-text\">Formar parte del Mapa<\/span>\n\t\t\t\t\t<\/span>\n\t\t\t\t\t<\/a>\n\t\t\t\t<\/div>\n\t\t\t\t\t\t\t\t<\/div>\n\t\t\t\t<\/div>\n\t\t\t\t\t<\/div>\n\t\t<\/div>\n\t\t\t\t\t<\/div>\n\t\t<\/section>\n\t\t\t\t<\/div>\n\t\t","protected":false},"excerpt":{"rendered":"<p>Mapa localitzador de m\u00fasics amb denominaci\u00f3 d&#8217;origen de la Comunitat Valenciana M\u00fasics amb DO promou el talent 100% valenci\u00e0 i reivindica la Comunitat Valenciana com a exportadora de m\u00fasics d&#8217;alta qualitat en el panorama nacional i internacional. M\u00fasics amb Denominaci\u00f3 d\u2019Origen \u00e9s el projecte amb el qual la Federaci\u00f3 de Societats Musicals, en col\u00b7laboraci\u00f3 amb [&hellip;]<\/p>\n","protected":false},"author":1,"featured_media":37869,"parent":39685,"menu_order":1,"comment_status":"closed","ping_status":"closed","template":"elementor_header_footer","meta":{"footnotes":""},"class_list":["post-45863","page","type-page","status-publish","has-post-thumbnail","hentry"],"_links":{"self":[{"href":"https:\/\/fsmcv.org\/vl\/wp-json\/wp\/v2\/pages\/45863","targetHints":{"allow":["GET"]}}],"collection":[{"href":"https:\/\/fsmcv.org\/vl\/wp-json\/wp\/v2\/pages"}],"about":[{"href":"https:\/\/fsmcv.org\/vl\/wp-json\/wp\/v2\/types\/page"}],"author":[{"embeddable":true,"href":"https:\/\/fsmcv.org\/vl\/wp-json\/wp\/v2\/users\/1"}],"replies":[{"embeddable":true,"href":"https:\/\/fsmcv.org\/vl\/wp-json\/wp\/v2\/comments?post=45863"}],"version-history":[{"count":4,"href":"https:\/\/fsmcv.org\/vl\/wp-json\/wp\/v2\/pages\/45863\/revisions"}],"predecessor-version":[{"id":75901,"href":"https:\/\/fsmcv.org\/vl\/wp-json\/wp\/v2\/pages\/45863\/revisions\/75901"}],"up":[{"embeddable":true,"href":"https:\/\/fsmcv.org\/vl\/wp-json\/wp\/v2\/pages\/39685"}],"wp:featuredmedia":[{"embeddable":true,"href":"https:\/\/fsmcv.org\/vl\/wp-json\/wp\/v2\/media\/37869"}],"wp:attachment":[{"href":"https:\/\/fsmcv.org\/vl\/wp-json\/wp\/v2\/media?parent=45863"}],"curies":[{"name":"wp","href":"https:\/\/api.w.org\/{rel}","templated":true}]}}