{"id":45934,"date":"2021-08-13T10:51:31","date_gmt":"2021-08-13T08:51:31","guid":{"rendered":"https:\/\/fsmcv.org\/segell-discografic\/jove-banda-simfonica-de-la-fsmcv-temporada-2016\/"},"modified":"2023-07-04T13:39:29","modified_gmt":"2023-07-04T11:39:29","slug":"jove-banda-simfonica-de-la-fsmcv-temporada-2016","status":"publish","type":"page","link":"https:\/\/fsmcv.org\/vl\/segell-discografic\/jove-banda-simfonica-de-la-fsmcv-temporada-2016\/","title":{"rendered":"Jove Banda Simf\u00f2nica de la FSMCV \/ Temporada 2016"},"content":{"rendered":"\t\t<div data-elementor-type=\"wp-page\" data-elementor-id=\"45934\" class=\"elementor elementor-45934 elementor-41112\" data-elementor-post-type=\"page\">\n\t\t\t\t\t\t<section class=\"elementor-section elementor-top-section elementor-element elementor-element-7bb3e4f2 elementor-section-full_width elementor-section-height-default elementor-section-height-default\" data-id=\"7bb3e4f2\" data-element_type=\"section\" data-e-type=\"section\">\n\t\t\t\t\t\t\t<div class=\"elementor-background-overlay\"><\/div>\n\t\t\t\t\t\t\t<div class=\"elementor-container elementor-column-gap-default\">\n\t\t\t\t\t<div class=\"elementor-column elementor-col-100 elementor-top-column elementor-element elementor-element-31eadfbc\" data-id=\"31eadfbc\" data-element_type=\"column\" data-e-type=\"column\">\n\t\t\t<div class=\"elementor-widget-wrap elementor-element-populated\">\n\t\t\t\t\t\t<div class=\"elementor-element elementor-element-315e2dfe elementor-widget elementor-widget-heading\" data-id=\"315e2dfe\" data-element_type=\"widget\" data-e-type=\"widget\" data-widget_type=\"heading.default\">\n\t\t\t\t<div class=\"elementor-widget-container\">\n\t\t\t\t\t<h1 class=\"elementor-heading-title elementor-size-default\">Jove Banda Simf\u00f2nica de la FSMCV \/ Temporada 2016<\/h1>\t\t\t\t<\/div>\n\t\t\t\t<\/div>\n\t\t\t\t\t<\/div>\n\t\t<\/div>\n\t\t\t\t\t<\/div>\n\t\t<\/section>\n\t\t\t\t<section class=\"elementor-section elementor-top-section elementor-element elementor-element-1c331b8 elementor-section-boxed elementor-section-height-default elementor-section-height-default\" data-id=\"1c331b8\" data-element_type=\"section\" data-e-type=\"section\">\n\t\t\t\t\t\t<div class=\"elementor-container elementor-column-gap-wide\">\n\t\t\t\t\t<div class=\"elementor-column elementor-col-50 elementor-top-column elementor-element elementor-element-2fe9189b\" data-id=\"2fe9189b\" data-element_type=\"column\" data-e-type=\"column\">\n\t\t\t<div class=\"elementor-widget-wrap elementor-element-populated\">\n\t\t\t\t\t\t<div class=\"elementor-element elementor-element-2e7e7e24 elementor-view-default elementor-position-block-start elementor-mobile-position-block-start elementor-widget elementor-widget-icon-box\" data-id=\"2e7e7e24\" data-element_type=\"widget\" data-e-type=\"widget\" data-widget_type=\"icon-box.default\">\n\t\t\t\t<div class=\"elementor-widget-container\">\n\t\t\t\t\t\t\t<div class=\"elementor-icon-box-wrapper\">\n\n\t\t\t\t\t\t<div class=\"elementor-icon-box-icon\">\n\t\t\t\t<span  class=\"elementor-icon\">\n\t\t\t\t<i aria-hidden=\"true\" class=\"fas fa-compact-disc\"><\/i>\t\t\t\t<\/span>\n\t\t\t<\/div>\n\t\t\t\n\t\t\t\t\t\t<div class=\"elementor-icon-box-content\">\n\n\t\t\t\t\t\t\t\t\t<h2 class=\"elementor-icon-box-title\">\n\t\t\t\t\t\t<span  >\n\t\t\t\t\t\t\tJove Banda Simf\u00f2nica de la FSMCV \/ Temporada 2016\t\t\t\t\t\t<\/span>\n\t\t\t\t\t<\/h2>\n\t\t\t\t\n\t\t\t\t\t\t\t\t\t<p class=\"elementor-icon-box-description\">\n\t\t\t\t\t\t\n\n\t\t\t\t\t<\/p>\n\t\t\t\t\n\t\t\t<\/div>\n\t\t\t\n\t\t<\/div>\n\t\t\t\t\t\t<\/div>\n\t\t\t\t<\/div>\n\t\t\t\t<div class=\"elementor-element elementor-element-6953aa51 elementor-widget elementor-widget-image\" data-id=\"6953aa51\" data-element_type=\"widget\" data-e-type=\"widget\" data-widget_type=\"image.default\">\n\t\t\t\t<div class=\"elementor-widget-container\">\n\t\t\t\t\t\t\t\t\t\t\t\t\t\t\t<img fetchpriority=\"high\" decoding=\"async\" width=\"2048\" height=\"2048\" src=\"https:\/\/fsmcv.org\/wp-content\/uploads\/2022\/12\/CD-35-JBF-2016-scaled-scaled.jpg\" class=\"attachment-full size-full wp-image-61022\" alt=\"\" srcset=\"https:\/\/fsmcv.org\/wp-content\/uploads\/2022\/12\/CD-35-JBF-2016-scaled-scaled.jpg 2048w, https:\/\/fsmcv.org\/wp-content\/uploads\/2022\/12\/CD-35-JBF-2016-scaled-768x768.jpg 768w, https:\/\/fsmcv.org\/wp-content\/uploads\/2022\/12\/CD-35-JBF-2016-scaled-300x300.jpg 300w, https:\/\/fsmcv.org\/wp-content\/uploads\/2022\/12\/CD-35-JBF-2016-scaled-1536x1536.jpg 1536w, https:\/\/fsmcv.org\/wp-content\/uploads\/2022\/12\/CD-35-JBF-2016-scaled-600x600.jpg 600w, https:\/\/fsmcv.org\/wp-content\/uploads\/2022\/12\/CD-35-JBF-2016-scaled-100x100.jpg 100w\" sizes=\"(max-width: 2048px) 100vw, 2048px\" title=\"\">\t\t\t\t\t\t\t\t\t\t\t\t\t\t\t<\/div>\n\t\t\t\t<\/div>\n\t\t\t\t<div class=\"elementor-element elementor-element-97e371a elementor-align-center elementor-widget elementor-widget-button\" data-id=\"97e371a\" data-element_type=\"widget\" data-e-type=\"widget\" data-widget_type=\"button.default\">\n\t\t\t\t<div class=\"elementor-widget-container\">\n\t\t\t\t\t\t\t\t\t<div class=\"elementor-button-wrapper\">\n\t\t\t\t\t<a class=\"elementor-button elementor-button-link elementor-size-md\" href=\"https:\/\/fsmcv.org\/vl\/segell-discografic\/\">\n\t\t\t\t\t\t<span class=\"elementor-button-content-wrapper\">\n\t\t\t\t\t\t<span class=\"elementor-button-icon\">\n\t\t\t\t<i aria-hidden=\"true\" class=\"fas fa-arrow-right\"><\/i>\t\t\t<\/span>\n\t\t\t\t\t\t\t\t\t<span class=\"elementor-button-text\">Segell discogr\u00e0fic<\/span>\n\t\t\t\t\t<\/span>\n\t\t\t\t\t<\/a>\n\t\t\t\t<\/div>\n\t\t\t\t\t\t\t\t<\/div>\n\t\t\t\t<\/div>\n\t\t\t\t\t<\/div>\n\t\t<\/div>\n\t\t\t\t<div class=\"elementor-column elementor-col-50 elementor-top-column elementor-element elementor-element-1a62e912\" data-id=\"1a62e912\" data-element_type=\"column\" data-e-type=\"column\">\n\t\t\t<div class=\"elementor-widget-wrap elementor-element-populated\">\n\t\t\t\t\t\t<div class=\"elementor-element elementor-element-1e78741d elementor-widget elementor-widget-text-editor\" data-id=\"1e78741d\" data-element_type=\"widget\" data-e-type=\"widget\" data-widget_type=\"text-editor.default\">\n\t\t\t\t<div class=\"elementor-widget-container\">\n\t\t\t\t\t\t\t\t\t<p><strong>Director: Pablo Marqu\u00e9s Mestre<\/strong><\/p>\n<p><strong>Cont\u00e9:<\/strong><\/p>\n<p>1. YAKKA de Jose Rafael Pascual-Vilaplana.<\/p>\n<p>2. KEPHIR de Francisco Zacar\u00e9s Fort.<\/p>\n<p>3. POIROT de Vicente Ortiz.<\/p>\n<p>SINFON\u00cdA N\u00ba3 de James Barnes:<\/p>\n<p>4. Movimiento 1.<\/p>\n<p>5. Movimiento 2.<\/p>\n<p>6. Movimiento 3.<\/p>\n<p>7. Movimiento 4.<\/p>\n<p>8. SAN PELAYO de Victoriano Valencia.<\/p>\n<p>9. GOIRI de Ram\u00f3n Garc\u00eda i Soler.<\/p>\n<p>COOL BRASS FIVE de Ferrer Ferran:<\/p>\n<p>10. Allegro vivo e leggiero.<\/p>\n<p>11. Larghetto molto espressivo.<\/p>\n<p>12. Allegro leggiero.<\/p>\n<p>JAZZ SUITE de Ant\u00f3n Alcalde:<\/p>\n<p>13. Swing.<\/p>\n<p>14. Ballad.<\/p>\n<p>15. Latin.<\/p>\n<p>16. LLUNA MEDITERR\u00c0NIA de Teo Aparicio Barber\u00e1n<\/p>\n<p><span style=\"font-weight: bolder;\">Escolta aquest CD en Spotify! <\/span><\/p>\n<p><iframe title=\"Spotify Embed: Jove Banda Simf\u00f2nica Federaci\u00f3 de Societats Musicals de la Comunitat Valenciana Temporada 2016\" width=\"100%\" height=\"380\" frameborder=\"0\" allowfullscreen allow=\"autoplay; clipboard-write; encrypted-media; fullscreen; picture-in-picture\" src=\"https:\/\/open.spotify.com\/embed\/album\/09ASFAqBHarnwkuIXHk9qL?si=Vn77AxvBT3Kq2BkivVaAuA&dl_branch=1&utm_source=oembed\"><\/iframe><\/p>\n\t\t\t\t\t\t\t\t<\/div>\n\t\t\t\t<\/div>\n\t\t\t\t\t<\/div>\n\t\t<\/div>\n\t\t\t\t\t<\/div>\n\t\t<\/section>\n\t\t\t\t<\/div>\n\t\t","protected":false},"excerpt":{"rendered":"<p>Segell discogr\u00e0fic Director: Pablo Marqu\u00e9s Mestre Cont\u00e9: 1. YAKKA de Jose Rafael Pascual-Vilaplana. 2. KEPHIR de Francisco Zacar\u00e9s Fort. 3. POIROT de Vicente Ortiz. SINFON\u00cdA N\u00ba3 de James Barnes: 4. Movimiento 1. 5. Movimiento 2. 6. Movimiento 3. 7. Movimiento 4. 8. SAN PELAYO de Victoriano Valencia. 9. GOIRI de Ram\u00f3n Garc\u00eda i Soler. COOL [&hellip;]<\/p>\n","protected":false},"author":7,"featured_media":41028,"parent":20683,"menu_order":13,"comment_status":"closed","ping_status":"closed","template":"elementor_header_footer","meta":{"footnotes":""},"class_list":["post-45934","page","type-page","status-publish","has-post-thumbnail","hentry"],"_links":{"self":[{"href":"https:\/\/fsmcv.org\/vl\/wp-json\/wp\/v2\/pages\/45934","targetHints":{"allow":["GET"]}}],"collection":[{"href":"https:\/\/fsmcv.org\/vl\/wp-json\/wp\/v2\/pages"}],"about":[{"href":"https:\/\/fsmcv.org\/vl\/wp-json\/wp\/v2\/types\/page"}],"author":[{"embeddable":true,"href":"https:\/\/fsmcv.org\/vl\/wp-json\/wp\/v2\/users\/7"}],"replies":[{"embeddable":true,"href":"https:\/\/fsmcv.org\/vl\/wp-json\/wp\/v2\/comments?post=45934"}],"version-history":[{"count":0,"href":"https:\/\/fsmcv.org\/vl\/wp-json\/wp\/v2\/pages\/45934\/revisions"}],"up":[{"embeddable":true,"href":"https:\/\/fsmcv.org\/vl\/wp-json\/wp\/v2\/pages\/20683"}],"wp:featuredmedia":[{"embeddable":true,"href":"https:\/\/fsmcv.org\/vl\/wp-json\/wp\/v2\/media\/41028"}],"wp:attachment":[{"href":"https:\/\/fsmcv.org\/vl\/wp-json\/wp\/v2\/media?parent=45934"}],"curies":[{"name":"wp","href":"https:\/\/api.w.org\/{rel}","templated":true}]}}