{"id":55718,"date":"2022-04-01T14:27:11","date_gmt":"2022-04-01T12:27:11","guid":{"rendered":"https:\/\/fsmcv.org\/linstitut-valencia-de-cultura-caixabank-i-la-fsmcv-convoquen-el-v-concurs-caixabank-dorquestres-de-la-comunitat-valenciana\/"},"modified":"2022-04-04T10:14:51","modified_gmt":"2022-04-04T08:14:51","slug":"linstitut-valencia-de-cultura-caixabank-i-la-fsmcv-convoquen-el-v-concurs-caixabank-dorquestres-de-la-comunitat-valenciana","status":"publish","type":"page","link":"https:\/\/fsmcv.org\/vl\/noticies\/linstitut-valencia-de-cultura-caixabank-i-la-fsmcv-convoquen-el-v-concurs-caixabank-dorquestres-de-la-comunitat-valenciana\/","title":{"rendered":"L&#8217;Institut Valenci\u00e0 de Cultura, CaixaBank i la FSMCV convoquen el V Concurs CaixaBank d&#8217;Orquestres de la Comunitat Valenciana"},"content":{"rendered":"\n<p>L&#8217;Institut Valenci\u00e0 de Cultura en col\u00b7laboraci\u00f3 amb la Federaci\u00f3 de Societats Musicals i el Patrocine de CaixaBank, convoca el cinqu\u00e9 Concurs CaixaBank d&#8217;Orquestres, emmarcat dins del Programa &#8220;CaixaBank Escorta Val\u00e8ncia&#8221;.<\/p>\n\n<p>El V Concurs CaixaBank d&#8217;Orquestres tindr\u00e0 lloc el dia 13 de novembre a l&#8217;Auditori del Palau de les Arts de Val\u00e8ncia.<\/p>\n\n<p><\/p>\n\n<p><\/p>\n\n<p>S&#8217;estableixen dues categories per a les orquestres participants:<\/p>\n\n<ul class=\"wp-block-list\"><li>Categoria \u201cSalvador Giner\u201d, en la qual podran participar orquestres amb una plantilla entre 30 i 50 m\u00fasics.<br\/><\/li><li>Categoria \u201cMart\u00edn i Soler\u201d, en la qual podran participar orquestres amb una plantilla entre 51 i 70 m\u00fasics.<\/li><\/ul>\n<p><\/p>\n\n<p><\/p>\n\n<p><strong>El termini d&#8217;inscripci\u00f3 \u00e9s des de l&#8217;1 d&#8217;abril al 15 de maig. <\/strong><\/p>\n\n<p><\/p>\n\n<p><\/p>\n\n<p>Les sol\u00b7licituds s&#8217;han de tramitar per via telem\u00e0tica, presentant el Model Annex per correu electr\u00f2nic en l&#8217;adre\u00e7a: <strong><a href=\"mailto:concurso_orquestas@gva.es\">concurso_orquestas@gva.es<\/a><\/strong><\/p>\n\n<p><\/p>\n\n<p><\/p>\n\n<p><\/p>\n\n<p><strong>Documentaci\u00f3 de la convocat\u00f2ria:<\/strong> <strong><a href=\"https:\/\/drive.google.com\/drive\/folders\/1AEH4GNNlx3XLwqjwh9Fa_jck-R_pICvF?usp=sharing\" data-type=\"URL\" data-id=\"https:\/\/drive.google.com\/drive\/folders\/1AEH4GNNlx3XLwqjwh9Fa_jck-R_pICvF?usp=sharing\" target=\"_blank\" rel=\"noopener\">Bases, Annex d&#8217;inscrpci\u00f3 i Cartell<\/a><\/strong><\/p>\n\n<p><\/p>\n\n<p><\/p>\n\n<p><strong>M\u00e9s informaci\u00f3 en<\/strong>: <a href=\"https:\/\/ivc.gva.es\/val\/musica-val\/festivals-musica\/concurs-caixabank%20\" target=\"_blank\" rel=\"noopener\"><strong>https:\/\/ivc.gva.es\/val\/musica-val\/festivals-musica\/concurs-caixabank <\/strong><\/a> <\/p>\n\n<p><\/p>\n\n<p><\/p>\n\n<p><\/p>\n\n<figure class=\"wp-block-image size-large\"><img decoding=\"async\" src=\"https:\/\/fsmcv.org\/wp-content\/uploads\/2022\/04\/v-concurs-orquestres-caixabank-cartell_page-0001-1-725x1024.jpg\" alt=\"\" class=\"wp-image-55728\" title=\"\"><\/figure>\n<p><\/p>\n\n<p><\/p>\n\n<p><\/p>\n","protected":false},"excerpt":{"rendered":"<p>L&#8217;Institut Valenci\u00e0 de Cultura en col\u00b7laboraci\u00f3 amb la Federaci\u00f3 de Societats Musicals i el Patrocine de CaixaBank, convoca el cinqu\u00e9 Concurs CaixaBank d&#8217;Orquestres, emmarcat dins del Programa &#8220;CaixaBank Escorta Val\u00e8ncia&#8221;. El V Concurs CaixaBank d&#8217;Orquestres tindr\u00e0 lloc el dia 13 de novembre a l&#8217;Auditori del Palau de les Arts de Val\u00e8ncia. S&#8217;estableixen dues categories per [&hellip;]<\/p>\n","protected":false},"author":7,"featured_media":55728,"parent":39794,"menu_order":0,"comment_status":"closed","ping_status":"closed","template":"","meta":{"footnotes":""},"class_list":["post-55718","page","type-page","status-publish","has-post-thumbnail","hentry"],"_links":{"self":[{"href":"https:\/\/fsmcv.org\/vl\/wp-json\/wp\/v2\/pages\/55718","targetHints":{"allow":["GET"]}}],"collection":[{"href":"https:\/\/fsmcv.org\/vl\/wp-json\/wp\/v2\/pages"}],"about":[{"href":"https:\/\/fsmcv.org\/vl\/wp-json\/wp\/v2\/types\/page"}],"author":[{"embeddable":true,"href":"https:\/\/fsmcv.org\/vl\/wp-json\/wp\/v2\/users\/7"}],"replies":[{"embeddable":true,"href":"https:\/\/fsmcv.org\/vl\/wp-json\/wp\/v2\/comments?post=55718"}],"version-history":[{"count":0,"href":"https:\/\/fsmcv.org\/vl\/wp-json\/wp\/v2\/pages\/55718\/revisions"}],"up":[{"embeddable":true,"href":"https:\/\/fsmcv.org\/vl\/wp-json\/wp\/v2\/pages\/39794"}],"wp:featuredmedia":[{"embeddable":true,"href":"https:\/\/fsmcv.org\/vl\/wp-json\/wp\/v2\/media\/55728"}],"wp:attachment":[{"href":"https:\/\/fsmcv.org\/vl\/wp-json\/wp\/v2\/media?parent=55718"}],"curies":[{"name":"wp","href":"https:\/\/api.w.org\/{rel}","templated":true}]}}