{"id":55783,"date":"2022-04-05T01:33:32","date_gmt":"2022-04-04T23:33:32","guid":{"rendered":"https:\/\/fsmcv.org\/les-nostres-societats-musicals-2\/"},"modified":"2024-05-23T14:55:12","modified_gmt":"2024-05-23T12:55:12","slug":"les-nostres-societats-musicals","status":"publish","type":"page","link":"https:\/\/fsmcv.org\/vl\/federacio-de-societats-musicals-de-la-comunitat-valenciana\/les-nostres-societats-musicals\/","title":{"rendered":"Les nostres societats musicals"},"content":{"rendered":"\t\t<div data-elementor-type=\"wp-page\" data-elementor-id=\"55783\" class=\"elementor elementor-55783 elementor-55769\" data-elementor-post-type=\"page\">\n\t\t\t\t\t\t<section class=\"elementor-section elementor-top-section elementor-element elementor-element-09b55a8 elementor-section-boxed elementor-section-height-default elementor-section-height-default\" data-id=\"09b55a8\" data-element_type=\"section\" data-e-type=\"section\">\n\t\t\t\t\t\t\t<div class=\"elementor-background-overlay\"><\/div>\n\t\t\t\t\t\t\t<div class=\"elementor-container elementor-column-gap-default\">\n\t\t\t\t\t<div class=\"elementor-column elementor-col-100 elementor-top-column elementor-element elementor-element-01700d0\" data-id=\"01700d0\" data-element_type=\"column\" data-e-type=\"column\">\n\t\t\t<div class=\"elementor-widget-wrap elementor-element-populated\">\n\t\t\t\t\t\t<div class=\"elementor-element elementor-element-b7fe04b elementor-widget elementor-widget-heading\" data-id=\"b7fe04b\" data-element_type=\"widget\" data-e-type=\"widget\" data-widget_type=\"heading.default\">\n\t\t\t\t<div class=\"elementor-widget-container\">\n\t\t\t\t\t<h1 class=\"elementor-heading-title elementor-size-default\">Les nostres Societats Musicals<\/h1>\t\t\t\t<\/div>\n\t\t\t\t<\/div>\n\t\t\t\t<div class=\"elementor-element elementor-element-367642b elementor-widget elementor-widget-text-editor\" data-id=\"367642b\" data-element_type=\"widget\" data-e-type=\"widget\" data-widget_type=\"text-editor.default\">\n\t\t\t\t<div class=\"elementor-widget-container\">\n\t\t\t\t\t\t\t\t\t<p>Presentaci\u00f3<\/p>\n\t\t\t\t\t\t\t\t<\/div>\n\t\t\t\t<\/div>\n\t\t\t\t\t<\/div>\n\t\t<\/div>\n\t\t\t\t\t<\/div>\n\t\t<\/section>\n\t\t\t\t<section class=\"elementor-section elementor-top-section elementor-element elementor-element-4affae2 elementor-section-boxed elementor-section-height-default elementor-section-height-default\" data-id=\"4affae2\" data-element_type=\"section\" data-e-type=\"section\">\n\t\t\t\t\t\t<div class=\"elementor-container elementor-column-gap-default\">\n\t\t\t\t\t<div class=\"elementor-column elementor-col-100 elementor-top-column elementor-element elementor-element-f404b70\" data-id=\"f404b70\" data-element_type=\"column\" data-e-type=\"column\">\n\t\t\t<div class=\"elementor-widget-wrap elementor-element-populated\">\n\t\t\t\t\t\t<div class=\"elementor-element elementor-element-0abdb67 elementor-widget elementor-widget-html\" data-id=\"0abdb67\" data-element_type=\"widget\" data-e-type=\"widget\" data-widget_type=\"html.default\">\n\t\t\t\t<div class=\"elementor-widget-container\">\n\t\t\t\t\t<iframe src=\"https:\/\/progem.fsmcv.org:8248\/GET_SM_HTML\" width=\"100%\" height=\"1400px\"><\/iframe>\t\t\t\t<\/div>\n\t\t\t\t<\/div>\n\t\t\t\t<div class=\"elementor-element elementor-element-8dc56f8 elementor-widget elementor-widget-heading\" data-id=\"8dc56f8\" data-element_type=\"widget\" data-e-type=\"widget\" id=\"my-txt-buscador\" data-widget_type=\"heading.default\">\n\t\t\t\t<div class=\"elementor-widget-container\">\n\t\t\t\t\t<h2 class=\"elementor-heading-title elementor-size-default\">Buscador:<\/h2>\t\t\t\t<\/div>\n\t\t\t\t<\/div>\n\t\t\t\t<section class=\"elementor-section elementor-inner-section elementor-element elementor-element-1b7b59b elementor-section-boxed elementor-section-height-default elementor-section-height-default\" data-id=\"1b7b59b\" data-element_type=\"section\" data-e-type=\"section\" id=\"my-campos-bus\">\n\t\t\t\t\t\t<div class=\"elementor-container elementor-column-gap-default\">\n\t\t\t\t\t<div class=\"elementor-column elementor-col-25 elementor-inner-column elementor-element elementor-element-d089674\" data-id=\"d089674\" data-element_type=\"column\" data-e-type=\"column\">\n\t\t\t<div class=\"elementor-widget-wrap\">\n\t\t\t\t\t\t\t<\/div>\n\t\t<\/div>\n\t\t\t\t<div class=\"elementor-column elementor-col-25 elementor-inner-column elementor-element elementor-element-ee180f2\" data-id=\"ee180f2\" data-element_type=\"column\" data-e-type=\"column\">\n\t\t\t<div class=\"elementor-widget-wrap\">\n\t\t\t\t\t\t\t<\/div>\n\t\t<\/div>\n\t\t\t\t<div class=\"elementor-column elementor-col-25 elementor-inner-column elementor-element elementor-element-e0be4dc\" data-id=\"e0be4dc\" data-element_type=\"column\" data-e-type=\"column\">\n\t\t\t<div class=\"elementor-widget-wrap\">\n\t\t\t\t\t\t\t<\/div>\n\t\t<\/div>\n\t\t\t\t<div class=\"elementor-column elementor-col-25 elementor-inner-column elementor-element elementor-element-4b62c9e\" data-id=\"4b62c9e\" data-element_type=\"column\" data-e-type=\"column\">\n\t\t\t<div class=\"elementor-widget-wrap\">\n\t\t\t\t\t\t\t<\/div>\n\t\t<\/div>\n\t\t\t\t\t<\/div>\n\t\t<\/section>\n\t\t\t\t\t<\/div>\n\t\t<\/div>\n\t\t\t\t\t<\/div>\n\t\t<\/section>\n\t\t\t\t<\/div>\n\t\t","protected":false},"excerpt":{"rendered":"<p>Les nostres Societats Musicals Presentaci\u00f3 Buscador: ProvinciaALICANTECASTELL\u00d3NVALENCIA ComarcaALTO PALANCIABAIX MAESTRATCAMP DE MORVEDRECAMP DE T\u00daRIACANAL DE NAVARR\u00c9S-ENGUERACIUDAD DE VALENCIAELS PORTS-ALT MAESTRATHORTA NORDHORTA SUDHOYA DE BU\u00d1OL-CHIVAL&#8217;ALACANT\u00cdL&#8217;ALCALATEN-ALT MILLARSL&#8217;ALCOI\u00c0-COMPTATLA COSTERALA FOIA DE CASTALLA-ALT VINALOP\u00d3LA SAFOR-VALLDIGNALA VALL D&#8217;ALBAIDALOS SERRANOSMARINA ALTAMARINA BAIXAPLANA ALTAPLANA BAIXARIBERA ALTARIBERA BAIXATIERRA DEL VINOVALL DE C\u00c0RCERVALL DELS ALCALANSVALLE DE AYORAVEGA BAJA-BAIX VINALOPOVINALOP\u00d3 &#8211; https:\/\/www.facebook.com\/SOCIEDAD-MUSICAL-DE-ADEMUZ-133256566270\/ &#8211; bandaador@amsca.es &#8211; [&hellip;]<\/p>\n","protected":false},"author":1,"featured_media":0,"parent":39520,"menu_order":0,"comment_status":"closed","ping_status":"closed","template":"elementor_header_footer","meta":{"footnotes":""},"class_list":["post-55783","page","type-page","status-publish","hentry"],"_links":{"self":[{"href":"https:\/\/fsmcv.org\/vl\/wp-json\/wp\/v2\/pages\/55783","targetHints":{"allow":["GET"]}}],"collection":[{"href":"https:\/\/fsmcv.org\/vl\/wp-json\/wp\/v2\/pages"}],"about":[{"href":"https:\/\/fsmcv.org\/vl\/wp-json\/wp\/v2\/types\/page"}],"author":[{"embeddable":true,"href":"https:\/\/fsmcv.org\/vl\/wp-json\/wp\/v2\/users\/1"}],"replies":[{"embeddable":true,"href":"https:\/\/fsmcv.org\/vl\/wp-json\/wp\/v2\/comments?post=55783"}],"version-history":[{"count":0,"href":"https:\/\/fsmcv.org\/vl\/wp-json\/wp\/v2\/pages\/55783\/revisions"}],"up":[{"embeddable":true,"href":"https:\/\/fsmcv.org\/vl\/wp-json\/wp\/v2\/pages\/39520"}],"wp:attachment":[{"href":"https:\/\/fsmcv.org\/vl\/wp-json\/wp\/v2\/media?parent=55783"}],"curies":[{"name":"wp","href":"https:\/\/api.w.org\/{rel}","templated":true}]}}