{"id":58653,"date":"2022-08-11T09:18:45","date_gmt":"2022-08-11T07:18:45","guid":{"rendered":"https:\/\/fsmcv.org\/segell-discografic\/commemoracio-xx-aniversari-de-la-agrupacio-musical-els-majors-de-lhorta-sud\/"},"modified":"2023-01-02T10:41:38","modified_gmt":"2023-01-02T09:41:38","slug":"cd-commemoracio-xx-aniversari-de-la-agrupacio-musical-els-majors-de-lhorta-sud","status":"publish","type":"page","link":"https:\/\/fsmcv.org\/vl\/segell-discografic\/cd-commemoracio-xx-aniversari-de-la-agrupacio-musical-els-majors-de-lhorta-sud\/","title":{"rendered":"Commemoraci\u00f3 XX Aniversari &#8211; Agrupaci\u00f3 Musical &#8220;Els Majors de l&#8217;Horta Sud&#8221;"},"content":{"rendered":"\t\t<div data-elementor-type=\"wp-page\" data-elementor-id=\"58653\" class=\"elementor elementor-58653 elementor-58629\" data-elementor-post-type=\"page\">\n\t\t\t\t\t\t<section class=\"elementor-section elementor-top-section elementor-element elementor-element-24dd22af elementor-section-boxed elementor-section-height-default elementor-section-height-default\" data-id=\"24dd22af\" data-element_type=\"section\" data-e-type=\"section\">\n\t\t\t\t\t\t\t<div class=\"elementor-background-overlay\"><\/div>\n\t\t\t\t\t\t\t<div class=\"elementor-container elementor-column-gap-default\">\n\t\t\t\t\t<div class=\"elementor-column elementor-col-100 elementor-top-column elementor-element elementor-element-773e3e2b\" data-id=\"773e3e2b\" data-element_type=\"column\" data-e-type=\"column\">\n\t\t\t<div class=\"elementor-widget-wrap elementor-element-populated\">\n\t\t\t\t\t\t<div class=\"elementor-element elementor-element-2a6f644d elementor-widget elementor-widget-heading\" data-id=\"2a6f644d\" data-element_type=\"widget\" data-e-type=\"widget\" data-widget_type=\"heading.default\">\n\t\t\t\t<div class=\"elementor-widget-container\">\n\t\t\t\t\t<h1 class=\"elementor-heading-title elementor-size-default\">Commemoraci\u00f3 XX Aniversari &#8211; Agrupaci\u00f3 Musical &#8220;Els Majors de l&#8217;Horta Sud&#8221;<\/h1>\t\t\t\t<\/div>\n\t\t\t\t<\/div>\n\t\t\t\t\t<\/div>\n\t\t<\/div>\n\t\t\t\t\t<\/div>\n\t\t<\/section>\n\t\t\t\t<section class=\"elementor-section elementor-top-section elementor-element elementor-element-5e58e544 elementor-section-boxed elementor-section-height-default elementor-section-height-default\" data-id=\"5e58e544\" data-element_type=\"section\" data-e-type=\"section\">\n\t\t\t\t\t\t<div class=\"elementor-container elementor-column-gap-wide\">\n\t\t\t\t\t<div class=\"elementor-column elementor-col-50 elementor-top-column elementor-element elementor-element-f46ac6d\" data-id=\"f46ac6d\" data-element_type=\"column\" data-e-type=\"column\">\n\t\t\t<div class=\"elementor-widget-wrap elementor-element-populated\">\n\t\t\t\t\t\t<div class=\"elementor-element elementor-element-489fe89e elementor-view-default elementor-position-block-start elementor-mobile-position-block-start elementor-widget elementor-widget-icon-box\" data-id=\"489fe89e\" data-element_type=\"widget\" data-e-type=\"widget\" data-widget_type=\"icon-box.default\">\n\t\t\t\t<div class=\"elementor-widget-container\">\n\t\t\t\t\t\t\t<div class=\"elementor-icon-box-wrapper\">\n\n\t\t\t\t\t\t<div class=\"elementor-icon-box-icon\">\n\t\t\t\t<span  class=\"elementor-icon\">\n\t\t\t\t<i aria-hidden=\"true\" class=\"fas fa-compact-disc\"><\/i>\t\t\t\t<\/span>\n\t\t\t<\/div>\n\t\t\t\n\t\t\t\t\t\t<div class=\"elementor-icon-box-content\">\n\n\t\t\t\t\t\t\t\t\t<h2 class=\"elementor-icon-box-title\">\n\t\t\t\t\t\t<span  >\n\t\t\t\t\t\t\tCommemoraci\u00f3 XX Aniversari &#8211; Agrupaci\u00f3 Musical &#8220;Els Majors de l&#8217;Horta Sud&#8221;\t\t\t\t\t\t<\/span>\n\t\t\t\t\t<\/h2>\n\t\t\t\t\n\t\t\t\t\t\t\t\t\t<p class=\"elementor-icon-box-description\">\n\t\t\t\t\t\t\n\n\t\t\t\t\t<\/p>\n\t\t\t\t\n\t\t\t<\/div>\n\t\t\t\n\t\t<\/div>\n\t\t\t\t\t\t<\/div>\n\t\t\t\t<\/div>\n\t\t\t\t<div class=\"elementor-element elementor-element-4683a3d9 elementor-widget elementor-widget-image\" data-id=\"4683a3d9\" data-element_type=\"widget\" data-e-type=\"widget\" data-widget_type=\"image.default\">\n\t\t\t\t<div class=\"elementor-widget-container\">\n\t\t\t\t\t\t\t\t\t\t\t\t\t\t\t<img fetchpriority=\"high\" decoding=\"async\" width=\"1600\" height=\"1200\" src=\"https:\/\/fsmcv.org\/wp-content\/uploads\/2022\/08\/PORTADA.jpeg\" class=\"attachment-full size-full wp-image-58635\" alt=\"\" srcset=\"https:\/\/fsmcv.org\/wp-content\/uploads\/2022\/08\/PORTADA.jpeg 1600w, https:\/\/fsmcv.org\/wp-content\/uploads\/2022\/08\/PORTADA-768x576.jpeg 768w, https:\/\/fsmcv.org\/wp-content\/uploads\/2022\/08\/PORTADA-1536x1152.jpeg 1536w, https:\/\/fsmcv.org\/wp-content\/uploads\/2022\/08\/PORTADA-600x450.jpeg 600w\" sizes=\"(max-width: 1600px) 100vw, 1600px\" title=\"\">\t\t\t\t\t\t\t\t\t\t\t\t\t\t\t<\/div>\n\t\t\t\t<\/div>\n\t\t\t\t<div class=\"elementor-element elementor-element-258b06ca elementor-align-center elementor-widget elementor-widget-button\" data-id=\"258b06ca\" data-element_type=\"widget\" data-e-type=\"widget\" data-widget_type=\"button.default\">\n\t\t\t\t<div class=\"elementor-widget-container\">\n\t\t\t\t\t\t\t\t\t<div class=\"elementor-button-wrapper\">\n\t\t\t\t\t<a class=\"elementor-button elementor-button-link elementor-size-md\" href=\"https:\/\/fsmcv.org\/vl\/segell-discografic\/\">\n\t\t\t\t\t\t<span class=\"elementor-button-content-wrapper\">\n\t\t\t\t\t\t<span class=\"elementor-button-icon\">\n\t\t\t\t<i aria-hidden=\"true\" class=\"fas fa-arrow-right\"><\/i>\t\t\t<\/span>\n\t\t\t\t\t\t\t\t\t<span class=\"elementor-button-text\">Segell discogr\u00e0fic<\/span>\n\t\t\t\t\t<\/span>\n\t\t\t\t\t<\/a>\n\t\t\t\t<\/div>\n\t\t\t\t\t\t\t\t<\/div>\n\t\t\t\t<\/div>\n\t\t\t\t\t<\/div>\n\t\t<\/div>\n\t\t\t\t<div class=\"elementor-column elementor-col-50 elementor-top-column elementor-element elementor-element-5f85e539\" data-id=\"5f85e539\" data-element_type=\"column\" data-e-type=\"column\">\n\t\t\t<div class=\"elementor-widget-wrap elementor-element-populated\">\n\t\t\t\t\t\t<div class=\"elementor-element elementor-element-44ac2d77 elementor-widget elementor-widget-text-editor\" data-id=\"44ac2d77\" data-element_type=\"widget\" data-e-type=\"widget\" data-widget_type=\"text-editor.default\">\n\t\t\t\t<div class=\"elementor-widget-container\">\n\t\t\t\t\t\t\t\t\t<p><span style=\"font-weight: bolder;\">Obres<\/span><\/p>\n<p>\u2013 Himne a la Comarca de l&#8217;Horta Sud, compositor musical D. Vicente Ram\u00f3n Tarazona Pons y del lletrista D. Hilari Gasc\u00f3 Melguizo<\/p>\n<p>\u2013 Els Majors de l&#8217;Horta Sud (P.D.), del compositor D. Hugo Chinesta<\/p>\n<p><span style=\"font-weight: bolder;\">Int\u00e8rprets<\/span><br \/>Banda de l\u00b4Agrupaci\u00f3 Musical &#8220;Els Majors de l&#8217;Horta Sud&#8221;<\/p>\n<p><span style=\"font-weight: bolder;\">Refer\u00e8ncia<\/span><br \/>01SM22<\/p>\n<p><span style=\"font-weight: bolder;\">Descripci\u00f3 f\u00edsica<\/span><br \/>1 usb<\/p>\n<p><span style=\"font-weight: bolder;\">Publicaci\u00f3<\/span><br \/>FSMCV Produccions<\/p>\n<\/p>\n<p><strong>\u00a1Escolta aquest CD en Spotify!<\/strong><\/p>\n<p><iframe title=\"Spotify Embed: Commemoraci\u00f3 XX Aniversari de la Agrupaci\u00f3 Musical \u201cEls Majors de l&amp;apos;Horta Sud\u201d (En Directo)\" style=\"border-radius: 12px\" width=\"100%\" height=\"352\" frameborder=\"0\" allowfullscreen allow=\"autoplay; clipboard-write; encrypted-media; fullscreen; picture-in-picture\" loading=\"lazy\" src=\"https:\/\/open.spotify.com\/embed\/album\/4Md02Zo6w5J4KNstWvZWfK?si=eyHy4JfhQvGJCHiG22f5Jg&utm_source=oembed\"><\/iframe><\/p><\/p>\n\t\t\t\t\t\t\t\t<\/div>\n\t\t\t\t<\/div>\n\t\t\t\t\t<\/div>\n\t\t<\/div>\n\t\t\t\t\t<\/div>\n\t\t<\/section>\n\t\t\t\t<\/div>\n\t\t","protected":false},"excerpt":{"rendered":"<p>Segell discogr\u00e0fic Obres \u2013 Himne a la Comarca de l&#8217;Horta Sud, compositor musical D. Vicente Ram\u00f3n Tarazona Pons y del lletrista D. Hilari Gasc\u00f3 Melguizo \u2013 Els Majors de l&#8217;Horta Sud (P.D.), del compositor D. Hugo Chinesta Int\u00e8rpretsBanda de l\u00b4Agrupaci\u00f3 Musical &#8220;Els Majors de l&#8217;Horta Sud&#8221; Refer\u00e8ncia01SM22 Descripci\u00f3 f\u00edsica1 usb Publicaci\u00f3FSMCV Produccions \u00a1Escolta aquest CD [&hellip;]<\/p>\n","protected":false},"author":17,"featured_media":58635,"parent":20683,"menu_order":0,"comment_status":"closed","ping_status":"closed","template":"elementor_header_footer","meta":{"footnotes":""},"class_list":["post-58653","page","type-page","status-publish","has-post-thumbnail","hentry"],"_links":{"self":[{"href":"https:\/\/fsmcv.org\/vl\/wp-json\/wp\/v2\/pages\/58653","targetHints":{"allow":["GET"]}}],"collection":[{"href":"https:\/\/fsmcv.org\/vl\/wp-json\/wp\/v2\/pages"}],"about":[{"href":"https:\/\/fsmcv.org\/vl\/wp-json\/wp\/v2\/types\/page"}],"author":[{"embeddable":true,"href":"https:\/\/fsmcv.org\/vl\/wp-json\/wp\/v2\/users\/17"}],"replies":[{"embeddable":true,"href":"https:\/\/fsmcv.org\/vl\/wp-json\/wp\/v2\/comments?post=58653"}],"version-history":[{"count":0,"href":"https:\/\/fsmcv.org\/vl\/wp-json\/wp\/v2\/pages\/58653\/revisions"}],"up":[{"embeddable":true,"href":"https:\/\/fsmcv.org\/vl\/wp-json\/wp\/v2\/pages\/20683"}],"wp:featuredmedia":[{"embeddable":true,"href":"https:\/\/fsmcv.org\/vl\/wp-json\/wp\/v2\/media\/58635"}],"wp:attachment":[{"href":"https:\/\/fsmcv.org\/vl\/wp-json\/wp\/v2\/media?parent=58653"}],"curies":[{"name":"wp","href":"https:\/\/api.w.org\/{rel}","templated":true}]}}