{"id":60446,"date":"2022-11-23T16:30:13","date_gmt":"2022-11-23T15:30:13","guid":{"rendered":"https:\/\/fsmcv.org\/?page_id=60446"},"modified":"2023-02-21T13:34:09","modified_gmt":"2023-02-21T12:34:09","slug":"cd-musica-per-al-poble-de-sant-joan-vol-4","status":"publish","type":"page","link":"https:\/\/fsmcv.org\/vl\/segell-discografic\/cd-musica-per-al-poble-de-sant-joan-vol-4\/","title":{"rendered":"M\u00fasica per al poble de sant joan vol. 4"},"content":{"rendered":"\t\t<div data-elementor-type=\"wp-page\" data-elementor-id=\"60446\" class=\"elementor elementor-60446 elementor-60438\" data-elementor-post-type=\"page\">\n\t\t\t\t\t\t<section class=\"elementor-section elementor-top-section elementor-element elementor-element-fb6197c elementor-section-boxed elementor-section-height-default elementor-section-height-default\" data-id=\"fb6197c\" data-element_type=\"section\" data-e-type=\"section\">\n\t\t\t\t\t\t\t<div class=\"elementor-background-overlay\"><\/div>\n\t\t\t\t\t\t\t<div class=\"elementor-container elementor-column-gap-default\">\n\t\t\t\t\t<div class=\"elementor-column elementor-col-100 elementor-top-column elementor-element elementor-element-6dc37a28\" data-id=\"6dc37a28\" data-element_type=\"column\" data-e-type=\"column\">\n\t\t\t<div class=\"elementor-widget-wrap elementor-element-populated\">\n\t\t\t\t\t\t<div class=\"elementor-element elementor-element-4898e8df elementor-widget elementor-widget-heading\" data-id=\"4898e8df\" data-element_type=\"widget\" data-e-type=\"widget\" data-widget_type=\"heading.default\">\n\t\t\t\t<div class=\"elementor-widget-container\">\n\t\t\t\t\t<h1 class=\"elementor-heading-title elementor-size-default\">m\u00fasica per al poble de sant joan vol. 4<\/h1>\t\t\t\t<\/div>\n\t\t\t\t<\/div>\n\t\t\t\t\t<\/div>\n\t\t<\/div>\n\t\t\t\t\t<\/div>\n\t\t<\/section>\n\t\t\t\t<section class=\"elementor-section elementor-top-section elementor-element elementor-element-8542b82 elementor-section-boxed elementor-section-height-default elementor-section-height-default\" data-id=\"8542b82\" data-element_type=\"section\" data-e-type=\"section\">\n\t\t\t\t\t\t<div class=\"elementor-container elementor-column-gap-wide\">\n\t\t\t\t\t<div class=\"elementor-column elementor-col-50 elementor-top-column elementor-element elementor-element-19ba34a\" data-id=\"19ba34a\" data-element_type=\"column\" data-e-type=\"column\">\n\t\t\t<div class=\"elementor-widget-wrap elementor-element-populated\">\n\t\t\t\t\t\t<div class=\"elementor-element elementor-element-1321a32e elementor-view-default elementor-position-block-start elementor-mobile-position-block-start elementor-widget elementor-widget-icon-box\" data-id=\"1321a32e\" data-element_type=\"widget\" data-e-type=\"widget\" data-widget_type=\"icon-box.default\">\n\t\t\t\t<div class=\"elementor-widget-container\">\n\t\t\t\t\t\t\t<div class=\"elementor-icon-box-wrapper\">\n\n\t\t\t\t\t\t<div class=\"elementor-icon-box-icon\">\n\t\t\t\t<span  class=\"elementor-icon\">\n\t\t\t\t<i aria-hidden=\"true\" class=\"fas fa-compact-disc\"><\/i>\t\t\t\t<\/span>\n\t\t\t<\/div>\n\t\t\t\n\t\t\t\t\t\t<div class=\"elementor-icon-box-content\">\n\n\t\t\t\t\t\t\t\t\t<h2 class=\"elementor-icon-box-title\">\n\t\t\t\t\t\t<span  >\n\t\t\t\t\t\t\tM\u00fasica per al poble de sant joan vol. 4\t\t\t\t\t\t<\/span>\n\t\t\t\t\t<\/h2>\n\t\t\t\t\n\t\t\t\t\t\t\t\t\t<p class=\"elementor-icon-box-description\">\n\t\t\t\t\t\t\n\n\t\t\t\t\t<\/p>\n\t\t\t\t\n\t\t\t<\/div>\n\t\t\t\n\t\t<\/div>\n\t\t\t\t\t\t<\/div>\n\t\t\t\t<\/div>\n\t\t\t\t<div class=\"elementor-element elementor-element-bc723b5 elementor-widget elementor-widget-image\" data-id=\"bc723b5\" data-element_type=\"widget\" data-e-type=\"widget\" data-widget_type=\"image.default\">\n\t\t\t\t<div class=\"elementor-widget-container\">\n\t\t\t\t\t\t\t\t\t\t\t\t\t\t\t<img fetchpriority=\"high\" decoding=\"async\" width=\"741\" height=\"739\" src=\"https:\/\/fsmcv.org\/wp-content\/uploads\/2022\/12\/caratula.png\" class=\"attachment-full size-full wp-image-60605\" alt=\"\" srcset=\"https:\/\/fsmcv.org\/wp-content\/uploads\/2022\/12\/caratula.png 741w, https:\/\/fsmcv.org\/wp-content\/uploads\/2022\/12\/caratula-300x300.png 300w, https:\/\/fsmcv.org\/wp-content\/uploads\/2022\/12\/caratula-600x598.png 600w, https:\/\/fsmcv.org\/wp-content\/uploads\/2022\/12\/caratula-100x100.png 100w\" sizes=\"(max-width: 741px) 100vw, 741px\" title=\"\">\t\t\t\t\t\t\t\t\t\t\t\t\t\t\t<\/div>\n\t\t\t\t<\/div>\n\t\t\t\t<div class=\"elementor-element elementor-element-46a769b1 elementor-align-center elementor-widget elementor-widget-button\" data-id=\"46a769b1\" data-element_type=\"widget\" data-e-type=\"widget\" data-widget_type=\"button.default\">\n\t\t\t\t<div class=\"elementor-widget-container\">\n\t\t\t\t\t\t\t\t\t<div class=\"elementor-button-wrapper\">\n\t\t\t\t\t<a class=\"elementor-button elementor-button-link elementor-size-md\" href=\"https:\/\/fsmcv.org\/vl\/segell-discografic\/\">\n\t\t\t\t\t\t<span class=\"elementor-button-content-wrapper\">\n\t\t\t\t\t\t<span class=\"elementor-button-icon\">\n\t\t\t\t<i aria-hidden=\"true\" class=\"fas fa-arrow-right\"><\/i>\t\t\t<\/span>\n\t\t\t\t\t\t\t\t\t<span class=\"elementor-button-text\">Segell discogr\u00e0fic<\/span>\n\t\t\t\t\t<\/span>\n\t\t\t\t\t<\/a>\n\t\t\t\t<\/div>\n\t\t\t\t\t\t\t\t<\/div>\n\t\t\t\t<\/div>\n\t\t\t\t\t<\/div>\n\t\t<\/div>\n\t\t\t\t<div class=\"elementor-column elementor-col-50 elementor-top-column elementor-element elementor-element-13e6a29c\" data-id=\"13e6a29c\" data-element_type=\"column\" data-e-type=\"column\">\n\t\t\t<div class=\"elementor-widget-wrap elementor-element-populated\">\n\t\t\t\t\t\t<div class=\"elementor-element elementor-element-40c48d9 elementor-widget elementor-widget-text-editor\" data-id=\"40c48d9\" data-element_type=\"widget\" data-e-type=\"widget\" data-widget_type=\"text-editor.default\">\n\t\t\t\t<div class=\"elementor-widget-container\">\n\t\t\t\t\t\t\t\t\t<p><strong>Sociedad Musical La Paz De Sant Joan D\u00b4Alacant<\/strong><\/p>\n<p><strong>Cont\u00e9:<\/strong><\/p>\n<p><span style=\"text-decoration: underline;\">Misa de R\u00e9quiem en Re Menor K. 626<\/span><\/p>\n<p>1. INTROITUS<\/p>\n<p>2. KYRIE ELEISON<\/p>\n<p>3. SEQUENTIA<\/p>\n<ul>\n<li>Dies Irae<\/li>\n<li>Tuba Mirum<\/li>\n<li>Rex Tremendae<\/li>\n<li>Recordare<\/li>\n<li>Confutatis Maledictis<\/li>\n<li>Lacrimosa<\/li>\n<\/ul>\n<p>4. OFFERTORIUM<\/p>\n<ul>\n<li>Domine Jesu<\/li>\n<li>Hostias<\/li>\n<\/ul>\n<p>5. SANCTUS<\/p>\n<ul>\n<li>Sanctus<\/li>\n<li>Benedictus<\/li>\n<\/ul>\n<p>6. AGNUS DEIS<\/p>\n<p>7. COMMUNIO: LUX AETERNA<\/p>\n<p><strong>Directors:<\/strong><\/p>\n<p>Joan A. Espinosa Zaragoza \u2013 Director titular y art\u00edstic de la societat musical La Paz.<\/p>\n<p><strong>\u00a1Escolta aquest CD en Spotify!<\/strong><\/p>\n<p><iframe title=\"Spotify Embed: M\u00fasica per al poble de Sant Joan, Vol. 4 (En Directo)\" style=\"border-radius: 12px\" width=\"100%\" height=\"352\" frameborder=\"0\" allowfullscreen allow=\"autoplay; clipboard-write; encrypted-media; fullscreen; picture-in-picture\" loading=\"lazy\" src=\"https:\/\/open.spotify.com\/embed\/album\/3FTmKSQhWvCsHuqpsuoMTm?si=vu9S0bRuS127itiJi0F-lA&utm_source=oembed\"><\/iframe><\/p>\n\t\t\t\t\t\t\t\t<\/div>\n\t\t\t\t<\/div>\n\t\t\t\t<div class=\"elementor-element elementor-element-8d830db elementor-widget elementor-widget-spacer\" data-id=\"8d830db\" data-element_type=\"widget\" data-e-type=\"widget\" data-widget_type=\"spacer.default\">\n\t\t\t\t<div class=\"elementor-widget-container\">\n\t\t\t\t\t\t\t<div class=\"elementor-spacer\">\n\t\t\t<div class=\"elementor-spacer-inner\"><\/div>\n\t\t<\/div>\n\t\t\t\t\t\t<\/div>\n\t\t\t\t<\/div>\n\t\t\t\t\t<\/div>\n\t\t<\/div>\n\t\t\t\t\t<\/div>\n\t\t<\/section>\n\t\t\t\t<\/div>\n\t\t","protected":false},"excerpt":{"rendered":"<p>m\u00fasica per al poble de sant joan vol. 4 M\u00fasica per al poble de sant joan vol. 4 Segell discogr\u00e0fic Sociedad Musical La Paz De Sant Joan D\u00b4Alacant Cont\u00e9: Misa de R\u00e9quiem en Re Menor K. 626 1. INTROITUS 2. KYRIE ELEISON 3. SEQUENTIA Dies Irae Tuba Mirum Rex Tremendae Recordare Confutatis Maledictis Lacrimosa 4. [&hellip;]<\/p>\n","protected":false},"author":17,"featured_media":60605,"parent":20683,"menu_order":0,"comment_status":"closed","ping_status":"closed","template":"elementor_header_footer","meta":{"footnotes":""},"class_list":["post-60446","page","type-page","status-publish","has-post-thumbnail","hentry"],"_links":{"self":[{"href":"https:\/\/fsmcv.org\/vl\/wp-json\/wp\/v2\/pages\/60446","targetHints":{"allow":["GET"]}}],"collection":[{"href":"https:\/\/fsmcv.org\/vl\/wp-json\/wp\/v2\/pages"}],"about":[{"href":"https:\/\/fsmcv.org\/vl\/wp-json\/wp\/v2\/types\/page"}],"author":[{"embeddable":true,"href":"https:\/\/fsmcv.org\/vl\/wp-json\/wp\/v2\/users\/17"}],"replies":[{"embeddable":true,"href":"https:\/\/fsmcv.org\/vl\/wp-json\/wp\/v2\/comments?post=60446"}],"version-history":[{"count":0,"href":"https:\/\/fsmcv.org\/vl\/wp-json\/wp\/v2\/pages\/60446\/revisions"}],"up":[{"embeddable":true,"href":"https:\/\/fsmcv.org\/vl\/wp-json\/wp\/v2\/pages\/20683"}],"wp:featuredmedia":[{"embeddable":true,"href":"https:\/\/fsmcv.org\/vl\/wp-json\/wp\/v2\/media\/60605"}],"wp:attachment":[{"href":"https:\/\/fsmcv.org\/vl\/wp-json\/wp\/v2\/media?parent=60446"}],"curies":[{"name":"wp","href":"https:\/\/api.w.org\/{rel}","templated":true}]}}