{"id":60560,"date":"2022-12-03T08:52:44","date_gmt":"2022-12-03T07:52:44","guid":{"rendered":"https:\/\/fsmcv.org\/?page_id=60560"},"modified":"2025-02-21T14:33:05","modified_gmt":"2025-02-21T13:33:05","slug":"intercanvis","status":"publish","type":"page","link":"https:\/\/fsmcv.org\/vl\/campanyes\/intercanvis\/","title":{"rendered":"Intercanvis"},"content":{"rendered":"\t\t<div data-elementor-type=\"wp-page\" data-elementor-id=\"60560\" class=\"elementor elementor-60560 elementor-60551\" data-elementor-post-type=\"page\">\n\t\t\t\t\t\t<section class=\"elementor-section elementor-top-section elementor-element elementor-element-2712030 elementor-section-boxed elementor-section-height-default elementor-section-height-default\" data-id=\"2712030\" data-element_type=\"section\" data-e-type=\"section\">\n\t\t\t\t\t\t\t<div class=\"elementor-background-overlay\"><\/div>\n\t\t\t\t\t\t\t<div class=\"elementor-container elementor-column-gap-default\">\n\t\t\t\t\t<div class=\"elementor-column elementor-col-100 elementor-top-column elementor-element elementor-element-44df640\" data-id=\"44df640\" data-element_type=\"column\" data-e-type=\"column\">\n\t\t\t<div class=\"elementor-widget-wrap elementor-element-populated\">\n\t\t\t\t\t\t<div class=\"elementor-element elementor-element-a58d0b8 elementor-widget elementor-widget-heading\" data-id=\"a58d0b8\" data-element_type=\"widget\" data-e-type=\"widget\" data-widget_type=\"heading.default\">\n\t\t\t\t<div class=\"elementor-widget-container\">\n\t\t\t\t\t<h1 class=\"elementor-heading-title elementor-size-default\">CONCERTS D\u00b4INTERCANVIS<\/h1>\t\t\t\t<\/div>\n\t\t\t\t<\/div>\n\t\t\t\t\t<\/div>\n\t\t<\/div>\n\t\t\t\t\t<\/div>\n\t\t<\/section>\n\t\t\t\t<section class=\"elementor-section elementor-top-section elementor-element elementor-element-380bf9a elementor-section-boxed elementor-section-height-default elementor-section-height-default\" data-id=\"380bf9a\" data-element_type=\"section\" data-e-type=\"section\">\n\t\t\t\t\t\t<div class=\"elementor-container elementor-column-gap-custom\">\n\t\t\t\t\t<div class=\"elementor-column elementor-col-50 elementor-top-column elementor-element elementor-element-569ccb4\" data-id=\"569ccb4\" data-element_type=\"column\" data-e-type=\"column\">\n\t\t\t<div class=\"elementor-widget-wrap elementor-element-populated\">\n\t\t\t\t\t\t<div class=\"elementor-element elementor-element-18537ae elementor-widget elementor-widget-heading\" data-id=\"18537ae\" data-element_type=\"widget\" data-e-type=\"widget\" data-widget_type=\"heading.default\">\n\t\t\t\t<div class=\"elementor-widget-container\">\n\t\t\t\t\t<h3 class=\"elementor-heading-title elementor-size-default\">La Campanya d'Intercanvis Musicals est\u00e0 patrocinada per l'Institut Valenci\u00e0 de Cultura (IVC).<\/h3>\t\t\t\t<\/div>\n\t\t\t\t<\/div>\n\t\t\t\t\t<\/div>\n\t\t<\/div>\n\t\t\t\t<div class=\"elementor-column elementor-col-50 elementor-top-column elementor-element elementor-element-3eba64e\" data-id=\"3eba64e\" data-element_type=\"column\" data-e-type=\"column\">\n\t\t\t<div class=\"elementor-widget-wrap elementor-element-populated\">\n\t\t\t\t\t\t<div class=\"elementor-element elementor-element-a69a910 elementor-widget elementor-widget-text-editor\" data-id=\"a69a910\" data-element_type=\"widget\" data-e-type=\"widget\" data-widget_type=\"text-editor.default\">\n\t\t\t\t<div class=\"elementor-widget-container\">\n\t\t\t\t\t\t\t\t\t<p>La campanya d&#8217;Intercanvis Musicals creada per la Federaci\u00f3 de Societats Musicals te per objecte la realitzaci\u00f3 d&#8217;un programa de concerts per parelles entre agrupacions art\u00edstiques de les seg\u00fcents federacions: La Federaci\u00f3 de Societats Musicals de la Comunitat Valenciana (FSMCV), la Federaci\u00f3 de Cors de la Comunitat Valenciana (FECOCOVA), la Federaci\u00f3 de Folklore de la Comunitat Valenciana (FFCV), la Federaci\u00f3 Valenciana de Dol\u00e7ainers i Tabaleters (FVDiT) i la Federaci\u00f3 d&#8217;Orquestres i Rondalles de Pols i Pua de la Comunitat Valenciana (FORPPCV).<\/p>\n\t\t\t\t\t\t\t\t<\/div>\n\t\t\t\t<\/div>\n\t\t\t\t\t<\/div>\n\t\t<\/div>\n\t\t\t\t\t<\/div>\n\t\t<\/section>\n\t\t\t\t<section class=\"elementor-section elementor-top-section elementor-element elementor-element-c1894cd elementor-section-boxed elementor-section-height-default elementor-section-height-default\" data-id=\"c1894cd\" data-element_type=\"section\" data-e-type=\"section\">\n\t\t\t\t\t\t<div class=\"elementor-container elementor-column-gap-default\">\n\t\t\t\t\t<div class=\"elementor-column elementor-col-100 elementor-top-column elementor-element elementor-element-662311b\" data-id=\"662311b\" data-element_type=\"column\" data-e-type=\"column\">\n\t\t\t<div class=\"elementor-widget-wrap elementor-element-populated\">\n\t\t\t\t\t\t<div class=\"elementor-element elementor-element-2359e70 elementor-widget__width-initial elementor-widget elementor-widget-html\" data-id=\"2359e70\" data-element_type=\"widget\" data-e-type=\"widget\" data-widget_type=\"html.default\">\n\t\t\t\t<div class=\"elementor-widget-container\">\n\t\t\t\t\t<script>\n\twindow.addEventListener('message', function(e) {\n\t    let iframe = document.getElementById(\"iframeInter\");\n\t\t\/\/ message that was passed from iframe page\n\t\tlet message = e.data;\n\n\t\tif (message.height != undefined) {\n\t\t    iframe.style.height = (message.height+80) + 'px';\n\t\t    \/\/iframe.style.width = (message.width+20) + 'px';\n\t\t}\n\t} , false);\n\tdocument.addEventListener(\"scroll\", (e) =>{\n\t let velneo = window.frames.iframeInter.contentWindow;\n     velneo.postMessage(window.scrollY, \"*\")\n    });\n<\/script>\n\n<iframe id=\"iframeInter\" src=\"https:\/\/progem.fsmcv.org:8242\/web\" width=\"100%\"><\/iframe>\t\t\t\t<\/div>\n\t\t\t\t<\/div>\n\t\t\t\t\t<\/div>\n\t\t<\/div>\n\t\t\t\t\t<\/div>\n\t\t<\/section>\n\t\t\t\t<section class=\"elementor-section elementor-top-section elementor-element elementor-element-1824731 elementor-section-boxed elementor-section-height-default elementor-section-height-default\" data-id=\"1824731\" data-element_type=\"section\" data-e-type=\"section\">\n\t\t\t\t\t\t<div class=\"elementor-container elementor-column-gap-default\">\n\t\t\t\t\t<div class=\"elementor-column elementor-col-100 elementor-top-column elementor-element elementor-element-af070b7\" data-id=\"af070b7\" data-element_type=\"column\" data-e-type=\"column\">\n\t\t\t<div class=\"elementor-widget-wrap elementor-element-populated\">\n\t\t\t\t\t\t<div class=\"elementor-element elementor-element-490a5fc elementor-widget elementor-widget-spacer\" data-id=\"490a5fc\" data-element_type=\"widget\" data-e-type=\"widget\" data-widget_type=\"spacer.default\">\n\t\t\t\t<div class=\"elementor-widget-container\">\n\t\t\t\t\t\t\t<div class=\"elementor-spacer\">\n\t\t\t<div class=\"elementor-spacer-inner\"><\/div>\n\t\t<\/div>\n\t\t\t\t\t\t<\/div>\n\t\t\t\t<\/div>\n\t\t\t\t\t<\/div>\n\t\t<\/div>\n\t\t\t\t\t<\/div>\n\t\t<\/section>\n\t\t\t\t<section class=\"elementor-section elementor-top-section elementor-element elementor-element-dbcb2d4 elementor-section-boxed elementor-section-height-default elementor-section-height-default\" data-id=\"dbcb2d4\" data-element_type=\"section\" data-e-type=\"section\">\n\t\t\t\t\t\t<div class=\"elementor-container elementor-column-gap-default\">\n\t\t\t\t\t<div class=\"elementor-column elementor-col-100 elementor-top-column elementor-element elementor-element-35fc8fd\" data-id=\"35fc8fd\" data-element_type=\"column\" data-e-type=\"column\">\n\t\t\t<div class=\"elementor-widget-wrap elementor-element-populated\">\n\t\t\t\t\t\t<div class=\"elementor-element elementor-element-0a15f70 elementor-widget elementor-widget-heading\" data-id=\"0a15f70\" data-element_type=\"widget\" data-e-type=\"widget\" data-widget_type=\"heading.default\">\n\t\t\t\t<div class=\"elementor-widget-container\">\n\t\t\t\t\t<h2 class=\"elementor-heading-title elementor-size-default\">NOT\u00cdCIES SOBRE LA CAMPANYA D'INTERCANVIS MUSICALS<\/h2>\t\t\t\t<\/div>\n\t\t\t\t<\/div>\n\t\t\t\t\t<\/div>\n\t\t<\/div>\n\t\t\t\t\t<\/div>\n\t\t<\/section>\n\t\t\t\t<section class=\"elementor-section elementor-top-section elementor-element elementor-element-812665f elementor-section-boxed elementor-section-height-default elementor-section-height-default\" data-id=\"812665f\" data-element_type=\"section\" data-e-type=\"section\">\n\t\t\t\t\t\t<div class=\"elementor-container elementor-column-gap-default\">\n\t\t\t\t\t<div class=\"elementor-column elementor-col-100 elementor-top-column elementor-element elementor-element-e0557a4\" data-id=\"e0557a4\" data-element_type=\"column\" data-e-type=\"column\">\n\t\t\t<div class=\"elementor-widget-wrap elementor-element-populated\">\n\t\t\t\t\t\t\t<\/div>\n\t\t<\/div>\n\t\t\t\t\t<\/div>\n\t\t<\/section>\n\t\t\t\t<section class=\"elementor-section elementor-top-section elementor-element elementor-element-339f9fe elementor-section-boxed elementor-section-height-default elementor-section-height-default\" data-id=\"339f9fe\" data-element_type=\"section\" data-e-type=\"section\">\n\t\t\t\t\t\t<div class=\"elementor-container elementor-column-gap-default\">\n\t\t\t\t\t<div class=\"elementor-column elementor-col-100 elementor-top-column elementor-element elementor-element-a6c6892\" data-id=\"a6c6892\" data-element_type=\"column\" data-e-type=\"column\">\n\t\t\t<div class=\"elementor-widget-wrap elementor-element-populated\">\n\t\t\t\t\t\t<div class=\"elementor-element elementor-element-6909c7f elementor-align-center elementor-widget elementor-widget-button\" data-id=\"6909c7f\" data-element_type=\"widget\" data-e-type=\"widget\" data-widget_type=\"button.default\">\n\t\t\t\t<div class=\"elementor-widget-container\">\n\t\t\t\t\t\t\t\t\t<div class=\"elementor-button-wrapper\">\n\t\t\t\t\t<a class=\"elementor-button elementor-button-link elementor-size-md\" href=\"https:\/\/fsmcv.org\/vl\/categoria\/noticies-campanyes\/intercanvis\/\">\n\t\t\t\t\t\t<span class=\"elementor-button-content-wrapper\">\n\t\t\t\t\t\t<span class=\"elementor-button-icon\">\n\t\t\t\t<i aria-hidden=\"true\" class=\"fas fa-arrow-right\"><\/i>\t\t\t<\/span>\n\t\t\t\t\t\t\t\t\t<span class=\"elementor-button-text\">Not\u00edcies Intercanvis<\/span>\n\t\t\t\t\t<\/span>\n\t\t\t\t\t<\/a>\n\t\t\t\t<\/div>\n\t\t\t\t\t\t\t\t<\/div>\n\t\t\t\t<\/div>\n\t\t\t\t\t<\/div>\n\t\t<\/div>\n\t\t\t\t\t<\/div>\n\t\t<\/section>\n\t\t\t\t<\/div>\n\t\t","protected":false},"excerpt":{"rendered":"<p>CONCERTS D\u00b4INTERCANVIS La Campanya d&#8217;Intercanvis Musicals est\u00e0 patrocinada per l&#8217;Institut Valenci\u00e0 de Cultura (IVC). La campanya d&#8217;Intercanvis Musicals creada per la Federaci\u00f3 de Societats Musicals te per objecte la realitzaci\u00f3 d&#8217;un programa de concerts per parelles entre agrupacions art\u00edstiques de les seg\u00fcents federacions: La Federaci\u00f3 de Societats Musicals de la Comunitat Valenciana (FSMCV), la Federaci\u00f3 [&hellip;]<\/p>\n","protected":false},"author":1,"featured_media":37359,"parent":39697,"menu_order":1,"comment_status":"closed","ping_status":"closed","template":"elementor_header_footer","meta":{"footnotes":""},"class_list":["post-60560","page","type-page","status-publish","has-post-thumbnail","hentry"],"_links":{"self":[{"href":"https:\/\/fsmcv.org\/vl\/wp-json\/wp\/v2\/pages\/60560","targetHints":{"allow":["GET"]}}],"collection":[{"href":"https:\/\/fsmcv.org\/vl\/wp-json\/wp\/v2\/pages"}],"about":[{"href":"https:\/\/fsmcv.org\/vl\/wp-json\/wp\/v2\/types\/page"}],"author":[{"embeddable":true,"href":"https:\/\/fsmcv.org\/vl\/wp-json\/wp\/v2\/users\/1"}],"replies":[{"embeddable":true,"href":"https:\/\/fsmcv.org\/vl\/wp-json\/wp\/v2\/comments?post=60560"}],"version-history":[{"count":11,"href":"https:\/\/fsmcv.org\/vl\/wp-json\/wp\/v2\/pages\/60560\/revisions"}],"predecessor-version":[{"id":77086,"href":"https:\/\/fsmcv.org\/vl\/wp-json\/wp\/v2\/pages\/60560\/revisions\/77086"}],"up":[{"embeddable":true,"href":"https:\/\/fsmcv.org\/vl\/wp-json\/wp\/v2\/pages\/39697"}],"wp:featuredmedia":[{"embeddable":true,"href":"https:\/\/fsmcv.org\/vl\/wp-json\/wp\/v2\/media\/37359"}],"wp:attachment":[{"href":"https:\/\/fsmcv.org\/vl\/wp-json\/wp\/v2\/media?parent=60560"}],"curies":[{"name":"wp","href":"https:\/\/api.w.org\/{rel}","templated":true}]}}