{"id":61274,"date":"2023-01-10T17:20:14","date_gmt":"2023-01-10T16:20:14","guid":{"rendered":"https:\/\/fsmcv.org\/?page_id=61274"},"modified":"2023-02-27T12:12:20","modified_gmt":"2023-02-27T11:12:20","slug":"jove-banda-simfonica-temporada-2021","status":"publish","type":"page","link":"https:\/\/fsmcv.org\/vl\/segell-discografic\/jove-banda-simfonica-temporada-2021\/","title":{"rendered":"JOVE BANDA SIMF\u00d2NICA \/ TEMPORADA 2021"},"content":{"rendered":"\t\t<div data-elementor-type=\"wp-page\" data-elementor-id=\"61274\" class=\"elementor elementor-61274 elementor-61224\" data-elementor-post-type=\"page\">\n\t\t\t\t\t\t<section class=\"elementor-section elementor-top-section elementor-element elementor-element-6b1ecdbd elementor-section-boxed elementor-section-height-default elementor-section-height-default\" data-id=\"6b1ecdbd\" data-element_type=\"section\" data-e-type=\"section\">\n\t\t\t\t\t\t\t<div class=\"elementor-background-overlay\"><\/div>\n\t\t\t\t\t\t\t<div class=\"elementor-container elementor-column-gap-default\">\n\t\t\t\t\t<div class=\"elementor-column elementor-col-100 elementor-top-column elementor-element elementor-element-5aea33ea\" data-id=\"5aea33ea\" data-element_type=\"column\" data-e-type=\"column\">\n\t\t\t<div class=\"elementor-widget-wrap elementor-element-populated\">\n\t\t\t\t\t\t<div class=\"elementor-element elementor-element-9865d9e elementor-widget elementor-widget-heading\" data-id=\"9865d9e\" data-element_type=\"widget\" data-e-type=\"widget\" data-widget_type=\"heading.default\">\n\t\t\t\t<div class=\"elementor-widget-container\">\n\t\t\t\t\t<h1 class=\"elementor-heading-title elementor-size-default\">JOVE BANDA SIMF\u00d2NICA \/ TEMPORADA 2021<\/h1>\t\t\t\t<\/div>\n\t\t\t\t<\/div>\n\t\t\t\t\t<\/div>\n\t\t<\/div>\n\t\t\t\t\t<\/div>\n\t\t<\/section>\n\t\t\t\t<section class=\"elementor-section elementor-top-section elementor-element elementor-element-63ea0308 elementor-section-boxed elementor-section-height-default elementor-section-height-default\" data-id=\"63ea0308\" data-element_type=\"section\" data-e-type=\"section\">\n\t\t\t\t\t\t<div class=\"elementor-container elementor-column-gap-wide\">\n\t\t\t\t\t<div class=\"elementor-column elementor-col-50 elementor-top-column elementor-element elementor-element-1d6d0bee\" data-id=\"1d6d0bee\" data-element_type=\"column\" data-e-type=\"column\">\n\t\t\t<div class=\"elementor-widget-wrap elementor-element-populated\">\n\t\t\t\t\t\t<div class=\"elementor-element elementor-element-638174d elementor-view-default elementor-position-block-start elementor-mobile-position-block-start elementor-widget elementor-widget-icon-box\" data-id=\"638174d\" data-element_type=\"widget\" data-e-type=\"widget\" data-widget_type=\"icon-box.default\">\n\t\t\t\t<div class=\"elementor-widget-container\">\n\t\t\t\t\t\t\t<div class=\"elementor-icon-box-wrapper\">\n\n\t\t\t\t\t\t<div class=\"elementor-icon-box-icon\">\n\t\t\t\t<span  class=\"elementor-icon\">\n\t\t\t\t<i aria-hidden=\"true\" class=\"fas fa-compact-disc\"><\/i>\t\t\t\t<\/span>\n\t\t\t<\/div>\n\t\t\t\n\t\t\t\t\t\t<div class=\"elementor-icon-box-content\">\n\n\t\t\t\t\t\t\t\t\t<h2 class=\"elementor-icon-box-title\">\n\t\t\t\t\t\t<span  >\n\t\t\t\t\t\t\tJOVE BANDA SIMF\u00d2NICA \/ TEMPORADA 2021\t\t\t\t\t\t<\/span>\n\t\t\t\t\t<\/h2>\n\t\t\t\t\n\t\t\t\t\t\t\t\t\t<p class=\"elementor-icon-box-description\">\n\t\t\t\t\t\t\n\n\t\t\t\t\t<\/p>\n\t\t\t\t\n\t\t\t<\/div>\n\t\t\t\n\t\t<\/div>\n\t\t\t\t\t\t<\/div>\n\t\t\t\t<\/div>\n\t\t\t\t<div class=\"elementor-element elementor-element-6a93ea84 elementor-widget elementor-widget-image\" data-id=\"6a93ea84\" data-element_type=\"widget\" data-e-type=\"widget\" data-widget_type=\"image.default\">\n\t\t\t\t<div class=\"elementor-widget-container\">\n\t\t\t\t\t\t\t\t\t\t\t\t\t\t\t<img fetchpriority=\"high\" decoding=\"async\" width=\"2048\" height=\"2048\" src=\"https:\/\/fsmcv.org\/wp-content\/uploads\/2023\/01\/PORTADA-JBF-2021-scaled-scaled.jpg\" class=\"attachment-full size-full wp-image-61227\" alt=\"\" srcset=\"https:\/\/fsmcv.org\/wp-content\/uploads\/2023\/01\/PORTADA-JBF-2021-scaled-scaled.jpg 2048w, https:\/\/fsmcv.org\/wp-content\/uploads\/2023\/01\/PORTADA-JBF-2021-scaled-768x768.jpg 768w, https:\/\/fsmcv.org\/wp-content\/uploads\/2023\/01\/PORTADA-JBF-2021-scaled-300x300.jpg 300w, https:\/\/fsmcv.org\/wp-content\/uploads\/2023\/01\/PORTADA-JBF-2021-scaled-1536x1536.jpg 1536w, https:\/\/fsmcv.org\/wp-content\/uploads\/2023\/01\/PORTADA-JBF-2021-scaled-600x600.jpg 600w, https:\/\/fsmcv.org\/wp-content\/uploads\/2023\/01\/PORTADA-JBF-2021-scaled-100x100.jpg 100w\" sizes=\"(max-width: 2048px) 100vw, 2048px\" title=\"\">\t\t\t\t\t\t\t\t\t\t\t\t\t\t\t<\/div>\n\t\t\t\t<\/div>\n\t\t\t\t<div class=\"elementor-element elementor-element-12e62008 elementor-align-center elementor-widget elementor-widget-button\" data-id=\"12e62008\" data-element_type=\"widget\" data-e-type=\"widget\" data-widget_type=\"button.default\">\n\t\t\t\t<div class=\"elementor-widget-container\">\n\t\t\t\t\t\t\t\t\t<div class=\"elementor-button-wrapper\">\n\t\t\t\t\t<a class=\"elementor-button elementor-button-link elementor-size-md\" href=\"https:\/\/fsmcv.org\/vl\/segell-discografic\/\">\n\t\t\t\t\t\t<span class=\"elementor-button-content-wrapper\">\n\t\t\t\t\t\t<span class=\"elementor-button-icon\">\n\t\t\t\t<i aria-hidden=\"true\" class=\"fas fa-arrow-right\"><\/i>\t\t\t<\/span>\n\t\t\t\t\t\t\t\t\t<span class=\"elementor-button-text\">Segell discogr\u00e0fic<\/span>\n\t\t\t\t\t<\/span>\n\t\t\t\t\t<\/a>\n\t\t\t\t<\/div>\n\t\t\t\t\t\t\t\t<\/div>\n\t\t\t\t<\/div>\n\t\t\t\t\t<\/div>\n\t\t<\/div>\n\t\t\t\t<div class=\"elementor-column elementor-col-50 elementor-top-column elementor-element elementor-element-302c5af2\" data-id=\"302c5af2\" data-element_type=\"column\" data-e-type=\"column\">\n\t\t\t<div class=\"elementor-widget-wrap elementor-element-populated\">\n\t\t\t\t\t\t<div class=\"elementor-element elementor-element-56fd0842 elementor-widget elementor-widget-text-editor\" data-id=\"56fd0842\" data-element_type=\"widget\" data-e-type=\"widget\" data-widget_type=\"text-editor.default\">\n\t\t\t\t<div class=\"elementor-widget-container\">\n\t\t\t\t\t\t\t\t\t<p><span style=\"font-weight: bolder;\">Director: Rafael Garc\u00eda Vidal<\/span><\/p>\n<p><span style=\"font-weight: bolder;\">Cont\u00e9:<\/span><\/p>\n<p>1. DOWNEY OVERTURE de Oscar Navarro.<\/p>\n<p>JUEGOS EN BLANCO de Pablo Olivas Marco.<\/p>\n<p>2. I. Obertura<\/p>\n<p>3. II. Intermezzo<\/p>\n<p>4. III. Andante Tentativo<\/p>\n<p>5. IV. Finale Furioso<\/p>\n<p>6. PER LA FLOR DEL LLIRI BLAU de Joaqu\u00edn Rodrigo<\/p>\n<p>THE FOURTH SYMPHONY de Alfred Reed<\/p>\n<p>7. I. Elegy<\/p>\n<p>8. II. Intermezzo<\/p>\n<p>9. III. Tarantella<\/p>\n<p>10. A MI MURO de Francisco Esteve Pastor<\/p>\n<p><span style=\"font-weight: bolder;\">Escolta aquest CD en Spotify! <\/span><\/p>\n<p><iframe title=\"Spotify Embed: Jove Banda Simf\u00f2nica Federaci\u00f3 de Societats Musicals de la Comunitat Valenciana Temporada 2021 (En directo)\" style=\"border-radius: 12px\" width=\"100%\" height=\"352\" frameborder=\"0\" allowfullscreen allow=\"autoplay; clipboard-write; encrypted-media; fullscreen; picture-in-picture\" loading=\"lazy\" src=\"https:\/\/open.spotify.com\/embed\/album\/3gMWq67g9Al5sat6cDJJus?utm_source=oembed\"><\/iframe><\/p>\n\t\t\t\t\t\t\t\t<\/div>\n\t\t\t\t<\/div>\n\t\t\t\t\t<\/div>\n\t\t<\/div>\n\t\t\t\t\t<\/div>\n\t\t<\/section>\n\t\t\t\t<\/div>\n\t\t","protected":false},"excerpt":{"rendered":"<p>JOVE BANDA SIMF\u00d2NICA \/ TEMPORADA 2021 Segell discogr\u00e0fic Director: Rafael Garc\u00eda Vidal Cont\u00e9: 1. DOWNEY OVERTURE de Oscar Navarro. JUEGOS EN BLANCO de Pablo Olivas Marco. 2. I. Obertura 3. II. Intermezzo 4. III. Andante Tentativo 5. IV. Finale Furioso 6. PER LA FLOR DEL LLIRI BLAU de Joaqu\u00edn Rodrigo THE FOURTH SYMPHONY de Alfred [&hellip;]<\/p>\n","protected":false},"author":17,"featured_media":61227,"parent":20683,"menu_order":0,"comment_status":"closed","ping_status":"closed","template":"elementor_header_footer","meta":{"footnotes":""},"class_list":["post-61274","page","type-page","status-publish","has-post-thumbnail","hentry"],"_links":{"self":[{"href":"https:\/\/fsmcv.org\/vl\/wp-json\/wp\/v2\/pages\/61274","targetHints":{"allow":["GET"]}}],"collection":[{"href":"https:\/\/fsmcv.org\/vl\/wp-json\/wp\/v2\/pages"}],"about":[{"href":"https:\/\/fsmcv.org\/vl\/wp-json\/wp\/v2\/types\/page"}],"author":[{"embeddable":true,"href":"https:\/\/fsmcv.org\/vl\/wp-json\/wp\/v2\/users\/17"}],"replies":[{"embeddable":true,"href":"https:\/\/fsmcv.org\/vl\/wp-json\/wp\/v2\/comments?post=61274"}],"version-history":[{"count":0,"href":"https:\/\/fsmcv.org\/vl\/wp-json\/wp\/v2\/pages\/61274\/revisions"}],"up":[{"embeddable":true,"href":"https:\/\/fsmcv.org\/vl\/wp-json\/wp\/v2\/pages\/20683"}],"wp:featuredmedia":[{"embeddable":true,"href":"https:\/\/fsmcv.org\/vl\/wp-json\/wp\/v2\/media\/61227"}],"wp:attachment":[{"href":"https:\/\/fsmcv.org\/vl\/wp-json\/wp\/v2\/media?parent=61274"}],"curies":[{"name":"wp","href":"https:\/\/api.w.org\/{rel}","templated":true}]}}