{"id":61291,"date":"2023-01-10T18:20:42","date_gmt":"2023-01-10T17:20:42","guid":{"rendered":"https:\/\/fsmcv.org\/?page_id=61291"},"modified":"2023-02-27T11:15:11","modified_gmt":"2023-02-27T10:15:11","slug":"jove-orquestra-simfonica-temporada-2021","status":"publish","type":"page","link":"https:\/\/fsmcv.org\/vl\/segell-discografic\/jove-orquestra-simfonica-temporada-2021\/","title":{"rendered":"JOVE ORQUESTRA SIMF\u00d2NICA \/ TEMPORADA 2021"},"content":{"rendered":"\t\t<div data-elementor-type=\"wp-page\" data-elementor-id=\"61291\" class=\"elementor elementor-61291 elementor-61276\" data-elementor-post-type=\"page\">\n\t\t\t\t\t\t<section class=\"elementor-section elementor-top-section elementor-element elementor-element-182b0819 elementor-section-boxed elementor-section-height-default elementor-section-height-default\" data-id=\"182b0819\" data-element_type=\"section\" data-e-type=\"section\">\n\t\t\t\t\t\t\t<div class=\"elementor-background-overlay\"><\/div>\n\t\t\t\t\t\t\t<div class=\"elementor-container elementor-column-gap-default\">\n\t\t\t\t\t<div class=\"elementor-column elementor-col-100 elementor-top-column elementor-element elementor-element-fe5a7d7\" data-id=\"fe5a7d7\" data-element_type=\"column\" data-e-type=\"column\">\n\t\t\t<div class=\"elementor-widget-wrap elementor-element-populated\">\n\t\t\t\t\t\t<div class=\"elementor-element elementor-element-116d9d35 elementor-widget elementor-widget-heading\" data-id=\"116d9d35\" data-element_type=\"widget\" data-e-type=\"widget\" data-widget_type=\"heading.default\">\n\t\t\t\t<div class=\"elementor-widget-container\">\n\t\t\t\t\t<h1 class=\"elementor-heading-title elementor-size-default\">JOVE ORQUESTRA SIMF\u00d2NICA \/ TEMPORADA 2021<\/h1>\t\t\t\t<\/div>\n\t\t\t\t<\/div>\n\t\t\t\t\t<\/div>\n\t\t<\/div>\n\t\t\t\t\t<\/div>\n\t\t<\/section>\n\t\t\t\t<section class=\"elementor-section elementor-top-section elementor-element elementor-element-efe33f9 elementor-section-boxed elementor-section-height-default elementor-section-height-default\" data-id=\"efe33f9\" data-element_type=\"section\" data-e-type=\"section\">\n\t\t\t\t\t\t<div class=\"elementor-container elementor-column-gap-wide\">\n\t\t\t\t\t<div class=\"elementor-column elementor-col-50 elementor-top-column elementor-element elementor-element-528a74f9\" data-id=\"528a74f9\" data-element_type=\"column\" data-e-type=\"column\">\n\t\t\t<div class=\"elementor-widget-wrap elementor-element-populated\">\n\t\t\t\t\t\t<div class=\"elementor-element elementor-element-2ade18ae elementor-view-default elementor-position-block-start elementor-mobile-position-block-start elementor-widget elementor-widget-icon-box\" data-id=\"2ade18ae\" data-element_type=\"widget\" data-e-type=\"widget\" data-widget_type=\"icon-box.default\">\n\t\t\t\t<div class=\"elementor-widget-container\">\n\t\t\t\t\t\t\t<div class=\"elementor-icon-box-wrapper\">\n\n\t\t\t\t\t\t<div class=\"elementor-icon-box-icon\">\n\t\t\t\t<span  class=\"elementor-icon\">\n\t\t\t\t<i aria-hidden=\"true\" class=\"fas fa-compact-disc\"><\/i>\t\t\t\t<\/span>\n\t\t\t<\/div>\n\t\t\t\n\t\t\t\t\t\t<div class=\"elementor-icon-box-content\">\n\n\t\t\t\t\t\t\t\t\t<h2 class=\"elementor-icon-box-title\">\n\t\t\t\t\t\t<span  >\n\t\t\t\t\t\t\tjove orquestra simf\u00f2nica \/ temporada 2021\t\t\t\t\t\t<\/span>\n\t\t\t\t\t<\/h2>\n\t\t\t\t\n\t\t\t\t\t\t\t\t\t<p class=\"elementor-icon-box-description\">\n\t\t\t\t\t\t\n\n\t\t\t\t\t<\/p>\n\t\t\t\t\n\t\t\t<\/div>\n\t\t\t\n\t\t<\/div>\n\t\t\t\t\t\t<\/div>\n\t\t\t\t<\/div>\n\t\t\t\t<div class=\"elementor-element elementor-element-32fb2a82 elementor-widget elementor-widget-image\" data-id=\"32fb2a82\" data-element_type=\"widget\" data-e-type=\"widget\" data-widget_type=\"image.default\">\n\t\t\t\t<div class=\"elementor-widget-container\">\n\t\t\t\t\t\t\t\t\t\t\t\t\t\t\t<img fetchpriority=\"high\" decoding=\"async\" width=\"2048\" height=\"2048\" src=\"https:\/\/fsmcv.org\/wp-content\/uploads\/2023\/01\/PORTADA-JOS-2021-scaled-scaled.jpg\" class=\"attachment-full size-full wp-image-61279\" alt=\"\" srcset=\"https:\/\/fsmcv.org\/wp-content\/uploads\/2023\/01\/PORTADA-JOS-2021-scaled-scaled.jpg 2048w, https:\/\/fsmcv.org\/wp-content\/uploads\/2023\/01\/PORTADA-JOS-2021-scaled-768x768.jpg 768w, https:\/\/fsmcv.org\/wp-content\/uploads\/2023\/01\/PORTADA-JOS-2021-scaled-300x300.jpg 300w, https:\/\/fsmcv.org\/wp-content\/uploads\/2023\/01\/PORTADA-JOS-2021-scaled-1536x1536.jpg 1536w, https:\/\/fsmcv.org\/wp-content\/uploads\/2023\/01\/PORTADA-JOS-2021-scaled-600x600.jpg 600w, https:\/\/fsmcv.org\/wp-content\/uploads\/2023\/01\/PORTADA-JOS-2021-scaled-100x100.jpg 100w\" sizes=\"(max-width: 2048px) 100vw, 2048px\" title=\"\">\t\t\t\t\t\t\t\t\t\t\t\t\t\t\t<\/div>\n\t\t\t\t<\/div>\n\t\t\t\t<div class=\"elementor-element elementor-element-14115e97 elementor-align-center elementor-widget elementor-widget-button\" data-id=\"14115e97\" data-element_type=\"widget\" data-e-type=\"widget\" data-widget_type=\"button.default\">\n\t\t\t\t<div class=\"elementor-widget-container\">\n\t\t\t\t\t\t\t\t\t<div class=\"elementor-button-wrapper\">\n\t\t\t\t\t<a class=\"elementor-button elementor-button-link elementor-size-md\" href=\"https:\/\/fsmcv.org\/vl\/segell-discografic\/\">\n\t\t\t\t\t\t<span class=\"elementor-button-content-wrapper\">\n\t\t\t\t\t\t<span class=\"elementor-button-icon\">\n\t\t\t\t<i aria-hidden=\"true\" class=\"fas fa-arrow-right\"><\/i>\t\t\t<\/span>\n\t\t\t\t\t\t\t\t\t<span class=\"elementor-button-text\">Segell discogr\u00e0fic<\/span>\n\t\t\t\t\t<\/span>\n\t\t\t\t\t<\/a>\n\t\t\t\t<\/div>\n\t\t\t\t\t\t\t\t<\/div>\n\t\t\t\t<\/div>\n\t\t\t\t\t<\/div>\n\t\t<\/div>\n\t\t\t\t<div class=\"elementor-column elementor-col-50 elementor-top-column elementor-element elementor-element-4b6dc880\" data-id=\"4b6dc880\" data-element_type=\"column\" data-e-type=\"column\">\n\t\t\t<div class=\"elementor-widget-wrap elementor-element-populated\">\n\t\t\t\t\t\t<div class=\"elementor-element elementor-element-6b88fc9d elementor-widget elementor-widget-text-editor\" data-id=\"6b88fc9d\" data-element_type=\"widget\" data-e-type=\"widget\" data-widget_type=\"text-editor.default\">\n\t\t\t\t<div class=\"elementor-widget-container\">\n\t\t\t\t\t\t\t\t\t<p><strong>Director: Rub\u00e9n Sim\u00f3<\/strong><\/p>\n<p><strong>Cont\u00e9:<\/strong><\/p>\n<p>1. O mio Fernando (La Favorita) de Gaetano Donizetti<\/p>\n<p>2. Habanera (Carmen) de Georges Bizet<\/p>\n<p>3. Seguidilla (Carmen) de Georges Bizet<\/p>\n<p>4. Mon coeur s&#8217;ouvre \u00e0 ta voix (Samson y Delilah) de Camille Saint-Sa\u00ebns<\/p>\n<p>5. Vals (La viuda alegre) de Franz Leh\u00e1r<\/p>\n<p>6. Chotis del Eliseo (La Gran V\u00eda) de Federico Chueca y Joaqu\u00edn Valverde<\/p>\n<p>7. Petenera (La Marchenera) de Federico Moreno Torroba<\/p>\n<p>8. Tango de Menegilda (La Gran V\u00eda) de Federico Chueca<\/p>\n<p>9. La Tar\u00e1ntula (La Tempranica) de Ger\u00f3nimo Gim\u00e9nez<\/p>\n<p>10. D\u00fao de la Africana de Manuel Fern\u00e1ndez Caballero<\/p>\n<p><strong>Escolta aquest CD en Spotify! <\/strong><\/p>\n<p><iframe title=\"Spotify Embed: Jove Orquestra Simf\u00f2nica de la FSMCV Temporada 2021 (En Directo)\" style=\"border-radius: 12px\" width=\"100%\" height=\"352\" frameborder=\"0\" allowfullscreen allow=\"autoplay; clipboard-write; encrypted-media; fullscreen; picture-in-picture\" loading=\"lazy\" src=\"https:\/\/open.spotify.com\/embed\/album\/5UQ98Wl9YXNTDpRJRPzFpi?utm_source=oembed\"><\/iframe><\/p>\n\t\t\t\t\t\t\t\t<\/div>\n\t\t\t\t<\/div>\n\t\t\t\t\t<\/div>\n\t\t<\/div>\n\t\t\t\t\t<\/div>\n\t\t<\/section>\n\t\t\t\t<\/div>\n\t\t","protected":false},"excerpt":{"rendered":"<p>JOVE ORQUESTRA SIMF\u00d2NICA \/ TEMPORADA 2021 jove orquestra simf\u00f2nica \/ temporada 2021 Segell discogr\u00e0fic Director: Rub\u00e9n Sim\u00f3 Cont\u00e9: 1. O mio Fernando (La Favorita) de Gaetano Donizetti 2. Habanera (Carmen) de Georges Bizet 3. Seguidilla (Carmen) de Georges Bizet 4. Mon coeur s&#8217;ouvre \u00e0 ta voix (Samson y Delilah) de Camille Saint-Sa\u00ebns 5. Vals (La [&hellip;]<\/p>\n","protected":false},"author":17,"featured_media":61279,"parent":20683,"menu_order":0,"comment_status":"closed","ping_status":"closed","template":"elementor_header_footer","meta":{"footnotes":""},"class_list":["post-61291","page","type-page","status-publish","has-post-thumbnail","hentry"],"_links":{"self":[{"href":"https:\/\/fsmcv.org\/vl\/wp-json\/wp\/v2\/pages\/61291","targetHints":{"allow":["GET"]}}],"collection":[{"href":"https:\/\/fsmcv.org\/vl\/wp-json\/wp\/v2\/pages"}],"about":[{"href":"https:\/\/fsmcv.org\/vl\/wp-json\/wp\/v2\/types\/page"}],"author":[{"embeddable":true,"href":"https:\/\/fsmcv.org\/vl\/wp-json\/wp\/v2\/users\/17"}],"replies":[{"embeddable":true,"href":"https:\/\/fsmcv.org\/vl\/wp-json\/wp\/v2\/comments?post=61291"}],"version-history":[{"count":0,"href":"https:\/\/fsmcv.org\/vl\/wp-json\/wp\/v2\/pages\/61291\/revisions"}],"up":[{"embeddable":true,"href":"https:\/\/fsmcv.org\/vl\/wp-json\/wp\/v2\/pages\/20683"}],"wp:featuredmedia":[{"embeddable":true,"href":"https:\/\/fsmcv.org\/vl\/wp-json\/wp\/v2\/media\/61279"}],"wp:attachment":[{"href":"https:\/\/fsmcv.org\/vl\/wp-json\/wp\/v2\/media?parent=61291"}],"curies":[{"name":"wp","href":"https:\/\/api.w.org\/{rel}","templated":true}]}}