{"id":62450,"date":"2023-02-21T10:31:52","date_gmt":"2023-02-21T09:31:52","guid":{"rendered":"https:\/\/fsmcv.org\/?page_id=62450"},"modified":"2023-02-27T11:15:35","modified_gmt":"2023-02-27T10:15:35","slug":"jove-orquestra-simfonica-temporada-2022","status":"publish","type":"page","link":"https:\/\/fsmcv.org\/vl\/segell-discografic\/jove-orquestra-simfonica-temporada-2022\/","title":{"rendered":"Jove Orquestra Simf\u00f2nica \/ Temporada 2022"},"content":{"rendered":"\t\t<div data-elementor-type=\"wp-page\" data-elementor-id=\"62450\" class=\"elementor elementor-62450 elementor-62438\" data-elementor-post-type=\"page\">\n\t\t\t\t\t\t<section class=\"elementor-section elementor-top-section elementor-element elementor-element-3631dbba elementor-section-boxed elementor-section-height-default elementor-section-height-default\" data-id=\"3631dbba\" data-element_type=\"section\" data-e-type=\"section\">\n\t\t\t\t\t\t\t<div class=\"elementor-background-overlay\"><\/div>\n\t\t\t\t\t\t\t<div class=\"elementor-container elementor-column-gap-default\">\n\t\t\t\t\t<div class=\"elementor-column elementor-col-100 elementor-top-column elementor-element elementor-element-7f41f371\" data-id=\"7f41f371\" data-element_type=\"column\" data-e-type=\"column\">\n\t\t\t<div class=\"elementor-widget-wrap elementor-element-populated\">\n\t\t\t\t\t\t<div class=\"elementor-element elementor-element-3badcf55 elementor-widget elementor-widget-heading\" data-id=\"3badcf55\" data-element_type=\"widget\" data-e-type=\"widget\" data-widget_type=\"heading.default\">\n\t\t\t\t<div class=\"elementor-widget-container\">\n\t\t\t\t\t<h1 class=\"elementor-heading-title elementor-size-default\">JOVE ORQUESTRA SIMF\u00d2NICA \/ TEMPORADA 2022<\/h1>\t\t\t\t<\/div>\n\t\t\t\t<\/div>\n\t\t\t\t\t<\/div>\n\t\t<\/div>\n\t\t\t\t\t<\/div>\n\t\t<\/section>\n\t\t\t\t<section class=\"elementor-section elementor-top-section elementor-element elementor-element-30ea1c9a elementor-section-boxed elementor-section-height-default elementor-section-height-default\" data-id=\"30ea1c9a\" data-element_type=\"section\" data-e-type=\"section\">\n\t\t\t\t\t\t<div class=\"elementor-container elementor-column-gap-wide\">\n\t\t\t\t\t<div class=\"elementor-column elementor-col-50 elementor-top-column elementor-element elementor-element-5e18ca1a\" data-id=\"5e18ca1a\" data-element_type=\"column\" data-e-type=\"column\">\n\t\t\t<div class=\"elementor-widget-wrap elementor-element-populated\">\n\t\t\t\t\t\t<div class=\"elementor-element elementor-element-5968ed57 elementor-view-default elementor-position-block-start elementor-mobile-position-block-start elementor-widget elementor-widget-icon-box\" data-id=\"5968ed57\" data-element_type=\"widget\" data-e-type=\"widget\" data-widget_type=\"icon-box.default\">\n\t\t\t\t<div class=\"elementor-widget-container\">\n\t\t\t\t\t\t\t<div class=\"elementor-icon-box-wrapper\">\n\n\t\t\t\t\t\t<div class=\"elementor-icon-box-icon\">\n\t\t\t\t<span  class=\"elementor-icon\">\n\t\t\t\t<i aria-hidden=\"true\" class=\"fas fa-compact-disc\"><\/i>\t\t\t\t<\/span>\n\t\t\t<\/div>\n\t\t\t\n\t\t\t\t\t\t<div class=\"elementor-icon-box-content\">\n\n\t\t\t\t\t\t\t\t\t<h2 class=\"elementor-icon-box-title\">\n\t\t\t\t\t\t<span  >\n\t\t\t\t\t\t\tJOVE ORQUESTRA SIMF\u00d2NICA \/ TEMPORADA 2022\t\t\t\t\t\t<\/span>\n\t\t\t\t\t<\/h2>\n\t\t\t\t\n\t\t\t\t\t\t\t\t\t<p class=\"elementor-icon-box-description\">\n\t\t\t\t\t\t\n\n\t\t\t\t\t<\/p>\n\t\t\t\t\n\t\t\t<\/div>\n\t\t\t\n\t\t<\/div>\n\t\t\t\t\t\t<\/div>\n\t\t\t\t<\/div>\n\t\t\t\t<div class=\"elementor-element elementor-element-4ce3ebab elementor-widget elementor-widget-image\" data-id=\"4ce3ebab\" data-element_type=\"widget\" data-e-type=\"widget\" data-widget_type=\"image.default\">\n\t\t\t\t<div class=\"elementor-widget-container\">\n\t\t\t\t\t\t\t\t\t\t\t\t\t\t\t<img fetchpriority=\"high\" decoding=\"async\" width=\"2048\" height=\"2048\" src=\"https:\/\/fsmcv.org\/wp-content\/uploads\/2023\/02\/PORTADA-JOS-2022-scaled.jpg\" class=\"attachment-full size-full wp-image-62440\" alt=\"\" srcset=\"https:\/\/fsmcv.org\/wp-content\/uploads\/2023\/02\/PORTADA-JOS-2022-scaled.jpg 2048w, https:\/\/fsmcv.org\/wp-content\/uploads\/2023\/02\/PORTADA-JOS-2022-768x768.jpg 768w, https:\/\/fsmcv.org\/wp-content\/uploads\/2023\/02\/PORTADA-JOS-2022-300x300.jpg 300w, https:\/\/fsmcv.org\/wp-content\/uploads\/2023\/02\/PORTADA-JOS-2022-1536x1536.jpg 1536w, https:\/\/fsmcv.org\/wp-content\/uploads\/2023\/02\/PORTADA-JOS-2022-600x600.jpg 600w, https:\/\/fsmcv.org\/wp-content\/uploads\/2023\/02\/PORTADA-JOS-2022-100x100.jpg 100w\" sizes=\"(max-width: 2048px) 100vw, 2048px\" title=\"\">\t\t\t\t\t\t\t\t\t\t\t\t\t\t\t<\/div>\n\t\t\t\t<\/div>\n\t\t\t\t<div class=\"elementor-element elementor-element-750bcc04 elementor-align-center elementor-widget elementor-widget-button\" data-id=\"750bcc04\" data-element_type=\"widget\" data-e-type=\"widget\" data-widget_type=\"button.default\">\n\t\t\t\t<div class=\"elementor-widget-container\">\n\t\t\t\t\t\t\t\t\t<div class=\"elementor-button-wrapper\">\n\t\t\t\t\t<a class=\"elementor-button elementor-button-link elementor-size-md\" href=\"https:\/\/fsmcv.org\/vl\/segell-discografic\/\">\n\t\t\t\t\t\t<span class=\"elementor-button-content-wrapper\">\n\t\t\t\t\t\t<span class=\"elementor-button-icon\">\n\t\t\t\t<i aria-hidden=\"true\" class=\"fas fa-arrow-right\"><\/i>\t\t\t<\/span>\n\t\t\t\t\t\t\t\t\t<span class=\"elementor-button-text\">Segell discogr\u00e0fic<\/span>\n\t\t\t\t\t<\/span>\n\t\t\t\t\t<\/a>\n\t\t\t\t<\/div>\n\t\t\t\t\t\t\t\t<\/div>\n\t\t\t\t<\/div>\n\t\t\t\t\t<\/div>\n\t\t<\/div>\n\t\t\t\t<div class=\"elementor-column elementor-col-50 elementor-top-column elementor-element elementor-element-2ee151f6\" data-id=\"2ee151f6\" data-element_type=\"column\" data-e-type=\"column\">\n\t\t\t<div class=\"elementor-widget-wrap elementor-element-populated\">\n\t\t\t\t\t\t<div class=\"elementor-element elementor-element-43e6ad1 elementor-widget elementor-widget-text-editor\" data-id=\"43e6ad1\" data-element_type=\"widget\" data-e-type=\"widget\" data-widget_type=\"text-editor.default\">\n\t\t\t\t<div class=\"elementor-widget-container\">\n\t\t\t\t\t\t\t\t\t<p><strong>Director: Crist\u00f3bal Soler<\/strong><\/p>\n<p><strong>Cont\u00e9:<\/strong><\/p>\n<p>1. Do\u00f1a Francisquita: Coro de Rom\u00e1nticos de Amadeo Vives<\/p>\n<p>2. Canci\u00f3n H\u00fangara: Alma de Dios de Jos\u00e9 Serrano<\/p>\n<p>3. La Marchenera: Petenera de Federico Moreno Torroba<\/p>\n<p>4. Luisa Fernanda: D\u00fao de Luisa Fernanda y Javier de Federico Moreno Torroba<\/p>\n<p>5. La del soto del Parral: Ronda de enamorados de Reveriano Soutullo y Juan Vert<\/p>\n<p>6. Nabucco: Va, pensiero de Giuseppe Verdi<\/p>\n<p>7. Don Carlo: Io l&#8217;ho perduta de Giuseppe Verdi<\/p>\n<p>8. Don Carlo: O don fatale de Giuseppe Verdi<\/p>\n<p>9. Turandot: Nessum Dorma de Giacomo Puccini<\/p>\n<p>10. Cavalleria Rusticana: Gli aranci olezzano de Pietro Mascagni<\/p>\n<p>11. Carmen: C&#8217;est toi de Georges Bizet<\/p>\n<p>Symphony no 4 de Pyotr Tchaikovsky<\/p>\n<p>12. I. Andante sostenuto<\/p>\n<p>13. II. Andantino inmodo di canzona<\/p>\n<p>14. Scherzo<\/p>\n<p>15. Finale<\/p>\n<p>16. Boda de Luis Alonso de Ger\u00f3nimo Gim\u00e9nez<\/p>\n<p>17. Do\u00f1a Francisquita: Fandando: Casta\u00f1uelas de Amadeo Vives<\/p>\n<p>18. Samson et Dalila: Mon coeur s&#8217;ouvre \u00e0 ta voix de C. Saint-Sa\u00ebns<\/p>\n<p><strong>Escolta aquest CD en Spotify! <\/strong><\/p>\n<p><iframe title=\"Spotify Embed: Jove Orquestra Simf\u00f2nica Federaci\u00f3 de Societats Musicals de la Comunitat Valenciana Temporada 2022 (En Directo)\" style=\"border-radius: 12px\" width=\"100%\" height=\"352\" frameborder=\"0\" allowfullscreen allow=\"autoplay; clipboard-write; encrypted-media; fullscreen; picture-in-picture\" loading=\"lazy\" src=\"https:\/\/open.spotify.com\/embed\/album\/0k6NIsqT9sOQcIfnfUuapd?si=Z74dTO1HQ0-YTv9YJN_waw&nd=1&utm_source=oembed\"><\/iframe><\/p>\n\t\t\t\t\t\t\t\t<\/div>\n\t\t\t\t<\/div>\n\t\t\t\t\t<\/div>\n\t\t<\/div>\n\t\t\t\t\t<\/div>\n\t\t<\/section>\n\t\t\t\t<\/div>\n\t\t","protected":false},"excerpt":{"rendered":"<p>JOVE ORQUESTRA SIMF\u00d2NICA \/ TEMPORADA 2022 JOVE ORQUESTRA SIMF\u00d2NICA \/ TEMPORADA 2022 Segell discogr\u00e0fic Director: Crist\u00f3bal Soler Cont\u00e9: 1. Do\u00f1a Francisquita: Coro de Rom\u00e1nticos de Amadeo Vives 2. Canci\u00f3n H\u00fangara: Alma de Dios de Jos\u00e9 Serrano 3. La Marchenera: Petenera de Federico Moreno Torroba 4. Luisa Fernanda: D\u00fao de Luisa Fernanda y Javier de Federico [&hellip;]<\/p>\n","protected":false},"author":17,"featured_media":62440,"parent":20683,"menu_order":0,"comment_status":"closed","ping_status":"closed","template":"elementor_header_footer","meta":{"footnotes":""},"class_list":["post-62450","page","type-page","status-publish","has-post-thumbnail","hentry"],"_links":{"self":[{"href":"https:\/\/fsmcv.org\/vl\/wp-json\/wp\/v2\/pages\/62450","targetHints":{"allow":["GET"]}}],"collection":[{"href":"https:\/\/fsmcv.org\/vl\/wp-json\/wp\/v2\/pages"}],"about":[{"href":"https:\/\/fsmcv.org\/vl\/wp-json\/wp\/v2\/types\/page"}],"author":[{"embeddable":true,"href":"https:\/\/fsmcv.org\/vl\/wp-json\/wp\/v2\/users\/17"}],"replies":[{"embeddable":true,"href":"https:\/\/fsmcv.org\/vl\/wp-json\/wp\/v2\/comments?post=62450"}],"version-history":[{"count":0,"href":"https:\/\/fsmcv.org\/vl\/wp-json\/wp\/v2\/pages\/62450\/revisions"}],"up":[{"embeddable":true,"href":"https:\/\/fsmcv.org\/vl\/wp-json\/wp\/v2\/pages\/20683"}],"wp:featuredmedia":[{"embeddable":true,"href":"https:\/\/fsmcv.org\/vl\/wp-json\/wp\/v2\/media\/62440"}],"wp:attachment":[{"href":"https:\/\/fsmcv.org\/vl\/wp-json\/wp\/v2\/media?parent=62450"}],"curies":[{"name":"wp","href":"https:\/\/api.w.org\/{rel}","templated":true}]}}