{"id":64825,"date":"2022-11-15T13:50:15","date_gmt":"2022-11-15T12:50:15","guid":{"rendered":"https:\/\/fsmcv.org\/les-societats-musicals-en-clau-de-comic\/"},"modified":"2024-12-05T12:33:10","modified_gmt":"2024-12-05T11:33:10","slug":"les-societats-musicals-en-clau-de-comic","status":"publish","type":"page","link":"https:\/\/fsmcv.org\/vl\/les-societats-musicals-en-clau-de-comic\/","title":{"rendered":"Les societats musicals en clau de c\u00f2mic"},"content":{"rendered":"\t\t<div data-elementor-type=\"wp-page\" data-elementor-id=\"64825\" class=\"elementor elementor-64825 elementor-60117\" data-elementor-post-type=\"page\">\n\t\t\t\t\t\t<section class=\"elementor-section elementor-top-section elementor-element elementor-element-ecba113 elementor-section-boxed elementor-section-height-default elementor-section-height-default\" data-id=\"ecba113\" data-element_type=\"section\" data-e-type=\"section\">\n\t\t\t\t\t\t<div class=\"elementor-container elementor-column-gap-default\">\n\t\t\t\t\t<div class=\"elementor-column elementor-col-100 elementor-top-column elementor-element elementor-element-a5a97b6\" data-id=\"a5a97b6\" data-element_type=\"column\" data-e-type=\"column\">\n\t\t\t<div class=\"elementor-widget-wrap elementor-element-populated\">\n\t\t\t\t\t\t<div class=\"elementor-element elementor-element-ea91198 elementor-widget elementor-widget-image\" data-id=\"ea91198\" data-element_type=\"widget\" data-e-type=\"widget\" data-widget_type=\"image.default\">\n\t\t\t\t<div class=\"elementor-widget-container\">\n\t\t\t\t\t\t\t\t\t\t\t\t\t\t\t<img fetchpriority=\"high\" decoding=\"async\" width=\"1920\" height=\"201\" src=\"https:\/\/fsmcv.org\/wp-content\/uploads\/2022\/12\/Les-Societats-Musicals-en-Clau-de-COmic.png\" class=\"attachment-large size-large wp-image-60632\" alt=\"\" srcset=\"https:\/\/fsmcv.org\/wp-content\/uploads\/2022\/12\/Les-Societats-Musicals-en-Clau-de-COmic.png 1920w, https:\/\/fsmcv.org\/wp-content\/uploads\/2022\/12\/Les-Societats-Musicals-en-Clau-de-COmic-768x80.png 768w, https:\/\/fsmcv.org\/wp-content\/uploads\/2022\/12\/Les-Societats-Musicals-en-Clau-de-COmic-1536x161.png 1536w, https:\/\/fsmcv.org\/wp-content\/uploads\/2022\/12\/Les-Societats-Musicals-en-Clau-de-COmic-600x63.png 600w\" sizes=\"(max-width: 1920px) 100vw, 1920px\" title=\"\">\t\t\t\t\t\t\t\t\t\t\t\t\t\t\t<\/div>\n\t\t\t\t<\/div>\n\t\t\t\t<div class=\"elementor-element elementor-element-ee5ed2b elementor-widget elementor-widget-text-editor\" data-id=\"ee5ed2b\" data-element_type=\"widget\" data-e-type=\"widget\" data-widget_type=\"text-editor.default\">\n\t\t\t\t<div class=\"elementor-widget-container\">\n\t\t\t\t\t\t\t\t\t<p>Este \u00e9s un projecte original de la Federaci\u00f3 de Societats Musicals de la Comunitat Valenciana per als centres educatius.<\/p>\n<p><strong><em>\u201cLes Societats Musicals en Clau de C\u00f2mic\u201d<\/em><\/strong> naix com un projecte educatiu i de divulgaci\u00f3 que impulsem des de la *FSMCV amb la finalitat de donar a con\u00e9ixer entre l&#8217;alumnat de prim\u00e0ria el moviment art\u00edstic, educatiu i cultural que representen les societats musicals de la Comunitat Valenciana i les seues bandes de m\u00fasica.\u201c<\/p>\n<p>A trav\u00e9s d&#8217;este, descobrir\u00e0s un bonic relat que cont\u00e9 la cultura i els valors de les nostres societats musicals, un moviment \u00fanic en el m\u00f3n, tan gran que hem ideat una col\u00b7lecci\u00f3 de c\u00f2mics per a transmetre les seues hist\u00f2ries.<\/p>\n<p>En estos moments, comptem amb dos volums: el primer il\u00b7lustrat per Paco Roca titulat<strong> &#8220;La fam\u00edlia musical&#8221;<\/strong> i el segon per Cristina Dur\u00e1n i Miguel \u00c1ngel Giner, el t\u00edtol del qual \u00e9s <strong>&#8220;Una melodia per a Vicent&#8221;.<\/strong><\/p>\n<p>Esperem que gaudisquen molt de la seua lectura.<\/p>\t\t\t\t\t\t\t\t<\/div>\n\t\t\t\t<\/div>\n\t\t\t\t\t<\/div>\n\t\t<\/div>\n\t\t\t\t\t<\/div>\n\t\t<\/section>\n\t\t\t\t<section class=\"elementor-section elementor-top-section elementor-element elementor-element-cbe8a7b elementor-section-boxed elementor-section-height-default elementor-section-height-default\" data-id=\"cbe8a7b\" data-element_type=\"section\" data-e-type=\"section\">\n\t\t\t\t\t\t<div class=\"elementor-container elementor-column-gap-default\">\n\t\t\t\t\t<div class=\"elementor-column elementor-col-100 elementor-top-column elementor-element elementor-element-d03377f\" data-id=\"d03377f\" data-element_type=\"column\" data-e-type=\"column\">\n\t\t\t<div class=\"elementor-widget-wrap elementor-element-populated\">\n\t\t\t\t\t\t<div class=\"elementor-element elementor-element-0762475 elementor-widget elementor-widget-video\" data-id=\"0762475\" data-element_type=\"widget\" data-e-type=\"widget\" data-settings=\"{&quot;youtube_url&quot;:&quot;https:\\\/\\\/youtu.be\\\/Fk5r1C0YHho&quot;,&quot;video_type&quot;:&quot;youtube&quot;,&quot;controls&quot;:&quot;yes&quot;}\" data-widget_type=\"video.default\">\n\t\t\t\t<div class=\"elementor-widget-container\">\n\t\t\t\t\t\t\t<div class=\"elementor-wrapper elementor-open-inline\">\n\t\t\t<div class=\"elementor-video\"><\/div>\t\t<\/div>\n\t\t\t\t\t\t<\/div>\n\t\t\t\t<\/div>\n\t\t\t\t\t<\/div>\n\t\t<\/div>\n\t\t\t\t\t<\/div>\n\t\t<\/section>\n\t\t\t\t<section class=\"elementor-section elementor-top-section elementor-element elementor-element-61a2c00 elementor-section-boxed elementor-section-height-default elementor-section-height-default\" data-id=\"61a2c00\" data-element_type=\"section\" data-e-type=\"section\">\n\t\t\t\t\t\t<div class=\"elementor-container elementor-column-gap-wide\">\n\t\t\t\t\t<div class=\"elementor-column elementor-col-50 elementor-top-column elementor-element elementor-element-0bee451\" data-id=\"0bee451\" data-element_type=\"column\" data-e-type=\"column\">\n\t\t\t<div class=\"elementor-widget-wrap elementor-element-populated\">\n\t\t\t\t\t\t<div class=\"elementor-element elementor-element-7ae1de2 elementor-widget elementor-widget-image\" data-id=\"7ae1de2\" data-element_type=\"widget\" data-e-type=\"widget\" data-widget_type=\"image.default\">\n\t\t\t\t<div class=\"elementor-widget-container\">\n\t\t\t\t\t\t\t\t\t\t\t\t\t\t\t<img decoding=\"async\" width=\"1456\" height=\"2048\" src=\"https:\/\/fsmcv.org\/wp-content\/uploads\/2024\/09\/SocMusicales_PortadaCAST-scaled.jpg\" class=\"attachment-large size-large wp-image-73914\" alt=\"\" srcset=\"https:\/\/fsmcv.org\/wp-content\/uploads\/2024\/09\/SocMusicales_PortadaCAST-scaled.jpg 1456w, https:\/\/fsmcv.org\/wp-content\/uploads\/2024\/09\/SocMusicales_PortadaCAST-768x1080.jpg 768w, https:\/\/fsmcv.org\/wp-content\/uploads\/2024\/09\/SocMusicales_PortadaCAST-1092x1536.jpg 1092w, https:\/\/fsmcv.org\/wp-content\/uploads\/2024\/09\/SocMusicales_PortadaCAST-600x844.jpg 600w\" sizes=\"(max-width: 1456px) 100vw, 1456px\" title=\"\">\t\t\t\t\t\t\t\t\t\t\t\t\t\t\t<\/div>\n\t\t\t\t<\/div>\n\t\t\t\t\t<\/div>\n\t\t<\/div>\n\t\t\t\t<div class=\"elementor-column elementor-col-50 elementor-top-column elementor-element elementor-element-944ed20\" data-id=\"944ed20\" data-element_type=\"column\" data-e-type=\"column\">\n\t\t\t<div class=\"elementor-widget-wrap elementor-element-populated\">\n\t\t\t\t\t\t<div class=\"elementor-element elementor-element-701d0c1 elementor-widget elementor-widget-text-editor\" data-id=\"701d0c1\" data-element_type=\"widget\" data-e-type=\"widget\" data-widget_type=\"text-editor.default\">\n\t\t\t\t<div class=\"elementor-widget-container\">\n\t\t\t\t\t\t\t\t\t<h2>Volum 2<\/h2>\n\t\t\t\t\t\t\t\t<\/div>\n\t\t\t\t<\/div>\n\t\t\t\t<div class=\"elementor-element elementor-element-8ff020d elementor-widget elementor-widget-image\" data-id=\"8ff020d\" data-element_type=\"widget\" data-e-type=\"widget\" data-widget_type=\"image.default\">\n\t\t\t\t<div class=\"elementor-widget-container\">\n\t\t\t\t\t\t\t\t\t\t\t\t\t\t\t<img decoding=\"async\" width=\"1024\" height=\"253\" src=\"https:\/\/fsmcv.org\/wp-content\/uploads\/2024\/09\/TITULO.jpg\" class=\"attachment-large size-large wp-image-73920\" alt=\"\" srcset=\"https:\/\/fsmcv.org\/wp-content\/uploads\/2024\/09\/TITULO.jpg 1024w, https:\/\/fsmcv.org\/wp-content\/uploads\/2024\/09\/TITULO-768x190.jpg 768w, https:\/\/fsmcv.org\/wp-content\/uploads\/2024\/09\/TITULO-600x148.jpg 600w\" sizes=\"(max-width: 1024px) 100vw, 1024px\" title=\"\">\t\t\t\t\t\t\t\t\t\t\t\t\t\t\t<\/div>\n\t\t\t\t<\/div>\n\t\t\t\t<div class=\"elementor-element elementor-element-0c3ed08 elementor-widget elementor-widget-image\" data-id=\"0c3ed08\" data-element_type=\"widget\" data-e-type=\"widget\" data-widget_type=\"image.default\">\n\t\t\t\t<div class=\"elementor-widget-container\">\n\t\t\t\t\t\t\t\t\t\t\t\t\t\t\t<img loading=\"lazy\" decoding=\"async\" width=\"1560\" height=\"255\" src=\"https:\/\/fsmcv.org\/wp-content\/uploads\/2024\/09\/LOGOS-FALDON.png\" class=\"attachment-large size-large wp-image-73922\" alt=\"\" srcset=\"https:\/\/fsmcv.org\/wp-content\/uploads\/2024\/09\/LOGOS-FALDON.png 1560w, https:\/\/fsmcv.org\/wp-content\/uploads\/2024\/09\/LOGOS-FALDON-768x126.png 768w, https:\/\/fsmcv.org\/wp-content\/uploads\/2024\/09\/LOGOS-FALDON-1536x251.png 1536w, https:\/\/fsmcv.org\/wp-content\/uploads\/2024\/09\/LOGOS-FALDON-600x98.png 600w\" sizes=\"(max-width: 1560px) 100vw, 1560px\" title=\"\">\t\t\t\t\t\t\t\t\t\t\t\t\t\t\t<\/div>\n\t\t\t\t<\/div>\n\t\t\t\t<section class=\"elementor-section elementor-inner-section elementor-element elementor-element-9b56cea elementor-section-boxed elementor-section-height-default elementor-section-height-default\" data-id=\"9b56cea\" data-element_type=\"section\" data-e-type=\"section\">\n\t\t\t\t\t\t<div class=\"elementor-container elementor-column-gap-default\">\n\t\t\t\t\t<div class=\"elementor-column elementor-col-33 elementor-inner-column elementor-element elementor-element-00e48d2\" data-id=\"00e48d2\" data-element_type=\"column\" data-e-type=\"column\">\n\t\t\t<div class=\"elementor-widget-wrap elementor-element-populated\">\n\t\t\t\t\t\t<div class=\"elementor-element elementor-element-14e5b51 elementor-align-center elementor-widget elementor-widget-button\" data-id=\"14e5b51\" data-element_type=\"widget\" data-e-type=\"widget\" data-widget_type=\"button.default\">\n\t\t\t\t<div class=\"elementor-widget-container\">\n\t\t\t\t\t\t\t\t\t<div class=\"elementor-button-wrapper\">\n\t\t\t\t\t<a class=\"elementor-button elementor-button-link elementor-size-sm\" href=\"https:\/\/fsmcv.org\/wp-content\/uploads\/2024\/09\/UnaMelodiaParaVicent_CAST.pdf\" target=\"_blank\">\n\t\t\t\t\t\t<span class=\"elementor-button-content-wrapper\">\n\t\t\t\t\t\t\t\t\t<span class=\"elementor-button-text\">Descarga el c\u00f3mic<\/span>\n\t\t\t\t\t<\/span>\n\t\t\t\t\t<\/a>\n\t\t\t\t<\/div>\n\t\t\t\t\t\t\t\t<\/div>\n\t\t\t\t<\/div>\n\t\t\t\t\t<\/div>\n\t\t<\/div>\n\t\t\t\t<div class=\"elementor-column elementor-col-33 elementor-inner-column elementor-element elementor-element-3451ea4\" data-id=\"3451ea4\" data-element_type=\"column\" data-e-type=\"column\">\n\t\t\t<div class=\"elementor-widget-wrap elementor-element-populated\">\n\t\t\t\t\t\t<div class=\"elementor-element elementor-element-beeed33 elementor-align-center elementor-widget elementor-widget-button\" data-id=\"beeed33\" data-element_type=\"widget\" data-e-type=\"widget\" data-widget_type=\"button.default\">\n\t\t\t\t<div class=\"elementor-widget-container\">\n\t\t\t\t\t\t\t\t\t<div class=\"elementor-button-wrapper\">\n\t\t\t\t\t<a class=\"elementor-button elementor-button-link elementor-size-xs\" href=\"https:\/\/fsmcv.org\/wp-content\/uploads\/2024\/09\/UnaMelodiaParaVicent_VAL.pdf\" target=\"_blank\">\n\t\t\t\t\t\t<span class=\"elementor-button-content-wrapper\">\n\t\t\t\t\t\t\t\t\t<span class=\"elementor-button-text\">Descarrega el c\u00f2mic<\/span>\n\t\t\t\t\t<\/span>\n\t\t\t\t\t<\/a>\n\t\t\t\t<\/div>\n\t\t\t\t\t\t\t\t<\/div>\n\t\t\t\t<\/div>\n\t\t\t\t\t<\/div>\n\t\t<\/div>\n\t\t\t\t<div class=\"elementor-column elementor-col-33 elementor-inner-column elementor-element elementor-element-1dc4612\" data-id=\"1dc4612\" data-element_type=\"column\" data-e-type=\"column\">\n\t\t\t<div class=\"elementor-widget-wrap elementor-element-populated\">\n\t\t\t\t\t\t<div class=\"elementor-element elementor-element-f2288ea elementor-align-center elementor-widget elementor-widget-button\" data-id=\"f2288ea\" data-element_type=\"widget\" data-e-type=\"widget\" data-widget_type=\"button.default\">\n\t\t\t\t<div class=\"elementor-widget-container\">\n\t\t\t\t\t\t\t\t\t<div class=\"elementor-button-wrapper\">\n\t\t\t\t\t<a class=\"elementor-button elementor-button-link elementor-size-sm\" href=\"https:\/\/fsmcv.org\/wp-content\/uploads\/2024\/09\/UnaMelodiaParaVicent_ENG.pdf\">\n\t\t\t\t\t\t<span class=\"elementor-button-content-wrapper\">\n\t\t\t\t\t\t\t\t\t<span class=\"elementor-button-text\">Download the comic<\/span>\n\t\t\t\t\t<\/span>\n\t\t\t\t\t<\/a>\n\t\t\t\t<\/div>\n\t\t\t\t\t\t\t\t<\/div>\n\t\t\t\t<\/div>\n\t\t\t\t\t<\/div>\n\t\t<\/div>\n\t\t\t\t\t<\/div>\n\t\t<\/section>\n\t\t\t\t\t<\/div>\n\t\t<\/div>\n\t\t\t\t\t<\/div>\n\t\t<\/section>\n\t\t\t\t<section class=\"elementor-section elementor-top-section elementor-element elementor-element-703e4d1 elementor-section-boxed elementor-section-height-default elementor-section-height-default\" data-id=\"703e4d1\" data-element_type=\"section\" data-e-type=\"section\">\n\t\t\t\t\t\t<div class=\"elementor-container elementor-column-gap-default\">\n\t\t\t\t\t<div class=\"elementor-column elementor-col-33 elementor-top-column elementor-element elementor-element-1c376a5\" data-id=\"1c376a5\" data-element_type=\"column\" data-e-type=\"column\">\n\t\t\t<div class=\"elementor-widget-wrap\">\n\t\t\t\t\t\t\t<\/div>\n\t\t<\/div>\n\t\t\t\t<div class=\"elementor-column elementor-col-33 elementor-top-column elementor-element elementor-element-58ad29a\" data-id=\"58ad29a\" data-element_type=\"column\" data-e-type=\"column\">\n\t\t\t<div class=\"elementor-widget-wrap elementor-element-populated\">\n\t\t\t\t\t\t<div class=\"elementor-element elementor-element-f73e42f elementor-widget__width-initial elementor-widget elementor-widget-image\" data-id=\"f73e42f\" data-element_type=\"widget\" data-e-type=\"widget\" data-widget_type=\"image.default\">\n\t\t\t\t<div class=\"elementor-widget-container\">\n\t\t\t\t\t\t\t\t\t\t\t\t\t\t\t<img loading=\"lazy\" decoding=\"async\" width=\"768\" height=\"275\" src=\"https:\/\/fsmcv.org\/wp-content\/uploads\/2024\/09\/02LogoLaGRUABN-768x275.png\" class=\"attachment-medium_large size-medium_large wp-image-73951\" alt=\"\" srcset=\"https:\/\/fsmcv.org\/wp-content\/uploads\/2024\/09\/02LogoLaGRUABN-768x275.png 768w, https:\/\/fsmcv.org\/wp-content\/uploads\/2024\/09\/02LogoLaGRUABN-1536x549.png 1536w, https:\/\/fsmcv.org\/wp-content\/uploads\/2024\/09\/02LogoLaGRUABN-2048x732.png 2048w, https:\/\/fsmcv.org\/wp-content\/uploads\/2024\/09\/02LogoLaGRUABN-600x215.png 600w\" sizes=\"(max-width: 768px) 100vw, 768px\" title=\"\">\t\t\t\t\t\t\t\t\t\t\t\t\t\t\t<\/div>\n\t\t\t\t<\/div>\n\t\t\t\t\t<\/div>\n\t\t<\/div>\n\t\t\t\t<div class=\"elementor-column elementor-col-33 elementor-top-column elementor-element elementor-element-2b4fcf7\" data-id=\"2b4fcf7\" data-element_type=\"column\" data-e-type=\"column\">\n\t\t\t<div class=\"elementor-widget-wrap\">\n\t\t\t\t\t\t\t<\/div>\n\t\t<\/div>\n\t\t\t\t\t<\/div>\n\t\t<\/section>\n\t\t\t\t<section class=\"elementor-section elementor-top-section elementor-element elementor-element-6bb168d elementor-section-boxed elementor-section-height-default elementor-section-height-default\" data-id=\"6bb168d\" data-element_type=\"section\" data-e-type=\"section\">\n\t\t\t\t\t\t<div class=\"elementor-container elementor-column-gap-default\">\n\t\t\t\t\t<div class=\"elementor-column elementor-col-100 elementor-top-column elementor-element elementor-element-bca9c9c\" data-id=\"bca9c9c\" data-element_type=\"column\" data-e-type=\"column\">\n\t\t\t<div class=\"elementor-widget-wrap elementor-element-populated\">\n\t\t\t\t\t\t<div class=\"elementor-element elementor-element-7d97364 elementor-widget elementor-widget-spacer\" data-id=\"7d97364\" data-element_type=\"widget\" data-e-type=\"widget\" data-widget_type=\"spacer.default\">\n\t\t\t\t<div class=\"elementor-widget-container\">\n\t\t\t\t\t\t\t<div class=\"elementor-spacer\">\n\t\t\t<div class=\"elementor-spacer-inner\"><\/div>\n\t\t<\/div>\n\t\t\t\t\t\t<\/div>\n\t\t\t\t<\/div>\n\t\t\t\t\t<\/div>\n\t\t<\/div>\n\t\t\t\t\t<\/div>\n\t\t<\/section>\n\t\t\t\t<section class=\"elementor-section elementor-top-section elementor-element elementor-element-39e0904 elementor-section-boxed elementor-section-height-default elementor-section-height-default\" data-id=\"39e0904\" data-element_type=\"section\" data-e-type=\"section\">\n\t\t\t\t\t\t<div class=\"elementor-container elementor-column-gap-wide\">\n\t\t\t\t\t<div class=\"elementor-column elementor-col-50 elementor-top-column elementor-element elementor-element-b90de4d\" data-id=\"b90de4d\" data-element_type=\"column\" data-e-type=\"column\">\n\t\t\t<div class=\"elementor-widget-wrap elementor-element-populated\">\n\t\t\t\t\t\t<div class=\"elementor-element elementor-element-4939ddb elementor-widget elementor-widget-image\" data-id=\"4939ddb\" data-element_type=\"widget\" data-e-type=\"widget\" data-widget_type=\"image.default\">\n\t\t\t\t<div class=\"elementor-widget-container\">\n\t\t\t\t\t\t\t\t\t\t\t\t\t\t\t<img loading=\"lazy\" decoding=\"async\" width=\"643\" height=\"907\" src=\"https:\/\/fsmcv.org\/wp-content\/uploads\/2022\/12\/LaFamiliaMusical_Potada_VAL.jpg\" class=\"attachment-large size-large wp-image-60626\" alt=\"La Familia Musical Paco Roca\" srcset=\"https:\/\/fsmcv.org\/wp-content\/uploads\/2022\/12\/LaFamiliaMusical_Potada_VAL.jpg 643w, https:\/\/fsmcv.org\/wp-content\/uploads\/2022\/12\/LaFamiliaMusical_Potada_VAL-600x846.jpg 600w\" sizes=\"(max-width: 643px) 100vw, 643px\" title=\"\">\t\t\t\t\t\t\t\t\t\t\t\t\t\t\t<\/div>\n\t\t\t\t<\/div>\n\t\t\t\t<div class=\"elementor-element elementor-element-0cf6537 elementor-widget elementor-widget-image\" data-id=\"0cf6537\" data-element_type=\"widget\" data-e-type=\"widget\" data-widget_type=\"image.default\">\n\t\t\t\t<div class=\"elementor-widget-container\">\n\t\t\t\t\t\t\t\t\t\t\t\t\t\t\t<img loading=\"lazy\" decoding=\"async\" width=\"364\" height=\"325\" src=\"https:\/\/fsmcv.org\/wp-content\/uploads\/2022\/12\/PacoRoca_Firma-1.png\" class=\"attachment-large size-large wp-image-60630\" alt=\"\" title=\"\">\t\t\t\t\t\t\t\t\t\t\t\t\t\t\t<\/div>\n\t\t\t\t<\/div>\n\t\t\t\t\t<\/div>\n\t\t<\/div>\n\t\t\t\t<div class=\"elementor-column elementor-col-50 elementor-top-column elementor-element elementor-element-e89b5d6\" data-id=\"e89b5d6\" data-element_type=\"column\" data-e-type=\"column\">\n\t\t\t<div class=\"elementor-widget-wrap elementor-element-populated\">\n\t\t\t\t\t\t<div class=\"elementor-element elementor-element-7c29b32 elementor-widget elementor-widget-text-editor\" data-id=\"7c29b32\" data-element_type=\"widget\" data-e-type=\"widget\" data-widget_type=\"text-editor.default\">\n\t\t\t\t<div class=\"elementor-widget-container\">\n\t\t\t\t\t\t\t\t\t<h2>Volum 1<\/h2>\n\t\t\t\t\t\t\t\t<\/div>\n\t\t\t\t<\/div>\n\t\t\t\t<div class=\"elementor-element elementor-element-66a6a46 elementor-widget elementor-widget-image\" data-id=\"66a6a46\" data-element_type=\"widget\" data-e-type=\"widget\" data-widget_type=\"image.default\">\n\t\t\t\t<div class=\"elementor-widget-container\">\n\t\t\t\t\t\t\t\t\t\t\t\t\t\t\t<img loading=\"lazy\" decoding=\"async\" width=\"778\" height=\"181\" src=\"https:\/\/fsmcv.org\/wp-content\/uploads\/2024\/09\/La-familia-musical-2.png\" class=\"attachment-large size-large wp-image-73912\" alt=\"\" srcset=\"https:\/\/fsmcv.org\/wp-content\/uploads\/2024\/09\/La-familia-musical-2.png 778w, https:\/\/fsmcv.org\/wp-content\/uploads\/2024\/09\/La-familia-musical-2-768x179.png 768w, https:\/\/fsmcv.org\/wp-content\/uploads\/2024\/09\/La-familia-musical-2-600x140.png 600w\" sizes=\"(max-width: 778px) 100vw, 778px\" title=\"\">\t\t\t\t\t\t\t\t\t\t\t\t\t\t\t<\/div>\n\t\t\t\t<\/div>\n\t\t\t\t<div class=\"elementor-element elementor-element-da68047 elementor-widget elementor-widget-image\" data-id=\"da68047\" data-element_type=\"widget\" data-e-type=\"widget\" data-widget_type=\"image.default\">\n\t\t\t\t<div class=\"elementor-widget-container\">\n\t\t\t\t\t\t\t\t\t\t\t\t\t\t\t<img loading=\"lazy\" decoding=\"async\" width=\"1611\" height=\"309\" src=\"https:\/\/fsmcv.org\/wp-content\/uploads\/2024\/09\/LOGOS-FALDON-1.png\" class=\"attachment-large size-large wp-image-73924\" alt=\"\" srcset=\"https:\/\/fsmcv.org\/wp-content\/uploads\/2024\/09\/LOGOS-FALDON-1.png 1611w, https:\/\/fsmcv.org\/wp-content\/uploads\/2024\/09\/LOGOS-FALDON-1-768x147.png 768w, https:\/\/fsmcv.org\/wp-content\/uploads\/2024\/09\/LOGOS-FALDON-1-1536x295.png 1536w, https:\/\/fsmcv.org\/wp-content\/uploads\/2024\/09\/LOGOS-FALDON-1-600x115.png 600w\" sizes=\"(max-width: 1611px) 100vw, 1611px\" title=\"\">\t\t\t\t\t\t\t\t\t\t\t\t\t\t\t<\/div>\n\t\t\t\t<\/div>\n\t\t\t\t<section class=\"elementor-section elementor-inner-section elementor-element elementor-element-d0395d7 elementor-section-boxed elementor-section-height-default elementor-section-height-default\" data-id=\"d0395d7\" data-element_type=\"section\" data-e-type=\"section\">\n\t\t\t\t\t\t<div class=\"elementor-container elementor-column-gap-default\">\n\t\t\t\t\t<div class=\"elementor-column elementor-col-33 elementor-inner-column elementor-element elementor-element-09055de\" data-id=\"09055de\" data-element_type=\"column\" data-e-type=\"column\">\n\t\t\t<div class=\"elementor-widget-wrap elementor-element-populated\">\n\t\t\t\t\t\t<div class=\"elementor-element elementor-element-3018ae8 elementor-align-center elementor-widget elementor-widget-button\" data-id=\"3018ae8\" data-element_type=\"widget\" data-e-type=\"widget\" data-widget_type=\"button.default\">\n\t\t\t\t<div class=\"elementor-widget-container\">\n\t\t\t\t\t\t\t\t\t<div class=\"elementor-button-wrapper\">\n\t\t\t\t\t<a class=\"elementor-button elementor-button-link elementor-size-sm\" href=\"https:\/\/fsmcv.org\/wp-content\/uploads\/2022\/12\/LaFamiliaMusical_CAST.pdf\" target=\"_blank\">\n\t\t\t\t\t\t<span class=\"elementor-button-content-wrapper\">\n\t\t\t\t\t\t\t\t\t<span class=\"elementor-button-text\">Descarga el c\u00f3mic<\/span>\n\t\t\t\t\t<\/span>\n\t\t\t\t\t<\/a>\n\t\t\t\t<\/div>\n\t\t\t\t\t\t\t\t<\/div>\n\t\t\t\t<\/div>\n\t\t\t\t\t<\/div>\n\t\t<\/div>\n\t\t\t\t<div class=\"elementor-column elementor-col-33 elementor-inner-column elementor-element elementor-element-34cbc83\" data-id=\"34cbc83\" data-element_type=\"column\" data-e-type=\"column\">\n\t\t\t<div class=\"elementor-widget-wrap elementor-element-populated\">\n\t\t\t\t\t\t<div class=\"elementor-element elementor-element-1edf362 elementor-align-center elementor-widget elementor-widget-button\" data-id=\"1edf362\" data-element_type=\"widget\" data-e-type=\"widget\" data-widget_type=\"button.default\">\n\t\t\t\t<div class=\"elementor-widget-container\">\n\t\t\t\t\t\t\t\t\t<div class=\"elementor-button-wrapper\">\n\t\t\t\t\t<a class=\"elementor-button elementor-button-link elementor-size-xs\" href=\"https:\/\/fsmcv.org\/wp-content\/uploads\/2022\/12\/LaFamiliaMusical_VAL.pdf\" target=\"_blank\">\n\t\t\t\t\t\t<span class=\"elementor-button-content-wrapper\">\n\t\t\t\t\t\t\t\t\t<span class=\"elementor-button-text\">Descarrega el c\u00f2mic<\/span>\n\t\t\t\t\t<\/span>\n\t\t\t\t\t<\/a>\n\t\t\t\t<\/div>\n\t\t\t\t\t\t\t\t<\/div>\n\t\t\t\t<\/div>\n\t\t\t\t\t<\/div>\n\t\t<\/div>\n\t\t\t\t<div class=\"elementor-column elementor-col-33 elementor-inner-column elementor-element elementor-element-3c78fe4\" data-id=\"3c78fe4\" data-element_type=\"column\" data-e-type=\"column\">\n\t\t\t<div class=\"elementor-widget-wrap elementor-element-populated\">\n\t\t\t\t\t\t<div class=\"elementor-element elementor-element-47c2c8b elementor-align-center elementor-widget elementor-widget-button\" data-id=\"47c2c8b\" data-element_type=\"widget\" data-e-type=\"widget\" data-widget_type=\"button.default\">\n\t\t\t\t<div class=\"elementor-widget-container\">\n\t\t\t\t\t\t\t\t\t<div class=\"elementor-button-wrapper\">\n\t\t\t\t\t<a class=\"elementor-button elementor-button-link elementor-size-sm\" href=\"https:\/\/fsmcv.org\/wp-content\/uploads\/2022\/12\/LaFamiliaMusical_ENG.pdf\">\n\t\t\t\t\t\t<span class=\"elementor-button-content-wrapper\">\n\t\t\t\t\t\t\t\t\t<span class=\"elementor-button-text\">Download the comic<\/span>\n\t\t\t\t\t<\/span>\n\t\t\t\t\t<\/a>\n\t\t\t\t<\/div>\n\t\t\t\t\t\t\t\t<\/div>\n\t\t\t\t<\/div>\n\t\t\t\t\t<\/div>\n\t\t<\/div>\n\t\t\t\t\t<\/div>\n\t\t<\/section>\n\t\t\t\t\t<\/div>\n\t\t<\/div>\n\t\t\t\t\t<\/div>\n\t\t<\/section>\n\t\t\t\t<section class=\"elementor-section elementor-top-section elementor-element elementor-element-5988371 elementor-section-boxed elementor-section-height-default elementor-section-height-default\" data-id=\"5988371\" data-element_type=\"section\" data-e-type=\"section\">\n\t\t\t\t\t\t<div class=\"elementor-container elementor-column-gap-default\">\n\t\t\t\t\t<div class=\"elementor-column elementor-col-100 elementor-top-column elementor-element elementor-element-fb8ae4f\" data-id=\"fb8ae4f\" data-element_type=\"column\" data-e-type=\"column\">\n\t\t\t<div class=\"elementor-widget-wrap\">\n\t\t\t\t\t\t\t<\/div>\n\t\t<\/div>\n\t\t\t\t\t<\/div>\n\t\t<\/section>\n\t\t\t\t<\/div>\n\t\t","protected":false},"excerpt":{"rendered":"<p>Este \u00e9s un projecte original de la Federaci\u00f3 de Societats Musicals de la Comunitat Valenciana per als centres educatius. \u201cLes Societats Musicals en Clau de C\u00f2mic\u201d naix com un projecte educatiu i de divulgaci\u00f3 que impulsem des de la *FSMCV amb la finalitat de donar a con\u00e9ixer entre l&#8217;alumnat de prim\u00e0ria el moviment art\u00edstic, educatiu [&hellip;]<\/p>\n","protected":false},"author":7,"featured_media":60626,"parent":0,"menu_order":6,"comment_status":"closed","ping_status":"closed","template":"","meta":{"footnotes":""},"class_list":["post-64825","page","type-page","status-publish","has-post-thumbnail","hentry"],"_links":{"self":[{"href":"https:\/\/fsmcv.org\/vl\/wp-json\/wp\/v2\/pages\/64825","targetHints":{"allow":["GET"]}}],"collection":[{"href":"https:\/\/fsmcv.org\/vl\/wp-json\/wp\/v2\/pages"}],"about":[{"href":"https:\/\/fsmcv.org\/vl\/wp-json\/wp\/v2\/types\/page"}],"author":[{"embeddable":true,"href":"https:\/\/fsmcv.org\/vl\/wp-json\/wp\/v2\/users\/7"}],"replies":[{"embeddable":true,"href":"https:\/\/fsmcv.org\/vl\/wp-json\/wp\/v2\/comments?post=64825"}],"version-history":[{"count":0,"href":"https:\/\/fsmcv.org\/vl\/wp-json\/wp\/v2\/pages\/64825\/revisions"}],"wp:featuredmedia":[{"embeddable":true,"href":"https:\/\/fsmcv.org\/vl\/wp-json\/wp\/v2\/media\/60626"}],"wp:attachment":[{"href":"https:\/\/fsmcv.org\/vl\/wp-json\/wp\/v2\/media?parent=64825"}],"curies":[{"name":"wp","href":"https:\/\/api.w.org\/{rel}","templated":true}]}}