{"id":65580,"date":"2023-05-31T09:38:16","date_gmt":"2023-05-31T07:38:16","guid":{"rendered":"https:\/\/fsmcv.org\/?page_id=65580"},"modified":"2026-03-13T10:19:57","modified_gmt":"2026-03-13T09:19:57","slug":"actuacions-programades-en-la-xx-campanya-de-concerts-dintercanvis-musicas","status":"publish","type":"page","link":"https:\/\/fsmcv.org\/vl\/campanyes\/intercanvis\/actuacions-programades-en-la-xx-campanya-de-concerts-dintercanvis-musicas\/","title":{"rendered":"Actuacions programades en la Campanya de Concerts d&#8217;Intercanvis Musicals"},"content":{"rendered":"\t\t<div data-elementor-type=\"wp-page\" data-elementor-id=\"65580\" class=\"elementor elementor-65580 elementor-65559\" data-elementor-post-type=\"page\">\n\t\t\t\t\t\t<section class=\"elementor-section elementor-top-section elementor-element elementor-element-28548c3 elementor-section-boxed elementor-section-height-default elementor-section-height-default\" data-id=\"28548c3\" data-element_type=\"section\" data-e-type=\"section\">\n\t\t\t\t\t\t\t<div class=\"elementor-background-overlay\"><\/div>\n\t\t\t\t\t\t\t<div class=\"elementor-container elementor-column-gap-default\">\n\t\t\t\t\t<div class=\"elementor-column elementor-col-100 elementor-top-column elementor-element elementor-element-62b0fc9\" data-id=\"62b0fc9\" data-element_type=\"column\" data-e-type=\"column\">\n\t\t\t<div class=\"elementor-widget-wrap elementor-element-populated\">\n\t\t\t\t\t\t<div class=\"elementor-element elementor-element-4499c81 elementor-widget__width-initial elementor-widget elementor-widget-heading\" data-id=\"4499c81\" data-element_type=\"widget\" data-e-type=\"widget\" data-widget_type=\"heading.default\">\n\t\t\t\t<div class=\"elementor-widget-container\">\n\t\t\t\t\t<h1 class=\"elementor-heading-title elementor-size-default\">CONCERTS PROGRAMATS <br>XXIII CAMPANYA DE CONCERTS D'INTERCANVIS MUSICALS<\/h1>\t\t\t\t<\/div>\n\t\t\t\t<\/div>\n\t\t\t\t\t<\/div>\n\t\t<\/div>\n\t\t\t\t\t<\/div>\n\t\t<\/section>\n\t\t\t\t<section class=\"elementor-section elementor-top-section elementor-element elementor-element-6b161f5 elementor-section-boxed elementor-section-height-default elementor-section-height-default\" data-id=\"6b161f5\" data-element_type=\"section\" data-e-type=\"section\">\n\t\t\t\t\t\t<div class=\"elementor-container elementor-column-gap-custom\">\n\t\t\t\t\t<div class=\"elementor-column elementor-col-50 elementor-top-column elementor-element elementor-element-1275098\" data-id=\"1275098\" data-element_type=\"column\" data-e-type=\"column\">\n\t\t\t<div class=\"elementor-widget-wrap elementor-element-populated\">\n\t\t\t\t\t\t<div class=\"elementor-element elementor-element-0e1a3ce elementor-widget elementor-widget-heading\" data-id=\"0e1a3ce\" data-element_type=\"widget\" data-e-type=\"widget\" data-widget_type=\"heading.default\">\n\t\t\t\t<div class=\"elementor-widget-container\">\n\t\t\t\t\t<h3 class=\"elementor-heading-title elementor-size-default\">Poden consultar els m\u00e9s de 1.000 concerts programats en la XXIII Campanya d'Intercanvis Musicals 2026. <\/h3>\t\t\t\t<\/div>\n\t\t\t\t<\/div>\n\t\t\t\t\t<\/div>\n\t\t<\/div>\n\t\t\t\t<div class=\"elementor-column elementor-col-50 elementor-top-column elementor-element elementor-element-0b8a742\" data-id=\"0b8a742\" data-element_type=\"column\" data-e-type=\"column\">\n\t\t\t<div class=\"elementor-widget-wrap elementor-element-populated\">\n\t\t\t\t\t\t<div class=\"elementor-element elementor-element-c6581f8 elementor-widget elementor-widget-text-editor\" data-id=\"c6581f8\" data-element_type=\"widget\" data-e-type=\"widget\" data-widget_type=\"text-editor.default\">\n\t\t\t\t<div class=\"elementor-widget-container\">\n\t\t\t\t\t\t\t\t\t<p>La campanya d&#8217;Intercanvis Musicals creada per la Federaci\u00f3 de Societats Musicals te per objecte la realitzaci\u00f3 d&#8217;un programa de concerts per parelles entre agrupacions art\u00edstiques de les seg\u00fcents federacions: La Federaci\u00f3 de Societats Musicals de la Comunitat Valenciana (FSMCV), la Federaci\u00f3 de Cors de la Comunitat Valenciana (FECOCOVA), la Federaci\u00f3 de Folklore de la Comunitat Valenciana (FFCV), la Federaci\u00f3 Valenciana de Dol\u00e7ainers i Tabaleters (FVDiT) i la Federaci\u00f3 d&#8217;Orquestres i Rondalles de Pols i Pua de la Comunitat Valenciana (FORPPCV).<\/p><p>L&#8217;objectiu \u00faltim d&#8217;estos concerts \u00e9s el de la promoci\u00f3 musical i interrelaci\u00f3 entre les diferents agrupacions de les entitats que participen. La Campanya est\u00e0 patrocinada pel Institut Valenci\u00e0 de Cultura (IVC). <\/p><p> <\/p><p> <\/p>\t\t\t\t\t\t\t\t<\/div>\n\t\t\t\t<\/div>\n\t\t\t\t\t<\/div>\n\t\t<\/div>\n\t\t\t\t\t<\/div>\n\t\t<\/section>\n\t\t\t\t<section class=\"elementor-section elementor-top-section elementor-element elementor-element-eb497de elementor-section-boxed elementor-section-height-default elementor-section-height-default\" data-id=\"eb497de\" data-element_type=\"section\" data-e-type=\"section\">\n\t\t\t\t\t\t<div class=\"elementor-container elementor-column-gap-default\">\n\t\t\t\t\t<div class=\"elementor-column elementor-col-100 elementor-top-column elementor-element elementor-element-b222f22\" data-id=\"b222f22\" data-element_type=\"column\" data-e-type=\"column\">\n\t\t\t<div class=\"elementor-widget-wrap elementor-element-populated\">\n\t\t\t\t\t\t<div class=\"elementor-element elementor-element-380f680 elementor-widget__width-initial elementor-widget elementor-widget-heading\" data-id=\"380f680\" data-element_type=\"widget\" data-e-type=\"widget\" data-widget_type=\"heading.default\">\n\t\t\t\t<div class=\"elementor-widget-container\">\n\t\t\t\t\t<h1 class=\"elementor-heading-title elementor-size-medium\">Concerts programats en la XXIII Campa\u00f1a d'Intercanvis Musicals 2026<br><\/h1>\t\t\t\t<\/div>\n\t\t\t\t<\/div>\n\t\t\t\t\t<\/div>\n\t\t<\/div>\n\t\t\t\t\t<\/div>\n\t\t<\/section>\n\t\t\t\t<section class=\"elementor-section elementor-top-section elementor-element elementor-element-4599d8f elementor-section-full_width elementor-section-height-default elementor-section-height-default\" data-id=\"4599d8f\" data-element_type=\"section\" data-e-type=\"section\">\n\t\t\t\t\t\t<div class=\"elementor-container elementor-column-gap-default\">\n\t\t\t\t\t<div class=\"elementor-column elementor-col-100 elementor-top-column elementor-element elementor-element-605964c\" data-id=\"605964c\" data-element_type=\"column\" data-e-type=\"column\">\n\t\t\t<div class=\"elementor-widget-wrap elementor-element-populated\">\n\t\t\t\t\t\t<div class=\"elementor-element elementor-element-0760104 elementor-widget elementor-widget-html\" data-id=\"0760104\" data-element_type=\"widget\" data-e-type=\"widget\" data-widget_type=\"html.default\">\n\t\t\t\t<div class=\"elementor-widget-container\">\n\t\t\t\t\t<iframe src=\"https:\/\/progem.fsmcv.org:8242\/GET_CONCIERTOS_HTML\" width=\"100%\" height=\"1400px\"><\/iframe>\t\t\t\t<\/div>\n\t\t\t\t<\/div>\n\t\t\t\t\t<\/div>\n\t\t<\/div>\n\t\t\t\t\t<\/div>\n\t\t<\/section>\n\t\t\t\t<section class=\"elementor-section elementor-top-section elementor-element elementor-element-bdd234c elementor-section-boxed elementor-section-height-default elementor-section-height-default\" data-id=\"bdd234c\" data-element_type=\"section\" data-e-type=\"section\">\n\t\t\t\t\t\t<div class=\"elementor-container elementor-column-gap-default\">\n\t\t\t\t\t<div class=\"elementor-column elementor-col-100 elementor-top-column elementor-element elementor-element-66988dd\" data-id=\"66988dd\" data-element_type=\"column\" data-e-type=\"column\">\n\t\t\t<div class=\"elementor-widget-wrap elementor-element-populated\">\n\t\t\t\t\t\t<div class=\"elementor-element elementor-element-838a0b3 elementor-align-center elementor-widget elementor-widget-button\" data-id=\"838a0b3\" data-element_type=\"widget\" data-e-type=\"widget\" data-widget_type=\"button.default\">\n\t\t\t\t<div class=\"elementor-widget-container\">\n\t\t\t\t\t\t\t\t\t<div class=\"elementor-button-wrapper\">\n\t\t\t\t\t<a class=\"elementor-button elementor-button-link elementor-size-md\" href=\"https:\/\/fsmcv.org\/vl\/categoria\/noticies-campanyes\/intercanvis\/\">\n\t\t\t\t\t\t<span class=\"elementor-button-content-wrapper\">\n\t\t\t\t\t\t<span class=\"elementor-button-icon\">\n\t\t\t\t<i aria-hidden=\"true\" class=\"fas fa-arrow-right\"><\/i>\t\t\t<\/span>\n\t\t\t\t\t\t\t\t\t<span class=\"elementor-button-text\">Not\u00edcies Intercanvis<\/span>\n\t\t\t\t\t<\/span>\n\t\t\t\t\t<\/a>\n\t\t\t\t<\/div>\n\t\t\t\t\t\t\t\t<\/div>\n\t\t\t\t<\/div>\n\t\t\t\t\t<\/div>\n\t\t<\/div>\n\t\t\t\t\t<\/div>\n\t\t<\/section>\n\t\t\t\t<\/div>\n\t\t","protected":false},"excerpt":{"rendered":"<p>Concerts programats en la Campanya de Concerts d&#8217;Intercanvis Musicals <\/p>\n","protected":false},"author":7,"featured_media":37359,"parent":60560,"menu_order":1,"comment_status":"closed","ping_status":"closed","template":"","meta":{"footnotes":""},"class_list":["post-65580","page","type-page","status-publish","has-post-thumbnail","hentry"],"_links":{"self":[{"href":"https:\/\/fsmcv.org\/vl\/wp-json\/wp\/v2\/pages\/65580","targetHints":{"allow":["GET"]}}],"collection":[{"href":"https:\/\/fsmcv.org\/vl\/wp-json\/wp\/v2\/pages"}],"about":[{"href":"https:\/\/fsmcv.org\/vl\/wp-json\/wp\/v2\/types\/page"}],"author":[{"embeddable":true,"href":"https:\/\/fsmcv.org\/vl\/wp-json\/wp\/v2\/users\/7"}],"replies":[{"embeddable":true,"href":"https:\/\/fsmcv.org\/vl\/wp-json\/wp\/v2\/comments?post=65580"}],"version-history":[{"count":6,"href":"https:\/\/fsmcv.org\/vl\/wp-json\/wp\/v2\/pages\/65580\/revisions"}],"predecessor-version":[{"id":81959,"href":"https:\/\/fsmcv.org\/vl\/wp-json\/wp\/v2\/pages\/65580\/revisions\/81959"}],"up":[{"embeddable":true,"href":"https:\/\/fsmcv.org\/vl\/wp-json\/wp\/v2\/pages\/60560"}],"wp:featuredmedia":[{"embeddable":true,"href":"https:\/\/fsmcv.org\/vl\/wp-json\/wp\/v2\/media\/37359"}],"wp:attachment":[{"href":"https:\/\/fsmcv.org\/vl\/wp-json\/wp\/v2\/media?parent=65580"}],"curies":[{"name":"wp","href":"https:\/\/api.w.org\/{rel}","templated":true}]}}