{"id":69462,"date":"2023-11-08T15:59:46","date_gmt":"2023-11-08T14:59:46","guid":{"rendered":"https:\/\/fsmcv.org\/cd-6-musica-a-la-llum-miguel-asensi-del-poema-simfonic-a-la-revista-valenciana\/"},"modified":"2025-11-04T17:29:22","modified_gmt":"2025-11-04T16:29:22","slug":"cd-6-musica-a-la-llum-miguel-asensi-poema-simfonic-revista","status":"publish","type":"page","link":"https:\/\/fsmcv.org\/vl\/segell-discografic\/col%c2%b7leccio-musica-a-la-llum\/cd-6-musica-a-la-llum-miguel-asensi-poema-simfonic-revista\/","title":{"rendered":"CD 6 M\u00fasica a la llum: \u00abMiguel Asensi: Del poema simf\u00f2nic a la revista valenciana\u00bb"},"content":{"rendered":"\t\t<div data-elementor-type=\"wp-page\" data-elementor-id=\"69462\" class=\"elementor elementor-69462 elementor-68189\" data-elementor-post-type=\"page\">\n\t\t\t\t\t\t<section class=\"elementor-section elementor-top-section elementor-element elementor-element-529a3625 elementor-section-boxed elementor-section-height-default elementor-section-height-default\" data-id=\"529a3625\" data-element_type=\"section\" data-e-type=\"section\">\n\t\t\t\t\t\t\t<div class=\"elementor-background-overlay\"><\/div>\n\t\t\t\t\t\t\t<div class=\"elementor-container elementor-column-gap-default\">\n\t\t\t\t\t<div class=\"elementor-column elementor-col-100 elementor-top-column elementor-element elementor-element-5eb79f38\" data-id=\"5eb79f38\" data-element_type=\"column\" data-e-type=\"column\">\n\t\t\t<div class=\"elementor-widget-wrap elementor-element-populated\">\n\t\t\t\t\t\t<div class=\"elementor-element elementor-element-2bd4f585 elementor-widget elementor-widget-heading\" data-id=\"2bd4f585\" data-element_type=\"widget\" data-e-type=\"widget\" data-widget_type=\"heading.default\">\n\t\t\t\t<div class=\"elementor-widget-container\">\n\t\t\t\t\t<h1 class=\"elementor-heading-title elementor-size-default\">CD 6 M\u00fasica a la llum: \u00abMiguel Asensi: Del poema simf\u00f2nic a la revista valenciana\u00bb<\/h1>\t\t\t\t<\/div>\n\t\t\t\t<\/div>\n\t\t\t\t\t<\/div>\n\t\t<\/div>\n\t\t\t\t\t<\/div>\n\t\t<\/section>\n\t\t\t\t<section class=\"elementor-section elementor-top-section elementor-element elementor-element-74090759 elementor-section-boxed elementor-section-height-default elementor-section-height-default\" data-id=\"74090759\" data-element_type=\"section\" data-e-type=\"section\">\n\t\t\t\t\t\t<div class=\"elementor-container elementor-column-gap-wide\">\n\t\t\t\t\t<div class=\"elementor-column elementor-col-50 elementor-top-column elementor-element elementor-element-228dce15\" data-id=\"228dce15\" data-element_type=\"column\" data-e-type=\"column\">\n\t\t\t<div class=\"elementor-widget-wrap elementor-element-populated\">\n\t\t\t\t\t\t<div class=\"elementor-element elementor-element-140eab11 elementor-view-default elementor-position-block-start elementor-mobile-position-block-start elementor-widget elementor-widget-icon-box\" data-id=\"140eab11\" data-element_type=\"widget\" data-e-type=\"widget\" data-widget_type=\"icon-box.default\">\n\t\t\t\t<div class=\"elementor-widget-container\">\n\t\t\t\t\t\t\t<div class=\"elementor-icon-box-wrapper\">\n\n\t\t\t\t\t\t<div class=\"elementor-icon-box-icon\">\n\t\t\t\t<span  class=\"elementor-icon\">\n\t\t\t\t<i aria-hidden=\"true\" class=\"fas fa-compact-disc\"><\/i>\t\t\t\t<\/span>\n\t\t\t<\/div>\n\t\t\t\n\t\t\t\t\t\t<div class=\"elementor-icon-box-content\">\n\n\t\t\t\t\t\t\t\t\t<h2 class=\"elementor-icon-box-title\">\n\t\t\t\t\t\t<span  >\n\t\t\t\t\t\t\tcd 6 M\u00daSICA A LA LLUM: \u00abMIGUEL ASENSI: DEL POEMA SIMF\u00d2NIC A LA REVISTA VALENCIANA\u00bb\t\t\t\t\t\t<\/span>\n\t\t\t\t\t<\/h2>\n\t\t\t\t\n\t\t\t\t\t\t\t\t\t<p class=\"elementor-icon-box-description\">\n\t\t\t\t\t\t\n\n\t\t\t\t\t<\/p>\n\t\t\t\t\n\t\t\t<\/div>\n\t\t\t\n\t\t<\/div>\n\t\t\t\t\t\t<\/div>\n\t\t\t\t<\/div>\n\t\t\t\t<div class=\"elementor-element elementor-element-4797d639 elementor-widget elementor-widget-image\" data-id=\"4797d639\" data-element_type=\"widget\" data-e-type=\"widget\" data-widget_type=\"image.default\">\n\t\t\t\t<div class=\"elementor-widget-container\">\n\t\t\t\t\t\t\t\t\t\t\t\t\t\t\t<img fetchpriority=\"high\" decoding=\"async\" width=\"1134\" height=\"1009\" src=\"https:\/\/fsmcv.org\/wp-content\/uploads\/2023\/11\/Musica-a-la-llum-ASENSI-REVISADO_29-06.jpg\" class=\"attachment-full size-full wp-image-69435\" alt=\"\" srcset=\"https:\/\/fsmcv.org\/wp-content\/uploads\/2023\/11\/Musica-a-la-llum-ASENSI-REVISADO_29-06.jpg 1134w, https:\/\/fsmcv.org\/wp-content\/uploads\/2023\/11\/Musica-a-la-llum-ASENSI-REVISADO_29-06-768x683.jpg 768w, https:\/\/fsmcv.org\/wp-content\/uploads\/2023\/11\/Musica-a-la-llum-ASENSI-REVISADO_29-06-600x534.jpg 600w\" sizes=\"(max-width: 1134px) 100vw, 1134px\" title=\"\">\t\t\t\t\t\t\t\t\t\t\t\t\t\t\t<\/div>\n\t\t\t\t<\/div>\n\t\t\t\t<div class=\"elementor-element elementor-element-608db77e elementor-align-center elementor-widget elementor-widget-button\" data-id=\"608db77e\" data-element_type=\"widget\" data-e-type=\"widget\" data-widget_type=\"button.default\">\n\t\t\t\t<div class=\"elementor-widget-container\">\n\t\t\t\t\t\t\t\t\t<div class=\"elementor-button-wrapper\">\n\t\t\t\t\t<a class=\"elementor-button elementor-button-link elementor-size-md\" href=\"https:\/\/www.llig.gva.es\/es\/506451-102534.html?search_query=MIGUEL+ASENSI&#038;results=66\" target=\"_blank\" rel=\"noopener\">\n\t\t\t\t\t\t<span class=\"elementor-button-content-wrapper\">\n\t\t\t\t\t\t<span class=\"elementor-button-icon\">\n\t\t\t\t<i aria-hidden=\"true\" class=\"fas fa-arrow-right\"><\/i>\t\t\t<\/span>\n\t\t\t\t\t\t\t\t\t<span class=\"elementor-button-text\">Comprar \"Miguel Asensi: Del poema simf\u00f2nic a la revista valenciana\"<\/span>\n\t\t\t\t\t<\/span>\n\t\t\t\t\t<\/a>\n\t\t\t\t<\/div>\n\t\t\t\t\t\t\t\t<\/div>\n\t\t\t\t<\/div>\n\t\t\t\t\t<\/div>\n\t\t<\/div>\n\t\t\t\t<div class=\"elementor-column elementor-col-50 elementor-top-column elementor-element elementor-element-44dfacd4\" data-id=\"44dfacd4\" data-element_type=\"column\" data-e-type=\"column\">\n\t\t\t<div class=\"elementor-widget-wrap elementor-element-populated\">\n\t\t\t\t\t\t<div class=\"elementor-element elementor-element-711462c7 elementor-widget elementor-widget-text-editor\" data-id=\"711462c7\" data-element_type=\"widget\" data-e-type=\"widget\" data-widget_type=\"text-editor.default\">\n\t\t\t\t<div class=\"elementor-widget-container\">\n\t\t\t\t\t\t\t\t\t<p><span style=\"font-weight: bolder;\">Directora:<\/span> <span style=\"font-size: 1rem;\">Lid\u00f3n Valer Cabaleiro<\/span><\/p><p><span style=\"font-weight: bolder;\">Obres:<\/span><\/p><p>1. Vespres de festa (Impressi\u00f3 Simf\u00f2nica) (ca. 1945)<\/p><p>Can\u00e7ons per al poble (Asensi\/Maximili\u00e0 Thous) (1911)<\/p><p>2. Can\u00e7\u00f3 de la mare <\/p><p>3. Can\u00e7\u00f3 de la llavanera<\/p><p>4. Can\u00e7\u00f3 del corder<\/p><p>5. Can\u00e7\u00f3 del rogle<\/p><p>6. Can\u00e7\u00f3 de la verema<\/p><p>7. Can\u00e7\u00f3 del mariner<\/p><p>8. Can\u00e7\u00f3 de la trilla<\/p><p>9. Can\u00e7\u00f3 del trull<\/p><p>10. Can\u00e7\u00f3 de la xala<\/p><p>11. Malva-rosa (Marcha valenciana) (ca. 1920)<\/p><p>12. Bruixes en l&#8217;horta (ca. 1927)<\/p><p>13. Fox-terrier (Caricatura fox trot) (1919)<\/p><p>14. Marxa f\u00fanebre N\u00ba 2 (1906)<\/p><p>Suite Levantina (ca. 1921)<\/p><p>15. N\u00fam. 1<\/p><p>16. N\u00fam. 2<\/p><p><strong>Compositor<\/strong><\/p><p>Miguel Asensi Mart\u00edn (1879-1945)<\/p><p><strong>Autor corporatiu<\/strong><\/p><p>Jove Banda Simf\u00f2nica de la Federaci\u00f3 de Societats Musicals de la Comunitat Valenciana. <\/p><p><strong>Int\u00e8rprets<\/strong><\/p><p>Jove Banda Simf\u00f2nica de la Federaci\u00f3 de Societats Musicals de la Comunitat Valenciana. Directora:<span style=\"font-size: 1rem;\"> Lid\u00f3n Valer Cabaleiro<\/span><\/p><p><strong>Dep\u00f2sit legal<\/strong><\/p><p>V-1786\/2023<\/p><p><strong>Descripci\u00f3 f\u00edsica<\/strong><\/p><p>1 CD + 1 fullet <\/p><p><strong>Publicaci\u00f3<\/strong><\/p><p>Val\u00e8ncia: Institut Valenci\u00e0 de Cultura-Generalitat Valenciana<\/p><p><strong>Nota de contingut<\/strong><\/p><p>El programa M\u00fasica a la llum, patrocinat per CaixaBank i organitzat per l&#8217;Institut Valenci\u00e0 de Cultura-Generalitat Valenciana i la Federaci\u00f3 de Societats Musicals de la Comunitat Valenciana, sorgeix per a col\u00b7laborar amb les Societats Musicals en la conservaci\u00f3, posada en valor i difusi\u00f3 de l&#8217;espl\u00e8ndid patrimoni cultural custodiat en els seus arxius. Este \u00e9s el sext CD de la col\u00b7lecci\u00f3.<\/p><p><strong>\u00a1Escolta aquest CD en Spotify!<\/strong><\/p><p><iframe title=\"Spotify Embed: Miguel Asensi. Del poema simf\u00f2nic a la revista valenciana\" style=\"border-radius: 12px\" width=\"100%\" height=\"352\" frameborder=\"0\" allowfullscreen allow=\"autoplay; clipboard-write; encrypted-media; fullscreen; picture-in-picture\" loading=\"lazy\" src=\"https:\/\/open.spotify.com\/embed\/album\/32Ennobbyuv0blZKBxfPYb?utm_source=oembed\"><\/iframe><\/p>\t\t\t\t\t\t\t\t<\/div>\n\t\t\t\t<\/div>\n\t\t\t\t\t<\/div>\n\t\t<\/div>\n\t\t\t\t\t<\/div>\n\t\t<\/section>\n\t\t\t\t<\/div>\n\t\t","protected":false},"excerpt":{"rendered":"<p>CD 6 M\u00fasica a la llum: \u00abMiguel Asensi: Del poema simf\u00f2nic a la revista valenciana\u00bb cd 6 M\u00daSICA A LA LLUM: \u00abMIGUEL ASENSI: DEL POEMA SIMF\u00d2NIC A LA REVISTA VALENCIANA\u00bb Comprar &#8220;Miguel Asensi: Del poema simf\u00f2nic a la revista valenciana&#8221; Directora: Lid\u00f3n Valer Cabaleiro Obres: 1. Vespres de festa (Impressi\u00f3 Simf\u00f2nica) (ca. 1945) Can\u00e7ons per [&hellip;]<\/p>\n","protected":false},"author":17,"featured_media":69435,"parent":44341,"menu_order":6,"comment_status":"closed","ping_status":"closed","template":"elementor_header_footer","meta":{"footnotes":""},"class_list":["post-69462","page","type-page","status-publish","has-post-thumbnail","hentry"],"_links":{"self":[{"href":"https:\/\/fsmcv.org\/vl\/wp-json\/wp\/v2\/pages\/69462","targetHints":{"allow":["GET"]}}],"collection":[{"href":"https:\/\/fsmcv.org\/vl\/wp-json\/wp\/v2\/pages"}],"about":[{"href":"https:\/\/fsmcv.org\/vl\/wp-json\/wp\/v2\/types\/page"}],"author":[{"embeddable":true,"href":"https:\/\/fsmcv.org\/vl\/wp-json\/wp\/v2\/users\/17"}],"replies":[{"embeddable":true,"href":"https:\/\/fsmcv.org\/vl\/wp-json\/wp\/v2\/comments?post=69462"}],"version-history":[{"count":11,"href":"https:\/\/fsmcv.org\/vl\/wp-json\/wp\/v2\/pages\/69462\/revisions"}],"predecessor-version":[{"id":80597,"href":"https:\/\/fsmcv.org\/vl\/wp-json\/wp\/v2\/pages\/69462\/revisions\/80597"}],"up":[{"embeddable":true,"href":"https:\/\/fsmcv.org\/vl\/wp-json\/wp\/v2\/pages\/44341"}],"wp:featuredmedia":[{"embeddable":true,"href":"https:\/\/fsmcv.org\/vl\/wp-json\/wp\/v2\/media\/69435"}],"wp:attachment":[{"href":"https:\/\/fsmcv.org\/vl\/wp-json\/wp\/v2\/media?parent=69462"}],"curies":[{"name":"wp","href":"https:\/\/api.w.org\/{rel}","templated":true}]}}