{"id":69620,"date":"2023-11-10T11:18:41","date_gmt":"2023-11-10T10:18:41","guid":{"rendered":"https:\/\/fsmcv.org\/cicle-caixabank-dorquestres-de-la-comunitat-valenciana\/"},"modified":"2026-02-25T09:56:03","modified_gmt":"2026-02-25T08:56:03","slug":"cicle-caixabank-dorquestres-de-la-comunitat-valenciana","status":"publish","type":"page","link":"https:\/\/fsmcv.org\/vl\/area-de-gestio-cultural\/caixabank-escolta-valencia\/cicle-caixabank-dorquestres-de-la-comunitat-valenciana\/","title":{"rendered":"CICLE CAIXABANK D&#8217;ORQUESTRES DE LA COMUNITAT VALENCIANA"},"content":{"rendered":"\t\t<div data-elementor-type=\"wp-page\" data-elementor-id=\"69620\" class=\"elementor elementor-69620 elementor-69526\" data-elementor-post-type=\"page\">\n\t\t\t\t\t\t<section class=\"elementor-section elementor-top-section elementor-element elementor-element-9627330 elementor-section-boxed elementor-section-height-default elementor-section-height-default\" data-id=\"9627330\" data-element_type=\"section\" data-e-type=\"section\">\n\t\t\t\t\t\t\t<div class=\"elementor-background-overlay\"><\/div>\n\t\t\t\t\t\t\t<div class=\"elementor-container elementor-column-gap-default\">\n\t\t\t\t\t<div class=\"elementor-column elementor-col-100 elementor-top-column elementor-element elementor-element-e08e359\" data-id=\"e08e359\" data-element_type=\"column\" data-e-type=\"column\">\n\t\t\t<div class=\"elementor-widget-wrap elementor-element-populated\">\n\t\t\t\t\t\t<div class=\"elementor-element elementor-element-2f1dc2b elementor-widget__width-initial elementor-widget elementor-widget-heading\" data-id=\"2f1dc2b\" data-element_type=\"widget\" data-e-type=\"widget\" data-widget_type=\"heading.default\">\n\t\t\t\t<div class=\"elementor-widget-container\">\n\t\t\t\t\t<h1 class=\"elementor-heading-title elementor-size-default\">CICLE CaixaBank d'orquestres de la comunitat valenciana<\/h1>\t\t\t\t<\/div>\n\t\t\t\t<\/div>\n\t\t\t\t<div class=\"elementor-element elementor-element-725a2f7 elementor-widget elementor-widget-text-editor\" data-id=\"725a2f7\" data-element_type=\"widget\" data-e-type=\"widget\" data-widget_type=\"text-editor.default\">\n\t\t\t\t<div class=\"elementor-widget-container\">\n\t\t\t\t\t\t\t\t\t<p>El &#8220;Cicle CaixaBank d&#8217;Orquestres de la Comunitat Valenciana&#8221; est\u00e0 dirigit a les orquestres de les societats musicals de la Comunitat Valenciana<\/p>\t\t\t\t\t\t\t\t<\/div>\n\t\t\t\t<\/div>\n\t\t\t\t\t<\/div>\n\t\t<\/div>\n\t\t\t\t\t<\/div>\n\t\t<\/section>\n\t\t\t\t<section class=\"elementor-section elementor-top-section elementor-element elementor-element-3eb11e2 elementor-section-boxed elementor-section-height-default elementor-section-height-default\" data-id=\"3eb11e2\" data-element_type=\"section\" data-e-type=\"section\">\n\t\t\t\t\t\t<div class=\"elementor-container elementor-column-gap-custom\">\n\t\t\t\t\t<div class=\"elementor-column elementor-col-50 elementor-top-column elementor-element elementor-element-355f277\" data-id=\"355f277\" data-element_type=\"column\" data-e-type=\"column\">\n\t\t\t<div class=\"elementor-widget-wrap elementor-element-populated\">\n\t\t\t\t\t\t<div class=\"elementor-element elementor-element-3fac846 elementor-widget elementor-widget-heading\" data-id=\"3fac846\" data-element_type=\"widget\" data-e-type=\"widget\" data-widget_type=\"heading.default\">\n\t\t\t\t<div class=\"elementor-widget-container\">\n\t\t\t\t\t<h3 class=\"elementor-heading-title elementor-size-default\">La Federaci\u00f3, CaixaBank i el IVC, impulsen el moviment orquestral de les societats musicals a trav\u00e9s del \"Cicle CaixaBank d'Orquestres de la Comunitat Valenciana\".<\/h3>\t\t\t\t<\/div>\n\t\t\t\t<\/div>\n\t\t\t\t\t<\/div>\n\t\t<\/div>\n\t\t\t\t<div class=\"elementor-column elementor-col-50 elementor-top-column elementor-element elementor-element-e25bddd\" data-id=\"e25bddd\" data-element_type=\"column\" data-e-type=\"column\">\n\t\t\t<div class=\"elementor-widget-wrap elementor-element-populated\">\n\t\t\t\t\t\t<div class=\"elementor-element elementor-element-5cf8910 elementor-widget elementor-widget-text-editor\" data-id=\"5cf8910\" data-element_type=\"widget\" data-e-type=\"widget\" data-widget_type=\"text-editor.default\">\n\t\t\t\t<div class=\"elementor-widget-container\">\n\t\t\t\t\t\t\t\t\t<p>CaixaBank, la Federaci\u00f3 de Societats Musicals de la Comunitat Valenciana (FSMCV) i el Institut Valenci\u00e0 de Cultura (IVC) presenten el &#8220;Cicle CaixaBank d&#8217;Orquestres de la Comunitat Valenciana&#8221;.<\/p>\n<p>El programa de concerts se celebrar\u00e0 entre els mesos d&#8217;octubre de 2025 i maig de 2026 protagonitzats per orquestres de societats musicals federades.<\/p>\n<p>A trav\u00e9s del &#8220;Cicle CaixaBank d&#8217;Orquestres de la Comunitat Valenciana&#8221;, es persegueix impulsar el moviment orquestral nascut en les societats musicals, acostant aquest tipus de formacions a municipis de la Comunitat Valenciana, enriquint aix\u00ed l&#8217;oferta cultural del territori.<\/p>\n<p>A trav\u00e9s de <a href=\"https:\/\/www.caixabank.com\/es\/sobre-nosotros\/nuestros-patrocinios\/escolta_valencia.html#\" target=\"_blank\" rel=\"noopener\"><span style=\"font-weight: bolder;\">CaixaBank Escolta Val\u00e8ncia<\/span><\/a> s&#8217;han desenrotllat accions per a acompanyar els m\u00fasics dones de la seua formaci\u00f3 fins al reconeixement del seu esfor\u00e7.<\/p>\t\t\t\t\t\t\t\t<\/div>\n\t\t\t\t<\/div>\n\t\t\t\t\t<\/div>\n\t\t<\/div>\n\t\t\t\t\t<\/div>\n\t\t<\/section>\n\t\t\t\t<section class=\"elementor-section elementor-top-section elementor-element elementor-element-9e037b0 elementor-section-boxed elementor-section-height-default elementor-section-height-default\" data-id=\"9e037b0\" data-element_type=\"section\" data-e-type=\"section\">\n\t\t\t\t\t\t<div class=\"elementor-container elementor-column-gap-default\">\n\t\t\t\t\t<div class=\"elementor-column elementor-col-50 elementor-top-column elementor-element elementor-element-a031886\" data-id=\"a031886\" data-element_type=\"column\" data-e-type=\"column\">\n\t\t\t<div class=\"elementor-widget-wrap elementor-element-populated\">\n\t\t\t\t\t\t<div class=\"elementor-element elementor-element-c636bdd elementor-widget__width-initial elementor-widget elementor-widget-image\" data-id=\"c636bdd\" data-element_type=\"widget\" data-e-type=\"widget\" data-widget_type=\"image.default\">\n\t\t\t\t<div class=\"elementor-widget-container\">\n\t\t\t\t\t\t\t\t\t\t\t\t\t\t\t<img fetchpriority=\"high\" decoding=\"async\" width=\"1080\" height=\"1920\" src=\"https:\/\/fsmcv.org\/wp-content\/uploads\/2025\/09\/1080x1920_ESP_VII_Ciclo_CaixaBank_2024-2025_.png\" class=\"attachment-large size-large wp-image-80111\" alt=\"\" srcset=\"https:\/\/fsmcv.org\/wp-content\/uploads\/2025\/09\/1080x1920_ESP_VII_Ciclo_CaixaBank_2024-2025_.png 1080w, https:\/\/fsmcv.org\/wp-content\/uploads\/2025\/09\/1080x1920_ESP_VII_Ciclo_CaixaBank_2024-2025_-768x1365.png 768w, https:\/\/fsmcv.org\/wp-content\/uploads\/2025\/09\/1080x1920_ESP_VII_Ciclo_CaixaBank_2024-2025_-864x1536.png 864w, https:\/\/fsmcv.org\/wp-content\/uploads\/2025\/09\/1080x1920_ESP_VII_Ciclo_CaixaBank_2024-2025_-600x1067.png 600w\" sizes=\"(max-width: 1080px) 100vw, 1080px\" title=\"\">\t\t\t\t\t\t\t\t\t\t\t\t\t\t\t<\/div>\n\t\t\t\t<\/div>\n\t\t\t\t\t<\/div>\n\t\t<\/div>\n\t\t\t\t<div class=\"elementor-column elementor-col-50 elementor-top-column elementor-element elementor-element-4d3e1b3\" data-id=\"4d3e1b3\" data-element_type=\"column\" data-e-type=\"column\">\n\t\t\t<div class=\"elementor-widget-wrap elementor-element-populated\">\n\t\t\t\t\t\t<div class=\"elementor-element elementor-element-39aff11 elementor-widget__width-initial elementor-widget elementor-widget-text-editor\" data-id=\"39aff11\" data-element_type=\"widget\" data-e-type=\"widget\" data-widget_type=\"text-editor.default\">\n\t\t\t\t<div class=\"elementor-widget-container\">\n\t\t\t\t\t\t\t\t\t<h4><strong>S. M. INSTRUCTIVA SANTA CECILIA DE CULLERA<br><\/strong><strong>19 d&#8217;octubre | 12:00 hores<br><\/strong>Calle del R\u00edo, 7. CULLERA.<\/h4><h4><strong>CENTRO ART\u00cdSTICO MUSICAL DE J\u00c1VEA<br><\/strong><strong>14 de novembre | 21:30 hores<\/strong><\/h4><p>Esgl\u00e9sia de Sant Bartolom\u00e9. X\u00c0BIA. <\/p><h4><strong>SOCIEDAD MUSICAL &#8220;LA PRIMITIVA&#8221; DE RAFELBU\u00d1OL <\/strong><br><strong>30 de novembre | 12:00 hores<\/strong><\/h4><p>Auditori de Rafelbu\u00f1ol. RAFELBU\u00d1OL <\/p><h4><strong>SOCIEDAD MUSICAL LA ART\u00cdSTICA MANISENSE<\/strong><br><strong>30 de novembre | 12:00 hores<\/strong><\/h4><p>Auditori Germanies. MANISES<\/p><h4><strong>SOCIEDAD MUSICAL &#8220;LA PAZ&#8221; DE SAN JUAN DE ALICANTE<\/strong><br><strong>14 de desembre | 19:00 hores<\/strong><\/h4><p>Monasteri de la Santa Fa\u00e7. ALACANT<\/p><h4><strong>UNI\u00d3 MUSICAL D&#8217;ALAQU\u00c0S<br>17 de desembre | 20:00 hores<\/strong><\/h4><p>Carrer de la M\u00fasica, 12. ALAQU\u00c0S <\/p><h4><strong>UNI\u00d3N MUSICAL DE TORRENT<\/strong><br><strong>7 de febrer | 13:00 hores<\/strong><\/h4><p>Avenida el Vedat, 21. TORRENT<\/p><h4><strong>ATENEO MUSICAL Y DE ENSE\u00d1ANZA &#8220;BANDA PRIMITIVA&#8221; DE LL\u00cdRIA<\/strong><br><strong>8 de mar\u00e7 | 19:00 hores<\/strong><\/h4><p>Teatre de la Banda Primitiva.<br>C\/ Metge Miguel P\u00e9rez 4-6. LIRIA <\/p><h4><strong>CASINO MUSICAL DE GODELLA<\/strong><br><strong>23 de maig | 19:30 hores<\/strong><\/h4><p>Teatre Capitolio. GODELLA <\/p><h4><strong>SOCIETAT MUSICAL &#8220;LA PRIMITIVA SETABENSE&#8221;<\/strong><br><strong>30 de maig | 12:00 HORES<\/strong><\/h4><p>Centre Cultural de X\u00e0tiva. X\u00c0TIVA.  <\/p>\t\t\t\t\t\t\t\t<\/div>\n\t\t\t\t<\/div>\n\t\t\t\t\t<\/div>\n\t\t<\/div>\n\t\t\t\t\t<\/div>\n\t\t<\/section>\n\t\t\t\t<\/div>\n\t\t","protected":false},"excerpt":{"rendered":"<p>CICLE CaixaBank d&#8217;orquestres de la comunitat valenciana El &#8220;Cicle CaixaBank d&#8217;Orquestres de la Comunitat Valenciana&#8221; est\u00e0 dirigit a les orquestres de les societats musicals de la Comunitat Valenciana La Federaci\u00f3, CaixaBank i el IVC, impulsen el moviment orquestral de les societats musicals a trav\u00e9s del &#8220;Cicle CaixaBank d&#8217;Orquestres de la Comunitat Valenciana&#8221;. CaixaBank, la Federaci\u00f3 [&hellip;]<\/p>\n","protected":false},"author":22,"featured_media":80076,"parent":39678,"menu_order":0,"comment_status":"closed","ping_status":"closed","template":"elementor_header_footer","meta":{"footnotes":""},"class_list":["post-69620","page","type-page","status-publish","has-post-thumbnail","hentry"],"_links":{"self":[{"href":"https:\/\/fsmcv.org\/vl\/wp-json\/wp\/v2\/pages\/69620","targetHints":{"allow":["GET"]}}],"collection":[{"href":"https:\/\/fsmcv.org\/vl\/wp-json\/wp\/v2\/pages"}],"about":[{"href":"https:\/\/fsmcv.org\/vl\/wp-json\/wp\/v2\/types\/page"}],"author":[{"embeddable":true,"href":"https:\/\/fsmcv.org\/vl\/wp-json\/wp\/v2\/users\/22"}],"replies":[{"embeddable":true,"href":"https:\/\/fsmcv.org\/vl\/wp-json\/wp\/v2\/comments?post=69620"}],"version-history":[{"count":42,"href":"https:\/\/fsmcv.org\/vl\/wp-json\/wp\/v2\/pages\/69620\/revisions"}],"predecessor-version":[{"id":81610,"href":"https:\/\/fsmcv.org\/vl\/wp-json\/wp\/v2\/pages\/69620\/revisions\/81610"}],"up":[{"embeddable":true,"href":"https:\/\/fsmcv.org\/vl\/wp-json\/wp\/v2\/pages\/39678"}],"wp:featuredmedia":[{"embeddable":true,"href":"https:\/\/fsmcv.org\/vl\/wp-json\/wp\/v2\/media\/80076"}],"wp:attachment":[{"href":"https:\/\/fsmcv.org\/vl\/wp-json\/wp\/v2\/media?parent=69620"}],"curies":[{"name":"wp","href":"https:\/\/api.w.org\/{rel}","templated":true}]}}