{"id":7053,"date":"2017-11-29T18:42:53","date_gmt":"2017-11-29T17:42:53","guid":{"rendered":"https:\/\/fsmcv.org\/?page_id=7053"},"modified":"2020-10-15T16:36:13","modified_gmt":"2020-10-15T14:36:13","slug":"area-de-pares","status":"publish","type":"page","link":"https:\/\/fsmcv.org\/vl\/area-de-pares\/","title":{"rendered":"\u00c0rea de pares"},"content":{"rendered":"\t\t<div data-elementor-type=\"wp-page\" data-elementor-id=\"7053\" class=\"elementor elementor-7053\" data-elementor-post-type=\"page\">\n\t\t\t\t\t\t<section class=\"elementor-section elementor-top-section elementor-element elementor-element-1c733a0 elementor-section-full_width elementor-section-content-middle elementor-reverse-mobile elementor-section-height-min-height elementor-section-items-stretch elementor-section-height-default\" data-id=\"1c733a0\" data-element_type=\"section\" data-e-type=\"section\" data-settings=\"{&quot;background_background&quot;:&quot;classic&quot;}\">\n\t\t\t\t\t\t<div class=\"elementor-container elementor-column-gap-no\">\n\t\t\t\t\t<div class=\"elementor-column elementor-col-50 elementor-top-column elementor-element elementor-element-6aa61ee\" data-id=\"6aa61ee\" data-element_type=\"column\" data-e-type=\"column\" data-settings=\"{&quot;background_background&quot;:&quot;classic&quot;}\">\n\t\t\t<div class=\"elementor-widget-wrap elementor-element-populated\">\n\t\t\t\t\t\t\t<\/div>\n\t\t<\/div>\n\t\t\t\t<div class=\"elementor-column elementor-col-50 elementor-top-column elementor-element elementor-element-3599c68\" data-id=\"3599c68\" data-element_type=\"column\" data-e-type=\"column\" data-settings=\"{&quot;background_background&quot;:&quot;classic&quot;}\">\n\t\t\t<div class=\"elementor-widget-wrap elementor-element-populated\">\n\t\t\t\t\t\t<div class=\"elementor-element elementor-element-1f4cfc6 elementor-widget elementor-widget-spacer\" data-id=\"1f4cfc6\" data-element_type=\"widget\" data-e-type=\"widget\" data-widget_type=\"spacer.default\">\n\t\t\t\t<div class=\"elementor-widget-container\">\n\t\t\t\t\t\t\t<div class=\"elementor-spacer\">\n\t\t\t<div class=\"elementor-spacer-inner\"><\/div>\n\t\t<\/div>\n\t\t\t\t\t\t<\/div>\n\t\t\t\t<\/div>\n\t\t\t\t\t<\/div>\n\t\t<\/div>\n\t\t\t\t\t<\/div>\n\t\t<\/section>\n\t\t\t\t<section class=\"elementor-section elementor-top-section elementor-element elementor-element-58a69d9 elementor-section-boxed elementor-section-height-default elementor-section-height-default\" data-id=\"58a69d9\" data-element_type=\"section\" data-e-type=\"section\">\n\t\t\t\t\t\t<div class=\"elementor-container elementor-column-gap-default\">\n\t\t\t\t\t<div class=\"elementor-column elementor-col-100 elementor-top-column elementor-element elementor-element-77840fc\" data-id=\"77840fc\" data-element_type=\"column\" data-e-type=\"column\">\n\t\t\t<div class=\"elementor-widget-wrap elementor-element-populated\">\n\t\t\t\t\t\t<div class=\"elementor-element elementor-element-d10513f elementor-widget elementor-widget-heading\" data-id=\"d10513f\" data-element_type=\"widget\" data-e-type=\"widget\" data-widget_type=\"heading.default\">\n\t\t\t\t<div class=\"elementor-widget-container\">\n\t\t\t\t\t<h2 class=\"elementor-heading-title elementor-size-default\">Com a pares, qu\u00e8 podem fer?<\/h2>\t\t\t\t<\/div>\n\t\t\t\t<\/div>\n\t\t\t\t<div class=\"elementor-element elementor-element-c0f762c elementor-widget-divider--view-line elementor-widget elementor-widget-divider\" data-id=\"c0f762c\" data-element_type=\"widget\" data-e-type=\"widget\" data-widget_type=\"divider.default\">\n\t\t\t\t<div class=\"elementor-widget-container\">\n\t\t\t\t\t\t\t<div class=\"elementor-divider\">\n\t\t\t<span class=\"elementor-divider-separator\">\n\t\t\t\t\t\t<\/span>\n\t\t<\/div>\n\t\t\t\t\t\t<\/div>\n\t\t\t\t<\/div>\n\t\t\t\t<section class=\"elementor-section elementor-inner-section elementor-element elementor-element-2474106 elementor-section-boxed elementor-section-height-default elementor-section-height-default\" data-id=\"2474106\" data-element_type=\"section\" data-e-type=\"section\">\n\t\t\t\t\t\t<div class=\"elementor-container elementor-column-gap-default\">\n\t\t\t\t\t<div class=\"elementor-column elementor-col-33 elementor-inner-column elementor-element elementor-element-75a6bd2\" data-id=\"75a6bd2\" data-element_type=\"column\" data-e-type=\"column\">\n\t\t\t<div class=\"elementor-widget-wrap elementor-element-populated\">\n\t\t\t\t\t\t<div class=\"elementor-element elementor-element-d29c28c elementor-widget elementor-widget-heading\" data-id=\"d29c28c\" data-element_type=\"widget\" data-e-type=\"widget\" data-widget_type=\"heading.default\">\n\t\t\t\t<div class=\"elementor-widget-container\">\n\t\t\t\t\t<h3 class=\"elementor-heading-title elementor-size-default\">Aprofita de tot el que t\u2019oferim! Juga i investiga a casa!<\/h3>\t\t\t\t<\/div>\n\t\t\t\t<\/div>\n\t\t\t\t\t<\/div>\n\t\t<\/div>\n\t\t\t\t<div class=\"elementor-column elementor-col-66 elementor-inner-column elementor-element elementor-element-3d59292\" data-id=\"3d59292\" data-element_type=\"column\" data-e-type=\"column\">\n\t\t\t<div class=\"elementor-widget-wrap elementor-element-populated\">\n\t\t\t\t\t\t<div class=\"elementor-element elementor-element-209d57d elementor-widget elementor-widget-text-editor\" data-id=\"209d57d\" data-element_type=\"widget\" data-e-type=\"widget\" data-widget_type=\"text-editor.default\">\n\t\t\t\t<div class=\"elementor-widget-container\">\n\t\t\t\t\t\t\t\t\t<p>Com a pares i mares podem participar activament a les escoles de m\u00fasica, col\u00b7laborar amb la formaci\u00f3\u00a0musical dels nostres fills i contribuir a la millora de la qualitat en l\u2019ensenyament. Per fer-ho cal formar\u00a0una associaci\u00f3 de pares i mares, una AMPA d\u2019escola de m\u00fasica.\u00a0<\/p><p>La creaci\u00f3 d\u2019aquesta permetr\u00e0 una interlocuci\u00f3 m\u00e9s clara i directa amb la societat musical i la direcci\u00f3\u00a0del centre de m\u00fasica.<\/p><p>A m\u00e9s, es podr\u00e1 promoure la formaci\u00f3 d\u2019un consell d\u2019escola i participar aix\u00ed en la\u00a0presa de decisions del centre, promoure activitats conjuntes pares-fills a l\u2019escola de m\u00fasica i opinar\u00a0sobre el el funcionament quotidi\u00e0 d\u2019aquesta.<\/p>\t\t\t\t\t\t\t\t<\/div>\n\t\t\t\t<\/div>\n\t\t\t\t<div class=\"elementor-element elementor-element-37b3048 elementor-widget elementor-widget-image\" data-id=\"37b3048\" data-element_type=\"widget\" data-e-type=\"widget\" data-widget_type=\"image.default\">\n\t\t\t\t<div class=\"elementor-widget-container\">\n\t\t\t\t\t\t\t\t\t\t\t\t\t\t\t<img fetchpriority=\"high\" decoding=\"async\" width=\"768\" height=\"512\" src=\"https:\/\/fsmcv.org\/wp-content\/uploads\/2020\/10\/escola-bressol-2009-274-768x512-1.jpg\" class=\"attachment-large size-large wp-image-21593\" alt=\"\" srcset=\"https:\/\/fsmcv.org\/wp-content\/uploads\/2020\/10\/escola-bressol-2009-274-768x512-1.jpg 768w, https:\/\/fsmcv.org\/wp-content\/uploads\/2020\/10\/escola-bressol-2009-274-768x512-1-391x260.jpg 391w, https:\/\/fsmcv.org\/wp-content\/uploads\/2020\/10\/escola-bressol-2009-274-768x512-1-600x400.jpg 600w\" sizes=\"(max-width: 768px) 100vw, 768px\" title=\"\">\t\t\t\t\t\t\t\t\t\t\t\t\t\t\t<\/div>\n\t\t\t\t<\/div>\n\t\t\t\t\t<\/div>\n\t\t<\/div>\n\t\t\t\t\t<\/div>\n\t\t<\/section>\n\t\t\t\t\t<\/div>\n\t\t<\/div>\n\t\t\t\t\t<\/div>\n\t\t<\/section>\n\t\t\t\t<section class=\"elementor-section elementor-top-section elementor-element elementor-element-d04360f elementor-section-boxed elementor-section-height-default elementor-section-height-default\" data-id=\"d04360f\" data-element_type=\"section\" data-e-type=\"section\">\n\t\t\t\t\t\t<div class=\"elementor-container elementor-column-gap-default\">\n\t\t\t\t\t<div class=\"elementor-column elementor-col-100 elementor-top-column elementor-element elementor-element-d49b8f8\" data-id=\"d49b8f8\" data-element_type=\"column\" data-e-type=\"column\">\n\t\t\t<div class=\"elementor-widget-wrap elementor-element-populated\">\n\t\t\t\t\t\t<div class=\"elementor-element elementor-element-a1ae95e elementor-widget elementor-widget-text-editor\" data-id=\"a1ae95e\" data-element_type=\"widget\" data-e-type=\"widget\" data-widget_type=\"text-editor.default\">\n\t\t\t\t<div class=\"elementor-widget-container\">\n\t\t\t\t\t\t\t\t\t<h3>Zona de jocs<\/h3><ul><li><a href=\"https:\/\/www.cantus.es\/\" target=\"_blank\" rel=\"noopener noreferrer\">CANTUS\u00a0<\/a>\u00a0(<em>Manuel P\u00e9rez Gil, Jes\u00fas Tejada, Remigi Morant, Alejandro P\u00e9rez<\/em>)<\/li><li><a href=\"https:\/\/www.uv.es\/perezgil\/EMOLAB\/1_RITMOVISTOf.html\" target=\"_blank\" rel=\"noopener\">RITMOVISTO<\/a>\u00a0(<em>Manuel P\u00e9rez Gil<\/em>)<\/li><li><a href=\"https:\/\/www.uv.es\/perezgil\/EMOLAB\/2_DUDOTECA.html\" target=\"_blank\" rel=\"noopener noreferrer\">DUDOTECA<\/a>\u00a0(<em>Manuel P\u00e9rez Gil<\/em>)<\/li><li><a href=\"http:\/\/www.alexdemartos.es\/puzzles\/#\/\" target=\"_blank\" rel=\"noopener noreferrer\">PUZZLES<\/a>\u00a0(<em>Manuel P\u00e9rez Gil<\/em>)<\/li><li><a href=\"https:\/\/www.uv.es\/perezgil\/EMOLAB\/\" target=\"_blank\" rel=\"noopener noreferrer\">EMOLAB<\/a>\u00a0(<em>Manuel P\u00e9rez Gil<\/em>)<\/li><\/ul>\t\t\t\t\t\t\t\t<\/div>\n\t\t\t\t<\/div>\n\t\t\t\t\t<\/div>\n\t\t<\/div>\n\t\t\t\t\t<\/div>\n\t\t<\/section>\n\t\t\t\t<section class=\"elementor-section elementor-top-section elementor-element elementor-element-d84d720 elementor-section-boxed elementor-section-height-default elementor-section-height-default\" data-id=\"d84d720\" data-element_type=\"section\" data-e-type=\"section\">\n\t\t\t\t\t\t<div class=\"elementor-container elementor-column-gap-default\">\n\t\t\t\t\t<div class=\"elementor-column elementor-col-25 elementor-top-column elementor-element elementor-element-a90d2ff\" data-id=\"a90d2ff\" data-element_type=\"column\" data-e-type=\"column\">\n\t\t\t<div class=\"elementor-widget-wrap elementor-element-populated\">\n\t\t\t\t\t\t<div class=\"elementor-element elementor-element-b58bcb8 elementor-widget elementor-widget-image\" data-id=\"b58bcb8\" data-element_type=\"widget\" data-e-type=\"widget\" data-widget_type=\"image.default\">\n\t\t\t\t<div class=\"elementor-widget-container\">\n\t\t\t\t\t\t\t\t\t\t\t\t\t\t\t\t<a href=\"https:\/\/fsmcv.org\/es\/somos-escuela\">\n\t\t\t\t\t\t\t<img decoding=\"async\" width=\"96\" height=\"96\" src=\"https:\/\/fsmcv.org\/wp-content\/uploads\/2020\/10\/web_hi_res-150x150-2.png\" class=\"attachment-thumbnail size-thumbnail wp-image-21552\" alt=\"\" srcset=\"https:\/\/fsmcv.org\/wp-content\/uploads\/2020\/10\/web_hi_res-150x150-2.png 150w, https:\/\/fsmcv.org\/wp-content\/uploads\/2020\/10\/web_hi_res-150x150-2-100x100.png 100w\" sizes=\"(max-width: 96px) 100vw, 96px\" title=\"\">\t\t\t\t\t\t\t\t<\/a>\n\t\t\t\t\t\t\t\t\t\t\t\t\t\t\t<\/div>\n\t\t\t\t<\/div>\n\t\t\t\t<div class=\"elementor-element elementor-element-7b29f2c elementor-widget elementor-widget-heading\" data-id=\"7b29f2c\" data-element_type=\"widget\" data-e-type=\"widget\" data-widget_type=\"heading.default\">\n\t\t\t\t<div class=\"elementor-widget-container\">\n\t\t\t\t\t<h4 class=\"elementor-heading-title elementor-size-default\">Som escola<\/h4>\t\t\t\t<\/div>\n\t\t\t\t<\/div>\n\t\t\t\t\t<\/div>\n\t\t<\/div>\n\t\t\t\t<div class=\"elementor-column elementor-col-25 elementor-top-column elementor-element elementor-element-d771d43\" data-id=\"d771d43\" data-element_type=\"column\" data-e-type=\"column\">\n\t\t\t<div class=\"elementor-widget-wrap elementor-element-populated\">\n\t\t\t\t\t\t<div class=\"elementor-element elementor-element-4b4fa1c elementor-widget elementor-widget-image\" data-id=\"4b4fa1c\" data-element_type=\"widget\" data-e-type=\"widget\" data-widget_type=\"image.default\">\n\t\t\t\t<div class=\"elementor-widget-container\">\n\t\t\t\t\t\t\t\t\t\t\t\t\t\t\t\t<a href=\"https:\/\/fsmcv.org\/area-de-padres\">\n\t\t\t\t\t\t\t<img decoding=\"async\" width=\"96\" height=\"96\" src=\"https:\/\/fsmcv.org\/wp-content\/uploads\/2020\/10\/web_hi_res_51-150x150-2.png\" class=\"attachment-thumbnail size-thumbnail wp-image-21548\" alt=\"\" srcset=\"https:\/\/fsmcv.org\/wp-content\/uploads\/2020\/10\/web_hi_res_51-150x150-2.png 150w, https:\/\/fsmcv.org\/wp-content\/uploads\/2020\/10\/web_hi_res_51-150x150-2-100x100.png 100w\" sizes=\"(max-width: 96px) 100vw, 96px\" title=\"\">\t\t\t\t\t\t\t\t<\/a>\n\t\t\t\t\t\t\t\t\t\t\t\t\t\t\t<\/div>\n\t\t\t\t<\/div>\n\t\t\t\t<div class=\"elementor-element elementor-element-f8f7a8c elementor-widget elementor-widget-heading\" data-id=\"f8f7a8c\" data-element_type=\"widget\" data-e-type=\"widget\" data-widget_type=\"heading.default\">\n\t\t\t\t<div class=\"elementor-widget-container\">\n\t\t\t\t\t<h4 class=\"elementor-heading-title elementor-size-default\">\u00c2rea de pares<\/h4>\t\t\t\t<\/div>\n\t\t\t\t<\/div>\n\t\t\t\t\t<\/div>\n\t\t<\/div>\n\t\t\t\t<div class=\"elementor-column elementor-col-25 elementor-top-column elementor-element elementor-element-f1a5de8\" data-id=\"f1a5de8\" data-element_type=\"column\" data-e-type=\"column\">\n\t\t\t<div class=\"elementor-widget-wrap elementor-element-populated\">\n\t\t\t\t\t\t<div class=\"elementor-element elementor-element-3e4a226 elementor-widget elementor-widget-image\" data-id=\"3e4a226\" data-element_type=\"widget\" data-e-type=\"widget\" data-widget_type=\"image.default\">\n\t\t\t\t<div class=\"elementor-widget-container\">\n\t\t\t\t\t\t\t\t\t\t\t\t\t\t\t\t<a href=\"http:\/\/xarxa.wefillit.com\/noticias\/\" target=\"_blank\" rel=\"noopener\">\n\t\t\t\t\t\t\t<img loading=\"lazy\" decoding=\"async\" width=\"150\" height=\"150\" src=\"https:\/\/fsmcv.org\/wp-content\/uploads\/2020\/10\/web_hi_res_512-3-150x150-2.png\" class=\"attachment-large size-large wp-image-21550\" alt=\"\" srcset=\"https:\/\/fsmcv.org\/wp-content\/uploads\/2020\/10\/web_hi_res_512-3-150x150-2.png 150w, https:\/\/fsmcv.org\/wp-content\/uploads\/2020\/10\/web_hi_res_512-3-150x150-2-100x100.png 100w\" sizes=\"(max-width: 150px) 100vw, 150px\" title=\"\">\t\t\t\t\t\t\t\t<\/a>\n\t\t\t\t\t\t\t\t\t\t\t\t\t\t\t<\/div>\n\t\t\t\t<\/div>\n\t\t\t\t<div class=\"elementor-element elementor-element-411c051 elementor-widget elementor-widget-heading\" data-id=\"411c051\" data-element_type=\"widget\" data-e-type=\"widget\" data-widget_type=\"heading.default\">\n\t\t\t\t<div class=\"elementor-widget-container\">\n\t\t\t\t\t<h4 class=\"elementor-heading-title elementor-size-default\">Noticies<\/h4>\t\t\t\t<\/div>\n\t\t\t\t<\/div>\n\t\t\t\t\t<\/div>\n\t\t<\/div>\n\t\t\t\t<div class=\"elementor-column elementor-col-25 elementor-top-column elementor-element elementor-element-05e4a4f\" data-id=\"05e4a4f\" data-element_type=\"column\" data-e-type=\"column\">\n\t\t\t<div class=\"elementor-widget-wrap elementor-element-populated\">\n\t\t\t\t\t\t<div class=\"elementor-element elementor-element-6f02505 elementor-widget elementor-widget-image\" data-id=\"6f02505\" data-element_type=\"widget\" data-e-type=\"widget\" data-widget_type=\"image.default\">\n\t\t\t\t<div class=\"elementor-widget-container\">\n\t\t\t\t\t\t\t\t\t\t\t\t\t\t\t\t<a href=\"https:\/\/fsmcv.org\/descargas-escuelas-de-musica\/\">\n\t\t\t\t\t\t\t<img loading=\"lazy\" decoding=\"async\" width=\"150\" height=\"150\" src=\"https:\/\/fsmcv.org\/wp-content\/uploads\/2020\/10\/web_hi_res_5-150x150-2.png\" class=\"attachment-large size-large wp-image-21546\" alt=\"\" srcset=\"https:\/\/fsmcv.org\/wp-content\/uploads\/2020\/10\/web_hi_res_5-150x150-2.png 150w, https:\/\/fsmcv.org\/wp-content\/uploads\/2020\/10\/web_hi_res_5-150x150-2-100x100.png 100w\" sizes=\"(max-width: 150px) 100vw, 150px\" title=\"\">\t\t\t\t\t\t\t\t<\/a>\n\t\t\t\t\t\t\t\t\t\t\t\t\t\t\t<\/div>\n\t\t\t\t<\/div>\n\t\t\t\t<div class=\"elementor-element elementor-element-334f56b elementor-widget elementor-widget-heading\" data-id=\"334f56b\" data-element_type=\"widget\" data-e-type=\"widget\" data-widget_type=\"heading.default\">\n\t\t\t\t<div class=\"elementor-widget-container\">\n\t\t\t\t\t<h4 class=\"elementor-heading-title elementor-size-default\">Desc\u00e0rregues<\/h4>\t\t\t\t<\/div>\n\t\t\t\t<\/div>\n\t\t\t\t\t<\/div>\n\t\t<\/div>\n\t\t\t\t\t<\/div>\n\t\t<\/section>\n\t\t\t\t<section class=\"elementor-section elementor-top-section elementor-element elementor-element-ea7f6a3 elementor-section-boxed elementor-section-height-default elementor-section-height-default\" data-id=\"ea7f6a3\" data-element_type=\"section\" data-e-type=\"section\">\n\t\t\t\t\t\t<div class=\"elementor-container elementor-column-gap-default\">\n\t\t\t\t\t<div class=\"elementor-column elementor-col-100 elementor-top-column elementor-element elementor-element-185294d\" data-id=\"185294d\" data-element_type=\"column\" data-e-type=\"column\">\n\t\t\t<div class=\"elementor-widget-wrap elementor-element-populated\">\n\t\t\t\t\t\t<div class=\"elementor-element elementor-element-161f91c elementor-grid-3 elementor-grid-tablet-2 elementor-grid-mobile-1 elementor-posts--thumbnail-top elementor-card-shadow-yes elementor-posts__hover-gradient elementor-widget elementor-widget-archive-posts\" data-id=\"161f91c\" data-element_type=\"widget\" data-e-type=\"widget\" data-settings=\"{&quot;archive_cards_columns&quot;:&quot;3&quot;,&quot;archive_cards_columns_tablet&quot;:&quot;2&quot;,&quot;archive_cards_columns_mobile&quot;:&quot;1&quot;,&quot;archive_cards_row_gap&quot;:{&quot;unit&quot;:&quot;px&quot;,&quot;size&quot;:35,&quot;sizes&quot;:[]},&quot;archive_cards_row_gap_tablet&quot;:{&quot;unit&quot;:&quot;px&quot;,&quot;size&quot;:&quot;&quot;,&quot;sizes&quot;:[]},&quot;archive_cards_row_gap_mobile&quot;:{&quot;unit&quot;:&quot;px&quot;,&quot;size&quot;:&quot;&quot;,&quot;sizes&quot;:[]},&quot;pagination_type&quot;:&quot;numbers&quot;}\" data-widget_type=\"archive-posts.archive_cards\">\n\t\t\t\t<div class=\"elementor-widget-container\">\n\t\t\t\t\t\t\t<div class=\"elementor-posts-container elementor-posts elementor-posts--skin-cards elementor-grid\" role=\"list\">\n\t\t\t\t\t\t<div class=\"elementor-posts-nothing-found\">\n\t\t\t\t\t\t\t\t\t<\/div>\n\t\t\t\t\t<\/div>\n\t\t\n\t\t\t\t\t\t<\/div>\n\t\t\t\t<\/div>\n\t\t\t\t\t<\/div>\n\t\t<\/div>\n\t\t\t\t\t<\/div>\n\t\t<\/section>\n\t\t\t\t<\/div>\n\t\t","protected":false},"excerpt":{"rendered":"<p>Com a pares, qu\u00e8 podem fer? Aprofita de tot el que t\u2019oferim! Juga i investiga a casa! Com a pares i mares podem participar activament a les escoles de m\u00fasica, col\u00b7laborar amb la formaci\u00f3\u00a0musical dels nostres fills i contribuir a la millora de la qualitat en l\u2019ensenyament. Per fer-ho cal formar\u00a0una associaci\u00f3 de pares i [&hellip;]<\/p>\n","protected":false},"author":1,"featured_media":21531,"parent":0,"menu_order":102,"comment_status":"closed","ping_status":"closed","template":"elementor_header_footer","meta":{"footnotes":""},"class_list":["post-7053","page","type-page","status-publish","has-post-thumbnail","hentry"],"_links":{"self":[{"href":"https:\/\/fsmcv.org\/vl\/wp-json\/wp\/v2\/pages\/7053","targetHints":{"allow":["GET"]}}],"collection":[{"href":"https:\/\/fsmcv.org\/vl\/wp-json\/wp\/v2\/pages"}],"about":[{"href":"https:\/\/fsmcv.org\/vl\/wp-json\/wp\/v2\/types\/page"}],"author":[{"embeddable":true,"href":"https:\/\/fsmcv.org\/vl\/wp-json\/wp\/v2\/users\/1"}],"replies":[{"embeddable":true,"href":"https:\/\/fsmcv.org\/vl\/wp-json\/wp\/v2\/comments?post=7053"}],"version-history":[{"count":0,"href":"https:\/\/fsmcv.org\/vl\/wp-json\/wp\/v2\/pages\/7053\/revisions"}],"wp:featuredmedia":[{"embeddable":true,"href":"https:\/\/fsmcv.org\/vl\/wp-json\/wp\/v2\/media\/21531"}],"wp:attachment":[{"href":"https:\/\/fsmcv.org\/vl\/wp-json\/wp\/v2\/media?parent=7053"}],"curies":[{"name":"wp","href":"https:\/\/api.w.org\/{rel}","templated":true}]}}