{"id":70768,"date":"2024-01-17T18:12:54","date_gmt":"2024-01-17T17:12:54","guid":{"rendered":"https:\/\/fsmcv.org\/segell-discografic\/jove-banda-simfonica-temporada-2023\/"},"modified":"2024-02-21T10:02:17","modified_gmt":"2024-02-21T09:02:17","slug":"jove-banda-simfonica-temporada-2023","status":"publish","type":"page","link":"https:\/\/fsmcv.org\/vl\/segell-discografic\/jove-banda-simfonica-temporada-2023\/","title":{"rendered":"Jove Banda Simf\u00f2nica \/ Temporada 2023"},"content":{"rendered":"\t\t<div data-elementor-type=\"wp-page\" data-elementor-id=\"70768\" class=\"elementor elementor-70768 elementor-70752\" data-elementor-post-type=\"page\">\n\t\t\t\t\t\t<section class=\"elementor-section elementor-top-section elementor-element elementor-element-5b78a1d9 elementor-section-boxed elementor-section-height-default elementor-section-height-default\" data-id=\"5b78a1d9\" data-element_type=\"section\" data-e-type=\"section\">\n\t\t\t\t\t\t\t<div class=\"elementor-background-overlay\"><\/div>\n\t\t\t\t\t\t\t<div class=\"elementor-container elementor-column-gap-default\">\n\t\t\t\t\t<div class=\"elementor-column elementor-col-100 elementor-top-column elementor-element elementor-element-51113e18\" data-id=\"51113e18\" data-element_type=\"column\" data-e-type=\"column\">\n\t\t\t<div class=\"elementor-widget-wrap elementor-element-populated\">\n\t\t\t\t\t\t<div class=\"elementor-element elementor-element-69e32aef elementor-widget elementor-widget-heading\" data-id=\"69e32aef\" data-element_type=\"widget\" data-e-type=\"widget\" data-widget_type=\"heading.default\">\n\t\t\t\t<div class=\"elementor-widget-container\">\n\t\t\t\t\t<h1 class=\"elementor-heading-title elementor-size-default\">JOVE BANDA SIMF\u00d2NICA \/ TEMPORADA 2023<\/h1>\t\t\t\t<\/div>\n\t\t\t\t<\/div>\n\t\t\t\t\t<\/div>\n\t\t<\/div>\n\t\t\t\t\t<\/div>\n\t\t<\/section>\n\t\t\t\t<section class=\"elementor-section elementor-top-section elementor-element elementor-element-4be04edc elementor-section-boxed elementor-section-height-default elementor-section-height-default\" data-id=\"4be04edc\" data-element_type=\"section\" data-e-type=\"section\">\n\t\t\t\t\t\t<div class=\"elementor-container elementor-column-gap-wide\">\n\t\t\t\t\t<div class=\"elementor-column elementor-col-50 elementor-top-column elementor-element elementor-element-586e4993\" data-id=\"586e4993\" data-element_type=\"column\" data-e-type=\"column\">\n\t\t\t<div class=\"elementor-widget-wrap elementor-element-populated\">\n\t\t\t\t\t\t<div class=\"elementor-element elementor-element-306ed1ca elementor-view-default elementor-position-block-start elementor-mobile-position-block-start elementor-widget elementor-widget-icon-box\" data-id=\"306ed1ca\" data-element_type=\"widget\" data-e-type=\"widget\" data-widget_type=\"icon-box.default\">\n\t\t\t\t<div class=\"elementor-widget-container\">\n\t\t\t\t\t\t\t<div class=\"elementor-icon-box-wrapper\">\n\n\t\t\t\t\t\t<div class=\"elementor-icon-box-icon\">\n\t\t\t\t<span  class=\"elementor-icon\">\n\t\t\t\t<i aria-hidden=\"true\" class=\"fas fa-compact-disc\"><\/i>\t\t\t\t<\/span>\n\t\t\t<\/div>\n\t\t\t\n\t\t\t\t\t\t<div class=\"elementor-icon-box-content\">\n\n\t\t\t\t\t\t\t\t\t<h2 class=\"elementor-icon-box-title\">\n\t\t\t\t\t\t<span  >\n\t\t\t\t\t\t\tjove banda simf\u00f2nica \/ temporada 2023\t\t\t\t\t\t<\/span>\n\t\t\t\t\t<\/h2>\n\t\t\t\t\n\t\t\t\t\t\t\t\t\t<p class=\"elementor-icon-box-description\">\n\t\t\t\t\t\t\n\n\t\t\t\t\t<\/p>\n\t\t\t\t\n\t\t\t<\/div>\n\t\t\t\n\t\t<\/div>\n\t\t\t\t\t\t<\/div>\n\t\t\t\t<\/div>\n\t\t\t\t<div class=\"elementor-element elementor-element-7b678364 elementor-widget elementor-widget-image\" data-id=\"7b678364\" data-element_type=\"widget\" data-e-type=\"widget\" data-widget_type=\"image.default\">\n\t\t\t\t<div class=\"elementor-widget-container\">\n\t\t\t\t\t\t\t\t\t\t\t\t\t\t\t<img fetchpriority=\"high\" decoding=\"async\" width=\"2048\" height=\"2048\" src=\"https:\/\/fsmcv.org\/wp-content\/uploads\/2024\/01\/PORTADA-JBF-2023-scaled.jpg\" class=\"attachment-full size-full wp-image-70755\" alt=\"\" srcset=\"https:\/\/fsmcv.org\/wp-content\/uploads\/2024\/01\/PORTADA-JBF-2023-scaled.jpg 2048w, https:\/\/fsmcv.org\/wp-content\/uploads\/2024\/01\/PORTADA-JBF-2023-768x768.jpg 768w, https:\/\/fsmcv.org\/wp-content\/uploads\/2024\/01\/PORTADA-JBF-2023-300x300.jpg 300w, https:\/\/fsmcv.org\/wp-content\/uploads\/2024\/01\/PORTADA-JBF-2023-1536x1536.jpg 1536w, https:\/\/fsmcv.org\/wp-content\/uploads\/2024\/01\/PORTADA-JBF-2023-600x600.jpg 600w, https:\/\/fsmcv.org\/wp-content\/uploads\/2024\/01\/PORTADA-JBF-2023-100x100.jpg 100w\" sizes=\"(max-width: 2048px) 100vw, 2048px\" title=\"\">\t\t\t\t\t\t\t\t\t\t\t\t\t\t\t<\/div>\n\t\t\t\t<\/div>\n\t\t\t\t<div class=\"elementor-element elementor-element-73750c9e elementor-align-center elementor-widget elementor-widget-button\" data-id=\"73750c9e\" data-element_type=\"widget\" data-e-type=\"widget\" data-widget_type=\"button.default\">\n\t\t\t\t<div class=\"elementor-widget-container\">\n\t\t\t\t\t\t\t\t\t<div class=\"elementor-button-wrapper\">\n\t\t\t\t\t<a class=\"elementor-button elementor-button-link elementor-size-md\" href=\"https:\/\/fsmcv.org\/vl\/segell-discografic\/\">\n\t\t\t\t\t\t<span class=\"elementor-button-content-wrapper\">\n\t\t\t\t\t\t<span class=\"elementor-button-icon\">\n\t\t\t\t<i aria-hidden=\"true\" class=\"fas fa-arrow-right\"><\/i>\t\t\t<\/span>\n\t\t\t\t\t\t\t\t\t<span class=\"elementor-button-text\">Segell discogr\u00e0fic<\/span>\n\t\t\t\t\t<\/span>\n\t\t\t\t\t<\/a>\n\t\t\t\t<\/div>\n\t\t\t\t\t\t\t\t<\/div>\n\t\t\t\t<\/div>\n\t\t\t\t\t<\/div>\n\t\t<\/div>\n\t\t\t\t<div class=\"elementor-column elementor-col-50 elementor-top-column elementor-element elementor-element-66ca3992\" data-id=\"66ca3992\" data-element_type=\"column\" data-e-type=\"column\">\n\t\t\t<div class=\"elementor-widget-wrap elementor-element-populated\">\n\t\t\t\t\t\t<div class=\"elementor-element elementor-element-44b78583 elementor-widget elementor-widget-text-editor\" data-id=\"44b78583\" data-element_type=\"widget\" data-e-type=\"widget\" data-widget_type=\"text-editor.default\">\n\t\t\t\t<div class=\"elementor-widget-container\">\n\t\t\t\t\t\t\t\t\t<p><span style=\"font-weight: bolder;\">Director: Rafael Grau<\/span><\/p>\n<p><span style=\"font-weight: bolder;\">Cont\u00e9:<\/span><\/p>\n<p>1. SO\u00d1AD EL MAR de Manuel Morales<\/p>\n<p>SOULFUL STONES de Jos\u00e9 Su\u00f1er Oriola<\/p>\n<p>  2. La Pedrera<\/p>\n<p>  3. Casa Batll\u00f3<\/p>\n<p>  4. Palacio Episcopal de Astorga<\/p>\n<p>  5. Parc G\u00fcell<\/p>\n<p>  6. La Sagrada Familia<\/p>\n<p>7. SINFON\u00cdA SOBRE MOTIVOS DE ZARZUELA de Francisco Asenjo Barbieri<\/p>\n<p>HOMENAJE A JOAQU\u00cdN SOROLLA de Bernardo Adam Ferrero<\/p>\n<p>  8. El Crit del Palleter<\/p>\n<p>  9. Pescadores Valencianes<\/p>\n<p>  10. Sol de Vesprada<\/p>\n<p>  11. Les Gropes<\/p>\n<p>12. EL MOTETE de Jos\u00e9 Serrano<\/p>\n<p>\u00a1Escolta aquest CD en Spotify!<\/p>\n<p><iframe title=\"Spotify Embed: Jove Banda Simf\u00f2nica Federaci\u00f3 de Societats Musicals de la Comunitat Valenciana Temporada 2023 (En Directo)\" style=\"border-radius: 12px\" width=\"100%\" height=\"352\" frameborder=\"0\" allowfullscreen allow=\"autoplay; clipboard-write; encrypted-media; fullscreen; picture-in-picture\" loading=\"lazy\" src=\"https:\/\/open.spotify.com\/embed\/album\/4eswNNwcOdqLdVoJBwHZIe?si=WRc6mWg7TX-fyUZDVKTbvA&utm_source=oembed\"><\/iframe><\/p>\n\t\t\t\t\t\t\t\t<\/div>\n\t\t\t\t<\/div>\n\t\t\t\t\t<\/div>\n\t\t<\/div>\n\t\t\t\t\t<\/div>\n\t\t<\/section>\n\t\t\t\t<\/div>\n\t\t","protected":false},"excerpt":{"rendered":"<p>JOVE BANDA SIMF\u00d2NICA \/ TEMPORADA 2023 jove banda simf\u00f2nica \/ temporada 2023 Segell discogr\u00e0fic Director: Rafael Grau Cont\u00e9: 1. SO\u00d1AD EL MAR de Manuel Morales SOULFUL STONES de Jos\u00e9 Su\u00f1er Oriola 2. La Pedrera 3. Casa Batll\u00f3 4. Palacio Episcopal de Astorga 5. Parc G\u00fcell 6. La Sagrada Familia 7. SINFON\u00cdA SOBRE MOTIVOS DE ZARZUELA [&hellip;]<\/p>\n","protected":false},"author":17,"featured_media":70755,"parent":20683,"menu_order":0,"comment_status":"closed","ping_status":"closed","template":"elementor_header_footer","meta":{"footnotes":""},"class_list":["post-70768","page","type-page","status-publish","has-post-thumbnail","hentry"],"_links":{"self":[{"href":"https:\/\/fsmcv.org\/vl\/wp-json\/wp\/v2\/pages\/70768","targetHints":{"allow":["GET"]}}],"collection":[{"href":"https:\/\/fsmcv.org\/vl\/wp-json\/wp\/v2\/pages"}],"about":[{"href":"https:\/\/fsmcv.org\/vl\/wp-json\/wp\/v2\/types\/page"}],"author":[{"embeddable":true,"href":"https:\/\/fsmcv.org\/vl\/wp-json\/wp\/v2\/users\/17"}],"replies":[{"embeddable":true,"href":"https:\/\/fsmcv.org\/vl\/wp-json\/wp\/v2\/comments?post=70768"}],"version-history":[{"count":7,"href":"https:\/\/fsmcv.org\/vl\/wp-json\/wp\/v2\/pages\/70768\/revisions"}],"predecessor-version":[{"id":71375,"href":"https:\/\/fsmcv.org\/vl\/wp-json\/wp\/v2\/pages\/70768\/revisions\/71375"}],"up":[{"embeddable":true,"href":"https:\/\/fsmcv.org\/vl\/wp-json\/wp\/v2\/pages\/20683"}],"wp:featuredmedia":[{"embeddable":true,"href":"https:\/\/fsmcv.org\/vl\/wp-json\/wp\/v2\/media\/70755"}],"wp:attachment":[{"href":"https:\/\/fsmcv.org\/vl\/wp-json\/wp\/v2\/media?parent=70768"}],"curies":[{"name":"wp","href":"https:\/\/api.w.org\/{rel}","templated":true}]}}