{"id":70962,"date":"2023-05-15T13:24:16","date_gmt":"2023-05-15T11:24:16","guid":{"rendered":"https:\/\/fsmcv.org\/alqueria-julia-casa-de-la-musica\/"},"modified":"2024-10-15T10:08:04","modified_gmt":"2024-10-15T08:08:04","slug":"alqueria-julia-casa-de-la-musica","status":"publish","type":"page","link":"https:\/\/fsmcv.org\/vl\/alqueria-julia-casa-de-la-musica\/","title":{"rendered":"Alquer\u00eda Juli\u00e0- Casa de la M\u00fasica"},"content":{"rendered":"\t\t<div data-elementor-type=\"wp-page\" data-elementor-id=\"70962\" class=\"elementor elementor-70962 elementor-65060\" data-elementor-post-type=\"page\">\n\t\t\t\t\t\t<section class=\"elementor-section elementor-top-section elementor-element elementor-element-c213b1f elementor-section-boxed elementor-section-height-default elementor-section-height-default\" data-id=\"c213b1f\" data-element_type=\"section\" data-e-type=\"section\">\n\t\t\t\t\t\t\t<div class=\"elementor-background-overlay\"><\/div>\n\t\t\t\t\t\t\t<div class=\"elementor-container elementor-column-gap-default\">\n\t\t\t\t\t<div class=\"elementor-column elementor-col-100 elementor-top-column elementor-element elementor-element-712fd04\" data-id=\"712fd04\" data-element_type=\"column\" data-e-type=\"column\">\n\t\t\t<div class=\"elementor-widget-wrap elementor-element-populated\">\n\t\t\t\t\t\t<div class=\"elementor-element elementor-element-cb70d4f elementor-widget elementor-widget-heading\" data-id=\"cb70d4f\" data-element_type=\"widget\" data-e-type=\"widget\" data-widget_type=\"heading.default\">\n\t\t\t\t<div class=\"elementor-widget-container\">\n\t\t\t\t\t<h1 class=\"elementor-heading-title elementor-size-default\">ALQUERIA JULI\u00c0 - CASA DE LA M\u00daSICA<\/h1>\t\t\t\t<\/div>\n\t\t\t\t<\/div>\n\t\t\t\t<div class=\"elementor-element elementor-element-019e8b7 elementor-widget elementor-widget-text-editor\" data-id=\"019e8b7\" data-element_type=\"widget\" data-e-type=\"widget\" data-widget_type=\"text-editor.default\">\n\t\t\t\t<div class=\"elementor-widget-container\">\n\t\t\t\t\t\t\t\t\t<p>L&#8217;Alqueria Juli\u00e0 \u00e9s cedida per CaixaBank a la Federaci\u00f3 de Societats Musicals de la Comunitat Valenciana dins del programa CaixaBank Escolta Val\u00e8ncia <\/p>\n\t\t\t\t\t\t\t\t<\/div>\n\t\t\t\t<\/div>\n\t\t\t\t\t<\/div>\n\t\t<\/div>\n\t\t\t\t\t<\/div>\n\t\t<\/section>\n\t\t\t\t<section class=\"elementor-section elementor-top-section elementor-element elementor-element-437229d elementor-section-boxed elementor-section-height-default elementor-section-height-default\" data-id=\"437229d\" data-element_type=\"section\" data-e-type=\"section\">\n\t\t\t\t\t\t<div class=\"elementor-container elementor-column-gap-custom\">\n\t\t\t\t\t<div class=\"elementor-column elementor-col-50 elementor-top-column elementor-element elementor-element-6abaf5c\" data-id=\"6abaf5c\" data-element_type=\"column\" data-e-type=\"column\">\n\t\t\t<div class=\"elementor-widget-wrap elementor-element-populated\">\n\t\t\t\t\t\t<div class=\"elementor-element elementor-element-c27b53d elementor-widget elementor-widget-heading\" data-id=\"c27b53d\" data-element_type=\"widget\" data-e-type=\"widget\" data-widget_type=\"heading.default\">\n\t\t\t\t<div class=\"elementor-widget-container\">\n\t\t\t\t\t<h3 class=\"elementor-heading-title elementor-size-default\">L'Alqueria Juli\u00e0 \u00e9s un B\u00e9 d'Inter\u00e9s Cultural que \u00e9s seu de les societats musicals de la Comunitat Valenciana declarades B\u00e9 d'Inter\u00e9s Cultural Immaterial<\/h3>\t\t\t\t<\/div>\n\t\t\t\t<\/div>\n\t\t\t\t\t<\/div>\n\t\t<\/div>\n\t\t\t\t<div class=\"elementor-column elementor-col-50 elementor-top-column elementor-element elementor-element-e22d349\" data-id=\"e22d349\" data-element_type=\"column\" data-e-type=\"column\">\n\t\t\t<div class=\"elementor-widget-wrap elementor-element-populated\">\n\t\t\t\t\t\t<div class=\"elementor-element elementor-element-119ed86 elementor-widget elementor-widget-text-editor\" data-id=\"119ed86\" data-element_type=\"widget\" data-e-type=\"widget\" data-widget_type=\"text-editor.default\">\n\t\t\t\t<div class=\"elementor-widget-container\">\n\t\t\t\t\t\t\t\t\t<p>L&#8217;Alqueria Juli\u00e0 \u00e9s una construcci\u00f3 del segle XVII situada en el barri de Nou Moles\/Olivereta a Val\u00e8ncia. Es tracta d&#8217;un edifici declarat Monument Art\u00edstic Nacional en 1978 i B\u00e9 d&#8217;Inter\u00e9s Cultural (BIC) per la Generalitat Valenciana en 2007. L&#8217;immoble \u00e9s propietat de CaixaBank que, en 2016, va decidir comen\u00e7ar els treballs per a la seua conservaci\u00f3 i per a convertir-lo en la Casa de la M\u00fasica a trav\u00e9s del projecte CaixaBank Escolta Val\u00e8ncia. <\/p>\n<p>Des de 2020 l&#8217;Alqueria Juli\u00e0 &#8211; Casa de la M\u00fasica \u00e9s la seu de la FSMCV i compta amb espais destinats al desenvolupament d&#8217;activitats culturals i de formaci\u00f3, investigaci\u00f3 i arxiu. El recinte compta amb una parcel\u00b7la de 1.986 metres quadrats, amb una construcci\u00f3 de 692 metres quadrats distribu\u00efts en dues altures i una torreassa de 51 metres. Amb la rehabilitaci\u00f3 de l&#8217;edifici s&#8217;ha incl\u00f2s sota el jard\u00ed unes depend\u00e8ncies subterr\u00e0nies de 200 metres quadrats que contenen una sala d&#8217;assajos. <\/p>\n<p>La FSMCV programa visites guiades gratu\u00eftes, poden sol\u00b7licitar pla\u00e7a en el seg\u00fcent enlla\u00e7: <a href=\"https:\/\/docs.google.com\/forms\/d\/e\/1FAIpQLSeHab6267zbSQTLtKLMVvO1c3qUv-Q-l_bulihho2iwQK5V7g\/viewform\" target=\"_blank\" rel=\"noopener\">Solicitud visita Alqueria Juli\u00e0- Casa de la M\u00fasica<\/a><\/p>\n\t\t\t\t\t\t\t\t<\/div>\n\t\t\t\t<\/div>\n\t\t\t\t\t<\/div>\n\t\t<\/div>\n\t\t\t\t\t<\/div>\n\t\t<\/section>\n\t\t\t\t<section class=\"elementor-section elementor-top-section elementor-element elementor-element-8d0802e elementor-section-boxed elementor-section-height-default elementor-section-height-default\" data-id=\"8d0802e\" data-element_type=\"section\" data-e-type=\"section\">\n\t\t\t\t\t\t<div class=\"elementor-container elementor-column-gap-default\">\n\t\t\t\t\t<div class=\"elementor-column elementor-col-100 elementor-top-column elementor-element elementor-element-95b1fa0\" data-id=\"95b1fa0\" data-element_type=\"column\" data-e-type=\"column\">\n\t\t\t<div class=\"elementor-widget-wrap elementor-element-populated\">\n\t\t\t\t\t\t<div class=\"elementor-element elementor-element-aa58b2b elementor-widget elementor-widget-gallery\" data-id=\"aa58b2b\" data-element_type=\"widget\" data-e-type=\"widget\" data-settings=\"{&quot;lazyload&quot;:&quot;yes&quot;,&quot;gallery_layout&quot;:&quot;grid&quot;,&quot;columns&quot;:4,&quot;columns_tablet&quot;:2,&quot;columns_mobile&quot;:1,&quot;gap&quot;:{&quot;unit&quot;:&quot;px&quot;,&quot;size&quot;:10,&quot;sizes&quot;:[]},&quot;gap_tablet&quot;:{&quot;unit&quot;:&quot;px&quot;,&quot;size&quot;:10,&quot;sizes&quot;:[]},&quot;gap_mobile&quot;:{&quot;unit&quot;:&quot;px&quot;,&quot;size&quot;:10,&quot;sizes&quot;:[]},&quot;link_to&quot;:&quot;file&quot;,&quot;aspect_ratio&quot;:&quot;3:2&quot;,&quot;overlay_background&quot;:&quot;yes&quot;,&quot;content_hover_animation&quot;:&quot;fade-in&quot;}\" data-widget_type=\"gallery.default\">\n\t\t\t\t<div class=\"elementor-widget-container\">\n\t\t\t\t\t\t\t<div class=\"elementor-gallery__container\">\n\t\t\t\t\t\t\t<a class=\"e-gallery-item elementor-gallery-item elementor-animated-content\" href=\"https:\/\/fsmcv.org\/wp-content\/uploads\/2023\/05\/PA220352.jpg\" data-elementor-open-lightbox=\"yes\" data-elementor-lightbox-slideshow=\"aa58b2b\" data-elementor-lightbox-title=\"PA220352\" data-e-action-hash=\"#elementor-action%3Aaction%3Dlightbox%26settings%3DeyJpZCI6NjUxMTcsInVybCI6Imh0dHBzOlwvXC9mc21jdi5vcmdcL3dwLWNvbnRlbnRcL3VwbG9hZHNcLzIwMjNcLzA1XC9QQTIyMDM1Mi5qcGciLCJzbGlkZXNob3ciOiJhYTU4YjJiIn0%3D\">\n\t\t\t\t\t<div class=\"e-gallery-image elementor-gallery-item__image\" data-thumbnail=\"https:\/\/fsmcv.org\/wp-content\/uploads\/2023\/05\/PA220352.jpg\" data-width=\"800\" data-height=\"600\" aria-label=\"\" role=\"img\" ><\/div>\n\t\t\t\t\t\t\t\t\t\t\t<div class=\"elementor-gallery-item__overlay\"><\/div>\n\t\t\t\t\t\t\t\t\t\t\t\t\t\t<\/a>\n\t\t\t\t\t\t\t<a class=\"e-gallery-item elementor-gallery-item elementor-animated-content\" href=\"https:\/\/fsmcv.org\/wp-content\/uploads\/2023\/05\/PA220338.jpg\" data-elementor-open-lightbox=\"yes\" data-elementor-lightbox-slideshow=\"aa58b2b\" data-elementor-lightbox-title=\"PA220338\" data-e-action-hash=\"#elementor-action%3Aaction%3Dlightbox%26settings%3DeyJpZCI6NjUxMTUsInVybCI6Imh0dHBzOlwvXC9mc21jdi5vcmdcL3dwLWNvbnRlbnRcL3VwbG9hZHNcLzIwMjNcLzA1XC9QQTIyMDMzOC5qcGciLCJzbGlkZXNob3ciOiJhYTU4YjJiIn0%3D\">\n\t\t\t\t\t<div class=\"e-gallery-image elementor-gallery-item__image\" data-thumbnail=\"https:\/\/fsmcv.org\/wp-content\/uploads\/2023\/05\/PA220338.jpg\" data-width=\"800\" data-height=\"600\" aria-label=\"\" role=\"img\" ><\/div>\n\t\t\t\t\t\t\t\t\t\t\t<div class=\"elementor-gallery-item__overlay\"><\/div>\n\t\t\t\t\t\t\t\t\t\t\t\t\t\t<\/a>\n\t\t\t\t\t\t\t<a class=\"e-gallery-item elementor-gallery-item elementor-animated-content\" href=\"https:\/\/fsmcv.org\/wp-content\/uploads\/2023\/05\/PA220321.jpg\" data-elementor-open-lightbox=\"yes\" data-elementor-lightbox-slideshow=\"aa58b2b\" data-elementor-lightbox-title=\"PA220321\" data-e-action-hash=\"#elementor-action%3Aaction%3Dlightbox%26settings%3DeyJpZCI6NjUxMTMsInVybCI6Imh0dHBzOlwvXC9mc21jdi5vcmdcL3dwLWNvbnRlbnRcL3VwbG9hZHNcLzIwMjNcLzA1XC9QQTIyMDMyMS5qcGciLCJzbGlkZXNob3ciOiJhYTU4YjJiIn0%3D\">\n\t\t\t\t\t<div class=\"e-gallery-image elementor-gallery-item__image\" data-thumbnail=\"https:\/\/fsmcv.org\/wp-content\/uploads\/2023\/05\/PA220321.jpg\" data-width=\"800\" data-height=\"600\" aria-label=\"\" role=\"img\" ><\/div>\n\t\t\t\t\t\t\t\t\t\t\t<div class=\"elementor-gallery-item__overlay\"><\/div>\n\t\t\t\t\t\t\t\t\t\t\t\t\t\t<\/a>\n\t\t\t\t\t\t\t<a class=\"e-gallery-item elementor-gallery-item elementor-animated-content\" href=\"https:\/\/fsmcv.org\/wp-content\/uploads\/2023\/05\/PA220315.jpg\" data-elementor-open-lightbox=\"yes\" data-elementor-lightbox-slideshow=\"aa58b2b\" data-elementor-lightbox-title=\"PA220315\" data-e-action-hash=\"#elementor-action%3Aaction%3Dlightbox%26settings%3DeyJpZCI6NjUxMTEsInVybCI6Imh0dHBzOlwvXC9mc21jdi5vcmdcL3dwLWNvbnRlbnRcL3VwbG9hZHNcLzIwMjNcLzA1XC9QQTIyMDMxNS5qcGciLCJzbGlkZXNob3ciOiJhYTU4YjJiIn0%3D\">\n\t\t\t\t\t<div class=\"e-gallery-image elementor-gallery-item__image\" data-thumbnail=\"https:\/\/fsmcv.org\/wp-content\/uploads\/2023\/05\/PA220315.jpg\" data-width=\"800\" data-height=\"1067\" aria-label=\"\" role=\"img\" ><\/div>\n\t\t\t\t\t\t\t\t\t\t\t<div class=\"elementor-gallery-item__overlay\"><\/div>\n\t\t\t\t\t\t\t\t\t\t\t\t\t\t<\/a>\n\t\t\t\t\t\t\t<a class=\"e-gallery-item elementor-gallery-item elementor-animated-content\" href=\"https:\/\/fsmcv.org\/wp-content\/uploads\/2023\/05\/PA220308.jpg\" data-elementor-open-lightbox=\"yes\" data-elementor-lightbox-slideshow=\"aa58b2b\" data-elementor-lightbox-title=\"PA220308\" data-e-action-hash=\"#elementor-action%3Aaction%3Dlightbox%26settings%3DeyJpZCI6NjUxMDksInVybCI6Imh0dHBzOlwvXC9mc21jdi5vcmdcL3dwLWNvbnRlbnRcL3VwbG9hZHNcLzIwMjNcLzA1XC9QQTIyMDMwOC5qcGciLCJzbGlkZXNob3ciOiJhYTU4YjJiIn0%3D\">\n\t\t\t\t\t<div class=\"e-gallery-image elementor-gallery-item__image\" data-thumbnail=\"https:\/\/fsmcv.org\/wp-content\/uploads\/2023\/05\/PA220308.jpg\" data-width=\"800\" data-height=\"600\" aria-label=\"\" role=\"img\" ><\/div>\n\t\t\t\t\t\t\t\t\t\t\t<div class=\"elementor-gallery-item__overlay\"><\/div>\n\t\t\t\t\t\t\t\t\t\t\t\t\t\t<\/a>\n\t\t\t\t\t\t\t<a class=\"e-gallery-item elementor-gallery-item elementor-animated-content\" href=\"https:\/\/fsmcv.org\/wp-content\/uploads\/2023\/05\/PA220306.jpg\" data-elementor-open-lightbox=\"yes\" data-elementor-lightbox-slideshow=\"aa58b2b\" data-elementor-lightbox-title=\"PA220306\" data-e-action-hash=\"#elementor-action%3Aaction%3Dlightbox%26settings%3DeyJpZCI6NjUxMDcsInVybCI6Imh0dHBzOlwvXC9mc21jdi5vcmdcL3dwLWNvbnRlbnRcL3VwbG9hZHNcLzIwMjNcLzA1XC9QQTIyMDMwNi5qcGciLCJzbGlkZXNob3ciOiJhYTU4YjJiIn0%3D\">\n\t\t\t\t\t<div class=\"e-gallery-image elementor-gallery-item__image\" data-thumbnail=\"https:\/\/fsmcv.org\/wp-content\/uploads\/2023\/05\/PA220306.jpg\" data-width=\"800\" data-height=\"1067\" aria-label=\"\" role=\"img\" ><\/div>\n\t\t\t\t\t\t\t\t\t\t\t<div class=\"elementor-gallery-item__overlay\"><\/div>\n\t\t\t\t\t\t\t\t\t\t\t\t\t\t<\/a>\n\t\t\t\t\t\t\t<a class=\"e-gallery-item elementor-gallery-item elementor-animated-content\" href=\"https:\/\/fsmcv.org\/wp-content\/uploads\/2023\/05\/PA220293.jpg\" data-elementor-open-lightbox=\"yes\" data-elementor-lightbox-slideshow=\"aa58b2b\" data-elementor-lightbox-title=\"PA220293\" data-e-action-hash=\"#elementor-action%3Aaction%3Dlightbox%26settings%3DeyJpZCI6NjUxMDUsInVybCI6Imh0dHBzOlwvXC9mc21jdi5vcmdcL3dwLWNvbnRlbnRcL3VwbG9hZHNcLzIwMjNcLzA1XC9QQTIyMDI5My5qcGciLCJzbGlkZXNob3ciOiJhYTU4YjJiIn0%3D\">\n\t\t\t\t\t<div class=\"e-gallery-image elementor-gallery-item__image\" data-thumbnail=\"https:\/\/fsmcv.org\/wp-content\/uploads\/2023\/05\/PA220293.jpg\" data-width=\"800\" data-height=\"1067\" aria-label=\"\" role=\"img\" ><\/div>\n\t\t\t\t\t\t\t\t\t\t\t<div class=\"elementor-gallery-item__overlay\"><\/div>\n\t\t\t\t\t\t\t\t\t\t\t\t\t\t<\/a>\n\t\t\t\t\t\t\t<a class=\"e-gallery-item elementor-gallery-item elementor-animated-content\" href=\"https:\/\/fsmcv.org\/wp-content\/uploads\/2023\/05\/PA220290.jpg\" data-elementor-open-lightbox=\"yes\" data-elementor-lightbox-slideshow=\"aa58b2b\" data-elementor-lightbox-title=\"PA220290\" data-e-action-hash=\"#elementor-action%3Aaction%3Dlightbox%26settings%3DeyJpZCI6NjUxMDMsInVybCI6Imh0dHBzOlwvXC9mc21jdi5vcmdcL3dwLWNvbnRlbnRcL3VwbG9hZHNcLzIwMjNcLzA1XC9QQTIyMDI5MC5qcGciLCJzbGlkZXNob3ciOiJhYTU4YjJiIn0%3D\">\n\t\t\t\t\t<div class=\"e-gallery-image elementor-gallery-item__image\" data-thumbnail=\"https:\/\/fsmcv.org\/wp-content\/uploads\/2023\/05\/PA220290.jpg\" data-width=\"800\" data-height=\"1067\" aria-label=\"\" role=\"img\" ><\/div>\n\t\t\t\t\t\t\t\t\t\t\t<div class=\"elementor-gallery-item__overlay\"><\/div>\n\t\t\t\t\t\t\t\t\t\t\t\t\t\t<\/a>\n\t\t\t\t\t\t\t<a class=\"e-gallery-item elementor-gallery-item elementor-animated-content\" href=\"https:\/\/fsmcv.org\/wp-content\/uploads\/2023\/05\/PA220286.jpg\" data-elementor-open-lightbox=\"yes\" data-elementor-lightbox-slideshow=\"aa58b2b\" data-elementor-lightbox-title=\"PA220286\" data-e-action-hash=\"#elementor-action%3Aaction%3Dlightbox%26settings%3DeyJpZCI6NjUxMDEsInVybCI6Imh0dHBzOlwvXC9mc21jdi5vcmdcL3dwLWNvbnRlbnRcL3VwbG9hZHNcLzIwMjNcLzA1XC9QQTIyMDI4Ni5qcGciLCJzbGlkZXNob3ciOiJhYTU4YjJiIn0%3D\">\n\t\t\t\t\t<div class=\"e-gallery-image elementor-gallery-item__image\" data-thumbnail=\"https:\/\/fsmcv.org\/wp-content\/uploads\/2023\/05\/PA220286.jpg\" data-width=\"80\" data-height=\"107\" aria-label=\"\" role=\"img\" ><\/div>\n\t\t\t\t\t\t\t\t\t\t\t<div class=\"elementor-gallery-item__overlay\"><\/div>\n\t\t\t\t\t\t\t\t\t\t\t\t\t\t<\/a>\n\t\t\t\t\t\t\t<a class=\"e-gallery-item elementor-gallery-item elementor-animated-content\" href=\"https:\/\/fsmcv.org\/wp-content\/uploads\/2023\/05\/PA220274.jpg\" data-elementor-open-lightbox=\"yes\" data-elementor-lightbox-slideshow=\"aa58b2b\" data-elementor-lightbox-title=\"PA220274\" data-e-action-hash=\"#elementor-action%3Aaction%3Dlightbox%26settings%3DeyJpZCI6NjUwOTksInVybCI6Imh0dHBzOlwvXC9mc21jdi5vcmdcL3dwLWNvbnRlbnRcL3VwbG9hZHNcLzIwMjNcLzA1XC9QQTIyMDI3NC5qcGciLCJzbGlkZXNob3ciOiJhYTU4YjJiIn0%3D\">\n\t\t\t\t\t<div class=\"e-gallery-image elementor-gallery-item__image\" data-thumbnail=\"https:\/\/fsmcv.org\/wp-content\/uploads\/2023\/05\/PA220274.jpg\" data-width=\"800\" data-height=\"600\" aria-label=\"\" role=\"img\" ><\/div>\n\t\t\t\t\t\t\t\t\t\t\t<div class=\"elementor-gallery-item__overlay\"><\/div>\n\t\t\t\t\t\t\t\t\t\t\t\t\t\t<\/a>\n\t\t\t\t\t\t\t<a class=\"e-gallery-item elementor-gallery-item elementor-animated-content\" href=\"https:\/\/fsmcv.org\/wp-content\/uploads\/2023\/05\/PA220262.jpg\" data-elementor-open-lightbox=\"yes\" data-elementor-lightbox-slideshow=\"aa58b2b\" data-elementor-lightbox-title=\"PA220262\" data-e-action-hash=\"#elementor-action%3Aaction%3Dlightbox%26settings%3DeyJpZCI6NjUwOTcsInVybCI6Imh0dHBzOlwvXC9mc21jdi5vcmdcL3dwLWNvbnRlbnRcL3VwbG9hZHNcLzIwMjNcLzA1XC9QQTIyMDI2Mi5qcGciLCJzbGlkZXNob3ciOiJhYTU4YjJiIn0%3D\">\n\t\t\t\t\t<div class=\"e-gallery-image elementor-gallery-item__image\" data-thumbnail=\"https:\/\/fsmcv.org\/wp-content\/uploads\/2023\/05\/PA220262.jpg\" data-width=\"800\" data-height=\"1067\" aria-label=\"\" role=\"img\" ><\/div>\n\t\t\t\t\t\t\t\t\t\t\t<div class=\"elementor-gallery-item__overlay\"><\/div>\n\t\t\t\t\t\t\t\t\t\t\t\t\t\t<\/a>\n\t\t\t\t\t\t\t<a class=\"e-gallery-item elementor-gallery-item elementor-animated-content\" href=\"https:\/\/fsmcv.org\/wp-content\/uploads\/2023\/05\/PA220256.jpg\" data-elementor-open-lightbox=\"yes\" data-elementor-lightbox-slideshow=\"aa58b2b\" data-elementor-lightbox-title=\"PA220256\" data-e-action-hash=\"#elementor-action%3Aaction%3Dlightbox%26settings%3DeyJpZCI6NjUwOTUsInVybCI6Imh0dHBzOlwvXC9mc21jdi5vcmdcL3dwLWNvbnRlbnRcL3VwbG9hZHNcLzIwMjNcLzA1XC9QQTIyMDI1Ni5qcGciLCJzbGlkZXNob3ciOiJhYTU4YjJiIn0%3D\">\n\t\t\t\t\t<div class=\"e-gallery-image elementor-gallery-item__image\" data-thumbnail=\"https:\/\/fsmcv.org\/wp-content\/uploads\/2023\/05\/PA220256.jpg\" data-width=\"800\" data-height=\"600\" aria-label=\"\" role=\"img\" ><\/div>\n\t\t\t\t\t\t\t\t\t\t\t<div class=\"elementor-gallery-item__overlay\"><\/div>\n\t\t\t\t\t\t\t\t\t\t\t\t\t\t<\/a>\n\t\t\t\t\t\t\t<a class=\"e-gallery-item elementor-gallery-item elementor-animated-content\" href=\"https:\/\/fsmcv.org\/wp-content\/uploads\/2023\/05\/PA220249.jpg\" data-elementor-open-lightbox=\"yes\" data-elementor-lightbox-slideshow=\"aa58b2b\" data-elementor-lightbox-title=\"PA220249\" data-e-action-hash=\"#elementor-action%3Aaction%3Dlightbox%26settings%3DeyJpZCI6NjUwOTMsInVybCI6Imh0dHBzOlwvXC9mc21jdi5vcmdcL3dwLWNvbnRlbnRcL3VwbG9hZHNcLzIwMjNcLzA1XC9QQTIyMDI0OS5qcGciLCJzbGlkZXNob3ciOiJhYTU4YjJiIn0%3D\">\n\t\t\t\t\t<div class=\"e-gallery-image elementor-gallery-item__image\" data-thumbnail=\"https:\/\/fsmcv.org\/wp-content\/uploads\/2023\/05\/PA220249.jpg\" data-width=\"800\" data-height=\"1066\" aria-label=\"\" role=\"img\" ><\/div>\n\t\t\t\t\t\t\t\t\t\t\t<div class=\"elementor-gallery-item__overlay\"><\/div>\n\t\t\t\t\t\t\t\t\t\t\t\t\t\t<\/a>\n\t\t\t\t\t\t\t<a class=\"e-gallery-item elementor-gallery-item elementor-animated-content\" href=\"https:\/\/fsmcv.org\/wp-content\/uploads\/2023\/05\/FSMCV_-1-32.jpg\" data-elementor-open-lightbox=\"yes\" data-elementor-lightbox-slideshow=\"aa58b2b\" data-elementor-lightbox-title=\"FSMCV_-1-32\" data-e-action-hash=\"#elementor-action%3Aaction%3Dlightbox%26settings%3DeyJpZCI6NjUwOTAsInVybCI6Imh0dHBzOlwvXC9mc21jdi5vcmdcL3dwLWNvbnRlbnRcL3VwbG9hZHNcLzIwMjNcLzA1XC9GU01DVl8tMS0zMi5qcGciLCJzbGlkZXNob3ciOiJhYTU4YjJiIn0%3D\">\n\t\t\t\t\t<div class=\"e-gallery-image elementor-gallery-item__image\" data-thumbnail=\"https:\/\/fsmcv.org\/wp-content\/uploads\/2023\/05\/FSMCV_-1-32.jpg\" data-width=\"800\" data-height=\"533\" aria-label=\"\" role=\"img\" ><\/div>\n\t\t\t\t\t\t\t\t\t\t\t<div class=\"elementor-gallery-item__overlay\"><\/div>\n\t\t\t\t\t\t\t\t\t\t\t\t\t\t<\/a>\n\t\t\t\t\t\t\t<a class=\"e-gallery-item elementor-gallery-item elementor-animated-content\" href=\"https:\/\/fsmcv.org\/wp-content\/uploads\/2023\/05\/FSMCV_-1-6.jpg\" data-elementor-open-lightbox=\"yes\" data-elementor-lightbox-slideshow=\"aa58b2b\" data-elementor-lightbox-title=\"FSMCV_-1-6\" data-e-action-hash=\"#elementor-action%3Aaction%3Dlightbox%26settings%3DeyJpZCI6NjUwODksInVybCI6Imh0dHBzOlwvXC9mc21jdi5vcmdcL3dwLWNvbnRlbnRcL3VwbG9hZHNcLzIwMjNcLzA1XC9GU01DVl8tMS02LmpwZyIsInNsaWRlc2hvdyI6ImFhNThiMmIifQ%3D%3D\">\n\t\t\t\t\t<div class=\"e-gallery-image elementor-gallery-item__image\" data-thumbnail=\"https:\/\/fsmcv.org\/wp-content\/uploads\/2023\/05\/FSMCV_-1-6.jpg\" data-width=\"800\" data-height=\"533\" aria-label=\"\" role=\"img\" ><\/div>\n\t\t\t\t\t\t\t\t\t\t\t<div class=\"elementor-gallery-item__overlay\"><\/div>\n\t\t\t\t\t\t\t\t\t\t\t\t\t\t<\/a>\n\t\t\t\t\t<\/div>\n\t\t\t\t\t<\/div>\n\t\t\t\t<\/div>\n\t\t\t\t\t<\/div>\n\t\t<\/div>\n\t\t\t\t\t<\/div>\n\t\t<\/section>\n\t\t\t\t<\/div>\n\t\t","protected":false},"excerpt":{"rendered":"<p>ALQUERIA JULI\u00c0 &#8211; CASA DE LA M\u00daSICA L&#8217;Alqueria Juli\u00e0 \u00e9s cedida per CaixaBank a la Federaci\u00f3 de Societats Musicals de la Comunitat Valenciana dins del programa CaixaBank Escolta Val\u00e8ncia L&#8217;Alqueria Juli\u00e0 \u00e9s un B\u00e9 d&#8217;Inter\u00e9s Cultural que \u00e9s seu de les societats musicals de la Comunitat Valenciana declarades B\u00e9 d&#8217;Inter\u00e9s Cultural Immaterial L&#8217;Alqueria Juli\u00e0 \u00e9s [&hellip;]<\/p>\n","protected":false},"author":22,"featured_media":65089,"parent":0,"menu_order":0,"comment_status":"closed","ping_status":"closed","template":"elementor_header_footer","meta":{"footnotes":""},"class_list":["post-70962","page","type-page","status-publish","has-post-thumbnail","hentry"],"_links":{"self":[{"href":"https:\/\/fsmcv.org\/vl\/wp-json\/wp\/v2\/pages\/70962","targetHints":{"allow":["GET"]}}],"collection":[{"href":"https:\/\/fsmcv.org\/vl\/wp-json\/wp\/v2\/pages"}],"about":[{"href":"https:\/\/fsmcv.org\/vl\/wp-json\/wp\/v2\/types\/page"}],"author":[{"embeddable":true,"href":"https:\/\/fsmcv.org\/vl\/wp-json\/wp\/v2\/users\/22"}],"replies":[{"embeddable":true,"href":"https:\/\/fsmcv.org\/vl\/wp-json\/wp\/v2\/comments?post=70962"}],"version-history":[{"count":1,"href":"https:\/\/fsmcv.org\/vl\/wp-json\/wp\/v2\/pages\/70962\/revisions"}],"predecessor-version":[{"id":70963,"href":"https:\/\/fsmcv.org\/vl\/wp-json\/wp\/v2\/pages\/70962\/revisions\/70963"}],"wp:featuredmedia":[{"embeddable":true,"href":"https:\/\/fsmcv.org\/vl\/wp-json\/wp\/v2\/media\/65089"}],"wp:attachment":[{"href":"https:\/\/fsmcv.org\/vl\/wp-json\/wp\/v2\/media?parent=70962"}],"curies":[{"name":"wp","href":"https:\/\/api.w.org\/{rel}","templated":true}]}}